{"id":1138,"date":"2015-06-24T08:08:35","date_gmt":"2015-06-24T08:08:35","guid":{"rendered":"http:\/\/www.duonix.de\/fragen-und-antworten\/?lang=en"},"modified":"2021-11-05T18:32:51","modified_gmt":"2021-11-05T18:32:51","slug":"fragen-und-antworten","status":"publish","type":"page","link":"https:\/\/www.duonix.de\/en\/hilfe-support\/fragen-und-antworten\/","title":{"rendered":"FAQ"},"content":{"rendered":"<h1>FAQ<\/h1>\r\n<p>&nbsp;<\/p>\r\n<p>Info:<\/p>\r\n<p>We accept no liability for the completeness of all drawings and texts published in this manual; they are only examples. If the contents conveyed are used or applied, this is done expressly at the user&#8217;s own risk. Liability on the part of the publisher for incorrect, incomplete or incorrect information and any resulting damage is excluded. We do not accept any liability for unsuccessful or unnecessary repairs. We assume no liability for the use of data and information that turn out to be incorrect or incorrectly presented, as well as errors that have accidentally occurred when compiling the data.<\/p>\r\n\t<div id=\"jltmaf-awesome-faq-accordion-1776785542495263211\">\n\t\t<div class=\"panel-group\" id=\"accordion-17767855424952632110\">\n\t\t\n\t\t\n\t\t\t<div class=\"panel panel-default\">\n\t\t\t\t<div class=\"jltmaf-item panel-heading\" style=\"background:;\">\n\t\t\t\t\t<div class=\"panel-title\">\n\t\t\t\t\t\t<a data-toggle=\"collapse\" class=\"collapsed\" data-parent=\"#accordion-17767855424952632110\" href=\"#accordion-1776785542495263211-3682\" style=\"color:;\">\n\t\t\t\t\t\t\t\t<span class=\"pull-left jltmaf-icon\">\n\t\t\t\t\t\t\t\t\t<i class=\"fa fa-chevron-up\"><\/i>\t\t\t\t\t\t\t\t<\/span>\n\t\t\t\t\t\t\tBike-Scan 2 Pro Updates \/ Software aktualisieren\t\t\t\t\t\t<\/a>\n\t\t\t\t\t<\/div>\n\t\t\t\t<\/div>\n\n\t\t\t\t<div id=\"accordion-1776785542495263211-3682\" class=\"panel-collapse collapse\" style=\"background:; color:; border-color:;\">\n\t\t\t\t\t<div class=\"panel-body\">\t\t\t\t\t\n\t\t\t\t\t\t<p>Um das Ger\u00e4t Bike-Scan 2 zu aktualisieren, ben\u00f6tigen Sie die Kostenlose Bike-Scan 1.2 Software. Diese finden Sie unter Downloads.<\/p>\t\t\t\t\t<\/div>\n\t\t\t\t<\/div>\n\t\t\t<\/div>\n\n\t\t\n\t\t\t<div class=\"panel panel-default\">\n\t\t\t\t<div class=\"jltmaf-item panel-heading\" style=\"background:;\">\n\t\t\t\t\t<div class=\"panel-title\">\n\t\t\t\t\t\t<a data-toggle=\"collapse\" class=\"collapsed\" data-parent=\"#accordion-17767855424952632110\" href=\"#accordion-1776785542495263211-3674\" style=\"color:;\">\n\t\t\t\t\t\t\t\t<span class=\"pull-left jltmaf-icon\">\n\t\t\t\t\t\t\t\t\t<i class=\"fa fa-chevron-up\"><\/i>\t\t\t\t\t\t\t\t<\/span>\n\t\t\t\t\t\t\tReset and teach the transmission switch\t\t\t\t\t\t<\/a>\n\t\t\t\t\t<\/div>\n\t\t\t\t<\/div>\n\n\t\t\t\t<div id=\"accordion-1776785542495263211-3674\" class=\"panel-collapse collapse\" style=\"background:; color:; border-color:;\">\n\t\t\t\t\t<div class=\"panel-body\">\t\t\t\t\t\n\t\t\t\t\t\t<p>After the maintenance work has been carried out on the gearbox or the sensor has been replaced. If this now has to be trained, this process can be activated in the Gear Reset item. After the process has been carried out successfully, the gears must be learned. To do this, drive the motorcycle in each gear until it has been fixed. The gear that is fixed flashes in the instrument cluster, then engage each gear until the gears are no longer visible.<\/p>\t\t\t\t\t<\/div>\n\t\t\t\t<\/div>\n\t\t\t<\/div>\n\n\t\t\n\t\t\t<div class=\"panel panel-default\">\n\t\t\t\t<div class=\"jltmaf-item panel-heading\" style=\"background:;\">\n\t\t\t\t\t<div class=\"panel-title\">\n\t\t\t\t\t\t<a data-toggle=\"collapse\" class=\"collapsed\" data-parent=\"#accordion-17767855424952632110\" href=\"#accordion-1776785542495263211-3666\" style=\"color:;\">\n\t\t\t\t\t\t\t\t<span class=\"pull-left jltmaf-icon\">\n\t\t\t\t\t\t\t\t\t<i class=\"fa fa-chevron-up\"><\/i>\t\t\t\t\t\t\t\t<\/span>\n\t\t\t\t\t\t\tMoto Guzzi V85 TT \/ V7 Euro 5 phonic tone wheel sensor reteach\/ Reset\t\t\t\t\t\t<\/a>\n\t\t\t\t\t<\/div>\n\t\t\t\t<\/div>\n\n\t\t\t\t<div id=\"accordion-1776785542495263211-3666\" class=\"panel-collapse collapse\" style=\"background:; color:; border-color:;\">\n\t\t\t\t\t<div class=\"panel-body\">\t\t\t\t\t\n\t\t\t\t\t\t<p>The learning or resetting of the wheel speed sensor takes place via the engine control unit (Magneti Marelli IAW 11mp). It should be noted here that no other errors have been made in the control unit, apart from the sensor itself. Before you carry out the teach-in, delete the error memory. Install the new sensor according to the manufacturer&#8217;s instructions. You will find the teach-in function in the engine control unit under special functions.<\/p>\t\t\t\t\t<\/div>\n\t\t\t\t<\/div>\n\t\t\t<\/div>\n\n\t\t\n\t\t\t<div class=\"panel panel-default\">\n\t\t\t\t<div class=\"jltmaf-item panel-heading\" style=\"background:;\">\n\t\t\t\t\t<div class=\"panel-title\">\n\t\t\t\t\t\t<a data-toggle=\"collapse\" class=\"collapsed\" data-parent=\"#accordion-17767855424952632110\" href=\"#accordion-1776785542495263211-2352\" style=\"color:;\">\n\t\t\t\t\t\t\t\t<span class=\"pull-left jltmaf-icon\">\n\t\t\t\t\t\t\t\t\t<i class=\"fa fa-chevron-up\"><\/i>\t\t\t\t\t\t\t\t<\/span>\n\t\t\t\t\t\t\tWelche Hardwaregeneration habe ich.\t\t\t\t\t\t<\/a>\n\t\t\t\t\t<\/div>\n\t\t\t\t<\/div>\n\n\t\t\t\t<div id=\"accordion-1776785542495263211-2352\" class=\"panel-collapse collapse\" style=\"background:; color:; border-color:;\">\n\t\t\t\t\t<div class=\"panel-body\">\t\t\t\t\t\n\t\t\t\t\t\t<p>Im Diagnoseger\u00e4t unter Einstellungen, Information oder \u00fcber die Service Software unter dem Punk S\/N: 2\u2026\u2026.\u00a0 k\u00f6nnen Sie Ihren Hardwaretyp entnehmen.<\/p>\r\n<p>Dazu muss das Diagnoseger\u00e4t am Fahrzeug\/Motorrad angeschlossen werden!<\/p>\r\n<p>z.B. &lt;&lt;&lt;HW:6&gt;&gt;&gt;<\/p>\t\t\t\t\t<\/div>\n\t\t\t\t<\/div>\n\t\t\t<\/div>\n\n\t\t\n\t\t\t<div class=\"panel panel-default\">\n\t\t\t\t<div class=\"jltmaf-item panel-heading\" style=\"background:;\">\n\t\t\t\t\t<div class=\"panel-title\">\n\t\t\t\t\t\t<a data-toggle=\"collapse\" class=\"collapsed\" data-parent=\"#accordion-17767855424952632110\" href=\"#accordion-1776785542495263211-1812\" style=\"color:;\">\n\t\t\t\t\t\t\t\t<span class=\"pull-left jltmaf-icon\">\n\t\t\t\t\t\t\t\t\t<i class=\"fa fa-chevron-up\"><\/i>\t\t\t\t\t\t\t\t<\/span>\n\t\t\t\t\t\t\tBMW Adaptionswerte Reset\t\t\t\t\t\t<\/a>\n\t\t\t\t\t<\/div>\n\t\t\t\t<\/div>\n\n\t\t\t\t<div id=\"accordion-1776785542495263211-1812\" class=\"panel-collapse collapse\" style=\"background:; color:; border-color:;\">\n\t\t\t\t\t<div class=\"panel-body\">\t\t\t\t\t\n\t\t\t\t\t\t<h3><strong>Die Adaptionswerte k\u00f6nnen unter Motorsteuerger\u00e4t -&gt; AW Reset zur\u00fcckgestellt werden.<br \/> <br \/> <\/strong><\/h3><h3><strong>Information:<\/strong><\/h3><p>&nbsp;<\/p><p>Durch diesen Vorgang werden die gesamten Adaptionswerte in der Motorelektronik zur\u00fcckgesetzt, um Bauteile nach Einbau einer neuen Teils auszugleichen.<\/p><p>&nbsp;<\/p><p><strong>Teile:<\/strong><\/p><p>&nbsp;<\/p><p>Gasgriffsensor (S-Modelle)<\/p><p>Drosselklappensensor<\/p><p>Drosselklappe<\/p><p>Getriebepositionssensor<\/p><p>Kraftstoffpumpe<\/p><p>Kraftstoffdrucksensor<\/p><p>K\u00fchlmitteltemperatursensor<\/p><p>Ansauglufttemperatursensor<\/p><p>Sekund\u00e4rventil<\/p><p>Einspritzventil<\/p><p>Lambdasonde<\/p><p>Z\u00fcndspule<\/p><p>Schalthebelsensor<\/p><p><br \/><strong> Zusatzinformation f\u00fcr das Modell: S1000RR <\/strong><br \/> <br \/><strong> Die R\u00fcckstellung muss mit einem vollst\u00e4ndig ge\u00f6ffnetem Gasgriff durchgef\u00fchrt werden und darf erst nach KL.15 (Z\u00fcndung) aus beenden werden.<\/strong><\/p>\t\t\t\t\t<\/div>\n\t\t\t\t<\/div>\n\t\t\t<\/div>\n\n\t\t\n\t\t\t<div class=\"panel panel-default\">\n\t\t\t\t<div class=\"jltmaf-item panel-heading\" style=\"background:;\">\n\t\t\t\t\t<div class=\"panel-title\">\n\t\t\t\t\t\t<a data-toggle=\"collapse\" class=\"collapsed\" data-parent=\"#accordion-17767855424952632110\" href=\"#accordion-1776785542495263211-1791\" style=\"color:;\">\n\t\t\t\t\t\t\t\t<span class=\"pull-left jltmaf-icon\">\n\t\t\t\t\t\t\t\t\t<i class=\"fa fa-chevron-up\"><\/i>\t\t\t\t\t\t\t\t<\/span>\n\t\t\t\t\t\t\tBMW Motorrad Foliengeber Kalibrierung\t\t\t\t\t\t<\/a>\n\t\t\t\t\t<\/div>\n\t\t\t\t<\/div>\n\n\t\t\t\t<div id=\"accordion-1776785542495263211-1791\" class=\"panel-collapse collapse\" style=\"background:; color:; border-color:;\">\n\t\t\t\t\t<div class=\"panel-body\">\t\t\t\t\t\n\t\t\t\t\t\t<p><strong>Die Kalibrierung des Foliengebers muss in der Reihenfolge erfolgen.<\/strong><\/p><p><br \/><strong>1<\/strong>. Der Foliensensor muss trocken sein.<br \/><strong>2<\/strong>. Sensor ist an der ausgebauten Kraftstoffpumpeneinheit angeschlossen und befindet sich au\u00dferhalb des Tanks.<br \/><strong>3<\/strong>. Achtung unbedingt Fehlerspeicher L\u00f6schen!!! Es d\u00fcrfen keine Fehlercodes bez\u00fcglich Tankf\u00fcllstanderfassung und Spannung im ZFE gespeichert sein.<br \/><strong>4<\/strong>. Wichtig: Es muss eine Raumtemperatur 20\u00b0 herrschen.<\/p>\t\t\t\t\t<\/div>\n\t\t\t\t<\/div>\n\t\t\t<\/div>\n\n\t\t\n\t\t\t<div class=\"panel panel-default\">\n\t\t\t\t<div class=\"jltmaf-item panel-heading\" style=\"background:;\">\n\t\t\t\t\t<div class=\"panel-title\">\n\t\t\t\t\t\t<a data-toggle=\"collapse\" class=\"collapsed\" data-parent=\"#accordion-17767855424952632110\" href=\"#accordion-1776785542495263211-1117\" style=\"color:;\">\n\t\t\t\t\t\t\t\t<span class=\"pull-left jltmaf-icon\">\n\t\t\t\t\t\t\t\t\t<i class=\"fa fa-chevron-up\"><\/i>\t\t\t\t\t\t\t\t<\/span>\n\t\t\t\t\t\t\tWie lange sind die Updates und Lizenzen g\u00fcltig.\t\t\t\t\t\t<\/a>\n\t\t\t\t\t<\/div>\n\t\t\t\t<\/div>\n\n\t\t\t\t<div id=\"accordion-1776785542495263211-1117\" class=\"panel-collapse collapse\" style=\"background:; color:; border-color:;\">\n\t\t\t\t\t<div class=\"panel-body\">\t\t\t\t\t\n\t\t\t\t\t\t<p>Ein erworben Lizenz kann nicht ablaufen und verliert nicht ihre G\u00fcltigkeit nach einem bestimmten Zeitraum.<\/p>\r\n<p>Update \/ Software Aktualisierung sind Kostenpflichtig<\/p>\t\t\t\t\t<\/div>\n\t\t\t\t<\/div>\n\t\t\t<\/div>\n\n\t\t\n\t\t\t<div class=\"panel panel-default\">\n\t\t\t\t<div class=\"jltmaf-item panel-heading\" style=\"background:;\">\n\t\t\t\t\t<div class=\"panel-title\">\n\t\t\t\t\t\t<a data-toggle=\"collapse\" class=\"collapsed\" data-parent=\"#accordion-17767855424952632110\" href=\"#accordion-1776785542495263211-1119\" style=\"color:;\">\n\t\t\t\t\t\t\t\t<span class=\"pull-left jltmaf-icon\">\n\t\t\t\t\t\t\t\t\t<i class=\"fa fa-chevron-up\"><\/i>\t\t\t\t\t\t\t\t<\/span>\n\t\t\t\t\t\t\tKann ich mein vorhandenes Ger\u00e4t mit weiteren Lizenz Aufr\u00fcsten.\t\t\t\t\t\t<\/a>\n\t\t\t\t\t<\/div>\n\t\t\t\t<\/div>\n\n\t\t\t\t<div id=\"accordion-1776785542495263211-1119\" class=\"panel-collapse collapse\" style=\"background:; color:; border-color:;\">\n\t\t\t\t\t<div class=\"panel-body\">\t\t\t\t\t\n\t\t\t\t\t\t<p><span style=\"font-family: 'Arial Narrow';\">Dieses ist Problemlos m\u00f6glich, weitere Lizenzen finde Sie im unseren\u00a0<\/span><span style=\"font-family: Arial; font-size: small;\"><a href=\"http:\/\/www.duonix.de\/shop\"><span style=\"font-family: 'Arial Narrow'; font-size: medium;\">Online Shop &#8220;LINK&#8221;<\/span><\/a><\/span><\/p>\t\t\t\t\t<\/div>\n\t\t\t\t<\/div>\n\t\t\t<\/div>\n\n\t\t\n\t\t\t<div class=\"panel panel-default\">\n\t\t\t\t<div class=\"jltmaf-item panel-heading\" style=\"background:;\">\n\t\t\t\t\t<div class=\"panel-title\">\n\t\t\t\t\t\t<a data-toggle=\"collapse\" class=\"collapsed\" data-parent=\"#accordion-17767855424952632110\" href=\"#accordion-1776785542495263211-1122\" style=\"color:;\">\n\t\t\t\t\t\t\t\t<span class=\"pull-left jltmaf-icon\">\n\t\t\t\t\t\t\t\t\t<i class=\"fa fa-chevron-up\"><\/i>\t\t\t\t\t\t\t\t<\/span>\n\t\t\t\t\t\t\tWof\u00fcr ist der Lizenzschl\u00fcssel und wo finde ich den. z.B. Bike-Scan 100 Pro\t\t\t\t\t\t<\/a>\n\t\t\t\t\t<\/div>\n\t\t\t\t<\/div>\n\n\t\t\t\t<div id=\"accordion-1776785542495263211-1122\" class=\"panel-collapse collapse\" style=\"background:; color:; border-color:;\">\n\t\t\t\t\t<div class=\"panel-body\">\t\t\t\t\t\n\t\t\t\t\t\t<p>Bike-Scan 100 Pro<\/p>\r\n<p>Der Lizenzschl\u00fcssel wird Ihnen nach dem Kauf einer neuen Lizenz bzw. Erweiterung per Mail zugeschickt. F\u00fcr die Inbetriebnahme des Diagnoseger\u00e4tes und Updates ist kein Lizenzschl\u00fcssel notwendig.\u00a0\u00a0<\/p>\t\t\t\t\t<\/div>\n\t\t\t\t<\/div>\n\t\t\t<\/div>\n\n\t\t\n\t\t\t<div class=\"panel panel-default\">\n\t\t\t\t<div class=\"jltmaf-item panel-heading\" style=\"background:;\">\n\t\t\t\t\t<div class=\"panel-title\">\n\t\t\t\t\t\t<a data-toggle=\"collapse\" class=\"collapsed\" data-parent=\"#accordion-17767855424952632110\" href=\"#accordion-1776785542495263211-1121\" style=\"color:;\">\n\t\t\t\t\t\t\t\t<span class=\"pull-left jltmaf-icon\">\n\t\t\t\t\t\t\t\t\t<i class=\"fa fa-chevron-up\"><\/i>\t\t\t\t\t\t\t\t<\/span>\n\t\t\t\t\t\t\tMein Diagnoseger\u00e4t wir am PC nicht erkannt bzw. kein Zugriff.\t\t\t\t\t\t<\/a>\n\t\t\t\t\t<\/div>\n\t\t\t\t<\/div>\n\n\t\t\t\t<div id=\"accordion-1776785542495263211-1121\" class=\"panel-collapse collapse\" style=\"background:; color:; border-color:;\">\n\t\t\t\t\t<div class=\"panel-body\">\t\t\t\t\t\n\t\t\t\t\t\t<p><span style=\"font-family: 'Arial Narrow'; font-size: medium;\">F\u00fcr die Kommunikation zwischen dem PC und dem Diagnoseger\u00e4t, wird die Service Software ben\u00f6tigt. Diese finden Sie Kostenlos im Downloadbereich.\u00a0<\/span><span style=\"font-size: small;\"><a href=\"http:\/\/www.duonix.de\/downloads.html\"><span style=\"font-family: 'Arial Narrow'; font-size: medium;\">&#8220;LINK&#8221;<\/span><\/a><\/span><\/p>\t\t\t\t\t<\/div>\n\t\t\t\t<\/div>\n\t\t\t<\/div>\n\n\t\t\n\t\t\t<div class=\"panel panel-default\">\n\t\t\t\t<div class=\"jltmaf-item panel-heading\" style=\"background:;\">\n\t\t\t\t\t<div class=\"panel-title\">\n\t\t\t\t\t\t<a data-toggle=\"collapse\" class=\"collapsed\" data-parent=\"#accordion-17767855424952632110\" href=\"#accordion-1776785542495263211-1124\" style=\"color:;\">\n\t\t\t\t\t\t\t\t<span class=\"pull-left jltmaf-icon\">\n\t\t\t\t\t\t\t\t\t<i class=\"fa fa-chevron-up\"><\/i>\t\t\t\t\t\t\t\t<\/span>\n\t\t\t\t\t\t\tService R\u00fcckstellung\/ Inspektion f\u00fcr VAG-Modelle ( VW, Audi, Seat und Skoda)\t\t\t\t\t\t<\/a>\n\t\t\t\t\t<\/div>\n\t\t\t\t<\/div>\n\n\t\t\t\t<div id=\"accordion-1776785542495263211-1124\" class=\"panel-collapse collapse\" style=\"background:; color:; border-color:;\">\n\t\t\t\t\t<div class=\"panel-body\">\t\t\t\t\t\n\t\t\t\t\t\t<p>Folgende Kan\u00e4le m\u00fcssen f\u00fcr eine erfolgreiche R\u00fcckstellung gepr\u00fcft werden bzw. ge\u00e4ndert werden.<\/p>\r\n<p><br \/>\r\n<strong>z.B. Golf 4 , Polo etc.. \u00fcber KWP1281<\/strong><br \/>\r\n10=15<br \/>\r\n11= 30<br \/>\r\n12= 36<\/p>\r\n<p><br \/>\r\n<strong> z.B. Audi A6 etc.. \u00fcber KWP1281<\/strong><br \/>\r\n40=0<br \/>\r\n41=0<br \/>\r\n42=15<br \/>\r\n43=30<br \/>\r\n44=730<br \/>\r\n02=0<\/p>\r\n<p><br \/>\r\n<strong> z.B. Golf5, Caddy , A6 , A4 VW \u00fcber VW TP2.0<\/strong><br \/>\r\n40=00000<br \/>\r\n41=00000<br \/>\r\n42=00150<br \/>\r\n43=00300<br \/>\r\n44=00744<br \/>\r\n49=00744<br \/>\r\nOptional:<br \/>\r\n02=00000<br \/>\r\n<br \/>\r\n<strong>z.B. Audi ab Baujahr 2008 z.B. A3 , A6 , Q5 etc\u2026<\/strong><br \/>\r\n53=00000<br \/>\r\n54=00730<br \/>\r\n55=00000<\/p>\r\n<p><br \/>\r\n<strong>z.B. Golf 6 , Fabia 2 etc\u2026<\/strong><br \/>\r\nModelle die \u00fcber UDS-ON-CAN Protokoll erkannt werden, sind \u00fcber den Punkt<br \/>\r\nWIV R\u00fcckstellung zur\u00fcckzustellen. Kanal Programmierung ist hier nicht erforderlich.<\/p>\r\n<p><br \/>\r\n<strong>z.B. Audi A1, A6 (4G) \/ Skoda Yeti Modelle ab Bj. 2013<\/strong><br \/>\r\nService R\u00fcckstellung erfolgt \u00fcber die FIX Service Reset KM und Tage. Hier m\u00fcssen beide Kan\u00e4le auf 00000 umgestellt und Resetet werden. Danach \u00fcber den WIV R\u00fcckstellung der Oel Anzeige zur\u00fcckgestellt werden.<\/p>\t\t\t\t\t<\/div>\n\t\t\t\t<\/div>\n\t\t\t<\/div>\n\n\t\t\n\t\t\t<div class=\"panel panel-default\">\n\t\t\t\t<div class=\"jltmaf-item panel-heading\" style=\"background:;\">\n\t\t\t\t\t<div class=\"panel-title\">\n\t\t\t\t\t\t<a data-toggle=\"collapse\" class=\"collapsed\" data-parent=\"#accordion-17767855424952632110\" href=\"#accordion-1776785542495263211-1123\" style=\"color:;\">\n\t\t\t\t\t\t\t\t<span class=\"pull-left jltmaf-icon\">\n\t\t\t\t\t\t\t\t\t<i class=\"fa fa-chevron-up\"><\/i>\t\t\t\t\t\t\t\t<\/span>\n\t\t\t\t\t\t\tService R\u00fcckstellung BMW Motorr\u00e4der\t\t\t\t\t\t<\/a>\n\t\t\t\t\t<\/div>\n\t\t\t\t<\/div>\n\n\t\t\t\t<div id=\"accordion-1776785542495263211-1123\" class=\"panel-collapse collapse\" style=\"background:; color:; border-color:;\">\n\t\t\t\t\t<div class=\"panel-body\">\t\t\t\t\t\n\t\t\t\t\t\t<p>Die Service R\u00fcckstellung erfolgt im Diagnoseger\u00e4t \u00fcber die Funktion KM-Reset und Data Reset.<\/p><p><br \/> Im Punkt KM-Reset werden die KM hinterlegt wann der Service Maximal Angezeigt wird. Ein Maximalert Wert von 10.000 KM kann hier Hinterlegt werden.<\/p><p><br \/> Im Punkt Data-Reset wird das Datum hinterlegt wann der Service Zeitabh\u00e4ngig angezeigt wird. Hier ist eine R\u00fcckstellung um maximal zwei Jahre m\u00f6glich. Bei eingaben des Tages muss immer der drauffolgende Tag eingetragen werden. Bitte achten Sie, dass bei neuen Modelle der Service Intervall Maximal von einem Jahr m\u00f6glich ist.<\/p><p><br \/> Hinweis: <br \/> Bei Motorr\u00e4dern mit Stromunterbrechung z.B. Batteriewechsel oder Winterzeit und \u00dcberschreitung des Service, muss \u00fcber das Diagnoseger\u00e4t( Datum \u2013Reset) die Aktuelle Zeit und Datum programmiert werden. <br \/> Erst wenn die Aktuelle Uhrzeit und Datum hinterlegt sind kann ein Service R\u00fcckstellung durchgef\u00fchrt werden.<\/p>\t\t\t\t\t<\/div>\n\t\t\t\t<\/div>\n\t\t\t<\/div>\n\n\t\t\n\t\t<\/div>\n\t<\/div><!-- \/#awesome-colorful-faq -->\n\n","protected":false},"excerpt":{"rendered":"<p>FAQ &nbsp; Info: We accept no liability for the completeness of all drawings and texts published in this manual; they are only examples. If the contents conveyed are used or applied, this is done expressly at the user&#8217;s own risk. Liability on the part of the publisher for incorrect, incomplete or incorrect information and any [&hellip;]<\/p>\n","protected":false},"author":1,"featured_media":0,"parent":2941,"menu_order":0,"comment_status":"closed","ping_status":"open","template":"","meta":{"footnotes":""},"class_list":["post-1138","page","type-page","status-publish","hentry"],"yoast_head":"<!-- This site is optimized with the Yoast SEO plugin v26.6 - https:\/\/yoast.com\/wordpress\/plugins\/seo\/ -->\n<title>Entwicklung KFZ Diagnosesysteme Fahrzeugdiagnose OBD<\/title>\n<meta name=\"description\" content=\"Multi brand motorcycle diagnostic device for all manufacturers FAQ Diagnostics system tool BMW KTM Ducati eobd\" \/>\n<meta name=\"robots\" content=\"index, follow, max-snippet:-1, max-image-preview:large, max-video-preview:-1\" \/>\n<link rel=\"canonical\" href=\"https:\/\/www.duonix.de\/hilfe-und-support\/fragen-und-antworten\/\" \/>\n<meta property=\"og:locale\" content=\"en_US\" \/>\n<meta property=\"og:type\" content=\"article\" \/>\n<meta property=\"og:title\" content=\"Entwicklung KFZ Diagnosesysteme Fahrzeugdiagnose OBD\" \/>\n<meta property=\"og:description\" content=\"Multi brand motorcycle diagnostic device for all manufacturers FAQ Diagnostics system tool BMW KTM Ducati eobd\" \/>\n<meta property=\"og:url\" content=\"https:\/\/www.duonix.de\/hilfe-und-support\/fragen-und-antworten\/\" \/>\n<meta property=\"og:site_name\" content=\"Diagnostic diagnosis device car and motorcycle tool\" \/>\n<meta property=\"article:modified_time\" content=\"2021-11-05T18:32:51+00:00\" \/>\n<meta name=\"twitter:card\" content=\"summary_large_image\" \/>\n<meta name=\"twitter:label1\" content=\"Est. reading time\" \/>\n\t<meta name=\"twitter:data1\" content=\"1 minute\" \/>\n<script type=\"application\/ld+json\" class=\"yoast-schema-graph\">{\"@context\":\"https:\/\/schema.org\",\"@graph\":[{\"@type\":\"WebPage\",\"@id\":\"https:\/\/www.duonix.de\/hilfe-und-support\/fragen-und-antworten\/\",\"url\":\"https:\/\/www.duonix.de\/hilfe-und-support\/fragen-und-antworten\/\",\"name\":\"Entwicklung KFZ Diagnosesysteme Fahrzeugdiagnose OBD\",\"isPartOf\":{\"@id\":\"https:\/\/www.duonix.de\/#website\"},\"datePublished\":\"2015-06-24T08:08:35+00:00\",\"dateModified\":\"2021-11-05T18:32:51+00:00\",\"description\":\"Multi brand motorcycle diagnostic device for all manufacturers FAQ Diagnostics system tool BMW KTM Ducati eobd\",\"breadcrumb\":{\"@id\":\"https:\/\/www.duonix.de\/hilfe-und-support\/fragen-und-antworten\/#breadcrumb\"},\"inLanguage\":\"en-US\",\"potentialAction\":[{\"@type\":\"ReadAction\",\"target\":[\"https:\/\/www.duonix.de\/hilfe-und-support\/fragen-und-antworten\/\"]}]},{\"@type\":\"BreadcrumbList\",\"@id\":\"https:\/\/www.duonix.de\/hilfe-und-support\/fragen-und-antworten\/#breadcrumb\",\"itemListElement\":[{\"@type\":\"ListItem\",\"position\":1,\"name\":\"Home\",\"item\":\"https:\/\/www.duonix.de\/en\/\"},{\"@type\":\"ListItem\",\"position\":2,\"name\":\"Help and support\",\"item\":\"https:\/\/www.duonix.de\/en\/hilfe-support\/\"},{\"@type\":\"ListItem\",\"position\":3,\"name\":\"FAQ\"}]},{\"@type\":\"WebSite\",\"@id\":\"https:\/\/www.duonix.de\/#website\",\"url\":\"https:\/\/www.duonix.de\/\",\"name\":\"Diagnostic diagnosis device car and motorcycle tool\",\"description\":\"Diagnostic device diagnosis motorcycle tools, passenger cars, trucks, development system. EOBD OBD\",\"potentialAction\":[{\"@type\":\"SearchAction\",\"target\":{\"@type\":\"EntryPoint\",\"urlTemplate\":\"https:\/\/www.duonix.de\/?s={search_term_string}\"},\"query-input\":{\"@type\":\"PropertyValueSpecification\",\"valueRequired\":true,\"valueName\":\"search_term_string\"}}],\"inLanguage\":\"en-US\"}]}<\/script>\n<!-- \/ Yoast SEO plugin. -->","yoast_head_json":{"title":"Entwicklung KFZ Diagnosesysteme Fahrzeugdiagnose OBD","description":"Multi brand motorcycle diagnostic device for all manufacturers FAQ Diagnostics system tool BMW KTM Ducati eobd","robots":{"index":"index","follow":"follow","max-snippet":"max-snippet:-1","max-image-preview":"max-image-preview:large","max-video-preview":"max-video-preview:-1"},"canonical":"https:\/\/www.duonix.de\/hilfe-und-support\/fragen-und-antworten\/","og_locale":"en_US","og_type":"article","og_title":"Entwicklung KFZ Diagnosesysteme Fahrzeugdiagnose OBD","og_description":"Multi brand motorcycle diagnostic device for all manufacturers FAQ Diagnostics system tool BMW KTM Ducati eobd","og_url":"https:\/\/www.duonix.de\/hilfe-und-support\/fragen-und-antworten\/","og_site_name":"Diagnostic diagnosis device car and motorcycle tool","article_modified_time":"2021-11-05T18:32:51+00:00","twitter_card":"summary_large_image","twitter_misc":{"Est. reading time":"1 minute"},"schema":{"@context":"https:\/\/schema.org","@graph":[{"@type":"WebPage","@id":"https:\/\/www.duonix.de\/hilfe-und-support\/fragen-und-antworten\/","url":"https:\/\/www.duonix.de\/hilfe-und-support\/fragen-und-antworten\/","name":"Entwicklung KFZ Diagnosesysteme Fahrzeugdiagnose OBD","isPartOf":{"@id":"https:\/\/www.duonix.de\/#website"},"datePublished":"2015-06-24T08:08:35+00:00","dateModified":"2021-11-05T18:32:51+00:00","description":"Multi brand motorcycle diagnostic device for all manufacturers FAQ Diagnostics system tool BMW KTM Ducati eobd","breadcrumb":{"@id":"https:\/\/www.duonix.de\/hilfe-und-support\/fragen-und-antworten\/#breadcrumb"},"inLanguage":"en-US","potentialAction":[{"@type":"ReadAction","target":["https:\/\/www.duonix.de\/hilfe-und-support\/fragen-und-antworten\/"]}]},{"@type":"BreadcrumbList","@id":"https:\/\/www.duonix.de\/hilfe-und-support\/fragen-und-antworten\/#breadcrumb","itemListElement":[{"@type":"ListItem","position":1,"name":"Home","item":"https:\/\/www.duonix.de\/en\/"},{"@type":"ListItem","position":2,"name":"Help and support","item":"https:\/\/www.duonix.de\/en\/hilfe-support\/"},{"@type":"ListItem","position":3,"name":"FAQ"}]},{"@type":"WebSite","@id":"https:\/\/www.duonix.de\/#website","url":"https:\/\/www.duonix.de\/","name":"Diagnostic diagnosis device car and motorcycle tool","description":"Diagnostic device diagnosis motorcycle tools, passenger cars, trucks, development system. EOBD OBD","potentialAction":[{"@type":"SearchAction","target":{"@type":"EntryPoint","urlTemplate":"https:\/\/www.duonix.de\/?s={search_term_string}"},"query-input":{"@type":"PropertyValueSpecification","valueRequired":true,"valueName":"search_term_string"}}],"inLanguage":"en-US"}]}},"_links":{"self":[{"href":"https:\/\/www.duonix.de\/en\/wp-json\/wp\/v2\/pages\/1138","targetHints":{"allow":["GET"]}}],"collection":[{"href":"https:\/\/www.duonix.de\/en\/wp-json\/wp\/v2\/pages"}],"about":[{"href":"https:\/\/www.duonix.de\/en\/wp-json\/wp\/v2\/types\/page"}],"author":[{"embeddable":true,"href":"https:\/\/www.duonix.de\/en\/wp-json\/wp\/v2\/users\/1"}],"replies":[{"embeddable":true,"href":"https:\/\/www.duonix.de\/en\/wp-json\/wp\/v2\/comments?post=1138"}],"version-history":[{"count":6,"href":"https:\/\/www.duonix.de\/en\/wp-json\/wp\/v2\/pages\/1138\/revisions"}],"predecessor-version":[{"id":2917,"href":"https:\/\/www.duonix.de\/en\/wp-json\/wp\/v2\/pages\/1138\/revisions\/2917"}],"up":[{"embeddable":true,"href":"https:\/\/www.duonix.de\/en\/wp-json\/wp\/v2\/pages\/2941"}],"wp:attachment":[{"href":"https:\/\/www.duonix.de\/en\/wp-json\/wp\/v2\/media?parent=1138"}],"curies":[{"name":"wp","href":"https:\/\/api.w.org\/{rel}","templated":true}]}}