{"id":1160,"date":"2014-12-09T16:18:39","date_gmt":"2014-12-09T16:18:39","guid":{"rendered":"http:\/\/www.duonix.de\/update\/?lang=en"},"modified":"2021-11-05T19:20:56","modified_gmt":"2021-11-05T19:20:56","slug":"update","status":"publish","type":"page","link":"https:\/\/www.duonix.de\/en\/hilfe-support\/update\/","title":{"rendered":"Updates"},"content":{"rendered":"<h1>Updates<\/h1>\r\n<div>Here you will find our current service software with firmware updates.<\/div>\r\n<div>\u00a0<\/div>\r\n\n<div class=\"uk-accordion uk-text-left uk-panel-box2\" data-uk-accordion=\"{showfirst: false}\">\n\n\n    <h3 class=\"uk-accordion-title\">Service Software mit Updates f\u00fcr HW6 und 7 z.B. Bike-Scan 100 Pro<\/h3>\n\n    <div class=\"uk-accordion-content\">\n\n        \n        \n        \n                <div class=\"uk-margin\"><strong>Das Update beinhaltete neue Funktionen sowie einige Funktionserweiterungen und Fehlerbehebungen.<br \/>\nVersion:\tFinal<br \/>\nDatum:\t27.05.2025<br \/>\n<br \/>\n<strong>Dieses Firmware Update ist nur mit der Hardwaregeneration HW:6 und HW:7 kompatibel.<\/strong><br>\n\n\n\n\n<br>\n\nInformation:<br>\n    \n    \n    \nDieses Update ist mit der HW1,2,3,4, und 5 nicht kompatibel.   Bei mutwilliger Durchf\u00fchrung f\u00fchrt dieses zu irreparablen Sch\u00e4den der Hardware.<\/div>\n        \n        \n                <p><a class=\"uk-button uk-button-large\" href=\"\/Updates\/Update_HW6_7_27.05.2025.exe\" target=\"_blank\">Download<\/a><\/p>\n        \n        \n    <\/div>\n\n\n    <h3 class=\"uk-accordion-title\">Software 1.3 Firmware Update BIKE-Scan 2 Pro<\/h3>\n\n    <div class=\"uk-accordion-content\">\n\n        \n        \n        \n        \n        \n                <p><a class=\"uk-button uk-button-large\" href=\"\/Updates\/BikeScanSetup1.3.exe\" target=\"_blank\">Download<\/a><\/p>\n        \n        \n    <\/div>\n\n\n<\/div>\n\r\n<p>&nbsp;<\/p>\r\n\r\n<div>\u00a0<\/div>","protected":false},"excerpt":{"rendered":"<p>Updates Here you will find our current service software with firmware updates. \u00a0 &nbsp; \u00a0<\/p>\n","protected":false},"author":1,"featured_media":0,"parent":2941,"menu_order":0,"comment_status":"closed","ping_status":"closed","template":"","meta":{"footnotes":""},"class_list":["post-1160","page","type-page","status-publish","hentry"],"yoast_head":"<!-- This site is optimized with the Yoast SEO plugin v26.6 - https:\/\/yoast.com\/wordpress\/plugins\/seo\/ -->\n<title>Here you will find our current service software with firmware updates.<\/title>\n<meta name=\"description\" content=\"Here you will find our current service software with firmware updates duonix service software update you tool\" \/>\n<meta name=\"robots\" content=\"index, follow, max-snippet:-1, max-image-preview:large, max-video-preview:-1\" \/>\n<link rel=\"canonical\" href=\"https:\/\/www.duonix.de\/en\/hilfe-support\/update\/\" \/>\n<meta property=\"og:locale\" content=\"en_US\" \/>\n<meta property=\"og:type\" content=\"article\" \/>\n<meta property=\"og:title\" content=\"Here you will find our current service software with firmware updates.\" \/>\n<meta property=\"og:description\" content=\"Here you will find our current service software with firmware updates duonix service software update you tool\" \/>\n<meta property=\"og:url\" content=\"https:\/\/www.duonix.de\/en\/hilfe-support\/update\/\" \/>\n<meta property=\"og:site_name\" content=\"Diagnostic diagnosis device car and motorcycle tool\" \/>\n<meta property=\"article:modified_time\" content=\"2021-11-05T19:20:56+00:00\" \/>\n<meta name=\"twitter:card\" content=\"summary_large_image\" \/>\n<script type=\"application\/ld+json\" class=\"yoast-schema-graph\">{\"@context\":\"https:\/\/schema.org\",\"@graph\":[{\"@type\":\"WebPage\",\"@id\":\"https:\/\/www.duonix.de\/en\/hilfe-support\/update\/\",\"url\":\"https:\/\/www.duonix.de\/en\/hilfe-support\/update\/\",\"name\":\"Here you will find our current service software with firmware updates.\",\"isPartOf\":{\"@id\":\"https:\/\/www.duonix.de\/#website\"},\"datePublished\":\"2014-12-09T16:18:39+00:00\",\"dateModified\":\"2021-11-05T19:20:56+00:00\",\"description\":\"Here you will find our current service software with firmware updates duonix service software update you tool\",\"breadcrumb\":{\"@id\":\"https:\/\/www.duonix.de\/en\/hilfe-support\/update\/#breadcrumb\"},\"inLanguage\":\"en-US\",\"potentialAction\":[{\"@type\":\"ReadAction\",\"target\":[\"https:\/\/www.duonix.de\/en\/hilfe-support\/update\/\"]}]},{\"@type\":\"BreadcrumbList\",\"@id\":\"https:\/\/www.duonix.de\/en\/hilfe-support\/update\/#breadcrumb\",\"itemListElement\":[{\"@type\":\"ListItem\",\"position\":1,\"name\":\"Home\",\"item\":\"https:\/\/www.duonix.de\/en\/\"},{\"@type\":\"ListItem\",\"position\":2,\"name\":\"Help and support\",\"item\":\"https:\/\/www.duonix.de\/en\/hilfe-support\/\"},{\"@type\":\"ListItem\",\"position\":3,\"name\":\"Updates\"}]},{\"@type\":\"WebSite\",\"@id\":\"https:\/\/www.duonix.de\/#website\",\"url\":\"https:\/\/www.duonix.de\/\",\"name\":\"Diagnostic diagnosis device car and motorcycle tool\",\"description\":\"Diagnostic device diagnosis motorcycle tools, passenger cars, trucks, development system. EOBD OBD\",\"potentialAction\":[{\"@type\":\"SearchAction\",\"target\":{\"@type\":\"EntryPoint\",\"urlTemplate\":\"https:\/\/www.duonix.de\/?s={search_term_string}\"},\"query-input\":{\"@type\":\"PropertyValueSpecification\",\"valueRequired\":true,\"valueName\":\"search_term_string\"}}],\"inLanguage\":\"en-US\"}]}<\/script>\n<!-- \/ Yoast SEO plugin. -->","yoast_head_json":{"title":"Here you will find our current service software with firmware updates.","description":"Here you will find our current service software with firmware updates duonix service software update you tool","robots":{"index":"index","follow":"follow","max-snippet":"max-snippet:-1","max-image-preview":"max-image-preview:large","max-video-preview":"max-video-preview:-1"},"canonical":"https:\/\/www.duonix.de\/en\/hilfe-support\/update\/","og_locale":"en_US","og_type":"article","og_title":"Here you will find our current service software with firmware updates.","og_description":"Here you will find our current service software with firmware updates duonix service software update you tool","og_url":"https:\/\/www.duonix.de\/en\/hilfe-support\/update\/","og_site_name":"Diagnostic diagnosis device car and motorcycle tool","article_modified_time":"2021-11-05T19:20:56+00:00","twitter_card":"summary_large_image","schema":{"@context":"https:\/\/schema.org","@graph":[{"@type":"WebPage","@id":"https:\/\/www.duonix.de\/en\/hilfe-support\/update\/","url":"https:\/\/www.duonix.de\/en\/hilfe-support\/update\/","name":"Here you will find our current service software with firmware updates.","isPartOf":{"@id":"https:\/\/www.duonix.de\/#website"},"datePublished":"2014-12-09T16:18:39+00:00","dateModified":"2021-11-05T19:20:56+00:00","description":"Here you will find our current service software with firmware updates duonix service software update you tool","breadcrumb":{"@id":"https:\/\/www.duonix.de\/en\/hilfe-support\/update\/#breadcrumb"},"inLanguage":"en-US","potentialAction":[{"@type":"ReadAction","target":["https:\/\/www.duonix.de\/en\/hilfe-support\/update\/"]}]},{"@type":"BreadcrumbList","@id":"https:\/\/www.duonix.de\/en\/hilfe-support\/update\/#breadcrumb","itemListElement":[{"@type":"ListItem","position":1,"name":"Home","item":"https:\/\/www.duonix.de\/en\/"},{"@type":"ListItem","position":2,"name":"Help and support","item":"https:\/\/www.duonix.de\/en\/hilfe-support\/"},{"@type":"ListItem","position":3,"name":"Updates"}]},{"@type":"WebSite","@id":"https:\/\/www.duonix.de\/#website","url":"https:\/\/www.duonix.de\/","name":"Diagnostic diagnosis device car and motorcycle tool","description":"Diagnostic device diagnosis motorcycle tools, passenger cars, trucks, development system. EOBD OBD","potentialAction":[{"@type":"SearchAction","target":{"@type":"EntryPoint","urlTemplate":"https:\/\/www.duonix.de\/?s={search_term_string}"},"query-input":{"@type":"PropertyValueSpecification","valueRequired":true,"valueName":"search_term_string"}}],"inLanguage":"en-US"}]}},"_links":{"self":[{"href":"https:\/\/www.duonix.de\/en\/wp-json\/wp\/v2\/pages\/1160","targetHints":{"allow":["GET"]}}],"collection":[{"href":"https:\/\/www.duonix.de\/en\/wp-json\/wp\/v2\/pages"}],"about":[{"href":"https:\/\/www.duonix.de\/en\/wp-json\/wp\/v2\/types\/page"}],"author":[{"embeddable":true,"href":"https:\/\/www.duonix.de\/en\/wp-json\/wp\/v2\/users\/1"}],"replies":[{"embeddable":true,"href":"https:\/\/www.duonix.de\/en\/wp-json\/wp\/v2\/comments?post=1160"}],"version-history":[{"count":7,"href":"https:\/\/www.duonix.de\/en\/wp-json\/wp\/v2\/pages\/1160\/revisions"}],"predecessor-version":[{"id":2983,"href":"https:\/\/www.duonix.de\/en\/wp-json\/wp\/v2\/pages\/1160\/revisions\/2983"}],"up":[{"embeddable":true,"href":"https:\/\/www.duonix.de\/en\/wp-json\/wp\/v2\/pages\/2941"}],"wp:attachment":[{"href":"https:\/\/www.duonix.de\/en\/wp-json\/wp\/v2\/media?parent=1160"}],"curies":[{"name":"wp","href":"https:\/\/api.w.org\/{rel}","templated":true}]}}