{"id":3213,"date":"2021-11-18T08:42:23","date_gmt":"2021-11-18T08:42:23","guid":{"rendered":"https:\/\/www.duonix.de\/diagnose-fuer-aprilia\/"},"modified":"2021-11-19T11:23:47","modified_gmt":"2021-11-19T11:23:47","slug":"diagnose-fuer-aprilia","status":"publish","type":"page","link":"https:\/\/www.duonix.de\/en\/diagnose-fuer-aprilia\/","title":{"rendered":"Diagnostic for Aprilia"},"content":{"rendered":"\n<div data-uk-slideshow=\"{duration: 1000,autoplay: true ,autoplayInterval: 3000,pauseOnHover: false,kenburns: '15s'}\">\n\n    <div class=\"uk-slidenav-position\">\n\n        <ul class=\"uk-slideshow\">\n        \n            <li style=\"min-height: 300px;\">\n\n                \n                    <img decoding=\"async\" src=\"\/wp-content\/uploads\/CZ7A4465_TFa.jpg\">\n                    \n                    \n                    \n                \n            <\/li>\n\n        \n            <li style=\"min-height: 300px;\">\n\n                \n                    <img decoding=\"async\" src=\"\/wp-content\/uploads\/CZ7A4405_TFa.jpg\">\n                    \n                    \n                    \n                \n            <\/li>\n\n        \n            <li style=\"min-height: 300px;\">\n\n                \n                    <img decoding=\"async\" src=\"\/wp-content\/uploads\/CZ7A4521_TFa.jpg\">\n                    \n                    \n                    \n                \n            <\/li>\n\n        \n            <li style=\"min-height: 300px;\">\n\n                \n                    <img decoding=\"async\" src=\"\/wp-content\/uploads\/CZ7A4517_TFa.jpg\">\n                    \n                    \n                    \n                \n            <\/li>\n\n        \n            <li style=\"min-height: 300px;\">\n\n                \n                    <img decoding=\"async\" src=\"\/wp-content\/uploads\/CZ7A4583a.jpg\">\n                    \n                    \n                    \n                \n            <\/li>\n\n        \n            <li style=\"min-height: 300px;\">\n\n                \n                    <img decoding=\"async\" src=\"\/wp-content\/uploads\/CZ7A4582a.jpg\">\n                    \n                    \n                    \n                \n            <\/li>\n\n        \n            <li style=\"min-height: 300px;\">\n\n                \n                    <img decoding=\"async\" src=\"\/wp-content\/uploads\/CZ7A4468_TFa.jpg\">\n                    \n                    \n                    \n                \n            <\/li>\n\n        \n            <li style=\"min-height: 300px;\">\n\n                \n                    <img decoding=\"async\" src=\"\/wp-content\/uploads\/CZ7A4489_TFa.jpg\">\n                    \n                    \n                    \n                \n            <\/li>\n\n                <\/ul>\n\n                <a href=\"#\" class=\"uk-slidenav uk-slidenav-contrast uk-slidenav-previous uk-hidden-touch\" data-uk-slideshow-item=\"previous\"><\/a>\n        <a href=\"#\" class=\"uk-slidenav uk-slidenav-contrast uk-slidenav-next uk-hidden-touch\" data-uk-slideshow-item=\"next\"><\/a>\n        \n                <div class=\"uk-overlay-panel uk-overlay-bottom\">\n            \n<ul class=\"uk-dotnav uk-dotnav-contrast uk-flex-center\">\n    <li data-uk-slideshow-item=\"0\"><a href=\"#\"><\/a><\/li>\n    <li data-uk-slideshow-item=\"1\"><a href=\"#\"><\/a><\/li>\n    <li data-uk-slideshow-item=\"2\"><a href=\"#\"><\/a><\/li>\n    <li data-uk-slideshow-item=\"3\"><a href=\"#\"><\/a><\/li>\n    <li data-uk-slideshow-item=\"4\"><a href=\"#\"><\/a><\/li>\n    <li data-uk-slideshow-item=\"5\"><a href=\"#\"><\/a><\/li>\n    <li data-uk-slideshow-item=\"6\"><a href=\"#\"><\/a><\/li>\n    <li data-uk-slideshow-item=\"7\"><a href=\"#\"><\/a><\/li>\n<\/ul>\n        <\/div>\n        \n    <\/div>\n\n    \n<\/div>\n\r\n<p>&nbsp;<\/p>\r\n<h3><strong>Professional diagnostic device for Aprilia motorcycles<\/strong><\/h3>\r\n<p>The Bikescan 2 for professional control unit diagnosis on Aprilia motorcycles is small and powerful. The system covers all of the motorcycle electronics and makes troubleshooting on the motorcycle easier for the user. Thanks to the many special functions, the Bike-Scan2 Pro has become an indispensable part of a modern workshop.<\/p>\r\n<p>&nbsp;<\/p>\r\n<h3>Supports the following Aprilia models:<\/h3>\r\n<p>Arrecife 250 \/ 300 \/ 500<\/p>\r\n<p>Atlantic 250 \/ 300\/ 400 \/ 500<\/p>\r\n<p>Caponord 1200 \/ Rally \/ Travel<\/p>\r\n<p>Dorsoduro 1200<\/p>\r\n<p>Dorsoduro 900 \/ 750<\/p>\r\n<p>ETV 1000<\/p>\r\n<p>Leonardo 250 \/ 300<\/p>\r\n<p>Mana 850<\/p>\r\n<p>Mojito 125<\/p>\r\n<p>Pegaso 650 \/ Strada \/ Tuscany Tibet<\/p>\r\n<p>RSV4 \/ RF \/ RR<\/p>\r\n<p>RST 1000<\/p>\r\n<p>RX125<\/p>\r\n<p>SX125<\/p>\r\n<p>Shiver 900 \/ 750<\/p>\r\n<p>SR 50<\/p>\r\n<p>SR Max 125 \/ 300<\/p>\r\n<p>SR Motard 125<\/p>\r\n<p>SRV 850 \/ 1000 \/ R Nera<\/p>\r\n<p>SXV 5 \/ 4<\/p>\r\n<p>Scarabeo 125 \/ 100 \/ 200 \/ 250 \/ 300 \/ 400 \/ 50 Ditech \/ 500<\/p>\r\n<p>Sportcity 250 \/ Cube \/ 200 \/ 125 \/ 300\/<\/p>\r\n<p>Tuono V4<\/p>\r\n<p>&nbsp;<\/p>\r\n<p>&nbsp;<\/p>","protected":false},"excerpt":{"rendered":"<p>&nbsp; Professional diagnostic device for Aprilia motorcycles The Bikescan 2 for professional control unit diagnosis on Aprilia motorcycles is small and powerful. The system covers all of the motorcycle electronics and makes troubleshooting on the motorcycle easier for the user. Thanks to the many special functions, the Bike-Scan2 Pro has become an indispensable part of [&hellip;]<\/p>\n","protected":false},"author":1,"featured_media":0,"parent":0,"menu_order":0,"comment_status":"closed","ping_status":"closed","template":"","meta":{"footnotes":""},"class_list":["post-3213","page","type-page","status-publish","hentry"],"yoast_head":"<!-- This site is optimized with the Yoast SEO plugin v26.6 - https:\/\/yoast.com\/wordpress\/plugins\/seo\/ -->\n<title>Diagnose Diagnoseger\u00e4t Motorrad Diagnostic device tool Aprilia moto V4<\/title>\n<meta name=\"description\" content=\"Diagnose Diagnoseger\u00e4t Motorrad Diagnostic device tool Aprilia diagn\u00f3stico Moto motocicleta tool Tuono RS 660 V4 RSV4 RX 125 RS ETV Caponord\" \/>\n<meta name=\"robots\" content=\"index, follow, max-snippet:-1, max-image-preview:large, max-video-preview:-1\" \/>\n<link rel=\"canonical\" href=\"https:\/\/www.duonix.de\/diagnose-fuer-aprilia\/\" \/>\n<meta property=\"og:locale\" content=\"en_US\" \/>\n<meta property=\"og:type\" content=\"article\" \/>\n<meta property=\"og:title\" content=\"Diagnose Diagnoseger\u00e4t Motorrad Diagnostic device tool Aprilia moto V4\" \/>\n<meta property=\"og:description\" content=\"Diagnose Diagnoseger\u00e4t Motorrad Diagnostic device tool Aprilia diagn\u00f3stico Moto motocicleta tool Tuono RS 660 V4 RSV4 RX 125 RS ETV Caponord\" \/>\n<meta property=\"og:url\" content=\"https:\/\/www.duonix.de\/diagnose-fuer-aprilia\/\" \/>\n<meta property=\"og:site_name\" content=\"Diagnostic diagnosis device car and motorcycle tool\" \/>\n<meta property=\"article:modified_time\" content=\"2021-11-19T11:23:47+00:00\" \/>\n<meta name=\"twitter:card\" content=\"summary_large_image\" \/>\n<meta name=\"twitter:label1\" content=\"Est. reading time\" \/>\n\t<meta name=\"twitter:data1\" content=\"1 minute\" \/>\n<script type=\"application\/ld+json\" class=\"yoast-schema-graph\">{\"@context\":\"https:\/\/schema.org\",\"@graph\":[{\"@type\":\"WebPage\",\"@id\":\"https:\/\/www.duonix.de\/diagnose-fuer-aprilia\/\",\"url\":\"https:\/\/www.duonix.de\/diagnose-fuer-aprilia\/\",\"name\":\"Diagnose Diagnoseger\u00e4t Motorrad Diagnostic device tool Aprilia moto V4\",\"isPartOf\":{\"@id\":\"https:\/\/www.duonix.de\/#website\"},\"datePublished\":\"2021-11-18T08:42:23+00:00\",\"dateModified\":\"2021-11-19T11:23:47+00:00\",\"description\":\"Diagnose Diagnoseger\u00e4t Motorrad Diagnostic device tool Aprilia diagn\u00f3stico Moto motocicleta tool Tuono RS 660 V4 RSV4 RX 125 RS ETV Caponord\",\"breadcrumb\":{\"@id\":\"https:\/\/www.duonix.de\/diagnose-fuer-aprilia\/#breadcrumb\"},\"inLanguage\":\"en-US\",\"potentialAction\":[{\"@type\":\"ReadAction\",\"target\":[\"https:\/\/www.duonix.de\/diagnose-fuer-aprilia\/\"]}]},{\"@type\":\"BreadcrumbList\",\"@id\":\"https:\/\/www.duonix.de\/diagnose-fuer-aprilia\/#breadcrumb\",\"itemListElement\":[{\"@type\":\"ListItem\",\"position\":1,\"name\":\"Home\",\"item\":\"https:\/\/www.duonix.de\/en\/\"},{\"@type\":\"ListItem\",\"position\":2,\"name\":\"Diagnostic for Aprilia\"}]},{\"@type\":\"WebSite\",\"@id\":\"https:\/\/www.duonix.de\/#website\",\"url\":\"https:\/\/www.duonix.de\/\",\"name\":\"Diagnostic diagnosis device car and motorcycle tool\",\"description\":\"Diagnostic device diagnosis motorcycle tools, passenger cars, trucks, development system. EOBD OBD\",\"potentialAction\":[{\"@type\":\"SearchAction\",\"target\":{\"@type\":\"EntryPoint\",\"urlTemplate\":\"https:\/\/www.duonix.de\/?s={search_term_string}\"},\"query-input\":{\"@type\":\"PropertyValueSpecification\",\"valueRequired\":true,\"valueName\":\"search_term_string\"}}],\"inLanguage\":\"en-US\"}]}<\/script>\n<!-- \/ Yoast SEO plugin. -->","yoast_head_json":{"title":"Diagnose Diagnoseger\u00e4t Motorrad Diagnostic device tool Aprilia moto V4","description":"Diagnose Diagnoseger\u00e4t Motorrad Diagnostic device tool Aprilia diagn\u00f3stico Moto motocicleta tool Tuono RS 660 V4 RSV4 RX 125 RS ETV Caponord","robots":{"index":"index","follow":"follow","max-snippet":"max-snippet:-1","max-image-preview":"max-image-preview:large","max-video-preview":"max-video-preview:-1"},"canonical":"https:\/\/www.duonix.de\/diagnose-fuer-aprilia\/","og_locale":"en_US","og_type":"article","og_title":"Diagnose Diagnoseger\u00e4t Motorrad Diagnostic device tool Aprilia moto V4","og_description":"Diagnose Diagnoseger\u00e4t Motorrad Diagnostic device tool Aprilia diagn\u00f3stico Moto motocicleta tool Tuono RS 660 V4 RSV4 RX 125 RS ETV Caponord","og_url":"https:\/\/www.duonix.de\/diagnose-fuer-aprilia\/","og_site_name":"Diagnostic diagnosis device car and motorcycle tool","article_modified_time":"2021-11-19T11:23:47+00:00","twitter_card":"summary_large_image","twitter_misc":{"Est. reading time":"1 minute"},"schema":{"@context":"https:\/\/schema.org","@graph":[{"@type":"WebPage","@id":"https:\/\/www.duonix.de\/diagnose-fuer-aprilia\/","url":"https:\/\/www.duonix.de\/diagnose-fuer-aprilia\/","name":"Diagnose Diagnoseger\u00e4t Motorrad Diagnostic device tool Aprilia moto V4","isPartOf":{"@id":"https:\/\/www.duonix.de\/#website"},"datePublished":"2021-11-18T08:42:23+00:00","dateModified":"2021-11-19T11:23:47+00:00","description":"Diagnose Diagnoseger\u00e4t Motorrad Diagnostic device tool Aprilia diagn\u00f3stico Moto motocicleta tool Tuono RS 660 V4 RSV4 RX 125 RS ETV Caponord","breadcrumb":{"@id":"https:\/\/www.duonix.de\/diagnose-fuer-aprilia\/#breadcrumb"},"inLanguage":"en-US","potentialAction":[{"@type":"ReadAction","target":["https:\/\/www.duonix.de\/diagnose-fuer-aprilia\/"]}]},{"@type":"BreadcrumbList","@id":"https:\/\/www.duonix.de\/diagnose-fuer-aprilia\/#breadcrumb","itemListElement":[{"@type":"ListItem","position":1,"name":"Home","item":"https:\/\/www.duonix.de\/en\/"},{"@type":"ListItem","position":2,"name":"Diagnostic for Aprilia"}]},{"@type":"WebSite","@id":"https:\/\/www.duonix.de\/#website","url":"https:\/\/www.duonix.de\/","name":"Diagnostic diagnosis device car and motorcycle tool","description":"Diagnostic device diagnosis motorcycle tools, passenger cars, trucks, development system. EOBD OBD","potentialAction":[{"@type":"SearchAction","target":{"@type":"EntryPoint","urlTemplate":"https:\/\/www.duonix.de\/?s={search_term_string}"},"query-input":{"@type":"PropertyValueSpecification","valueRequired":true,"valueName":"search_term_string"}}],"inLanguage":"en-US"}]}},"_links":{"self":[{"href":"https:\/\/www.duonix.de\/en\/wp-json\/wp\/v2\/pages\/3213","targetHints":{"allow":["GET"]}}],"collection":[{"href":"https:\/\/www.duonix.de\/en\/wp-json\/wp\/v2\/pages"}],"about":[{"href":"https:\/\/www.duonix.de\/en\/wp-json\/wp\/v2\/types\/page"}],"author":[{"embeddable":true,"href":"https:\/\/www.duonix.de\/en\/wp-json\/wp\/v2\/users\/1"}],"replies":[{"embeddable":true,"href":"https:\/\/www.duonix.de\/en\/wp-json\/wp\/v2\/comments?post=3213"}],"version-history":[{"count":3,"href":"https:\/\/www.duonix.de\/en\/wp-json\/wp\/v2\/pages\/3213\/revisions"}],"predecessor-version":[{"id":3222,"href":"https:\/\/www.duonix.de\/en\/wp-json\/wp\/v2\/pages\/3213\/revisions\/3222"}],"wp:attachment":[{"href":"https:\/\/www.duonix.de\/en\/wp-json\/wp\/v2\/media?parent=3213"}],"curies":[{"name":"wp","href":"https:\/\/api.w.org\/{rel}","templated":true}]}}