{"id":1155,"date":"2015-03-20T14:19:40","date_gmt":"2015-03-20T14:19:40","guid":{"rendered":"http:\/\/www.duonix.de\/kontakt\/?lang=es"},"modified":"2021-11-06T21:08:08","modified_gmt":"2021-11-06T21:08:08","slug":"kontakt","status":"publish","type":"page","link":"https:\/\/www.duonix.de\/es\/hilfe-support\/kontakt\/","title":{"rendered":"Contacto"},"content":{"rendered":"<h1>Contacto<\/h1>\r\n<p>C\u00f3mo contactarnos<\/p>\r\n<p><br \/>\r\n\u00bfTiene alguna pregunta sobre nuestros productos o servicios?<br \/>\r\nAqu\u00ed encontrar\u00e1 la direcci\u00f3n postal, las direcciones de correo electr\u00f3nico, as\u00ed como el tel\u00e9fono y<br \/>\r\nN\u00fameros de fax.<\/p>\r\n<p><br \/>\r\nTambi\u00e9n podemos devolverle la llamada.<br \/>\r\nUtilice el formulario de abajo.<\/p>\r\n<p>&nbsp;<\/p>\r\n<p>&nbsp;<\/p>\r\n\n<div class=\"wpcf7 no-js\" id=\"wpcf7-f1680-o1\" lang=\"de-DE\" dir=\"ltr\" data-wpcf7-id=\"1680\">\n<div class=\"screen-reader-response\"><p role=\"status\" aria-live=\"polite\" aria-atomic=\"true\"><\/p> <ul><\/ul><\/div>\n<form action=\"\/es\/wp-json\/wp\/v2\/pages\/1155#wpcf7-f1680-o1\" method=\"post\" class=\"wpcf7-form init\" aria-label=\"Kontaktformular\" novalidate=\"novalidate\" data-status=\"init\">\n<fieldset class=\"hidden-fields-container\"><input type=\"hidden\" name=\"_wpcf7\" value=\"1680\" \/><input type=\"hidden\" name=\"_wpcf7_version\" value=\"6.1.4\" \/><input type=\"hidden\" name=\"_wpcf7_locale\" value=\"de_DE\" \/><input type=\"hidden\" name=\"_wpcf7_unit_tag\" value=\"wpcf7-f1680-o1\" \/><input type=\"hidden\" name=\"_wpcf7_container_post\" value=\"0\" \/><input type=\"hidden\" name=\"_wpcf7_posted_data_hash\" value=\"\" \/>\n<\/fieldset>\n<p>Your name (required field)\n<\/p>\n<p><span class=\"du_field_input\"><span class=\"wpcf7-form-control-wrap\" data-name=\"your-name\"><input size=\"40\" maxlength=\"400\" class=\"wpcf7-form-control wpcf7-text wpcf7-validates-as-required\" aria-required=\"true\" aria-invalid=\"false\" value=\"\" type=\"text\" name=\"your-name\" \/><\/span><\/span>\n<\/p>\n<p>Company\n<\/p>\n<p><span class=\"du_field_input\"><span class=\"wpcf7-form-control-wrap\" data-name=\"Firma\"><input size=\"40\" maxlength=\"400\" class=\"wpcf7-form-control wpcf7-text\" aria-invalid=\"false\" value=\"\" type=\"text\" name=\"Firma\" \/><\/span><\/span>\n<\/p>\n<p>Street\n<\/p>\n<p><span class=\"du_field_input\"><span class=\"wpcf7-form-control-wrap\" data-name=\"strasse\"><input size=\"40\" maxlength=\"400\" class=\"wpcf7-form-control wpcf7-text\" aria-invalid=\"false\" value=\"\" type=\"text\" name=\"strasse\" \/><\/span><\/span>\n<\/p>\n<p>City\n<\/p>\n<p><span class=\"du_field_input\"><span class=\"wpcf7-form-control-wrap\" data-name=\"ort\"><input size=\"40\" maxlength=\"400\" class=\"wpcf7-form-control wpcf7-text\" aria-invalid=\"false\" value=\"\" type=\"text\" name=\"ort\" \/><\/span><\/span>\n<\/p>\n<p>Phone number\n<\/p>\n<p><span class=\"du_field_input\"><span class=\"wpcf7-form-control-wrap\" data-name=\"tel\"><input size=\"40\" maxlength=\"400\" class=\"wpcf7-form-control wpcf7-tel wpcf7-text wpcf7-validates-as-tel\" aria-invalid=\"false\" value=\"\" type=\"tel\" name=\"tel\" \/><\/span><\/span>\n<\/p>\n<p>Your email address (required field)\n<\/p>\n<p><span class=\"du_field_input\"><span class=\"wpcf7-form-control-wrap\" data-name=\"your-email\"><input size=\"40\" maxlength=\"400\" class=\"wpcf7-form-control wpcf7-email wpcf7-validates-as-required wpcf7-text wpcf7-validates-as-email\" aria-required=\"true\" aria-invalid=\"false\" value=\"\" type=\"email\" name=\"your-email\" \/><\/span><\/span>\n<\/p>\n<p>Reference\n<\/p>\n<p><span class=\"du_field_input\"><span class=\"wpcf7-form-control-wrap\" data-name=\"Betreff\"><select class=\"wpcf7-form-control wpcf7-select\" aria-invalid=\"false\" name=\"Betreff\"><option value=\"General questions\">General questions<\/option><option value=\"Product advice\">Product advice<\/option><option value=\"Technical support\">Technical support<\/option><\/select><\/span><\/span>\n<\/p>\n<p>Your message\n<\/p>\n<p><span class=\"du_field_input\"><span class=\"wpcf7-form-control-wrap\" data-name=\"your-message\"><textarea cols=\"40\" rows=\"10\" maxlength=\"2000\" class=\"wpcf7-form-control wpcf7-textarea\" aria-invalid=\"false\" name=\"your-message\"><\/textarea><\/span><\/span>\n<\/p>\n<p><span class=\"wpcf7-form-control-wrap\" data-name=\"quiz-668\"><label><span class=\"wpcf7-quiz-label\">Spam protection, capital of Germany?<\/span> <input size=\"40\" class=\"wpcf7-form-control wpcf7-quiz\" autocomplete=\"off\" aria-required=\"true\" aria-invalid=\"false\" type=\"text\" name=\"quiz-668\" \/><\/label><input type=\"hidden\" name=\"_wpcf7_quiz_answer_quiz-668\" value=\"386ae22ae1873793661f46b9f6422d7f\" \/><\/span>\n<\/p>\n<p><span class=\"wpcf7-form-control-wrap\" data-name=\"acceptance-583\"><span class=\"wpcf7-form-control wpcf7-acceptance\"><span class=\"wpcf7-list-item\"><input type=\"checkbox\" name=\"acceptance-583\" value=\"1\" aria-invalid=\"false\" \/><\/span><\/span><\/span><small><strong>I agree that my details and data will be collected and stored electronically to answer my request. Note: You can send your consent at any time for the future by e-mail <a href=\"mailto:info@duonix.de\">info@duonix.de<\/a> withdraw. I have the <a href=\"https:\/\/www.duonix.de\/datenschutz\/\">privacy policy<\/a> noted.<\/strong><\/small>\n<\/p>\n<p><span class=\"du_field_input\"><input class=\"wpcf7-form-control wpcf7-submit has-spinner\" type=\"submit\" value=\"Send\" \/><\/span>\n<\/p><div class=\"wpcf7-response-output\" aria-hidden=\"true\"><\/div>\n<\/form>\n<\/div>\n","protected":false},"excerpt":{"rendered":"<p>Contacto C\u00f3mo contactarnos \u00bfTiene alguna pregunta sobre nuestros productos o servicios? Aqu\u00ed encontrar\u00e1 la direcci\u00f3n postal, las direcciones de correo electr\u00f3nico, as\u00ed como el tel\u00e9fono y N\u00fameros de fax. Tambi\u00e9n podemos devolverle la llamada. Utilice el formulario de abajo. &nbsp; &nbsp;<\/p>\n","protected":false},"author":1,"featured_media":0,"parent":2954,"menu_order":0,"comment_status":"closed","ping_status":"closed","template":"","meta":{"footnotes":""},"class_list":["post-1155","page","type-page","status-publish","hentry"],"yoast_head":"<!-- This site is optimized with the Yoast SEO plugin v26.6 - https:\/\/yoast.com\/wordpress\/plugins\/seo\/ -->\n<title>Entwicklung PKW KFZ Diagnosesysteme Fahrzeugdiagnose<\/title>\n<meta name=\"description\" content=\"Tiene alguna pregunta sobre nuestros productos o servicios obd diagnostico ecu\" \/>\n<meta name=\"robots\" content=\"index, follow, max-snippet:-1, max-image-preview:large, max-video-preview:-1\" \/>\n<link rel=\"canonical\" href=\"https:\/\/www.duonix.de\/es\/hilfe-support\/kontakt\/\" \/>\n<meta property=\"og:locale\" content=\"es_ES\" \/>\n<meta property=\"og:type\" content=\"article\" \/>\n<meta property=\"og:title\" content=\"Entwicklung PKW KFZ Diagnosesysteme Fahrzeugdiagnose\" \/>\n<meta property=\"og:description\" content=\"Tiene alguna pregunta sobre nuestros productos o servicios obd diagnostico ecu\" \/>\n<meta property=\"og:url\" content=\"https:\/\/www.duonix.de\/es\/hilfe-support\/kontakt\/\" \/>\n<meta property=\"og:site_name\" content=\"Dispositivo de diagn\u00f3stico de motocicleta e veh\u00edculo\" \/>\n<meta property=\"article:modified_time\" content=\"2021-11-06T21:08:08+00:00\" \/>\n<meta name=\"twitter:card\" content=\"summary_large_image\" \/>\n<script type=\"application\/ld+json\" class=\"yoast-schema-graph\">{\"@context\":\"https:\/\/schema.org\",\"@graph\":[{\"@type\":\"WebPage\",\"@id\":\"https:\/\/www.duonix.de\/es\/hilfe-support\/kontakt\/\",\"url\":\"https:\/\/www.duonix.de\/es\/hilfe-support\/kontakt\/\",\"name\":\"Entwicklung PKW KFZ Diagnosesysteme Fahrzeugdiagnose\",\"isPartOf\":{\"@id\":\"https:\/\/www.duonix.de\/#website\"},\"datePublished\":\"2015-03-20T14:19:40+00:00\",\"dateModified\":\"2021-11-06T21:08:08+00:00\",\"description\":\"Tiene alguna pregunta sobre nuestros productos o servicios obd diagnostico ecu\",\"breadcrumb\":{\"@id\":\"https:\/\/www.duonix.de\/es\/hilfe-support\/kontakt\/#breadcrumb\"},\"inLanguage\":\"es\",\"potentialAction\":[{\"@type\":\"ReadAction\",\"target\":[\"https:\/\/www.duonix.de\/es\/hilfe-support\/kontakt\/\"]}]},{\"@type\":\"BreadcrumbList\",\"@id\":\"https:\/\/www.duonix.de\/es\/hilfe-support\/kontakt\/#breadcrumb\",\"itemListElement\":[{\"@type\":\"ListItem\",\"position\":1,\"name\":\"Home\",\"item\":\"https:\/\/www.duonix.de\/es\/\"},{\"@type\":\"ListItem\",\"position\":2,\"name\":\"Ayuda y apoyo\",\"item\":\"https:\/\/www.duonix.de\/es\/hilfe-support\/\"},{\"@type\":\"ListItem\",\"position\":3,\"name\":\"Contacto\"}]},{\"@type\":\"WebSite\",\"@id\":\"https:\/\/www.duonix.de\/#website\",\"url\":\"https:\/\/www.duonix.de\/\",\"name\":\"Dispositivo de diagn\u00f3stico de motocicleta e veh\u00edculo\",\"description\":\"Dispositivo de diagn\u00f3stico, herramientas para motocicletas, turismos, camiones, desarrollo.\",\"potentialAction\":[{\"@type\":\"SearchAction\",\"target\":{\"@type\":\"EntryPoint\",\"urlTemplate\":\"https:\/\/www.duonix.de\/?s={search_term_string}\"},\"query-input\":{\"@type\":\"PropertyValueSpecification\",\"valueRequired\":true,\"valueName\":\"search_term_string\"}}],\"inLanguage\":\"es\"}]}<\/script>\n<!-- \/ Yoast SEO plugin. -->","yoast_head_json":{"title":"Entwicklung PKW KFZ Diagnosesysteme Fahrzeugdiagnose","description":"Tiene alguna pregunta sobre nuestros productos o servicios obd diagnostico ecu","robots":{"index":"index","follow":"follow","max-snippet":"max-snippet:-1","max-image-preview":"max-image-preview:large","max-video-preview":"max-video-preview:-1"},"canonical":"https:\/\/www.duonix.de\/es\/hilfe-support\/kontakt\/","og_locale":"es_ES","og_type":"article","og_title":"Entwicklung PKW KFZ Diagnosesysteme Fahrzeugdiagnose","og_description":"Tiene alguna pregunta sobre nuestros productos o servicios obd diagnostico ecu","og_url":"https:\/\/www.duonix.de\/es\/hilfe-support\/kontakt\/","og_site_name":"Dispositivo de diagn\u00f3stico de motocicleta e veh\u00edculo","article_modified_time":"2021-11-06T21:08:08+00:00","twitter_card":"summary_large_image","schema":{"@context":"https:\/\/schema.org","@graph":[{"@type":"WebPage","@id":"https:\/\/www.duonix.de\/es\/hilfe-support\/kontakt\/","url":"https:\/\/www.duonix.de\/es\/hilfe-support\/kontakt\/","name":"Entwicklung PKW KFZ Diagnosesysteme Fahrzeugdiagnose","isPartOf":{"@id":"https:\/\/www.duonix.de\/#website"},"datePublished":"2015-03-20T14:19:40+00:00","dateModified":"2021-11-06T21:08:08+00:00","description":"Tiene alguna pregunta sobre nuestros productos o servicios obd diagnostico ecu","breadcrumb":{"@id":"https:\/\/www.duonix.de\/es\/hilfe-support\/kontakt\/#breadcrumb"},"inLanguage":"es","potentialAction":[{"@type":"ReadAction","target":["https:\/\/www.duonix.de\/es\/hilfe-support\/kontakt\/"]}]},{"@type":"BreadcrumbList","@id":"https:\/\/www.duonix.de\/es\/hilfe-support\/kontakt\/#breadcrumb","itemListElement":[{"@type":"ListItem","position":1,"name":"Home","item":"https:\/\/www.duonix.de\/es\/"},{"@type":"ListItem","position":2,"name":"Ayuda y apoyo","item":"https:\/\/www.duonix.de\/es\/hilfe-support\/"},{"@type":"ListItem","position":3,"name":"Contacto"}]},{"@type":"WebSite","@id":"https:\/\/www.duonix.de\/#website","url":"https:\/\/www.duonix.de\/","name":"Dispositivo de diagn\u00f3stico de motocicleta e veh\u00edculo","description":"Dispositivo de diagn\u00f3stico, herramientas para motocicletas, turismos, camiones, desarrollo.","potentialAction":[{"@type":"SearchAction","target":{"@type":"EntryPoint","urlTemplate":"https:\/\/www.duonix.de\/?s={search_term_string}"},"query-input":{"@type":"PropertyValueSpecification","valueRequired":true,"valueName":"search_term_string"}}],"inLanguage":"es"}]}},"_links":{"self":[{"href":"https:\/\/www.duonix.de\/es\/wp-json\/wp\/v2\/pages\/1155","targetHints":{"allow":["GET"]}}],"collection":[{"href":"https:\/\/www.duonix.de\/es\/wp-json\/wp\/v2\/pages"}],"about":[{"href":"https:\/\/www.duonix.de\/es\/wp-json\/wp\/v2\/types\/page"}],"author":[{"embeddable":true,"href":"https:\/\/www.duonix.de\/es\/wp-json\/wp\/v2\/users\/1"}],"replies":[{"embeddable":true,"href":"https:\/\/www.duonix.de\/es\/wp-json\/wp\/v2\/comments?post=1155"}],"version-history":[{"count":8,"href":"https:\/\/www.duonix.de\/es\/wp-json\/wp\/v2\/pages\/1155\/revisions"}],"predecessor-version":[{"id":3028,"href":"https:\/\/www.duonix.de\/es\/wp-json\/wp\/v2\/pages\/1155\/revisions\/3028"}],"up":[{"embeddable":true,"href":"https:\/\/www.duonix.de\/es\/wp-json\/wp\/v2\/pages\/2954"}],"wp:attachment":[{"href":"https:\/\/www.duonix.de\/es\/wp-json\/wp\/v2\/media?parent=1155"}],"curies":[{"name":"wp","href":"https:\/\/api.w.org\/{rel}","templated":true}]}}