{"id":1159,"date":"2015-06-24T08:08:46","date_gmt":"2015-06-24T08:08:46","guid":{"rendered":"http:\/\/www.duonix.de\/newsletter\/?lang=es"},"modified":"2021-11-05T09:41:31","modified_gmt":"2021-11-05T09:41:31","slug":"newsletter","status":"publish","type":"page","link":"https:\/\/www.duonix.de\/es\/hilfe-support\/newsletter\/","title":{"rendered":"Newsletter"},"content":{"rendered":"<h1>Newsletter<\/h1>\r\n<div><strong>Sie m\u00f6chten immer auf dem Laufenden sein?<\/strong><\/div>\r\n<div>\u00a0<\/div>\r\n<div>Dann abonnieren Sie unseren kostenlosen Newsletter. Wir informieren Sie in<\/div>\r\n<div>Zukunft bequem per E-Mail \u00fcber neue Produkte und Updates. Sie k\u00f6nnen sich<\/div>\r\n<div>nat\u00fcrlich jederzeit wieder vom Newsletter abmelden. Dazu nutzen Sie bitte<\/div>\r\n<div>den Link am Ende des Newsletters.<\/div>\r\n<div>\u00a0<\/div>\r\n<div><strong>Newsletter abonnieren<\/strong><\/div>\r\n<div>\u00a0<\/div>\r\n<div>Geben Sie bitte Ihre Kontaktdaten ein<\/div>\r\n<div>\r\n<table style=\"border-collapse: collapse; width: 100%;\" border=\"1\">\r\n<tbody>\r\n<tr>\r\n<td style=\"width: 100%;\"><small>Ich bin damit einverstanden, dass mich die Duonix GmbH k\u00fcnftig per E-Mail an die von mir angegebene E-Mail-Adresse in unregelm\u00e4\u00dfigen Abst\u00e4nden \u00fcber von Duonix angebotene neue Produkte, Software-Updates und besondere Marketing-Aktionen informiert. Ich kann meine entsprechende Einwilligung jederzeit widerrufen. <\/small> <small>Weitere Hinweise zur Nutzung meiner E-Mail-Adresse, zur Widerrufsm\u00f6glichkeit, zu meinen Rechten und zu anderen datenschutzrechtlichen Themen enth\u00e4lt die <strong><u><a href=\"https:\/\/www.duonix.de\/datenschutz\/\">Datenschutzerkl\u00e4rung<\/a><\/u><\/strong> von Duonix.<\/small><\/td>\r\n<\/tr>\r\n<\/tbody>\r\n<\/table>\r\n<\/div>\r\n<script>(function() {\n\twindow.mc4wp = window.mc4wp || {\n\t\tlisteners: [],\n\t\tforms: {\n\t\t\ton: function(evt, cb) {\n\t\t\t\twindow.mc4wp.listeners.push(\n\t\t\t\t\t{\n\t\t\t\t\t\tevent   : evt,\n\t\t\t\t\t\tcallback: cb\n\t\t\t\t\t}\n\t\t\t\t);\n\t\t\t}\n\t\t}\n\t}\n})();\n<\/script><!-- Mailchimp for WordPress v4.10.9 - https:\/\/wordpress.org\/plugins\/mailchimp-for-wp\/ --><form id=\"mc4wp-form-1\" class=\"mc4wp-form mc4wp-form-2651 mc4wp-form-basic\" method=\"post\" data-id=\"2651\" data-name=\"Standard-Anmeldeformular\" ><div class=\"mc4wp-form-fields\"><span class=\"du_field_input\">\r\n    <input type=\"text\" name=\"LNAME\" placeholder=\"Nachname\">\r\n<\/span>\r\n<span class=\"du_field_input\">\r\n<input type=\"text\" name=\"FNAME\" placeholder=\"Vorname\">\r\n<\/span>\r\n\r\n<span class=\"du_field_input\"><input type=\"email\" name=\"EMAIL\" placeholder=\"Email\" required \/><\/span>\r\n\r\n<span class=\"du_field_input\"><input type=\"submit\" value=\"Newsletter abonnieren\" \/><\/span><\/div><label style=\"display: none !important;\">Deja vac\u00edo este campo si eres humano: <input type=\"text\" name=\"_mc4wp_honeypot\" value=\"\" tabindex=\"-1\" autocomplete=\"off\" \/><\/label><input type=\"hidden\" name=\"_mc4wp_timestamp\" value=\"1776673064\" \/><input type=\"hidden\" name=\"_mc4wp_form_id\" value=\"2651\" \/><input type=\"hidden\" name=\"_mc4wp_form_element_id\" value=\"mc4wp-form-1\" \/><div class=\"mc4wp-response\"><\/div><\/form><!-- \/ Mailchimp for WordPress Plugin -->","protected":false},"excerpt":{"rendered":"<p>Newsletter Sie m\u00f6chten immer auf dem Laufenden sein? \u00a0 Dann abonnieren Sie unseren kostenlosen Newsletter. Wir informieren Sie in Zukunft bequem per E-Mail \u00fcber neue Produkte und Updates. Sie k\u00f6nnen sich nat\u00fcrlich jederzeit wieder vom Newsletter abmelden. Dazu nutzen Sie bitte den Link am Ende des Newsletters. \u00a0 Newsletter abonnieren \u00a0 Geben Sie bitte Ihre [&hellip;]<\/p>\n","protected":false},"author":1,"featured_media":0,"parent":2954,"menu_order":0,"comment_status":"closed","ping_status":"open","template":"","meta":{"footnotes":""},"class_list":["post-1159","page","type-page","status-publish","hentry"],"yoast_head":"<!-- This site is optimized with the Yoast SEO plugin v26.6 - https:\/\/yoast.com\/wordpress\/plugins\/seo\/ -->\n<title>Fahrzeugspezifische Diagnoseger\u00e4te KFZ PKW<\/title>\n<meta name=\"description\" content=\"Software Updates Duonix Diagnose\" \/>\n<meta name=\"robots\" content=\"index, follow, max-snippet:-1, max-image-preview:large, max-video-preview:-1\" \/>\n<link rel=\"canonical\" href=\"https:\/\/www.duonix.de\/hilfe-und-support\/newsletter\/\" \/>\n<meta property=\"og:locale\" content=\"es_ES\" \/>\n<meta property=\"og:type\" content=\"article\" \/>\n<meta property=\"og:title\" content=\"Fahrzeugspezifische Diagnoseger\u00e4te KFZ PKW\" \/>\n<meta property=\"og:description\" content=\"Software Updates Duonix Diagnose\" \/>\n<meta property=\"og:url\" content=\"https:\/\/www.duonix.de\/hilfe-und-support\/newsletter\/\" \/>\n<meta property=\"og:site_name\" content=\"Dispositivo de diagn\u00f3stico de motocicleta e veh\u00edculo\" \/>\n<meta property=\"article:modified_time\" content=\"2021-11-05T09:41:31+00:00\" \/>\n<meta name=\"twitter:card\" content=\"summary_large_image\" \/>\n<meta name=\"twitter:label1\" content=\"Tiempo de lectura\" \/>\n\t<meta name=\"twitter:data1\" content=\"1 minuto\" \/>\n<script type=\"application\/ld+json\" class=\"yoast-schema-graph\">{\"@context\":\"https:\/\/schema.org\",\"@graph\":[{\"@type\":\"WebPage\",\"@id\":\"https:\/\/www.duonix.de\/hilfe-und-support\/newsletter\/\",\"url\":\"https:\/\/www.duonix.de\/hilfe-und-support\/newsletter\/\",\"name\":\"Fahrzeugspezifische Diagnoseger\u00e4te KFZ PKW\",\"isPartOf\":{\"@id\":\"https:\/\/www.duonix.de\/#website\"},\"datePublished\":\"2015-06-24T08:08:46+00:00\",\"dateModified\":\"2021-11-05T09:41:31+00:00\",\"description\":\"Software Updates Duonix Diagnose\",\"breadcrumb\":{\"@id\":\"https:\/\/www.duonix.de\/hilfe-und-support\/newsletter\/#breadcrumb\"},\"inLanguage\":\"es\",\"potentialAction\":[{\"@type\":\"ReadAction\",\"target\":[\"https:\/\/www.duonix.de\/hilfe-und-support\/newsletter\/\"]}]},{\"@type\":\"BreadcrumbList\",\"@id\":\"https:\/\/www.duonix.de\/hilfe-und-support\/newsletter\/#breadcrumb\",\"itemListElement\":[{\"@type\":\"ListItem\",\"position\":1,\"name\":\"Home\",\"item\":\"https:\/\/www.duonix.de\/es\/\"},{\"@type\":\"ListItem\",\"position\":2,\"name\":\"Ayuda y apoyo\",\"item\":\"https:\/\/www.duonix.de\/es\/hilfe-support\/\"},{\"@type\":\"ListItem\",\"position\":3,\"name\":\"Newsletter\"}]},{\"@type\":\"WebSite\",\"@id\":\"https:\/\/www.duonix.de\/#website\",\"url\":\"https:\/\/www.duonix.de\/\",\"name\":\"Dispositivo de diagn\u00f3stico de motocicleta e veh\u00edculo\",\"description\":\"Dispositivo de diagn\u00f3stico, herramientas para motocicletas, turismos, camiones, desarrollo.\",\"potentialAction\":[{\"@type\":\"SearchAction\",\"target\":{\"@type\":\"EntryPoint\",\"urlTemplate\":\"https:\/\/www.duonix.de\/?s={search_term_string}\"},\"query-input\":{\"@type\":\"PropertyValueSpecification\",\"valueRequired\":true,\"valueName\":\"search_term_string\"}}],\"inLanguage\":\"es\"}]}<\/script>\n<!-- \/ Yoast SEO plugin. -->","yoast_head_json":{"title":"Fahrzeugspezifische Diagnoseger\u00e4te KFZ PKW","description":"Software Updates Duonix Diagnose","robots":{"index":"index","follow":"follow","max-snippet":"max-snippet:-1","max-image-preview":"max-image-preview:large","max-video-preview":"max-video-preview:-1"},"canonical":"https:\/\/www.duonix.de\/hilfe-und-support\/newsletter\/","og_locale":"es_ES","og_type":"article","og_title":"Fahrzeugspezifische Diagnoseger\u00e4te KFZ PKW","og_description":"Software Updates Duonix Diagnose","og_url":"https:\/\/www.duonix.de\/hilfe-und-support\/newsletter\/","og_site_name":"Dispositivo de diagn\u00f3stico de motocicleta e veh\u00edculo","article_modified_time":"2021-11-05T09:41:31+00:00","twitter_card":"summary_large_image","twitter_misc":{"Tiempo de lectura":"1 minuto"},"schema":{"@context":"https:\/\/schema.org","@graph":[{"@type":"WebPage","@id":"https:\/\/www.duonix.de\/hilfe-und-support\/newsletter\/","url":"https:\/\/www.duonix.de\/hilfe-und-support\/newsletter\/","name":"Fahrzeugspezifische Diagnoseger\u00e4te KFZ PKW","isPartOf":{"@id":"https:\/\/www.duonix.de\/#website"},"datePublished":"2015-06-24T08:08:46+00:00","dateModified":"2021-11-05T09:41:31+00:00","description":"Software Updates Duonix Diagnose","breadcrumb":{"@id":"https:\/\/www.duonix.de\/hilfe-und-support\/newsletter\/#breadcrumb"},"inLanguage":"es","potentialAction":[{"@type":"ReadAction","target":["https:\/\/www.duonix.de\/hilfe-und-support\/newsletter\/"]}]},{"@type":"BreadcrumbList","@id":"https:\/\/www.duonix.de\/hilfe-und-support\/newsletter\/#breadcrumb","itemListElement":[{"@type":"ListItem","position":1,"name":"Home","item":"https:\/\/www.duonix.de\/es\/"},{"@type":"ListItem","position":2,"name":"Ayuda y apoyo","item":"https:\/\/www.duonix.de\/es\/hilfe-support\/"},{"@type":"ListItem","position":3,"name":"Newsletter"}]},{"@type":"WebSite","@id":"https:\/\/www.duonix.de\/#website","url":"https:\/\/www.duonix.de\/","name":"Dispositivo de diagn\u00f3stico de motocicleta e veh\u00edculo","description":"Dispositivo de diagn\u00f3stico, herramientas para motocicletas, turismos, camiones, desarrollo.","potentialAction":[{"@type":"SearchAction","target":{"@type":"EntryPoint","urlTemplate":"https:\/\/www.duonix.de\/?s={search_term_string}"},"query-input":{"@type":"PropertyValueSpecification","valueRequired":true,"valueName":"search_term_string"}}],"inLanguage":"es"}]}},"_links":{"self":[{"href":"https:\/\/www.duonix.de\/es\/wp-json\/wp\/v2\/pages\/1159","targetHints":{"allow":["GET"]}}],"collection":[{"href":"https:\/\/www.duonix.de\/es\/wp-json\/wp\/v2\/pages"}],"about":[{"href":"https:\/\/www.duonix.de\/es\/wp-json\/wp\/v2\/types\/page"}],"author":[{"embeddable":true,"href":"https:\/\/www.duonix.de\/es\/wp-json\/wp\/v2\/users\/1"}],"replies":[{"embeddable":true,"href":"https:\/\/www.duonix.de\/es\/wp-json\/wp\/v2\/comments?post=1159"}],"version-history":[{"count":4,"href":"https:\/\/www.duonix.de\/es\/wp-json\/wp\/v2\/pages\/1159\/revisions"}],"predecessor-version":[{"id":2278,"href":"https:\/\/www.duonix.de\/es\/wp-json\/wp\/v2\/pages\/1159\/revisions\/2278"}],"up":[{"embeddable":true,"href":"https:\/\/www.duonix.de\/es\/wp-json\/wp\/v2\/pages\/2954"}],"wp:attachment":[{"href":"https:\/\/www.duonix.de\/es\/wp-json\/wp\/v2\/media?parent=1159"}],"curies":[{"name":"wp","href":"https:\/\/api.w.org\/{rel}","templated":true}]}}