{"id":1167,"date":"2011-05-02T11:45:06","date_gmt":"2011-05-02T11:45:06","guid":{"rendered":"http:\/\/www.duonix.de\/master-theme\/?lang=es"},"modified":"2021-11-08T12:18:04","modified_gmt":"2021-11-08T12:18:04","slug":"diagnosesysteme-made-in-germany","status":"publish","type":"page","link":"https:\/\/www.duonix.de\/es\/","title":{"rendered":"Diagnosesysteme Made in Germany"},"content":{"rendered":"<p><img loading=\"lazy\" decoding=\"async\" class=\"alignleft wp-image-1571\" src=\"https:\/\/www.duonix.de\/wp-content\/uploads\/home21.png\" alt=\"home2\" width=\"300\" height=\"200\" \/>Wir sind ein Unternehmen mit Schwerpunkt in der Entwicklung von Soft &#8211; und Hardware im Kraftfahrzeugbereich. Seit 2007 ist die Duonix GmbH ein zuverl\u00e4ssiger Partner, wenn es um die Entwicklung und Fertigung von Software und Hardwarekomponenten sowie komplette Diagnosesysteme f\u00fcr die Fahrzeugelektronik geht. Profitieren Sie als Unternehmen von unserem Wissen und entdecken Sie unser breites Sortiment an qualitativ hochwertigen Mess- und Diagnosesystemen Made in Germany.<\/p>","protected":false},"excerpt":{"rendered":"<p>Wir sind ein Unternehmen mit Schwerpunkt in der Entwicklung von Soft &#8211; und Hardware im Kraftfahrzeugbereich. Seit 2007 ist die Duonix GmbH ein zuverl\u00e4ssiger Partner, wenn es um die Entwicklung und Fertigung von Software und Hardwarekomponenten sowie komplette Diagnosesysteme f\u00fcr die Fahrzeugelektronik geht. Profitieren Sie als Unternehmen von unserem Wissen und entdecken Sie unser breites [&hellip;]<\/p>\n","protected":false},"author":1,"featured_media":0,"parent":0,"menu_order":0,"comment_status":"closed","ping_status":"closed","template":"","meta":{"footnotes":""},"class_list":["post-1167","page","type-page","status-publish","hentry"],"yoast_head":"<!-- This site is optimized with the Yoast SEO plugin v26.6 - https:\/\/yoast.com\/wordpress\/plugins\/seo\/ -->\n<title>OBD2 Diagnoseger\u00e4t KFZ LKW Motorrad Diagnose Fehlerdiagnose Scanner<\/title>\n<meta name=\"description\" content=\"Diagnose Diagnoseger\u00e4t Fahrzeugdiagnose Fehlerdiagnose OBD EOBD KFZ Werkstatt PKW Serviceger\u00e4t Scanner Ausleseger\u00e4t Kraftfahrzeug Motorrad LKW CAR\" \/>\n<meta name=\"robots\" content=\"index, follow, max-snippet:-1, max-image-preview:large, max-video-preview:-1\" \/>\n<link rel=\"canonical\" href=\"https:\/\/www.duonix.de\/es\/\" \/>\n<meta property=\"og:locale\" content=\"es_ES\" \/>\n<meta property=\"og:type\" content=\"article\" \/>\n<meta property=\"og:title\" content=\"OBD2 Diagnoseger\u00e4t KFZ LKW Motorrad Diagnose Fehlerdiagnose Scanner\" \/>\n<meta property=\"og:description\" content=\"Diagnose Diagnoseger\u00e4t Fahrzeugdiagnose Fehlerdiagnose OBD EOBD KFZ Werkstatt PKW Serviceger\u00e4t Scanner Ausleseger\u00e4t Kraftfahrzeug Motorrad LKW CAR\" \/>\n<meta property=\"og:url\" content=\"https:\/\/www.duonix.de\/es\/\" \/>\n<meta property=\"og:site_name\" content=\"Dispositivo de diagn\u00f3stico de motocicleta e veh\u00edculo\" \/>\n<meta property=\"article:modified_time\" content=\"2021-11-08T12:18:04+00:00\" \/>\n<meta property=\"og:image\" content=\"https:\/\/www.duonix.de\/wp-content\/uploads\/home21.png\" \/>\n<meta name=\"twitter:card\" content=\"summary_large_image\" \/>\n<script type=\"application\/ld+json\" class=\"yoast-schema-graph\">{\"@context\":\"https:\/\/schema.org\",\"@graph\":[{\"@type\":\"WebPage\",\"@id\":\"https:\/\/www.duonix.de\/es\/\",\"url\":\"https:\/\/www.duonix.de\/es\/\",\"name\":\"OBD2 Diagnoseger\u00e4t KFZ LKW Motorrad Diagnose Fehlerdiagnose Scanner\",\"isPartOf\":{\"@id\":\"https:\/\/www.duonix.de\/#website\"},\"primaryImageOfPage\":{\"@id\":\"https:\/\/www.duonix.de\/es\/#primaryimage\"},\"image\":{\"@id\":\"https:\/\/www.duonix.de\/es\/#primaryimage\"},\"thumbnailUrl\":\"https:\/\/www.duonix.de\/wp-content\/uploads\/home21.png\",\"datePublished\":\"2011-05-02T11:45:06+00:00\",\"dateModified\":\"2021-11-08T12:18:04+00:00\",\"description\":\"Diagnose Diagnoseger\u00e4t Fahrzeugdiagnose Fehlerdiagnose OBD EOBD KFZ Werkstatt PKW Serviceger\u00e4t Scanner Ausleseger\u00e4t Kraftfahrzeug Motorrad LKW CAR\",\"breadcrumb\":{\"@id\":\"https:\/\/www.duonix.de\/es\/#breadcrumb\"},\"inLanguage\":\"es\",\"potentialAction\":[{\"@type\":\"ReadAction\",\"target\":[\"https:\/\/www.duonix.de\/es\/\"]}]},{\"@type\":\"ImageObject\",\"inLanguage\":\"es\",\"@id\":\"https:\/\/www.duonix.de\/es\/#primaryimage\",\"url\":\"https:\/\/www.duonix.de\/wp-content\/uploads\/home21.png\",\"contentUrl\":\"https:\/\/www.duonix.de\/wp-content\/uploads\/home21.png\"},{\"@type\":\"BreadcrumbList\",\"@id\":\"https:\/\/www.duonix.de\/es\/#breadcrumb\",\"itemListElement\":[{\"@type\":\"ListItem\",\"position\":1,\"name\":\"Home\",\"item\":\"https:\/\/www.duonix.de\/es\/\"},{\"@type\":\"ListItem\",\"position\":2,\"name\":\"Diagnosesysteme Made in Germany\"}]},{\"@type\":\"WebSite\",\"@id\":\"https:\/\/www.duonix.de\/#website\",\"url\":\"https:\/\/www.duonix.de\/\",\"name\":\"Dispositivo de diagn\u00f3stico de motocicleta e veh\u00edculo\",\"description\":\"Dispositivo de diagn\u00f3stico, herramientas para motocicletas, turismos, camiones, desarrollo.\",\"potentialAction\":[{\"@type\":\"SearchAction\",\"target\":{\"@type\":\"EntryPoint\",\"urlTemplate\":\"https:\/\/www.duonix.de\/?s={search_term_string}\"},\"query-input\":{\"@type\":\"PropertyValueSpecification\",\"valueRequired\":true,\"valueName\":\"search_term_string\"}}],\"inLanguage\":\"es\"}]}<\/script>\n<!-- \/ Yoast SEO plugin. -->","yoast_head_json":{"title":"OBD2 Diagnoseger\u00e4t KFZ LKW Motorrad Diagnose Fehlerdiagnose Scanner","description":"Diagnose Diagnoseger\u00e4t Fahrzeugdiagnose Fehlerdiagnose OBD EOBD KFZ Werkstatt PKW Serviceger\u00e4t Scanner Ausleseger\u00e4t Kraftfahrzeug Motorrad LKW CAR","robots":{"index":"index","follow":"follow","max-snippet":"max-snippet:-1","max-image-preview":"max-image-preview:large","max-video-preview":"max-video-preview:-1"},"canonical":"https:\/\/www.duonix.de\/es\/","og_locale":"es_ES","og_type":"article","og_title":"OBD2 Diagnoseger\u00e4t KFZ LKW Motorrad Diagnose Fehlerdiagnose Scanner","og_description":"Diagnose Diagnoseger\u00e4t Fahrzeugdiagnose Fehlerdiagnose OBD EOBD KFZ Werkstatt PKW Serviceger\u00e4t Scanner Ausleseger\u00e4t Kraftfahrzeug Motorrad LKW CAR","og_url":"https:\/\/www.duonix.de\/es\/","og_site_name":"Dispositivo de diagn\u00f3stico de motocicleta e veh\u00edculo","article_modified_time":"2021-11-08T12:18:04+00:00","og_image":[{"url":"https:\/\/www.duonix.de\/wp-content\/uploads\/home21.png","type":"","width":"","height":""}],"twitter_card":"summary_large_image","schema":{"@context":"https:\/\/schema.org","@graph":[{"@type":"WebPage","@id":"https:\/\/www.duonix.de\/es\/","url":"https:\/\/www.duonix.de\/es\/","name":"OBD2 Diagnoseger\u00e4t KFZ LKW Motorrad Diagnose Fehlerdiagnose Scanner","isPartOf":{"@id":"https:\/\/www.duonix.de\/#website"},"primaryImageOfPage":{"@id":"https:\/\/www.duonix.de\/es\/#primaryimage"},"image":{"@id":"https:\/\/www.duonix.de\/es\/#primaryimage"},"thumbnailUrl":"https:\/\/www.duonix.de\/wp-content\/uploads\/home21.png","datePublished":"2011-05-02T11:45:06+00:00","dateModified":"2021-11-08T12:18:04+00:00","description":"Diagnose Diagnoseger\u00e4t Fahrzeugdiagnose Fehlerdiagnose OBD EOBD KFZ Werkstatt PKW Serviceger\u00e4t Scanner Ausleseger\u00e4t Kraftfahrzeug Motorrad LKW CAR","breadcrumb":{"@id":"https:\/\/www.duonix.de\/es\/#breadcrumb"},"inLanguage":"es","potentialAction":[{"@type":"ReadAction","target":["https:\/\/www.duonix.de\/es\/"]}]},{"@type":"ImageObject","inLanguage":"es","@id":"https:\/\/www.duonix.de\/es\/#primaryimage","url":"https:\/\/www.duonix.de\/wp-content\/uploads\/home21.png","contentUrl":"https:\/\/www.duonix.de\/wp-content\/uploads\/home21.png"},{"@type":"BreadcrumbList","@id":"https:\/\/www.duonix.de\/es\/#breadcrumb","itemListElement":[{"@type":"ListItem","position":1,"name":"Home","item":"https:\/\/www.duonix.de\/es\/"},{"@type":"ListItem","position":2,"name":"Diagnosesysteme Made in Germany"}]},{"@type":"WebSite","@id":"https:\/\/www.duonix.de\/#website","url":"https:\/\/www.duonix.de\/","name":"Dispositivo de diagn\u00f3stico de motocicleta e veh\u00edculo","description":"Dispositivo de diagn\u00f3stico, herramientas para motocicletas, turismos, camiones, desarrollo.","potentialAction":[{"@type":"SearchAction","target":{"@type":"EntryPoint","urlTemplate":"https:\/\/www.duonix.de\/?s={search_term_string}"},"query-input":{"@type":"PropertyValueSpecification","valueRequired":true,"valueName":"search_term_string"}}],"inLanguage":"es"}]}},"_links":{"self":[{"href":"https:\/\/www.duonix.de\/es\/wp-json\/wp\/v2\/pages\/1167","targetHints":{"allow":["GET"]}}],"collection":[{"href":"https:\/\/www.duonix.de\/es\/wp-json\/wp\/v2\/pages"}],"about":[{"href":"https:\/\/www.duonix.de\/es\/wp-json\/wp\/v2\/types\/page"}],"author":[{"embeddable":true,"href":"https:\/\/www.duonix.de\/es\/wp-json\/wp\/v2\/users\/1"}],"replies":[{"embeddable":true,"href":"https:\/\/www.duonix.de\/es\/wp-json\/wp\/v2\/comments?post=1167"}],"version-history":[{"count":9,"href":"https:\/\/www.duonix.de\/es\/wp-json\/wp\/v2\/pages\/1167\/revisions"}],"predecessor-version":[{"id":2048,"href":"https:\/\/www.duonix.de\/es\/wp-json\/wp\/v2\/pages\/1167\/revisions\/2048"}],"wp:attachment":[{"href":"https:\/\/www.duonix.de\/es\/wp-json\/wp\/v2\/media?parent=1167"}],"curies":[{"name":"wp","href":"https:\/\/api.w.org\/{rel}","templated":true}]}}