{"id":1175,"date":"2015-06-30T10:54:59","date_gmt":"2015-06-30T10:54:59","guid":{"rendered":"http:\/\/www.duonix.de\/master-theme\/ueber-uns\/?lang=es"},"modified":"2023-06-27T08:22:16","modified_gmt":"2023-06-27T08:22:16","slug":"ueber-uns","status":"publish","type":"page","link":"https:\/\/www.duonix.de\/es\/diagnosesysteme-made-in-germany\/ueber-uns\/","title":{"rendered":"\u00dcber uns"},"content":{"rendered":"\n<div data-uk-slideshow=\"{duration: 1000,autoplay: true ,autoplayInterval: 3000,pauseOnHover: false,kenburns: '20s'}\">\n\n    <div class=\"uk-slidenav-position\">\n\n        <ul class=\"uk-slideshow\">\n        \n            <li style=\"min-height: 300px;\">\n\n                \n                    <img decoding=\"async\" src=\"\/wp-content\/uploads\/uns.jpg\" alt=\"\u00dcber uns\">\n                    \n                    \n                    \n                \n            <\/li>\n\n                <\/ul>\n\n                <a href=\"#\" class=\"uk-slidenav uk-slidenav-contrast uk-slidenav-previous uk-hidden-touch\" data-uk-slideshow-item=\"previous\"><\/a>\n        <a href=\"#\" class=\"uk-slidenav uk-slidenav-contrast uk-slidenav-next uk-hidden-touch\" data-uk-slideshow-item=\"next\"><\/a>\n        \n                <div class=\"uk-overlay-panel uk-overlay-bottom\">\n            \n<ul class=\"uk-dotnav uk-dotnav-contrast uk-flex-center\">\n    <li data-uk-slideshow-item=\"0\"><a href=\"#\">\u00dcber uns<\/a><\/li>\n<\/ul>\n        <\/div>\n        \n    <\/div>\n\n    \n<\/div>\n\r\n<h1 style=\"font-weight: 600;\">\u00dcber uns<\/h1>\r\n<p>Wir sind ein Unternehmen mit Schwerpunkt in der Entwicklung von Soft &#8211; und Hardware im Kraftfahrzeugbereich.\u00a0<\/p>\r\n<p>Seit 2007 ist die Duonix GmbH ein zuverl\u00e4ssiger Partner, wenn es um die Entwicklung und Fertigung von Software und \u00a0Hardwarekomponenten sowie komplette Diagnosesysteme f\u00fcr die Fahrzeugelektronik geht.<\/p>\r\n<p>Mit verantwortungsvollem Unternehmergeist, hohem Entwicklungseinsatz, gro\u00dfer Markterfahrung und stets zuverl\u00e4ssiger Qualit\u00e4t, bieten wir unsere Kunden Individuelle sowie Standardprodukte an. \u00a0<\/p>\r\n<p>Als auf die Zukunft ausgerichtetes Unternehmen arbeiten wir an der Entwicklung neuer Systeml\u00f6sungen, die einen echten nutzen im Fahrzeugelektronik Bereich bieten.<\/p>\r\n<p>Es ist das Bestreben unseres Unternehmens, mit unseren Kunden eine vertrauensvolle Zusammenarbeit aufzubauen und sie als unsere Partner mit fachlichem Wissen und Freundlichkeit zu beraten.<\/p>\r\n<p>Die W\u00fcnsche und Zufriedenheit unserer Kunden stehen immer im Mittelpunkt.<\/p>","protected":false},"excerpt":{"rendered":"<p>\u00dcber uns Wir sind ein Unternehmen mit Schwerpunkt in der Entwicklung von Soft &#8211; und Hardware im Kraftfahrzeugbereich.\u00a0 Seit 2007 ist die Duonix GmbH ein zuverl\u00e4ssiger Partner, wenn es um die Entwicklung und Fertigung von Software und \u00a0Hardwarekomponenten sowie komplette Diagnosesysteme f\u00fcr die Fahrzeugelektronik geht. Mit verantwortungsvollem Unternehmergeist, hohem Entwicklungseinsatz, gro\u00dfer Markterfahrung und stets zuverl\u00e4ssiger [&hellip;]<\/p>\n","protected":false},"author":1,"featured_media":0,"parent":1167,"menu_order":0,"comment_status":"closed","ping_status":"open","template":"","meta":{"footnotes":""},"class_list":["post-1175","page","type-page","status-publish","hentry"],"yoast_head":"<!-- This site is optimized with the Yoast SEO plugin v26.6 - https:\/\/yoast.com\/wordpress\/plugins\/seo\/ -->\n<title>spezifische Diagnose automotive Diagnostic GUI CAN FD DOIP embedded<\/title>\n<meta name=\"description\" content=\"Softwareentwicklung Hardwareentwicklung Kraftfahrzeugbereich Motorrad spezifische Diagnose automotive Diagnostic GUI C++ CAN FD DOIP embedded\" \/>\n<meta name=\"robots\" content=\"index, follow, max-snippet:-1, max-image-preview:large, max-video-preview:-1\" \/>\n<link rel=\"canonical\" href=\"https:\/\/www.duonix.de\/es\/diagnosesysteme-made-in-germany\/ueber-uns\/\" \/>\n<meta property=\"og:locale\" content=\"es_ES\" \/>\n<meta property=\"og:type\" content=\"article\" \/>\n<meta property=\"og:title\" content=\"spezifische Diagnose automotive Diagnostic GUI CAN FD DOIP embedded\" \/>\n<meta property=\"og:description\" content=\"Softwareentwicklung Hardwareentwicklung Kraftfahrzeugbereich Motorrad spezifische Diagnose automotive Diagnostic GUI C++ CAN FD DOIP embedded\" \/>\n<meta property=\"og:url\" content=\"https:\/\/www.duonix.de\/es\/diagnosesysteme-made-in-germany\/ueber-uns\/\" \/>\n<meta property=\"og:site_name\" content=\"Dispositivo de diagn\u00f3stico de motocicleta e veh\u00edculo\" \/>\n<meta property=\"article:modified_time\" content=\"2023-06-27T08:22:16+00:00\" \/>\n<meta name=\"twitter:card\" content=\"summary_large_image\" \/>\n<meta name=\"twitter:label1\" content=\"Tiempo de lectura\" \/>\n\t<meta name=\"twitter:data1\" content=\"1 minuto\" \/>\n<script type=\"application\/ld+json\" class=\"yoast-schema-graph\">{\"@context\":\"https:\/\/schema.org\",\"@graph\":[{\"@type\":\"WebPage\",\"@id\":\"https:\/\/www.duonix.de\/es\/diagnosesysteme-made-in-germany\/ueber-uns\/\",\"url\":\"https:\/\/www.duonix.de\/es\/diagnosesysteme-made-in-germany\/ueber-uns\/\",\"name\":\"spezifische Diagnose automotive Diagnostic GUI CAN FD DOIP embedded\",\"isPartOf\":{\"@id\":\"https:\/\/www.duonix.de\/#website\"},\"datePublished\":\"2015-06-30T10:54:59+00:00\",\"dateModified\":\"2023-06-27T08:22:16+00:00\",\"description\":\"Softwareentwicklung Hardwareentwicklung Kraftfahrzeugbereich Motorrad spezifische Diagnose automotive Diagnostic GUI C++ CAN FD DOIP embedded\",\"breadcrumb\":{\"@id\":\"https:\/\/www.duonix.de\/es\/diagnosesysteme-made-in-germany\/ueber-uns\/#breadcrumb\"},\"inLanguage\":\"es\",\"potentialAction\":[{\"@type\":\"ReadAction\",\"target\":[\"https:\/\/www.duonix.de\/es\/diagnosesysteme-made-in-germany\/ueber-uns\/\"]}]},{\"@type\":\"BreadcrumbList\",\"@id\":\"https:\/\/www.duonix.de\/es\/diagnosesysteme-made-in-germany\/ueber-uns\/#breadcrumb\",\"itemListElement\":[{\"@type\":\"ListItem\",\"position\":1,\"name\":\"Home\",\"item\":\"https:\/\/www.duonix.de\/es\/\"},{\"@type\":\"ListItem\",\"position\":2,\"name\":\"Diagnosesysteme Made in Germany\",\"item\":\"https:\/\/www.duonix.de\/es\/\"},{\"@type\":\"ListItem\",\"position\":3,\"name\":\"\u00dcber uns\"}]},{\"@type\":\"WebSite\",\"@id\":\"https:\/\/www.duonix.de\/#website\",\"url\":\"https:\/\/www.duonix.de\/\",\"name\":\"Dispositivo de diagn\u00f3stico de motocicleta e veh\u00edculo\",\"description\":\"Dispositivo de diagn\u00f3stico, herramientas para motocicletas, turismos, camiones, desarrollo.\",\"potentialAction\":[{\"@type\":\"SearchAction\",\"target\":{\"@type\":\"EntryPoint\",\"urlTemplate\":\"https:\/\/www.duonix.de\/?s={search_term_string}\"},\"query-input\":{\"@type\":\"PropertyValueSpecification\",\"valueRequired\":true,\"valueName\":\"search_term_string\"}}],\"inLanguage\":\"es\"}]}<\/script>\n<!-- \/ Yoast SEO plugin. -->","yoast_head_json":{"title":"spezifische Diagnose automotive Diagnostic GUI CAN FD DOIP embedded","description":"Softwareentwicklung Hardwareentwicklung Kraftfahrzeugbereich Motorrad spezifische Diagnose automotive Diagnostic GUI C++ CAN FD DOIP embedded","robots":{"index":"index","follow":"follow","max-snippet":"max-snippet:-1","max-image-preview":"max-image-preview:large","max-video-preview":"max-video-preview:-1"},"canonical":"https:\/\/www.duonix.de\/es\/diagnosesysteme-made-in-germany\/ueber-uns\/","og_locale":"es_ES","og_type":"article","og_title":"spezifische Diagnose automotive Diagnostic GUI CAN FD DOIP embedded","og_description":"Softwareentwicklung Hardwareentwicklung Kraftfahrzeugbereich Motorrad spezifische Diagnose automotive Diagnostic GUI C++ CAN FD DOIP embedded","og_url":"https:\/\/www.duonix.de\/es\/diagnosesysteme-made-in-germany\/ueber-uns\/","og_site_name":"Dispositivo de diagn\u00f3stico de motocicleta e veh\u00edculo","article_modified_time":"2023-06-27T08:22:16+00:00","twitter_card":"summary_large_image","twitter_misc":{"Tiempo de lectura":"1 minuto"},"schema":{"@context":"https:\/\/schema.org","@graph":[{"@type":"WebPage","@id":"https:\/\/www.duonix.de\/es\/diagnosesysteme-made-in-germany\/ueber-uns\/","url":"https:\/\/www.duonix.de\/es\/diagnosesysteme-made-in-germany\/ueber-uns\/","name":"spezifische Diagnose automotive Diagnostic GUI CAN FD DOIP embedded","isPartOf":{"@id":"https:\/\/www.duonix.de\/#website"},"datePublished":"2015-06-30T10:54:59+00:00","dateModified":"2023-06-27T08:22:16+00:00","description":"Softwareentwicklung Hardwareentwicklung Kraftfahrzeugbereich Motorrad spezifische Diagnose automotive Diagnostic GUI C++ CAN FD DOIP embedded","breadcrumb":{"@id":"https:\/\/www.duonix.de\/es\/diagnosesysteme-made-in-germany\/ueber-uns\/#breadcrumb"},"inLanguage":"es","potentialAction":[{"@type":"ReadAction","target":["https:\/\/www.duonix.de\/es\/diagnosesysteme-made-in-germany\/ueber-uns\/"]}]},{"@type":"BreadcrumbList","@id":"https:\/\/www.duonix.de\/es\/diagnosesysteme-made-in-germany\/ueber-uns\/#breadcrumb","itemListElement":[{"@type":"ListItem","position":1,"name":"Home","item":"https:\/\/www.duonix.de\/es\/"},{"@type":"ListItem","position":2,"name":"Diagnosesysteme Made in Germany","item":"https:\/\/www.duonix.de\/es\/"},{"@type":"ListItem","position":3,"name":"\u00dcber uns"}]},{"@type":"WebSite","@id":"https:\/\/www.duonix.de\/#website","url":"https:\/\/www.duonix.de\/","name":"Dispositivo de diagn\u00f3stico de motocicleta e veh\u00edculo","description":"Dispositivo de diagn\u00f3stico, herramientas para motocicletas, turismos, camiones, desarrollo.","potentialAction":[{"@type":"SearchAction","target":{"@type":"EntryPoint","urlTemplate":"https:\/\/www.duonix.de\/?s={search_term_string}"},"query-input":{"@type":"PropertyValueSpecification","valueRequired":true,"valueName":"search_term_string"}}],"inLanguage":"es"}]}},"_links":{"self":[{"href":"https:\/\/www.duonix.de\/es\/wp-json\/wp\/v2\/pages\/1175","targetHints":{"allow":["GET"]}}],"collection":[{"href":"https:\/\/www.duonix.de\/es\/wp-json\/wp\/v2\/pages"}],"about":[{"href":"https:\/\/www.duonix.de\/es\/wp-json\/wp\/v2\/types\/page"}],"author":[{"embeddable":true,"href":"https:\/\/www.duonix.de\/es\/wp-json\/wp\/v2\/users\/1"}],"replies":[{"embeddable":true,"href":"https:\/\/www.duonix.de\/es\/wp-json\/wp\/v2\/comments?post=1175"}],"version-history":[{"count":2,"href":"https:\/\/www.duonix.de\/es\/wp-json\/wp\/v2\/pages\/1175\/revisions"}],"predecessor-version":[{"id":3652,"href":"https:\/\/www.duonix.de\/es\/wp-json\/wp\/v2\/pages\/1175\/revisions\/3652"}],"up":[{"embeddable":true,"href":"https:\/\/www.duonix.de\/es\/wp-json\/wp\/v2\/pages\/1167"}],"wp:attachment":[{"href":"https:\/\/www.duonix.de\/es\/wp-json\/wp\/v2\/media?parent=1175"}],"curies":[{"name":"wp","href":"https:\/\/api.w.org\/{rel}","templated":true}]}}