{"id":1199,"date":"2015-06-24T08:03:56","date_gmt":"2015-06-24T08:03:56","guid":{"rendered":"http:\/\/www.duonix.de\/produkte\/mercedes\/?lang=es"},"modified":"2020-03-19T18:31:44","modified_gmt":"2020-03-19T18:31:44","slug":"mercedes","status":"publish","type":"page","link":"https:\/\/www.duonix.de\/es\/produkte\/mercedes\/","title":{"rendered":"Diagnose f\u00fcr Mercedes"},"content":{"rendered":"\n<div data-uk-slideshow=\"{duration: 1000,autoplay: true ,autoplayInterval: 3000,pauseOnHover: false,kenburns: '20s'}\">\n\n    <div class=\"uk-slidenav-position\">\n\n        <ul class=\"uk-slideshow\">\n        \n            <li style=\"min-height: 300px;\">\n\n                \n                    <img decoding=\"async\" src=\"\/wp-content\/uploads\/grau.jpg\" alt=\"Produkt Mercedes\">\n                    \n                    \n                    \n                \n            <\/li>\n\n        \n            <li style=\"min-height: 300px;\">\n\n                \n                    <img decoding=\"async\" src=\"\/wp-content\/uploads\/mercedes.jpg\">\n                    \n                    \n                    \n                \n            <\/li>\n\n        \n            <li style=\"min-height: 300px;\">\n\n                \n                    <img decoding=\"async\" src=\"\/wp-content\/uploads\/mercedes_29.jpg\" alt=\"Mercedes\">\n                    \n                    \n                    \n                \n            <\/li>\n\n                <\/ul>\n\n                <a href=\"#\" class=\"uk-slidenav uk-slidenav-contrast uk-slidenav-previous uk-hidden-touch\" data-uk-slideshow-item=\"previous\"><\/a>\n        <a href=\"#\" class=\"uk-slidenav uk-slidenav-contrast uk-slidenav-next uk-hidden-touch\" data-uk-slideshow-item=\"next\"><\/a>\n        \n                <div class=\"uk-overlay-panel uk-overlay-bottom\">\n            \n<ul class=\"uk-dotnav uk-dotnav-contrast uk-flex-center\">\n    <li data-uk-slideshow-item=\"0\"><a href=\"#\">Produkt Mercedes<\/a><\/li>\n    <li data-uk-slideshow-item=\"1\"><a href=\"#\"><\/a><\/li>\n    <li data-uk-slideshow-item=\"2\"><a href=\"#\">Mercedes<\/a><\/li>\n<\/ul>\n        <\/div>\n        \n    <\/div>\n\n    \n<\/div>\n\r\n<h1>Fahrzeugspezifische Diagnose f\u00fcr Mercedes<\/h1>\r\n<p>Hochleistungsstark und kompakt ist das Diagnoseger\u00e4t aus unserem Hause. Das Diagnosesystem erm\u00f6glicht Ihnen schnell und genaue Fehlercodeanalyse am Fahrzeug.<\/p>\r\n<p>Technische Eigenschaften:<br \/>\r\nUnterst\u00fctz werden folgende Baureihen f\u00fcr A\/B\/C\/E\/S\/SL\/R\/G\/CL\/Sprinter \/Vito Klasse mit 38Pol.Stecker und 16 Pin. OBD-2<\/p>\r\n<p>Modelle: ab 1998 &#8211; 2017*<\/p>\r\n<p>\u00a0f\u00fcr W168,W169,W246,T245,W202,W203,W204,W210,W205,W211,W212,W220,W221,W222, R170,R171,R172,R230,R231,G463,W163,W164,W166,W638,W639,W906<\/p>\r\n<p><strong>Unterst\u00fctze Protokolle<\/strong><\/p>\r\n<ul>\r\n\t<li>KWFB<\/li>\r\n\t<li>KWP-2000N<\/li>\r\n\t<li>CAN- BUS Spezifisch<\/li>\r\n\t<li>UDS Spezifisch\u00a0<\/li>\r\n<\/ul>\r\n<p><strong>Sonderfunktionen*<\/strong><\/p>\r\n<ul>\r\n\t<li>Service R\u00fcckstellung<\/li>\r\n\t<li>EMF-Montagemodus (Bremsen \u00f6ffnen z.B. f\u00fcr ML166)<\/li>\r\n\t<li>Injektor Codierung<\/li>\r\n<\/ul>\r\n<p>&nbsp;<\/p>\r\n<h6>*(Diese Funktionen stehen nicht f\u00fcr alle Modelle, Motorvarianten und Steuerger\u00e4te zu Verf\u00fcgung.)<\/h6>\r\n<h2>Unterst\u00fctze Steuerger\u00e4te:<\/h2>\r\n<p>Motorsteuerger\u00e4t<br \/>\r\nZentrales Gateway<br \/>\r\nElektronischer Z\u00fcndstartschalter<br \/>\r\nGetriebesteuerger\u00e4t<br \/>\r\nVerteilergetriebe<br \/>\r\nHinterachsquersperre<br \/>\r\nIntelligentes Servomodul<br \/>\r\nAbstands Radar Sensor<br \/>\r\nAbstandsregelsensor<br \/>\r\nElektronisches Stabilit\u00e4tsprogramm (ESP)<br \/>\r\nLuftfederung<br \/>\r\nReifendruckkontrolle<br \/>\r\nKeyless Go<br \/>\r\nAirbag<br \/>\r\nDachbedieneinheit<br \/>\r\nElektrohydraulische Servolenkung<br \/>\r\nOberes Bedienfeld<br \/>\r\nHinteres Bedienfeld<br \/>\r\nSitzsteuerger\u00e4te<br \/>\r\nFahrdynamischer Sitze<br \/>\r\nMantelrohrschaltermodul<br \/>\r\nAutomatische R\u00fcckwandt\u00fcr<br \/>\r\nKompassmodul<br \/>\r\nSitzheizung<br \/>\r\nKombiinstrument<br \/>\r\nParktronic System<br \/>\r\nR\u00fcckfahrkamera<br \/>\r\nLeuchtweitenregulierung<br \/>\r\nScheinwerfersteuerger\u00e4te<br \/>\r\nKlimaanlage<\/p>\r\n<h2>Ger\u00e4temen\u00fc:<\/h2>\r\n<p><img loading=\"lazy\" decoding=\"async\" class=\"alignnone size-full wp-image-1091\" src=\"https:\/\/www.duonix.de\/wp-content\/uploads\/Mercedes.jpg\" alt=\"Mercedes\" width=\"534\" height=\"543\" \/><\/p>\r\n<p>&nbsp;<\/p>\r\n<h2>Ausstattungspakete:<\/h2>\r\n<p>Erh\u00e4ltlich als Komplett-System oder als Erweiterungs-Lizenz ( Upgrade)\u00a0<\/p>\r\n<h2>Lieferumfang:<\/h2>\r\n<p>Ger\u00e4t, Koffer,Diagnosekabel, USB- Kabel und Anleitung.<\/p>","protected":false},"excerpt":{"rendered":"<p>Fahrzeugspezifische Diagnose f\u00fcr Mercedes Hochleistungsstark und kompakt ist das Diagnoseger\u00e4t aus unserem Hause. Das Diagnosesystem erm\u00f6glicht Ihnen schnell und genaue Fehlercodeanalyse am Fahrzeug. Technische Eigenschaften: Unterst\u00fctz werden folgende Baureihen f\u00fcr A\/B\/C\/E\/S\/SL\/R\/G\/CL\/Sprinter \/Vito Klasse mit 38Pol.Stecker und 16 Pin. OBD-2 Modelle: ab 1998 &#8211; 2017* \u00a0f\u00fcr W168,W169,W246,T245,W202,W203,W204,W210,W205,W211,W212,W220,W221,W222, R170,R171,R172,R230,R231,G463,W163,W164,W166,W638,W639,W906 Unterst\u00fctze Protokolle KWFB KWP-2000N CAN- BUS Spezifisch UDS [&hellip;]<\/p>\n","protected":false},"author":1,"featured_media":0,"parent":1183,"menu_order":0,"comment_status":"closed","ping_status":"closed","template":"","meta":{"footnotes":""},"class_list":["post-1199","page","type-page","status-publish","hentry"],"yoast_head":"<!-- This site is optimized with the Yoast SEO plugin v26.6 - https:\/\/yoast.com\/wordpress\/plugins\/seo\/ -->\n<title>Mercedes Diagnose Diagnoseger\u00e4t Diagnosesystem Scanner Handger\u00e4t Tool A B C E S G Klasse CSL GLE GLC CLS<\/title>\n<meta name=\"description\" content=\"Mercedes Diagnose Diagnoseger\u00e4t Diagnosesystem Scanner Handger\u00e4t Tool Tiefendiagnose ohen PC oder Laptop alle Funktionen Service Reset, Codierung etc.\" \/>\n<meta name=\"robots\" content=\"index, follow, max-snippet:-1, max-image-preview:large, max-video-preview:-1\" \/>\n<link rel=\"canonical\" href=\"https:\/\/www.duonix.de\/produkte\/mercedes\/\" \/>\n<meta property=\"og:locale\" content=\"es_ES\" \/>\n<meta property=\"og:type\" content=\"article\" \/>\n<meta property=\"og:title\" content=\"Mercedes Diagnose Diagnoseger\u00e4t Diagnosesystem Scanner Handger\u00e4t Tool A B C E S G Klasse CSL GLE GLC CLS\" \/>\n<meta property=\"og:description\" content=\"Mercedes Diagnose Diagnoseger\u00e4t Diagnosesystem Scanner Handger\u00e4t Tool Tiefendiagnose ohen PC oder Laptop alle Funktionen Service Reset, Codierung etc.\" \/>\n<meta property=\"og:url\" content=\"https:\/\/www.duonix.de\/produkte\/mercedes\/\" \/>\n<meta property=\"og:site_name\" content=\"Dispositivo de diagn\u00f3stico de motocicleta e veh\u00edculo\" \/>\n<meta property=\"article:modified_time\" content=\"2020-03-19T18:31:44+00:00\" \/>\n<meta property=\"og:image\" content=\"https:\/\/www.duonix.de\/wp-content\/uploads\/Mercedes.jpg\" \/>\n<meta name=\"twitter:card\" content=\"summary_large_image\" \/>\n<meta name=\"twitter:label1\" content=\"Tiempo de lectura\" \/>\n\t<meta name=\"twitter:data1\" content=\"1 minuto\" \/>\n<script type=\"application\/ld+json\" class=\"yoast-schema-graph\">{\"@context\":\"https:\/\/schema.org\",\"@graph\":[{\"@type\":\"WebPage\",\"@id\":\"https:\/\/www.duonix.de\/produkte\/mercedes\/\",\"url\":\"https:\/\/www.duonix.de\/produkte\/mercedes\/\",\"name\":\"Mercedes Diagnose Diagnoseger\u00e4t Diagnosesystem Scanner Handger\u00e4t Tool A B C E S G Klasse CSL GLE GLC CLS\",\"isPartOf\":{\"@id\":\"https:\/\/www.duonix.de\/#website\"},\"primaryImageOfPage\":{\"@id\":\"https:\/\/www.duonix.de\/produkte\/mercedes\/#primaryimage\"},\"image\":{\"@id\":\"https:\/\/www.duonix.de\/produkte\/mercedes\/#primaryimage\"},\"thumbnailUrl\":\"https:\/\/www.duonix.de\/wp-content\/uploads\/Mercedes.jpg\",\"datePublished\":\"2015-06-24T08:03:56+00:00\",\"dateModified\":\"2020-03-19T18:31:44+00:00\",\"description\":\"Mercedes Diagnose Diagnoseger\u00e4t Diagnosesystem Scanner Handger\u00e4t Tool Tiefendiagnose ohen PC oder Laptop alle Funktionen Service Reset, Codierung etc.\",\"breadcrumb\":{\"@id\":\"https:\/\/www.duonix.de\/produkte\/mercedes\/#breadcrumb\"},\"inLanguage\":\"es\",\"potentialAction\":[{\"@type\":\"ReadAction\",\"target\":[\"https:\/\/www.duonix.de\/produkte\/mercedes\/\"]}]},{\"@type\":\"ImageObject\",\"inLanguage\":\"es\",\"@id\":\"https:\/\/www.duonix.de\/produkte\/mercedes\/#primaryimage\",\"url\":\"https:\/\/www.duonix.de\/wp-content\/uploads\/Mercedes.jpg\",\"contentUrl\":\"https:\/\/www.duonix.de\/wp-content\/uploads\/Mercedes.jpg\"},{\"@type\":\"BreadcrumbList\",\"@id\":\"https:\/\/www.duonix.de\/produkte\/mercedes\/#breadcrumb\",\"itemListElement\":[{\"@type\":\"ListItem\",\"position\":1,\"name\":\"Home\",\"item\":\"https:\/\/www.duonix.de\/es\/\"},{\"@type\":\"ListItem\",\"position\":2,\"name\":\"Produkte\",\"item\":\"https:\/\/www.duonix.de\/produkte\/\"},{\"@type\":\"ListItem\",\"position\":3,\"name\":\"Diagnose f\u00fcr Mercedes\"}]},{\"@type\":\"WebSite\",\"@id\":\"https:\/\/www.duonix.de\/#website\",\"url\":\"https:\/\/www.duonix.de\/\",\"name\":\"Dispositivo de diagn\u00f3stico de motocicleta e veh\u00edculo\",\"description\":\"Dispositivo de diagn\u00f3stico, herramientas para motocicletas, turismos, camiones, desarrollo.\",\"potentialAction\":[{\"@type\":\"SearchAction\",\"target\":{\"@type\":\"EntryPoint\",\"urlTemplate\":\"https:\/\/www.duonix.de\/?s={search_term_string}\"},\"query-input\":{\"@type\":\"PropertyValueSpecification\",\"valueRequired\":true,\"valueName\":\"search_term_string\"}}],\"inLanguage\":\"es\"}]}<\/script>\n<!-- \/ Yoast SEO plugin. -->","yoast_head_json":{"title":"Mercedes Diagnose Diagnoseger\u00e4t Diagnosesystem Scanner Handger\u00e4t Tool A B C E S G Klasse CSL GLE GLC CLS","description":"Mercedes Diagnose Diagnoseger\u00e4t Diagnosesystem Scanner Handger\u00e4t Tool Tiefendiagnose ohen PC oder Laptop alle Funktionen Service Reset, Codierung etc.","robots":{"index":"index","follow":"follow","max-snippet":"max-snippet:-1","max-image-preview":"max-image-preview:large","max-video-preview":"max-video-preview:-1"},"canonical":"https:\/\/www.duonix.de\/produkte\/mercedes\/","og_locale":"es_ES","og_type":"article","og_title":"Mercedes Diagnose Diagnoseger\u00e4t Diagnosesystem Scanner Handger\u00e4t Tool A B C E S G Klasse CSL GLE GLC CLS","og_description":"Mercedes Diagnose Diagnoseger\u00e4t Diagnosesystem Scanner Handger\u00e4t Tool Tiefendiagnose ohen PC oder Laptop alle Funktionen Service Reset, Codierung etc.","og_url":"https:\/\/www.duonix.de\/produkte\/mercedes\/","og_site_name":"Dispositivo de diagn\u00f3stico de motocicleta e veh\u00edculo","article_modified_time":"2020-03-19T18:31:44+00:00","og_image":[{"url":"https:\/\/www.duonix.de\/wp-content\/uploads\/Mercedes.jpg","type":"","width":"","height":""}],"twitter_card":"summary_large_image","twitter_misc":{"Tiempo de lectura":"1 minuto"},"schema":{"@context":"https:\/\/schema.org","@graph":[{"@type":"WebPage","@id":"https:\/\/www.duonix.de\/produkte\/mercedes\/","url":"https:\/\/www.duonix.de\/produkte\/mercedes\/","name":"Mercedes Diagnose Diagnoseger\u00e4t Diagnosesystem Scanner Handger\u00e4t Tool A B C E S G Klasse CSL GLE GLC CLS","isPartOf":{"@id":"https:\/\/www.duonix.de\/#website"},"primaryImageOfPage":{"@id":"https:\/\/www.duonix.de\/produkte\/mercedes\/#primaryimage"},"image":{"@id":"https:\/\/www.duonix.de\/produkte\/mercedes\/#primaryimage"},"thumbnailUrl":"https:\/\/www.duonix.de\/wp-content\/uploads\/Mercedes.jpg","datePublished":"2015-06-24T08:03:56+00:00","dateModified":"2020-03-19T18:31:44+00:00","description":"Mercedes Diagnose Diagnoseger\u00e4t Diagnosesystem Scanner Handger\u00e4t Tool Tiefendiagnose ohen PC oder Laptop alle Funktionen Service Reset, Codierung etc.","breadcrumb":{"@id":"https:\/\/www.duonix.de\/produkte\/mercedes\/#breadcrumb"},"inLanguage":"es","potentialAction":[{"@type":"ReadAction","target":["https:\/\/www.duonix.de\/produkte\/mercedes\/"]}]},{"@type":"ImageObject","inLanguage":"es","@id":"https:\/\/www.duonix.de\/produkte\/mercedes\/#primaryimage","url":"https:\/\/www.duonix.de\/wp-content\/uploads\/Mercedes.jpg","contentUrl":"https:\/\/www.duonix.de\/wp-content\/uploads\/Mercedes.jpg"},{"@type":"BreadcrumbList","@id":"https:\/\/www.duonix.de\/produkte\/mercedes\/#breadcrumb","itemListElement":[{"@type":"ListItem","position":1,"name":"Home","item":"https:\/\/www.duonix.de\/es\/"},{"@type":"ListItem","position":2,"name":"Produkte","item":"https:\/\/www.duonix.de\/produkte\/"},{"@type":"ListItem","position":3,"name":"Diagnose f\u00fcr Mercedes"}]},{"@type":"WebSite","@id":"https:\/\/www.duonix.de\/#website","url":"https:\/\/www.duonix.de\/","name":"Dispositivo de diagn\u00f3stico de motocicleta e veh\u00edculo","description":"Dispositivo de diagn\u00f3stico, herramientas para motocicletas, turismos, camiones, desarrollo.","potentialAction":[{"@type":"SearchAction","target":{"@type":"EntryPoint","urlTemplate":"https:\/\/www.duonix.de\/?s={search_term_string}"},"query-input":{"@type":"PropertyValueSpecification","valueRequired":true,"valueName":"search_term_string"}}],"inLanguage":"es"}]}},"_links":{"self":[{"href":"https:\/\/www.duonix.de\/es\/wp-json\/wp\/v2\/pages\/1199","targetHints":{"allow":["GET"]}}],"collection":[{"href":"https:\/\/www.duonix.de\/es\/wp-json\/wp\/v2\/pages"}],"about":[{"href":"https:\/\/www.duonix.de\/es\/wp-json\/wp\/v2\/types\/page"}],"author":[{"embeddable":true,"href":"https:\/\/www.duonix.de\/es\/wp-json\/wp\/v2\/users\/1"}],"replies":[{"embeddable":true,"href":"https:\/\/www.duonix.de\/es\/wp-json\/wp\/v2\/comments?post=1199"}],"version-history":[{"count":16,"href":"https:\/\/www.duonix.de\/es\/wp-json\/wp\/v2\/pages\/1199\/revisions"}],"predecessor-version":[{"id":2462,"href":"https:\/\/www.duonix.de\/es\/wp-json\/wp\/v2\/pages\/1199\/revisions\/2462"}],"up":[{"embeddable":true,"href":"https:\/\/www.duonix.de\/es\/wp-json\/wp\/v2\/pages\/1183"}],"wp:attachment":[{"href":"https:\/\/www.duonix.de\/es\/wp-json\/wp\/v2\/media?parent=1199"}],"curies":[{"name":"wp","href":"https:\/\/api.w.org\/{rel}","templated":true}]}}