{"id":1203,"date":"2015-06-24T08:04:35","date_gmt":"2015-06-24T08:04:35","guid":{"rendered":"http:\/\/www.duonix.de\/produkte\/motorrad\/?lang=es"},"modified":"2017-01-26T10:51:20","modified_gmt":"2017-01-26T10:51:20","slug":"motorrad","status":"publish","type":"page","link":"https:\/\/www.duonix.de\/es\/produkte\/motorrad\/","title":{"rendered":"Motocicleta"},"content":{"rendered":"\n<div data-uk-slideshow=\"{duration: 1000,autoplay: true ,autoplayInterval: 3000,pauseOnHover: false,kenburns: '20s'}\">\n\n    <div class=\"uk-slidenav-position\">\n\n        <ul class=\"uk-slideshow\">\n        \n            <li style=\"min-height: 300px;\">\n\n                \n                    <img decoding=\"async\" src=\"\/wp-content\/uploads\/blau.jpg\" alt=\"Produkt Motorrad\">\n                    \n                    \n                    \n                \n            <\/li>\n\n        \n            <li style=\"min-height: 300px;\">\n\n                \n                    <img decoding=\"async\" src=\"\/wp-content\/uploads\/motorrad.jpg\" alt=\"Motorrad2\">\n                    \n                    \n                    \n                \n            <\/li>\n\n                <\/ul>\n\n                <a href=\"#\" class=\"uk-slidenav uk-slidenav-contrast uk-slidenav-previous uk-hidden-touch\" data-uk-slideshow-item=\"previous\"><\/a>\n        <a href=\"#\" class=\"uk-slidenav uk-slidenav-contrast uk-slidenav-next uk-hidden-touch\" data-uk-slideshow-item=\"next\"><\/a>\n        \n                <div class=\"uk-overlay-panel uk-overlay-bottom\">\n            \n<ul class=\"uk-dotnav uk-dotnav-contrast uk-flex-center\">\n    <li data-uk-slideshow-item=\"0\"><a href=\"#\">Produkt Motorrad<\/a><\/li>\n    <li data-uk-slideshow-item=\"1\"><a href=\"#\">Motorrad2<\/a><\/li>\n<\/ul>\n        <\/div>\n        \n    <\/div>\n\n    \n<\/div>\n\r\n<h2>Bikescan-100 <span id=\"result_box\" class=\"short_text\" lang=\"es\"><span class=\"hps\">equipos de diagn\u00f3stico<\/span><\/span> <span id=\"result_box\" class=\"short_text\" lang=\"es\"><span class=\"hps\">motocicleta<\/span><\/span><\/h2>\r\n<p>El peque\u00f1o y potente Bikescan-100 sirve para diagn\u00f3sticos profesionales por medio de un dispositivo de control para motocicletas BMW. El sistema cubre todo el sistema electr\u00f3nico de la motocicleta y facilita al usuario la b\u00fasqueda de fallos de la motocicleta.<\/p>\r\n<p>Por medio de actualizaciones y upgrades regulares de nuestra plataforma de diagn\u00f3stico, ofrecemos a nuestros clientes un hardware que se adapta a los cambios futuros. Nuestro sistema de diagn\u00f3stico destaca por su alto rendimiento en la profundidad del diagn\u00f3stico por su dise\u00f1o compacto, as\u00ed como por su construcci\u00f3n de gran calidad con una gran facilidad de manejo.<\/p>\r\n<p>En el momento en que se detecta un error o un fallo en la comunicaci\u00f3n, el usuario recibe un aviso en el sistema, acompa\u00f1ado de informaci\u00f3n detallada acerca del tipo de fallo que podr\u00eda estar presente. Con nuestro sistema, usted dispondr\u00e1 en todo momento de informaci\u00f3n de diagn\u00f3stico de gran valor informativo. De esa manera, los eventuales errores pueden localizarse f\u00e1cil y c\u00f3modamente.<\/p>\r\n<p>&nbsp;<\/p>\r\n<h3><span class=\"short_text\" lang=\"es\"><span class=\"hps\"><b>Funciones especiales:<\/b><br \/>\r\n <\/span><\/span><\/h3>\r\n<p>&#8211; Reposici\u00f3n de servicio de fecha \/ tramo<br \/>\r\n &#8211; Ajuste de fecha y hora, por ejemplo, tras cambio de pilas<br \/>\r\n &#8211; Reseteado de valores de adaptaci\u00f3n<br \/>\r\n &#8211; Valores VERDADEROS espec\u00edficos<br \/>\r\n &#8211; Lectura de kilometraje actual<br \/>\r\n &#8211; Lectura de n\u00famero de chasis<br \/>\r\n &#8211; Reposici\u00f3n de servicio de juego de v\u00e1lvulas <br \/>\r\n &#8211; Calibrado de indicador de l\u00e1mina ( p. ej., 1200GS)<br \/>\r\n &#8211; Calibrado de mando de regulaci\u00f3n de ralent\u00ed<br \/>\r\n &#8211; Inicializaci\u00f3n de indicador de desgaste de frenos<br \/>\r\n &#8211; Calibrado de parabrisas<br \/>\r\n &#8211; Calibrado ESA <br \/>\r\n &#8211; Ajuste de motor de pasos <br \/>\r\n &#8211; Ajuste de mariposa de escape<br \/>\r\n &#8211; Ajuste de adaptaci\u00f3n de marchas<br \/>\r\n &#8211; Actualizaciones gratuitas<br \/>\r\n &#8211; Diagn\u00f3stico de elemento de ajuste<br \/>\r\n &#8211; Capacitaci\u00f3n \/ Programaci\u00f3n de sensor de presi\u00f3n de neum\u00e1ticos <br \/>\r\n &#8211; Sin limitaciones a determinados modelos<\/p>\r\n<h3><span id=\"result_box\" class=\"short_text\" lang=\"es\"><span class=\"hps\">\u00a0<\/span><\/span><\/h3>\r\n<h3><strong><span id=\"result_box\" class=\"\" lang=\"es\">Sistema multiling\u00fce (Ingl\u00e9s, alem\u00e1n, franc\u00e9s, italiano, espa\u00f1ol<span class=\"\">)<\/span><\/span><\/strong><\/h3>\r\n<p>&nbsp;<\/p>\r\n<p><strong><span id=\"result_box\" class=\"short_text\" lang=\"es\"><span class=\"hps\">Admite los protocolos<\/span><\/span><\/strong><\/p>\r\n<ul>\r\n\t<li>KWP-2000<\/li>\r\n\t<li>CAN- BUS<\/li>\r\n\t<li>UDS<\/li>\r\n<\/ul>\r\n<p>&nbsp;<\/p>\r\n<p><strong><br \/>\r\n <img loading=\"lazy\" decoding=\"async\" class=\"alignright size-full wp-image-1049\" src=\"http:\/\/www.duonix.de\/wp-content\/uploads\/motorrad_funktionen1.jpg\" alt=\"motorrad_funktionen\" width=\"400\" height=\"681\" \/><span id=\"result_box\" class=\"short_text\" lang=\"es\"><span class=\"hps\">Qu\u00e9 modelos<\/span> <span class=\"hps\">son compatibles<\/span><\/span>?<\/strong><\/p>\r\n<p><strong><span id=\"result_box\" class=\"\" lang=\"es\"><span class=\"hps\">Todas las series<\/span> <span class=\"hps\">BMW<\/span> <span class=\"hps\">\/<\/span> <span class=\"hps\">modelos<\/span> <span class=\"hps\">C1 \/<\/span> <span class=\"hps\">R \/<\/span> <span class=\"hps\">K<\/span> <span class=\"hps\">\/ M<\/span> <span class=\"hps\">\/ G<\/span> <span class=\"hps\">\/ HP<\/span> <span class=\"hps\">\/<\/span> <span class=\"hps\">S<\/span> <span class=\"hps\">con<\/span> <span class=\"hps\">10<\/span> <span class=\"hps\">Pol<\/span>. <span class=\"hps\">conector<\/span> <span class=\"hps\">de diagn\u00f3stico<\/span><br \/>\r\n <span class=\"hps\">del<\/span> <span class=\"hps\">A\u00f1o<\/span><span class=\"\">.<\/span> <span class=\"hps\">2000- 2017<\/span> <span class=\"hps\">\/<\/span> <span class=\"hps\"><span id=\"result_box\" class=\"short_text\" lang=\"es\"><span class=\"\">NUEVO<\/span><\/span>\u00a0 EU-4<br \/>\r\n <\/span><\/span><\/strong><\/p>\r\n<h4>Roller C1<br \/>\r\n \u00a0R1100S<br \/>\r\n \u00a0R1150<br \/>\r\n \u00a0R1200R<br \/>\r\n \u00a0R1200RT<br \/>\r\n \u00a0R1200GS + Adventure<br \/>\r\n \u00a0K1200S<br \/>\r\n \u00a0K1300S<br \/>\r\n \u00a0K1300R<br \/>\r\n \u00a0F650GS<br \/>\r\n \u00a0F800ST<br \/>\r\n \u00a0F800GS<br \/>\r\n \u00a0F800R<br \/>\r\n \u00a0HP4<br \/>\r\n \u00a0HP2 Sport + Megamoto<br \/>\r\n \u00a0S1000RR<br \/>\r\n \u00a0S1000R<br \/>\r\n \u00a0S1000XR<br \/>\r\n \u00a0R nineT<br \/>\r\n \u00a0K1600<br \/>\r\n \u00a0K50 R1200 LC<br \/>\r\n \u00a0K51 R1200GS Adventure<br \/>\r\n \u00a0K52 R1200RT<br \/>\r\n \u00a0K53 R1200R<br \/>\r\n \u00a0F700GS<br \/>\r\n \u00a0G650GS<br \/>\r\n \u00a0F650XX<br \/>\r\n \u00a0C600<br \/>\r\n \u00a0C650<br \/>\r\n \u00a0G450<br \/>\r\n \u00a0C-evolution<\/h4>\r\n<p><span style=\"font-size: large;\">\u00a0<\/span><\/p>\r\n<p><strong>HUSQVARNA:<\/strong><\/p>\r\n<p>Nuda 900 \/ R<br \/>\r\n TR 650<\/p>\r\n<p><strong><span id=\"result_box\" class=\"short_text\" lang=\"es\"><span class=\"hps\">ECU<\/span> <span class=\"hps\">Apoyado<\/span><\/span>:<\/strong><\/p>\r\n<p><span id=\"result_box\" class=\"\" lang=\"es\"><span class=\"hps\">*<\/span> <span class=\"hps\">Electr\u00f3nica del motor<\/span><br \/>\r\n <span class=\"hps\">*<\/span> <span class=\"hps\">Electr\u00f3nica<\/span> <span class=\"hps\">central<\/span><br \/>\r\n <span class=\"hps\">*<\/span> <span class=\"hps\">Grupo de instrumentos<\/span><br \/>\r\n <span class=\"hps\">* Sistema de<\/span> <span class=\"hps\">monitoreo de presi\u00f3n<\/span> <span class=\"hps\">de neum\u00e1ticos<\/span><br \/>\r\n <span class=\"hps\">*<\/span> <span class=\"hps\">ABS<\/span> <span class=\"hps\">&#8211;<\/span> <span class=\"hps\">Sistema antibloqueo<\/span><br \/>\r\n <span class=\"hps\">*<\/span> <span class=\"hps\">Lucha contra el robo<\/span> <span class=\"hps\">de alarma<\/span><br \/>\r\n <span class=\"hps\">*<\/span> <span class=\"hps\">Radio<\/span><br \/>\r\n <span class=\"hps\">*<\/span> <span class=\"hps\">Unidad de control de<\/span> <span class=\"hps\">Radio<\/span><br \/>\r\n <span class=\"hps\">*<\/span> <span class=\"hps\">Energ\u00eda<\/span> <span class=\"hps\">Hidr\u00e1ulica<\/span> <span class=\"hps\">gradas<\/span> <span class=\"hps\">inflexi\u00f3n<\/span><\/span><\/p>\r\n<h2><span id=\"result_box\" class=\"short_text\" lang=\"es\"><span class=\"hps\">paquetes de equipos<\/span><\/span>:<\/h2>\r\n<p><span id=\"result_box\" class=\"\" lang=\"es\"><span class=\"hps\">Disponible<\/span> <span class=\"hps\">como un sistema completo<\/span> <span class=\"hps\">o como<\/span> <span class=\"hps\">una licencia de<\/span> <span class=\"hps atn\">extensi\u00f3n (<\/span>actualizaci\u00f3n)<\/span><\/p>\r\n<p><span class=\"hps\">Unidad<\/span> <span class=\"hps\">de diagn\u00f3stico<\/span> <span class=\"hps\">se puede combinar con<\/span> <span class=\"hps\">otras licencias<\/span> <span class=\"hps\">de diagn\u00f3stico.<\/span><\/p>\r\n<p><b>V<span id=\"result_box\" class=\"short_text\" lang=\"es\"><span class=\"hps\">olumen de suministro:<\/span><\/span>:<\/b><\/p>\r\n<p><span id=\"result_box\" class=\"\" lang=\"es\"><span class=\"hps\">Equipos<\/span>, <span class=\"hps\">maletas<\/span>, <span class=\"hps\">10<\/span> <span class=\"hps\">Pol<\/span>. <span class=\"hps\">Cable de diagn\u00f3stico<\/span>, cable USB y <span class=\"hps\">manual.<\/span><\/span><\/p>\r\n<p>&nbsp;<\/p>","protected":false},"excerpt":{"rendered":"<p>Bikescan-100 equipos de diagn\u00f3stico motocicleta El peque\u00f1o y potente Bikescan-100 sirve para diagn\u00f3sticos profesionales por medio de un dispositivo de control para motocicletas BMW. El sistema cubre todo el sistema electr\u00f3nico de la motocicleta y facilita al usuario la b\u00fasqueda de fallos de la motocicleta. Por medio de actualizaciones y upgrades regulares de nuestra plataforma [&hellip;]<\/p>\n","protected":false},"author":1,"featured_media":0,"parent":1183,"menu_order":0,"comment_status":"closed","ping_status":"open","template":"","meta":{"footnotes":""},"class_list":["post-1203","page","type-page","status-publish","hentry"],"yoast_head":"<!-- This site is optimized with the Yoast SEO plugin v26.6 - https:\/\/yoast.com\/wordpress\/plugins\/seo\/ -->\n<title>BMW Equipos de diagn\u00f3stico diagn\u00f3stico de la motocicleta<\/title>\n<meta name=\"description\" content=\"Equipos de diagn\u00f3stico diagn\u00f3stico de la motocicleta\" \/>\n<meta name=\"robots\" content=\"index, follow, max-snippet:-1, max-image-preview:large, max-video-preview:-1\" \/>\n<link rel=\"canonical\" href=\"https:\/\/www.duonix.de\/produkte\/motorrad\/\" \/>\n<meta property=\"og:locale\" content=\"es_ES\" \/>\n<meta property=\"og:type\" content=\"article\" \/>\n<meta property=\"og:title\" content=\"BMW Equipos de diagn\u00f3stico diagn\u00f3stico de la motocicleta\" \/>\n<meta property=\"og:description\" content=\"Equipos de diagn\u00f3stico diagn\u00f3stico de la motocicleta\" \/>\n<meta property=\"og:url\" content=\"https:\/\/www.duonix.de\/produkte\/motorrad\/\" \/>\n<meta property=\"og:site_name\" content=\"Dispositivo de diagn\u00f3stico de motocicleta e veh\u00edculo\" \/>\n<meta property=\"article:modified_time\" content=\"2017-01-26T10:51:20+00:00\" \/>\n<meta property=\"og:image\" content=\"http:\/\/www.duonix.de\/wp-content\/uploads\/motorrad_funktionen1.jpg\" \/>\n<meta name=\"twitter:card\" content=\"summary_large_image\" \/>\n<meta name=\"twitter:label1\" content=\"Tiempo de lectura\" \/>\n\t<meta name=\"twitter:data1\" content=\"3 minutos\" \/>\n<script type=\"application\/ld+json\" class=\"yoast-schema-graph\">{\"@context\":\"https:\/\/schema.org\",\"@graph\":[{\"@type\":\"WebPage\",\"@id\":\"https:\/\/www.duonix.de\/produkte\/motorrad\/\",\"url\":\"https:\/\/www.duonix.de\/produkte\/motorrad\/\",\"name\":\"BMW Equipos de diagn\u00f3stico diagn\u00f3stico de la motocicleta\",\"isPartOf\":{\"@id\":\"https:\/\/www.duonix.de\/#website\"},\"primaryImageOfPage\":{\"@id\":\"https:\/\/www.duonix.de\/produkte\/motorrad\/#primaryimage\"},\"image\":{\"@id\":\"https:\/\/www.duonix.de\/produkte\/motorrad\/#primaryimage\"},\"thumbnailUrl\":\"http:\/\/www.duonix.de\/wp-content\/uploads\/motorrad_funktionen1.jpg\",\"datePublished\":\"2015-06-24T08:04:35+00:00\",\"dateModified\":\"2017-01-26T10:51:20+00:00\",\"description\":\"Equipos de diagn\u00f3stico diagn\u00f3stico de la motocicleta\",\"breadcrumb\":{\"@id\":\"https:\/\/www.duonix.de\/produkte\/motorrad\/#breadcrumb\"},\"inLanguage\":\"es\",\"potentialAction\":[{\"@type\":\"ReadAction\",\"target\":[\"https:\/\/www.duonix.de\/produkte\/motorrad\/\"]}]},{\"@type\":\"ImageObject\",\"inLanguage\":\"es\",\"@id\":\"https:\/\/www.duonix.de\/produkte\/motorrad\/#primaryimage\",\"url\":\"http:\/\/www.duonix.de\/wp-content\/uploads\/motorrad_funktionen1.jpg\",\"contentUrl\":\"http:\/\/www.duonix.de\/wp-content\/uploads\/motorrad_funktionen1.jpg\"},{\"@type\":\"BreadcrumbList\",\"@id\":\"https:\/\/www.duonix.de\/produkte\/motorrad\/#breadcrumb\",\"itemListElement\":[{\"@type\":\"ListItem\",\"position\":1,\"name\":\"Home\",\"item\":\"https:\/\/www.duonix.de\/es\/\"},{\"@type\":\"ListItem\",\"position\":2,\"name\":\"Produkte\",\"item\":\"https:\/\/www.duonix.de\/produkte\/\"},{\"@type\":\"ListItem\",\"position\":3,\"name\":\"Motocicleta\"}]},{\"@type\":\"WebSite\",\"@id\":\"https:\/\/www.duonix.de\/#website\",\"url\":\"https:\/\/www.duonix.de\/\",\"name\":\"Dispositivo de diagn\u00f3stico de motocicleta e veh\u00edculo\",\"description\":\"Dispositivo de diagn\u00f3stico, herramientas para motocicletas, turismos, camiones, desarrollo.\",\"potentialAction\":[{\"@type\":\"SearchAction\",\"target\":{\"@type\":\"EntryPoint\",\"urlTemplate\":\"https:\/\/www.duonix.de\/?s={search_term_string}\"},\"query-input\":{\"@type\":\"PropertyValueSpecification\",\"valueRequired\":true,\"valueName\":\"search_term_string\"}}],\"inLanguage\":\"es\"}]}<\/script>\n<!-- \/ Yoast SEO plugin. -->","yoast_head_json":{"title":"BMW Equipos de diagn\u00f3stico diagn\u00f3stico de la motocicleta","description":"Equipos de diagn\u00f3stico diagn\u00f3stico de la motocicleta","robots":{"index":"index","follow":"follow","max-snippet":"max-snippet:-1","max-image-preview":"max-image-preview:large","max-video-preview":"max-video-preview:-1"},"canonical":"https:\/\/www.duonix.de\/produkte\/motorrad\/","og_locale":"es_ES","og_type":"article","og_title":"BMW Equipos de diagn\u00f3stico diagn\u00f3stico de la motocicleta","og_description":"Equipos de diagn\u00f3stico diagn\u00f3stico de la motocicleta","og_url":"https:\/\/www.duonix.de\/produkte\/motorrad\/","og_site_name":"Dispositivo de diagn\u00f3stico de motocicleta e veh\u00edculo","article_modified_time":"2017-01-26T10:51:20+00:00","og_image":[{"url":"http:\/\/www.duonix.de\/wp-content\/uploads\/motorrad_funktionen1.jpg","type":"","width":"","height":""}],"twitter_card":"summary_large_image","twitter_misc":{"Tiempo de lectura":"3 minutos"},"schema":{"@context":"https:\/\/schema.org","@graph":[{"@type":"WebPage","@id":"https:\/\/www.duonix.de\/produkte\/motorrad\/","url":"https:\/\/www.duonix.de\/produkte\/motorrad\/","name":"BMW Equipos de diagn\u00f3stico diagn\u00f3stico de la motocicleta","isPartOf":{"@id":"https:\/\/www.duonix.de\/#website"},"primaryImageOfPage":{"@id":"https:\/\/www.duonix.de\/produkte\/motorrad\/#primaryimage"},"image":{"@id":"https:\/\/www.duonix.de\/produkte\/motorrad\/#primaryimage"},"thumbnailUrl":"http:\/\/www.duonix.de\/wp-content\/uploads\/motorrad_funktionen1.jpg","datePublished":"2015-06-24T08:04:35+00:00","dateModified":"2017-01-26T10:51:20+00:00","description":"Equipos de diagn\u00f3stico diagn\u00f3stico de la motocicleta","breadcrumb":{"@id":"https:\/\/www.duonix.de\/produkte\/motorrad\/#breadcrumb"},"inLanguage":"es","potentialAction":[{"@type":"ReadAction","target":["https:\/\/www.duonix.de\/produkte\/motorrad\/"]}]},{"@type":"ImageObject","inLanguage":"es","@id":"https:\/\/www.duonix.de\/produkte\/motorrad\/#primaryimage","url":"http:\/\/www.duonix.de\/wp-content\/uploads\/motorrad_funktionen1.jpg","contentUrl":"http:\/\/www.duonix.de\/wp-content\/uploads\/motorrad_funktionen1.jpg"},{"@type":"BreadcrumbList","@id":"https:\/\/www.duonix.de\/produkte\/motorrad\/#breadcrumb","itemListElement":[{"@type":"ListItem","position":1,"name":"Home","item":"https:\/\/www.duonix.de\/es\/"},{"@type":"ListItem","position":2,"name":"Produkte","item":"https:\/\/www.duonix.de\/produkte\/"},{"@type":"ListItem","position":3,"name":"Motocicleta"}]},{"@type":"WebSite","@id":"https:\/\/www.duonix.de\/#website","url":"https:\/\/www.duonix.de\/","name":"Dispositivo de diagn\u00f3stico de motocicleta e veh\u00edculo","description":"Dispositivo de diagn\u00f3stico, herramientas para motocicletas, turismos, camiones, desarrollo.","potentialAction":[{"@type":"SearchAction","target":{"@type":"EntryPoint","urlTemplate":"https:\/\/www.duonix.de\/?s={search_term_string}"},"query-input":{"@type":"PropertyValueSpecification","valueRequired":true,"valueName":"search_term_string"}}],"inLanguage":"es"}]}},"_links":{"self":[{"href":"https:\/\/www.duonix.de\/es\/wp-json\/wp\/v2\/pages\/1203","targetHints":{"allow":["GET"]}}],"collection":[{"href":"https:\/\/www.duonix.de\/es\/wp-json\/wp\/v2\/pages"}],"about":[{"href":"https:\/\/www.duonix.de\/es\/wp-json\/wp\/v2\/types\/page"}],"author":[{"embeddable":true,"href":"https:\/\/www.duonix.de\/es\/wp-json\/wp\/v2\/users\/1"}],"replies":[{"embeddable":true,"href":"https:\/\/www.duonix.de\/es\/wp-json\/wp\/v2\/comments?post=1203"}],"version-history":[{"count":13,"href":"https:\/\/www.duonix.de\/es\/wp-json\/wp\/v2\/pages\/1203\/revisions"}],"predecessor-version":[{"id":1985,"href":"https:\/\/www.duonix.de\/es\/wp-json\/wp\/v2\/pages\/1203\/revisions\/1985"}],"up":[{"embeddable":true,"href":"https:\/\/www.duonix.de\/es\/wp-json\/wp\/v2\/pages\/1183"}],"wp:attachment":[{"href":"https:\/\/www.duonix.de\/es\/wp-json\/wp\/v2\/media?parent=1203"}],"curies":[{"name":"wp","href":"https:\/\/api.w.org\/{rel}","templated":true}]}}