{"id":1207,"date":"2011-05-02T11:46:45","date_gmt":"2011-05-02T11:46:45","guid":{"rendered":"http:\/\/www.duonix.de\/produkte\/obd-2\/?lang=es"},"modified":"2017-02-23T17:32:54","modified_gmt":"2017-02-23T17:32:54","slug":"obd-2","status":"publish","type":"page","link":"https:\/\/www.duonix.de\/es\/produkte\/obd-2\/","title":{"rendered":"OBD-2"},"content":{"rendered":"\n<div data-uk-slideshow=\"{duration: 1000,autoplay: true ,autoplayInterval: 3000,pauseOnHover: false,kenburns: '20s'}\">\n\n    <div class=\"uk-slidenav-position\">\n\n        <ul class=\"uk-slideshow\">\n        \n            <li style=\"min-height: 300px;\">\n\n                \n                    <img decoding=\"async\" src=\"\/wp-content\/uploads\/PS-100.jpg\" alt=\"OBD2\">\n                    \n                    \n                    \n                \n            <\/li>\n\n                <\/ul>\n\n                <a href=\"#\" class=\"uk-slidenav uk-slidenav-contrast uk-slidenav-previous uk-hidden-touch\" data-uk-slideshow-item=\"previous\"><\/a>\n        <a href=\"#\" class=\"uk-slidenav uk-slidenav-contrast uk-slidenav-next uk-hidden-touch\" data-uk-slideshow-item=\"next\"><\/a>\n        \n                <div class=\"uk-overlay-panel uk-overlay-bottom\">\n            \n<ul class=\"uk-dotnav uk-dotnav-contrast uk-flex-center\">\n    <li data-uk-slideshow-item=\"0\"><a href=\"#\">OBD2<\/a><\/li>\n<\/ul>\n        <\/div>\n        \n    <\/div>\n\n    \n<\/div>\n\r\n<h1>PS-100- Der Scanner f\u00fcr mehr Flexibilit\u00e4t und moderne Fehlerdiagnose.\u00a0<\/h1>\r\n<p>Der PS-100 wurde als universelles und handliches Diagnosesystem f\u00fcr die Kraftfahrzeuge Diagnoseprotokolle aller Art konzipiert. Es bietet Funktionsvielfalt bei benutzerfreundlicher Bedienungsoberfl\u00e4che. Mit einem \u00fcberschaubaren Men\u00fc steuern Sie alle Funktionen und Einstellungen direkt auf dem gro\u00dfen LCD Display.\u00a0<\/p>\r\n<p>Mit dem PS-100 steht Ihnen eine zukunftssichere Hard- und Software-Plattform zur Verf\u00fcgung. Das Ger\u00e4t ist f\u00fcr die schnelle und direkte Daten\u00fcbertragung zum PC mit einer modernen USB -Schnittstelle ausgestattet.<\/p>\r\n<p>Genaues Wissen \u00fcber die Fahrzeugelektronik erlaubt es der modernen Diagnosetechnik, viele Fehler schneller und genauer zu diagnostizieren, zu analysieren und zu beheben.<\/p>\r\n<p>Eine exakte Analyse des Motormanagements und die genauen Angaben der Ist-Werte im Fahrzeug erlaubt es dem Benutzer, schnell und effektiv den Fehler am Auto zu beheben.<\/p>\r\n<p>Wir bieten Ihnen mit dem PS-100 ein leistungsf\u00e4higes Diagnoseger\u00e4t, mit dem Sie Ihre Steuerger\u00e4te und Sensoren direkt \u00fcber den eingebauten OBD-2-Stecker am Kraftfahrzeug diagnostizieren k\u00f6nnen.\u00a0<\/p>\r\n<p>Aktuell bietet Ihnen der PS-100 Diagnosesystem eine umfangreiche Abdeckung aller OBD-2 und fahrzeugspezifischer Fehlercodes im Motormanagement-Bereich.\u00a0<\/p>\r\n<p>Eine laufend aktualisierte und extrem umfangreiche Fehlercodedatenbank im Ger\u00e4t erleichtert dem Anwender die Identifikation der ausgelesenen Fehlercodes am Kraftfahrzeug.<\/p>\r\n<h2>Technische Eigenschaften:<\/h2>\r\n<p><strong>Protokolle:<\/strong><\/p>\r\n<p><strong>ISO9141-2<\/strong><br \/>\r\n <strong>ISO14230 (KWP2000)<\/strong><br \/>\r\n <strong>\u00b7\u00a0<\/strong>\u00a0KWP2000 slow init\u00a0<br \/>\r\n <strong>\u00b7\u00a0\u00a0<\/strong>KWP2000 fast init<br \/>\r\n <strong>ISO15765-4(CAN)<\/strong><br \/>\r\n <strong>\u00b7\u00a0\u00a0<\/strong>CAN 11bit\/250kB\u00a0<br \/>\r\n <strong>\u00b7\u00a0\u00a0<\/strong>CAN 11bit\/500kB\u00a0<br \/>\r\n <strong>\u00b7\u00a0<\/strong>\u00a0CAN 29bit\/250kB\u00a0<br \/>\r\n <strong>\u00b7\u00a0\u00a0<\/strong>CAN 29bit\/500kB<\/p>\r\n<p>1.Schnelle und Automatische Protokoll Erkennung<\/p>\r\n<p>2. Automatische Steuerger\u00e4t Erkennung. Alle\u00a0<strong>OBD-2 Kompatiblen<\/strong>Steuerger\u00e4te werden Analysiert und Erkannt. z.B. Automatikgetriebe, ABS , etc&#8230;<\/p>\r\n<p>3. Auslesen von Gespeicherten und Sporadischen Fehlercodes. Jeder Fehlercode ist im Deutsch Klartext definiert<\/p>\r\n<p>4. Dem Benutzer steht eine aktuelle Fehlercode Datenbank mit\u00a0<strong>57 Automarken<\/strong>\u00a0zu Verf\u00fcgung und\u00a0<strong>20.000 Codes.<\/strong>\u00a0( 3500 Standart Codes und 16500 Fahrzeugspezifische Codes)<\/p>\r\n<p>5. Darstellung von Ist Werten (Live-Data) im Einzelnen Modus oder als Kurz\u00fcbersichtsliste<\/p>\r\n<p>6. Regelkreis\u00fcberwachung f\u00fcr selbst\u00e4ndige kontinuierlich Systeme<\/p>\r\n<p>7.Speicherdaten (Freeze-Frame-Daten)<\/p>\r\n<p>8.Fahrgestellnummer und Fahrzeugspezifische Daten<\/p>\r\n<p>9. Lambdasonden Ist Werten als Grafische und Tabellarische Darstellung<\/p>\r\n<p>10. Testergebnissen f\u00fcr CAN- Bus Protokoll mit zus\u00e4tzlich vorhandenen und erweiterten Test Funktionen<\/p>\r\n<p>11. L\u00f6schung des Kompletten Fehlerspeichers im Steuerger\u00e4t<\/p>\r\n<p>12. Diagnosebericht Erstellung und Kundenarchivierung<\/p>\r\n<p>13. Autogas (LPG) \u00a0Relevante IST Werte f\u00fcr die Optimale Einstellung der GAS Anlage<\/p>\r\n<p>14. Unterst\u00fctzt auch Renault \/ Dacia Fahrzeuge\u00a0<strong>mit der L -Leitung<\/strong><\/p>\r\n<p>15. Kostenlose Update f\u00fcr Zuk\u00fcnftige OBD-2 Standards<\/p>\r\n<p>16. Integrierte MICRO -SD Technologie\u00a0<\/p>\r\n<p>17. Ausbauf\u00e4higkeit auf Fahrzeugspezifische Diagnose<\/p>\r\n<p>Daten:<br \/>\r\n Stromversorgung: 12V-Fahrzeug-Bordnetz OBD2 Anschluss oder USB PC-Schnittstelle .<br \/>\r\n Anzeige: Beleuchtetes blaues Grafik Display\u00a0<br \/>\r\n Steuerung: 4 Tasten Membrane-Tastatur.<br \/>\r\n Geh\u00e4use: Ergonomisches und robustes ABS-Geh\u00e4use mit Gummi Seitenschutz. Updatef\u00e4hig \u00fcber Service Software<\/p>\r\n<h2>Ger\u00e4temen\u00fc:<\/h2>\r\n<p><img loading=\"lazy\" decoding=\"async\" class=\"alignnone size-full wp-image-1067\" src=\"https:\/\/www.duonix.de\/wp-content\/uploads\/menups100.jpg\" alt=\"menups100\" width=\"450\" height=\"971\" \/><\/p>\r\n<p>&nbsp;<\/p>\r\n<h2>Lieferumfang:\u00a0<\/h2>\r\n<p>Ger\u00e4t , Koffer, OBD-2 Kabel, USB Kabel, und Anleitung.<\/p>","protected":false},"excerpt":{"rendered":"<p>PS-100- Der Scanner f\u00fcr mehr Flexibilit\u00e4t und moderne Fehlerdiagnose.\u00a0 Der PS-100 wurde als universelles und handliches Diagnosesystem f\u00fcr die Kraftfahrzeuge Diagnoseprotokolle aller Art konzipiert. Es bietet Funktionsvielfalt bei benutzerfreundlicher Bedienungsoberfl\u00e4che. Mit einem \u00fcberschaubaren Men\u00fc steuern Sie alle Funktionen und Einstellungen direkt auf dem gro\u00dfen LCD Display.\u00a0 Mit dem PS-100 steht Ihnen eine zukunftssichere Hard- und [&hellip;]<\/p>\n","protected":false},"author":1,"featured_media":0,"parent":1183,"menu_order":0,"comment_status":"closed","ping_status":"closed","template":"","meta":{"footnotes":""},"class_list":["post-1207","page","type-page","status-publish","hentry"],"yoast_head":"<!-- This site is optimized with the Yoast SEO plugin v26.6 - https:\/\/yoast.com\/wordpress\/plugins\/seo\/ -->\n<title>OBD EOBD Dignoseger\u00e4t Diagnose Diagnosesystem<\/title>\n<meta name=\"description\" content=\"PS-100 Diagnoseger\u00e4t, Handger\u00e4t, alle Modelle und Protokolle\" \/>\n<meta name=\"robots\" content=\"index, follow, max-snippet:-1, max-image-preview:large, max-video-preview:-1\" \/>\n<link rel=\"canonical\" href=\"https:\/\/www.duonix.de\/produkte\/obd-2\/\" \/>\n<meta property=\"og:locale\" content=\"es_ES\" \/>\n<meta property=\"og:type\" content=\"article\" \/>\n<meta property=\"og:title\" content=\"OBD EOBD Dignoseger\u00e4t Diagnose Diagnosesystem\" \/>\n<meta property=\"og:description\" content=\"PS-100 Diagnoseger\u00e4t, Handger\u00e4t, alle Modelle und Protokolle\" \/>\n<meta property=\"og:url\" content=\"https:\/\/www.duonix.de\/produkte\/obd-2\/\" \/>\n<meta property=\"og:site_name\" content=\"Dispositivo de diagn\u00f3stico de motocicleta e veh\u00edculo\" \/>\n<meta property=\"article:modified_time\" content=\"2017-02-23T17:32:54+00:00\" \/>\n<meta property=\"og:image\" content=\"https:\/\/www.duonix.de\/wp-content\/uploads\/menups100.jpg\" \/>\n<meta name=\"twitter:card\" content=\"summary_large_image\" \/>\n<meta name=\"twitter:label1\" content=\"Tiempo de lectura\" \/>\n\t<meta name=\"twitter:data1\" content=\"2 minutos\" \/>\n<script type=\"application\/ld+json\" class=\"yoast-schema-graph\">{\"@context\":\"https:\/\/schema.org\",\"@graph\":[{\"@type\":\"WebPage\",\"@id\":\"https:\/\/www.duonix.de\/produkte\/obd-2\/\",\"url\":\"https:\/\/www.duonix.de\/produkte\/obd-2\/\",\"name\":\"OBD EOBD Dignoseger\u00e4t Diagnose Diagnosesystem\",\"isPartOf\":{\"@id\":\"https:\/\/www.duonix.de\/#website\"},\"primaryImageOfPage\":{\"@id\":\"https:\/\/www.duonix.de\/produkte\/obd-2\/#primaryimage\"},\"image\":{\"@id\":\"https:\/\/www.duonix.de\/produkte\/obd-2\/#primaryimage\"},\"thumbnailUrl\":\"https:\/\/www.duonix.de\/wp-content\/uploads\/menups100.jpg\",\"datePublished\":\"2011-05-02T11:46:45+00:00\",\"dateModified\":\"2017-02-23T17:32:54+00:00\",\"description\":\"PS-100 Diagnoseger\u00e4t, Handger\u00e4t, alle Modelle und Protokolle\",\"breadcrumb\":{\"@id\":\"https:\/\/www.duonix.de\/produkte\/obd-2\/#breadcrumb\"},\"inLanguage\":\"es\",\"potentialAction\":[{\"@type\":\"ReadAction\",\"target\":[\"https:\/\/www.duonix.de\/produkte\/obd-2\/\"]}]},{\"@type\":\"ImageObject\",\"inLanguage\":\"es\",\"@id\":\"https:\/\/www.duonix.de\/produkte\/obd-2\/#primaryimage\",\"url\":\"https:\/\/www.duonix.de\/wp-content\/uploads\/menups100.jpg\",\"contentUrl\":\"https:\/\/www.duonix.de\/wp-content\/uploads\/menups100.jpg\"},{\"@type\":\"BreadcrumbList\",\"@id\":\"https:\/\/www.duonix.de\/produkte\/obd-2\/#breadcrumb\",\"itemListElement\":[{\"@type\":\"ListItem\",\"position\":1,\"name\":\"Home\",\"item\":\"https:\/\/www.duonix.de\/es\/\"},{\"@type\":\"ListItem\",\"position\":2,\"name\":\"Produkte\",\"item\":\"https:\/\/www.duonix.de\/produkte\/\"},{\"@type\":\"ListItem\",\"position\":3,\"name\":\"OBD-2\"}]},{\"@type\":\"WebSite\",\"@id\":\"https:\/\/www.duonix.de\/#website\",\"url\":\"https:\/\/www.duonix.de\/\",\"name\":\"Dispositivo de diagn\u00f3stico de motocicleta e veh\u00edculo\",\"description\":\"Dispositivo de diagn\u00f3stico, herramientas para motocicletas, turismos, camiones, desarrollo.\",\"potentialAction\":[{\"@type\":\"SearchAction\",\"target\":{\"@type\":\"EntryPoint\",\"urlTemplate\":\"https:\/\/www.duonix.de\/?s={search_term_string}\"},\"query-input\":{\"@type\":\"PropertyValueSpecification\",\"valueRequired\":true,\"valueName\":\"search_term_string\"}}],\"inLanguage\":\"es\"}]}<\/script>\n<!-- \/ Yoast SEO plugin. -->","yoast_head_json":{"title":"OBD EOBD Dignoseger\u00e4t Diagnose Diagnosesystem","description":"PS-100 Diagnoseger\u00e4t, Handger\u00e4t, alle Modelle und Protokolle","robots":{"index":"index","follow":"follow","max-snippet":"max-snippet:-1","max-image-preview":"max-image-preview:large","max-video-preview":"max-video-preview:-1"},"canonical":"https:\/\/www.duonix.de\/produkte\/obd-2\/","og_locale":"es_ES","og_type":"article","og_title":"OBD EOBD Dignoseger\u00e4t Diagnose Diagnosesystem","og_description":"PS-100 Diagnoseger\u00e4t, Handger\u00e4t, alle Modelle und Protokolle","og_url":"https:\/\/www.duonix.de\/produkte\/obd-2\/","og_site_name":"Dispositivo de diagn\u00f3stico de motocicleta e veh\u00edculo","article_modified_time":"2017-02-23T17:32:54+00:00","og_image":[{"url":"https:\/\/www.duonix.de\/wp-content\/uploads\/menups100.jpg","type":"","width":"","height":""}],"twitter_card":"summary_large_image","twitter_misc":{"Tiempo de lectura":"2 minutos"},"schema":{"@context":"https:\/\/schema.org","@graph":[{"@type":"WebPage","@id":"https:\/\/www.duonix.de\/produkte\/obd-2\/","url":"https:\/\/www.duonix.de\/produkte\/obd-2\/","name":"OBD EOBD Dignoseger\u00e4t Diagnose Diagnosesystem","isPartOf":{"@id":"https:\/\/www.duonix.de\/#website"},"primaryImageOfPage":{"@id":"https:\/\/www.duonix.de\/produkte\/obd-2\/#primaryimage"},"image":{"@id":"https:\/\/www.duonix.de\/produkte\/obd-2\/#primaryimage"},"thumbnailUrl":"https:\/\/www.duonix.de\/wp-content\/uploads\/menups100.jpg","datePublished":"2011-05-02T11:46:45+00:00","dateModified":"2017-02-23T17:32:54+00:00","description":"PS-100 Diagnoseger\u00e4t, Handger\u00e4t, alle Modelle und Protokolle","breadcrumb":{"@id":"https:\/\/www.duonix.de\/produkte\/obd-2\/#breadcrumb"},"inLanguage":"es","potentialAction":[{"@type":"ReadAction","target":["https:\/\/www.duonix.de\/produkte\/obd-2\/"]}]},{"@type":"ImageObject","inLanguage":"es","@id":"https:\/\/www.duonix.de\/produkte\/obd-2\/#primaryimage","url":"https:\/\/www.duonix.de\/wp-content\/uploads\/menups100.jpg","contentUrl":"https:\/\/www.duonix.de\/wp-content\/uploads\/menups100.jpg"},{"@type":"BreadcrumbList","@id":"https:\/\/www.duonix.de\/produkte\/obd-2\/#breadcrumb","itemListElement":[{"@type":"ListItem","position":1,"name":"Home","item":"https:\/\/www.duonix.de\/es\/"},{"@type":"ListItem","position":2,"name":"Produkte","item":"https:\/\/www.duonix.de\/produkte\/"},{"@type":"ListItem","position":3,"name":"OBD-2"}]},{"@type":"WebSite","@id":"https:\/\/www.duonix.de\/#website","url":"https:\/\/www.duonix.de\/","name":"Dispositivo de diagn\u00f3stico de motocicleta e veh\u00edculo","description":"Dispositivo de diagn\u00f3stico, herramientas para motocicletas, turismos, camiones, desarrollo.","potentialAction":[{"@type":"SearchAction","target":{"@type":"EntryPoint","urlTemplate":"https:\/\/www.duonix.de\/?s={search_term_string}"},"query-input":{"@type":"PropertyValueSpecification","valueRequired":true,"valueName":"search_term_string"}}],"inLanguage":"es"}]}},"_links":{"self":[{"href":"https:\/\/www.duonix.de\/es\/wp-json\/wp\/v2\/pages\/1207","targetHints":{"allow":["GET"]}}],"collection":[{"href":"https:\/\/www.duonix.de\/es\/wp-json\/wp\/v2\/pages"}],"about":[{"href":"https:\/\/www.duonix.de\/es\/wp-json\/wp\/v2\/types\/page"}],"author":[{"embeddable":true,"href":"https:\/\/www.duonix.de\/es\/wp-json\/wp\/v2\/users\/1"}],"replies":[{"embeddable":true,"href":"https:\/\/www.duonix.de\/es\/wp-json\/wp\/v2\/comments?post=1207"}],"version-history":[{"count":3,"href":"https:\/\/www.duonix.de\/es\/wp-json\/wp\/v2\/pages\/1207\/revisions"}],"predecessor-version":[{"id":2069,"href":"https:\/\/www.duonix.de\/es\/wp-json\/wp\/v2\/pages\/1207\/revisions\/2069"}],"up":[{"embeddable":true,"href":"https:\/\/www.duonix.de\/es\/wp-json\/wp\/v2\/pages\/1183"}],"wp:attachment":[{"href":"https:\/\/www.duonix.de\/es\/wp-json\/wp\/v2\/media?parent=1207"}],"curies":[{"name":"wp","href":"https:\/\/api.w.org\/{rel}","templated":true}]}}