{"id":1223,"date":"2015-06-24T08:04:22","date_gmt":"2015-06-24T08:04:22","guid":{"rendered":"http:\/\/www.duonix.de\/produkte\/werkzeug\/?lang=es"},"modified":"2017-03-22T09:22:34","modified_gmt":"2017-03-22T09:22:34","slug":"werkzeug","status":"publish","type":"page","link":"https:\/\/www.duonix.de\/es\/produkte\/werkzeug\/","title":{"rendered":"Werkzeug"},"content":{"rendered":"\n<div data-uk-slideshow=\"{duration: 1000,autoplay: true ,autoplayInterval: 3000,pauseOnHover: false,kenburns: '20s'}\">\n\n    <div class=\"uk-slidenav-position\">\n\n        <ul class=\"uk-slideshow\">\n        \n            <li style=\"min-height: 300px;\">\n\n                \n                    <img decoding=\"async\" src=\"\/wp-content\/uploads\/grau.jpg\" alt=\"Produkt Motorrad\">\n                    \n                    \n                    \n                \n            <\/li>\n\n        \n            <li style=\"min-height: 300px;\">\n\n                \n                    <img decoding=\"async\" src=\"\/wp-content\/uploads\/werkzeuge.jpg\" alt=\"Werkzeuge\">\n                    \n                    \n                    \n                \n            <\/li>\n\n                <\/ul>\n\n                <a href=\"#\" class=\"uk-slidenav uk-slidenav-contrast uk-slidenav-previous uk-hidden-touch\" data-uk-slideshow-item=\"previous\"><\/a>\n        <a href=\"#\" class=\"uk-slidenav uk-slidenav-contrast uk-slidenav-next uk-hidden-touch\" data-uk-slideshow-item=\"next\"><\/a>\n        \n                <div class=\"uk-overlay-panel uk-overlay-bottom\">\n            \n<ul class=\"uk-dotnav uk-dotnav-contrast uk-flex-center\">\n    <li data-uk-slideshow-item=\"0\"><a href=\"#\">Produkt Motorrad<\/a><\/li>\n    <li data-uk-slideshow-item=\"1\"><a href=\"#\">Werkzeuge<\/a><\/li>\n<\/ul>\n        <\/div>\n        \n    <\/div>\n\n    \n<\/div>\n\r\n<h1>MT 100 \u2013 Der Tester f\u00fcr mehr Flexibilit\u00e4t und Effizienz beim Messen.<\/h1>\r\n<p>Die Start Stop Automatik Systeme haben sich in den letzen Jahren immer mehr durchsetzen k\u00f6nnen. Alle Namenhaften Autohersteller setzen auf die ausgereifte Technologie und r\u00fcsten schon jetzt serienm\u00e4\u00dfig Ihre Modelle aus. Der Kernpunkt dieses System ist eine moderne Autobatterie die, den hohen Belastungen gewachsen ist. Diese Batterietypen m\u00fcssen im laufenden Leben kontrolliert und gewartet werden. In der Stadt oder bei Kurzstrecken wird die Batterie sehr stark strapaziert. Um sicher zu gehen, dass die Batterie noch ihre volle Kraft entfalten kann und nicht bei den ersten Minus Temperaturen oder w\u00e4hrend einer Autofahrt zusammenbricht, Diagnostiziert werden.\u00a0<\/p>\r\n<p>Der NEU MT-100 setzt auf die alten Fundamentspunkte in Kombination einer modernen Technologie. Hierbei handelt es sich um eine M\u00f6glichkeit die Fahrzeugbatterie etwas genauer zu untersuchen.<\/p>\r\n<h2>1. Batterietester:<\/h2>\r\n<p>\u00dcber die Funktion Batterietester kann der Benutzer seine Batterie unter realen Umgebungen analysieren und Testen.<\/p>\r\n<p>Der Batterietestvorgang erfolgt \u00fcber den OBD-2 Stecker im Fahrzeuginnenraum. Es ist daher nicht mehr erforderlich seine Batterie auszubauen, zu Suchen oder zu \u00d6ffnen. Das System ist so Benutzerfreundlich aufgebaut, dass der Anwender in wenigern Minuten zu einem Ergebnis gelangt.\u00a0\u00a0\u00a0<\/p>\r\n<p>Herk\u00f6mmliche Benzin und Diesel Fahrzeuge: Alle AGM, ECM, EFB und Klassische Bleis\u00e4ure.\u00a0<\/p>\r\n<p>Die ausgewertete Ergebnisse dienen dem Benutzer als Orientierungshilfe.<\/p>\r\n<p>Micro Hybrid Fahrzeuge: z.B. BMW 1er E87 mit Start\/Stop Funktion.<\/p>\r\n<table style=\"height: 224px;\" width=\"629\">\r\n<tbody>\r\n<tr>\r\n<td style=\"text-align: center;\"><img loading=\"lazy\" decoding=\"async\" class=\" size-medium wp-image-1058 alignleft\" src=\"https:\/\/www.duonix.de\/wp-content\/uploads\/bat2.jpg\" alt=\"bat2\" width=\"295\" height=\"211\" \/><\/td>\r\n<td style=\"text-align: center;\"><img loading=\"lazy\" decoding=\"async\" class=\"size-full wp-image-1057 alignright\" src=\"https:\/\/www.duonix.de\/wp-content\/uploads\/analyse.jpg\" alt=\"analyse\" width=\"295\" height=\"205\" \/><\/td>\r\n<\/tr>\r\n<\/tbody>\r\n<\/table>\r\n<h2>2. Oszilloskop\u00a0<\/h2>\r\n<p>Die Option Oszilloskop ist ein elektronische Funktion zur optischen Darstellung einer oder mehrerer\u00a0elektrischer Spannungen\u00a0und deren zeitlichen Verlauf auf am Display.<\/p>\r\n<p><img loading=\"lazy\" decoding=\"async\" class=\" size-full wp-image-1061 alignnone\" src=\"https:\/\/www.duonix.de\/wp-content\/uploads\/menu_akb3.jpg\" alt=\"menu_akb3\" width=\"630\" height=\"463\" \/><\/p>\r\n<p style=\"text-align: left;\"><strong>Technische Daten:<\/strong><br \/>\r\n Eingang AC+\/DC<br \/>\r\n 0 \u2013 20 Volt<br \/>\r\n 0 \u2013 100.000 Hz.<\/p>\r\n<h2 style=\"text-align: left;\">3. Voltmeter<\/h2>\r\n<p style=\"text-align: left;\">Die Option Voltmeter dient zur Messung elektrischer Spannung.<\/p>\r\n<p style=\"text-align: left;\"><img loading=\"lazy\" decoding=\"async\" class=\" size-full wp-image-1059 alignnone\" src=\"https:\/\/www.duonix.de\/wp-content\/uploads\/Voltmeter_Menue.jpg\" alt=\"Voltmeter_Menue\" width=\"295\" height=\"206\" \/><\/p>\r\n<h2 style=\"text-align: left;\">Technische Daten:<\/h2>\r\n<p style=\"text-align: left;\">Eingang DC 0 \u2013 20Volt<\/p>\r\n<p style=\"text-align: left;\">\u00a0<\/p>\r\n<p style=\"text-align: left;\">\u00a0<\/p>","protected":false},"excerpt":{"rendered":"<p>MT 100 \u2013 Der Tester f\u00fcr mehr Flexibilit\u00e4t und Effizienz beim Messen. Die Start Stop Automatik Systeme haben sich in den letzen Jahren immer mehr durchsetzen k\u00f6nnen. Alle Namenhaften Autohersteller setzen auf die ausgereifte Technologie und r\u00fcsten schon jetzt serienm\u00e4\u00dfig Ihre Modelle aus. Der Kernpunkt dieses System ist eine moderne Autobatterie die, den hohen Belastungen [&hellip;]<\/p>\n","protected":false},"author":1,"featured_media":0,"parent":1183,"menu_order":0,"comment_status":"closed","ping_status":"open","template":"","meta":{"footnotes":""},"class_list":["post-1223","page","type-page","status-publish","hentry"],"yoast_head":"<!-- This site is optimized with the Yoast SEO plugin v26.6 - https:\/\/yoast.com\/wordpress\/plugins\/seo\/ -->\n<title>Werkzeug Batterietester Oszilloskop<\/title>\n<meta name=\"description\" content=\"Handger\u00e4t Werkzeug Batterietester Oszilloskop\" \/>\n<meta name=\"robots\" content=\"index, follow, max-snippet:-1, max-image-preview:large, max-video-preview:-1\" \/>\n<link rel=\"canonical\" href=\"https:\/\/www.duonix.de\/produkte\/werkzeug\/\" \/>\n<meta property=\"og:locale\" content=\"es_ES\" \/>\n<meta property=\"og:type\" content=\"article\" \/>\n<meta property=\"og:title\" content=\"Werkzeug Batterietester Oszilloskop\" \/>\n<meta property=\"og:description\" content=\"Handger\u00e4t Werkzeug Batterietester Oszilloskop\" \/>\n<meta property=\"og:url\" content=\"https:\/\/www.duonix.de\/produkte\/werkzeug\/\" \/>\n<meta property=\"og:site_name\" content=\"Dispositivo de diagn\u00f3stico de motocicleta e veh\u00edculo\" \/>\n<meta property=\"article:modified_time\" content=\"2017-03-22T09:22:34+00:00\" \/>\n<meta property=\"og:image\" content=\"https:\/\/www.duonix.de\/wp-content\/uploads\/bat2.jpg\" \/>\n<meta name=\"twitter:card\" content=\"summary_large_image\" \/>\n<meta name=\"twitter:label1\" content=\"Tiempo de lectura\" \/>\n\t<meta name=\"twitter:data1\" content=\"1 minuto\" \/>\n<script type=\"application\/ld+json\" class=\"yoast-schema-graph\">{\"@context\":\"https:\/\/schema.org\",\"@graph\":[{\"@type\":\"WebPage\",\"@id\":\"https:\/\/www.duonix.de\/produkte\/werkzeug\/\",\"url\":\"https:\/\/www.duonix.de\/produkte\/werkzeug\/\",\"name\":\"Werkzeug Batterietester Oszilloskop\",\"isPartOf\":{\"@id\":\"https:\/\/www.duonix.de\/#website\"},\"primaryImageOfPage\":{\"@id\":\"https:\/\/www.duonix.de\/produkte\/werkzeug\/#primaryimage\"},\"image\":{\"@id\":\"https:\/\/www.duonix.de\/produkte\/werkzeug\/#primaryimage\"},\"thumbnailUrl\":\"https:\/\/www.duonix.de\/wp-content\/uploads\/bat2.jpg\",\"datePublished\":\"2015-06-24T08:04:22+00:00\",\"dateModified\":\"2017-03-22T09:22:34+00:00\",\"description\":\"Handger\u00e4t Werkzeug Batterietester Oszilloskop\",\"breadcrumb\":{\"@id\":\"https:\/\/www.duonix.de\/produkte\/werkzeug\/#breadcrumb\"},\"inLanguage\":\"es\",\"potentialAction\":[{\"@type\":\"ReadAction\",\"target\":[\"https:\/\/www.duonix.de\/produkte\/werkzeug\/\"]}]},{\"@type\":\"ImageObject\",\"inLanguage\":\"es\",\"@id\":\"https:\/\/www.duonix.de\/produkte\/werkzeug\/#primaryimage\",\"url\":\"https:\/\/www.duonix.de\/wp-content\/uploads\/bat2.jpg\",\"contentUrl\":\"https:\/\/www.duonix.de\/wp-content\/uploads\/bat2.jpg\"},{\"@type\":\"BreadcrumbList\",\"@id\":\"https:\/\/www.duonix.de\/produkte\/werkzeug\/#breadcrumb\",\"itemListElement\":[{\"@type\":\"ListItem\",\"position\":1,\"name\":\"Home\",\"item\":\"https:\/\/www.duonix.de\/es\/\"},{\"@type\":\"ListItem\",\"position\":2,\"name\":\"Produkte\",\"item\":\"https:\/\/www.duonix.de\/produkte\/\"},{\"@type\":\"ListItem\",\"position\":3,\"name\":\"Werkzeug\"}]},{\"@type\":\"WebSite\",\"@id\":\"https:\/\/www.duonix.de\/#website\",\"url\":\"https:\/\/www.duonix.de\/\",\"name\":\"Dispositivo de diagn\u00f3stico de motocicleta e veh\u00edculo\",\"description\":\"Dispositivo de diagn\u00f3stico, herramientas para motocicletas, turismos, camiones, desarrollo.\",\"potentialAction\":[{\"@type\":\"SearchAction\",\"target\":{\"@type\":\"EntryPoint\",\"urlTemplate\":\"https:\/\/www.duonix.de\/?s={search_term_string}\"},\"query-input\":{\"@type\":\"PropertyValueSpecification\",\"valueRequired\":true,\"valueName\":\"search_term_string\"}}],\"inLanguage\":\"es\"}]}<\/script>\n<!-- \/ Yoast SEO plugin. -->","yoast_head_json":{"title":"Werkzeug Batterietester Oszilloskop","description":"Handger\u00e4t Werkzeug Batterietester Oszilloskop","robots":{"index":"index","follow":"follow","max-snippet":"max-snippet:-1","max-image-preview":"max-image-preview:large","max-video-preview":"max-video-preview:-1"},"canonical":"https:\/\/www.duonix.de\/produkte\/werkzeug\/","og_locale":"es_ES","og_type":"article","og_title":"Werkzeug Batterietester Oszilloskop","og_description":"Handger\u00e4t Werkzeug Batterietester Oszilloskop","og_url":"https:\/\/www.duonix.de\/produkte\/werkzeug\/","og_site_name":"Dispositivo de diagn\u00f3stico de motocicleta e veh\u00edculo","article_modified_time":"2017-03-22T09:22:34+00:00","og_image":[{"url":"https:\/\/www.duonix.de\/wp-content\/uploads\/bat2.jpg","type":"","width":"","height":""}],"twitter_card":"summary_large_image","twitter_misc":{"Tiempo de lectura":"1 minuto"},"schema":{"@context":"https:\/\/schema.org","@graph":[{"@type":"WebPage","@id":"https:\/\/www.duonix.de\/produkte\/werkzeug\/","url":"https:\/\/www.duonix.de\/produkte\/werkzeug\/","name":"Werkzeug Batterietester Oszilloskop","isPartOf":{"@id":"https:\/\/www.duonix.de\/#website"},"primaryImageOfPage":{"@id":"https:\/\/www.duonix.de\/produkte\/werkzeug\/#primaryimage"},"image":{"@id":"https:\/\/www.duonix.de\/produkte\/werkzeug\/#primaryimage"},"thumbnailUrl":"https:\/\/www.duonix.de\/wp-content\/uploads\/bat2.jpg","datePublished":"2015-06-24T08:04:22+00:00","dateModified":"2017-03-22T09:22:34+00:00","description":"Handger\u00e4t Werkzeug Batterietester Oszilloskop","breadcrumb":{"@id":"https:\/\/www.duonix.de\/produkte\/werkzeug\/#breadcrumb"},"inLanguage":"es","potentialAction":[{"@type":"ReadAction","target":["https:\/\/www.duonix.de\/produkte\/werkzeug\/"]}]},{"@type":"ImageObject","inLanguage":"es","@id":"https:\/\/www.duonix.de\/produkte\/werkzeug\/#primaryimage","url":"https:\/\/www.duonix.de\/wp-content\/uploads\/bat2.jpg","contentUrl":"https:\/\/www.duonix.de\/wp-content\/uploads\/bat2.jpg"},{"@type":"BreadcrumbList","@id":"https:\/\/www.duonix.de\/produkte\/werkzeug\/#breadcrumb","itemListElement":[{"@type":"ListItem","position":1,"name":"Home","item":"https:\/\/www.duonix.de\/es\/"},{"@type":"ListItem","position":2,"name":"Produkte","item":"https:\/\/www.duonix.de\/produkte\/"},{"@type":"ListItem","position":3,"name":"Werkzeug"}]},{"@type":"WebSite","@id":"https:\/\/www.duonix.de\/#website","url":"https:\/\/www.duonix.de\/","name":"Dispositivo de diagn\u00f3stico de motocicleta e veh\u00edculo","description":"Dispositivo de diagn\u00f3stico, herramientas para motocicletas, turismos, camiones, desarrollo.","potentialAction":[{"@type":"SearchAction","target":{"@type":"EntryPoint","urlTemplate":"https:\/\/www.duonix.de\/?s={search_term_string}"},"query-input":{"@type":"PropertyValueSpecification","valueRequired":true,"valueName":"search_term_string"}}],"inLanguage":"es"}]}},"_links":{"self":[{"href":"https:\/\/www.duonix.de\/es\/wp-json\/wp\/v2\/pages\/1223","targetHints":{"allow":["GET"]}}],"collection":[{"href":"https:\/\/www.duonix.de\/es\/wp-json\/wp\/v2\/pages"}],"about":[{"href":"https:\/\/www.duonix.de\/es\/wp-json\/wp\/v2\/types\/page"}],"author":[{"embeddable":true,"href":"https:\/\/www.duonix.de\/es\/wp-json\/wp\/v2\/users\/1"}],"replies":[{"embeddable":true,"href":"https:\/\/www.duonix.de\/es\/wp-json\/wp\/v2\/comments?post=1223"}],"version-history":[{"count":3,"href":"https:\/\/www.duonix.de\/es\/wp-json\/wp\/v2\/pages\/1223\/revisions"}],"predecessor-version":[{"id":2110,"href":"https:\/\/www.duonix.de\/es\/wp-json\/wp\/v2\/pages\/1223\/revisions\/2110"}],"up":[{"embeddable":true,"href":"https:\/\/www.duonix.de\/es\/wp-json\/wp\/v2\/pages\/1183"}],"wp:attachment":[{"href":"https:\/\/www.duonix.de\/es\/wp-json\/wp\/v2\/media?parent=1223"}],"curies":[{"name":"wp","href":"https:\/\/api.w.org\/{rel}","templated":true}]}}