{"id":1995,"date":"2016-08-04T14:42:43","date_gmt":"2016-08-04T14:42:43","guid":{"rendered":"http:\/\/www.duonix.de\/produkte\/lin-schalter\/"},"modified":"2021-11-06T20:45:45","modified_gmt":"2021-11-06T20:45:45","slug":"lin-schalter","status":"publish","type":"page","link":"https:\/\/www.duonix.de\/es\/produkte\/lin-schalter\/","title":{"rendered":"interruptor LIN"},"content":{"rendered":"\n<div data-uk-slideshow=\"{autoplay: true ,autoplayInterval: 3000,kenburns: '15s'}\">\n\n    <div class=\"uk-slidenav-position\">\n\n        <ul class=\"uk-slideshow\">\n        \n            <li style=\"min-height: 300px;\">\n\n                \n                    <img decoding=\"async\" src=\"\/wp-content\/uploads\/39.jpg\" alt=\"(39)\">\n                    \n                    \n                    \n                \n            <\/li>\n\n        \n            <li style=\"min-height: 300px;\">\n\n                \n                    <img decoding=\"async\" src=\"\/wp-content\/uploads\/14.jpg\" alt=\"(14)\">\n                    \n                    \n                    \n                \n            <\/li>\n\n                <\/ul>\n\n                <a href=\"#\" class=\"uk-slidenav uk-slidenav-contrast uk-slidenav-previous uk-hidden-touch\" data-uk-slideshow-item=\"previous\"><\/a>\n        <a href=\"#\" class=\"uk-slidenav uk-slidenav-contrast uk-slidenav-next uk-hidden-touch\" data-uk-slideshow-item=\"next\"><\/a>\n        \n                <div class=\"uk-overlay-panel uk-overlay-bottom\">\n            \n<ul class=\"uk-dotnav uk-dotnav-contrast uk-flex-center\">\n    <li data-uk-slideshow-item=\"0\"><a href=\"#\">(39)<\/a><\/li>\n    <li data-uk-slideshow-item=\"1\"><a href=\"#\">(14)<\/a><\/li>\n<\/ul>\n        <\/div>\n        \n    <\/div>\n\n    \n<\/div>\n\r\n<p>&nbsp;<\/p>\r\n<p><span id=\"result_box\" class=\"\" lang=\"es\">Con nuestro nuevo LIN Desarrollado cambia puede utilizar la serie cambia su BMW, conducir f\u00e1cilmente y sin problemas las luces auxiliares de cualquier tipo, por ejemplo, Faros antiniebla, faros de LED, calefacci\u00f3n, entrada de USB, etc &#8230;. m\u00e1s consumidores<br \/>\r\n<br \/>\r\nEl interruptor LIN se utiliza como unidad adicional para la conmutaci\u00f3n de carga de 15A en el sistema electr\u00f3nico del veh\u00edculo BMW su uso.<br \/>\r\n<br \/>\r\nGracias a su peque\u00f1o tama\u00f1o y opciones de montaje vers\u00e1tiles que se pueden montar seg\u00fan se desee.<br \/>\r\n<br \/>\r\nEl Lin-<span class=\"\">interruptor est\u00e1 en<\/span> su manejo f\u00e1cil de usar y el servicio con el concepto reflexivo.<br \/>\r\n<br \/>\r\nLa instalaci\u00f3n y <span class=\"\">la programaci\u00f3n se realiza<\/span> en unos pocos pasos y la unidad auxiliar Lin es inmediatamente listo <span class=\"\">para su uso<\/span><span class=\"\">.<\/span><\/span><\/p>\r\n<p>&nbsp;<\/p>\r\n<p>&nbsp;<\/p>\r\n<h4><strong><span id=\"result_box\" class=\"short_text\" lang=\"es\">Sus <span class=\"\">ventajas de un vistazo<\/span><\/span> !<\/strong><\/h4>\r\n<p><span id=\"result_box\" class=\"\" lang=\"es\">Instalaci\u00f3n f\u00e1cil y r\u00e1pida<br \/>\r\n<br \/>\r\nen espera<br \/>\r\n<br \/>\r\nVarios interruptor LIN utilizado en un autob\u00fas<br \/>\r\n<br \/>\r\nLa operaci\u00f3n sin problemas del bus LIN<br \/>\r\n<br \/>\r\n<span class=\"\">Programaci\u00f3n de la llave<\/span> individual<br \/>\r\n<br \/>\r\n<span class=\"\">Autodiagn\u00f3stico y la<\/span> <span class=\"\">salida de error<\/span><\/span><\/p>\r\n<p>&nbsp;<\/p>\r\n<p>&nbsp;<\/p>\r\n<h4><strong><span id=\"result_box\" class=\"short_text\" lang=\"es\">Los modelos de BMW <span class=\"\">compatibles:<\/span><\/span><\/strong><\/h4>\r\n<p>(K50) R1200GS ab Bj.2013<\/p>\r\n<p>(K51) R1200GS Adventure ab Bj. 2014<\/p>\r\n<p>(K52) R1200RT ab Bj. 2014<\/p>\r\n<p>(K53) R1200R ab Bj. 2015<\/p>\r\n<p>S1000XR ab Bj. 2015\u00a0<\/p>\r\n<p>R nine T ab Bj. 2014<\/p>\r\n<h4><strong><span id=\"result_box\" class=\"short_text\" lang=\"es\"><span class=\"\">rasgos t\u00e9cnicos<\/span><\/span><\/strong><\/h4>\r\n<p><span id=\"result_box\" class=\"\" lang=\"es\">Tensi\u00f3n de funcionamiento: 12V<br \/>\r\nM\u00e1x. De corriente: 15A<br \/>\r\nTemperatura ambiente de funcionamiento: -20 \u00b0 C y + 80 \u00b0 <span class=\"\">C<\/span><\/span><\/p>\r\n<p>&nbsp;<\/p>","protected":false},"excerpt":{"rendered":"<p>&nbsp; Con nuestro nuevo LIN Desarrollado cambia puede utilizar la serie cambia su BMW, conducir f\u00e1cilmente y sin problemas las luces auxiliares de cualquier tipo, por ejemplo, Faros antiniebla, faros de LED, calefacci\u00f3n, entrada de USB, etc &#8230;. m\u00e1s consumidores El interruptor LIN se utiliza como unidad adicional para la conmutaci\u00f3n de carga de 15A [&hellip;]<\/p>\n","protected":false},"author":1,"featured_media":0,"parent":1183,"menu_order":0,"comment_status":"closed","ping_status":"closed","template":"","meta":{"footnotes":""},"class_list":["post-1995","page","type-page","status-publish","hentry"],"yoast_head":"<!-- This site is optimized with the Yoast SEO plugin v26.6 - https:\/\/yoast.com\/wordpress\/plugins\/seo\/ -->\n<title>Control de luces sin interruptor adicional o codificaci\u00f3n de su BMW<\/title>\n<meta name=\"description\" content=\"Control de luces sin interruptor adicional o codificaci\u00f3n de su BMW 1200 1250 K50 K51 K53 K54 R1200RT R1200GS\" \/>\n<meta name=\"robots\" content=\"index, follow, max-snippet:-1, max-image-preview:large, max-video-preview:-1\" \/>\n<link rel=\"canonical\" href=\"https:\/\/www.duonix.de\/produkte\/lin-schalter\/\" \/>\n<meta property=\"og:locale\" content=\"es_ES\" \/>\n<meta property=\"og:type\" content=\"article\" \/>\n<meta property=\"og:title\" content=\"Control de luces sin interruptor adicional o codificaci\u00f3n de su BMW\" \/>\n<meta property=\"og:description\" content=\"Control de luces sin interruptor adicional o codificaci\u00f3n de su BMW 1200 1250 K50 K51 K53 K54 R1200RT R1200GS\" \/>\n<meta property=\"og:url\" content=\"https:\/\/www.duonix.de\/produkte\/lin-schalter\/\" \/>\n<meta property=\"og:site_name\" content=\"Dispositivo de diagn\u00f3stico de motocicleta e veh\u00edculo\" \/>\n<meta property=\"article:modified_time\" content=\"2021-11-06T20:45:45+00:00\" \/>\n<meta name=\"twitter:card\" content=\"summary_large_image\" \/>\n<meta name=\"twitter:label1\" content=\"Tiempo de lectura\" \/>\n\t<meta name=\"twitter:data1\" content=\"1 minuto\" \/>\n<script type=\"application\/ld+json\" class=\"yoast-schema-graph\">{\"@context\":\"https:\/\/schema.org\",\"@graph\":[{\"@type\":\"WebPage\",\"@id\":\"https:\/\/www.duonix.de\/produkte\/lin-schalter\/\",\"url\":\"https:\/\/www.duonix.de\/produkte\/lin-schalter\/\",\"name\":\"Control de luces sin interruptor adicional o codificaci\u00f3n de su BMW\",\"isPartOf\":{\"@id\":\"https:\/\/www.duonix.de\/#website\"},\"datePublished\":\"2016-08-04T14:42:43+00:00\",\"dateModified\":\"2021-11-06T20:45:45+00:00\",\"description\":\"Control de luces sin interruptor adicional o codificaci\u00f3n de su BMW 1200 1250 K50 K51 K53 K54 R1200RT R1200GS\",\"breadcrumb\":{\"@id\":\"https:\/\/www.duonix.de\/produkte\/lin-schalter\/#breadcrumb\"},\"inLanguage\":\"es\",\"potentialAction\":[{\"@type\":\"ReadAction\",\"target\":[\"https:\/\/www.duonix.de\/produkte\/lin-schalter\/\"]}]},{\"@type\":\"BreadcrumbList\",\"@id\":\"https:\/\/www.duonix.de\/produkte\/lin-schalter\/#breadcrumb\",\"itemListElement\":[{\"@type\":\"ListItem\",\"position\":1,\"name\":\"Home\",\"item\":\"https:\/\/www.duonix.de\/es\/\"},{\"@type\":\"ListItem\",\"position\":2,\"name\":\"Produkte\",\"item\":\"https:\/\/www.duonix.de\/produkte\/\"},{\"@type\":\"ListItem\",\"position\":3,\"name\":\"interruptor LIN\"}]},{\"@type\":\"WebSite\",\"@id\":\"https:\/\/www.duonix.de\/#website\",\"url\":\"https:\/\/www.duonix.de\/\",\"name\":\"Dispositivo de diagn\u00f3stico de motocicleta e veh\u00edculo\",\"description\":\"Dispositivo de diagn\u00f3stico, herramientas para motocicletas, turismos, camiones, desarrollo.\",\"potentialAction\":[{\"@type\":\"SearchAction\",\"target\":{\"@type\":\"EntryPoint\",\"urlTemplate\":\"https:\/\/www.duonix.de\/?s={search_term_string}\"},\"query-input\":{\"@type\":\"PropertyValueSpecification\",\"valueRequired\":true,\"valueName\":\"search_term_string\"}}],\"inLanguage\":\"es\"}]}<\/script>\n<!-- \/ Yoast SEO plugin. -->","yoast_head_json":{"title":"Control de luces sin interruptor adicional o codificaci\u00f3n de su BMW","description":"Control de luces sin interruptor adicional o codificaci\u00f3n de su BMW 1200 1250 K50 K51 K53 K54 R1200RT R1200GS","robots":{"index":"index","follow":"follow","max-snippet":"max-snippet:-1","max-image-preview":"max-image-preview:large","max-video-preview":"max-video-preview:-1"},"canonical":"https:\/\/www.duonix.de\/produkte\/lin-schalter\/","og_locale":"es_ES","og_type":"article","og_title":"Control de luces sin interruptor adicional o codificaci\u00f3n de su BMW","og_description":"Control de luces sin interruptor adicional o codificaci\u00f3n de su BMW 1200 1250 K50 K51 K53 K54 R1200RT R1200GS","og_url":"https:\/\/www.duonix.de\/produkte\/lin-schalter\/","og_site_name":"Dispositivo de diagn\u00f3stico de motocicleta e veh\u00edculo","article_modified_time":"2021-11-06T20:45:45+00:00","twitter_card":"summary_large_image","twitter_misc":{"Tiempo de lectura":"1 minuto"},"schema":{"@context":"https:\/\/schema.org","@graph":[{"@type":"WebPage","@id":"https:\/\/www.duonix.de\/produkte\/lin-schalter\/","url":"https:\/\/www.duonix.de\/produkte\/lin-schalter\/","name":"Control de luces sin interruptor adicional o codificaci\u00f3n de su BMW","isPartOf":{"@id":"https:\/\/www.duonix.de\/#website"},"datePublished":"2016-08-04T14:42:43+00:00","dateModified":"2021-11-06T20:45:45+00:00","description":"Control de luces sin interruptor adicional o codificaci\u00f3n de su BMW 1200 1250 K50 K51 K53 K54 R1200RT R1200GS","breadcrumb":{"@id":"https:\/\/www.duonix.de\/produkte\/lin-schalter\/#breadcrumb"},"inLanguage":"es","potentialAction":[{"@type":"ReadAction","target":["https:\/\/www.duonix.de\/produkte\/lin-schalter\/"]}]},{"@type":"BreadcrumbList","@id":"https:\/\/www.duonix.de\/produkte\/lin-schalter\/#breadcrumb","itemListElement":[{"@type":"ListItem","position":1,"name":"Home","item":"https:\/\/www.duonix.de\/es\/"},{"@type":"ListItem","position":2,"name":"Produkte","item":"https:\/\/www.duonix.de\/produkte\/"},{"@type":"ListItem","position":3,"name":"interruptor LIN"}]},{"@type":"WebSite","@id":"https:\/\/www.duonix.de\/#website","url":"https:\/\/www.duonix.de\/","name":"Dispositivo de diagn\u00f3stico de motocicleta e veh\u00edculo","description":"Dispositivo de diagn\u00f3stico, herramientas para motocicletas, turismos, camiones, desarrollo.","potentialAction":[{"@type":"SearchAction","target":{"@type":"EntryPoint","urlTemplate":"https:\/\/www.duonix.de\/?s={search_term_string}"},"query-input":{"@type":"PropertyValueSpecification","valueRequired":true,"valueName":"search_term_string"}}],"inLanguage":"es"}]}},"_links":{"self":[{"href":"https:\/\/www.duonix.de\/es\/wp-json\/wp\/v2\/pages\/1995","targetHints":{"allow":["GET"]}}],"collection":[{"href":"https:\/\/www.duonix.de\/es\/wp-json\/wp\/v2\/pages"}],"about":[{"href":"https:\/\/www.duonix.de\/es\/wp-json\/wp\/v2\/types\/page"}],"author":[{"embeddable":true,"href":"https:\/\/www.duonix.de\/es\/wp-json\/wp\/v2\/users\/1"}],"replies":[{"embeddable":true,"href":"https:\/\/www.duonix.de\/es\/wp-json\/wp\/v2\/comments?post=1995"}],"version-history":[{"count":6,"href":"https:\/\/www.duonix.de\/es\/wp-json\/wp\/v2\/pages\/1995\/revisions"}],"predecessor-version":[{"id":3019,"href":"https:\/\/www.duonix.de\/es\/wp-json\/wp\/v2\/pages\/1995\/revisions\/3019"}],"up":[{"embeddable":true,"href":"https:\/\/www.duonix.de\/es\/wp-json\/wp\/v2\/pages\/1183"}],"wp:attachment":[{"href":"https:\/\/www.duonix.de\/es\/wp-json\/wp\/v2\/media?parent=1995"}],"curies":[{"name":"wp","href":"https:\/\/api.w.org\/{rel}","templated":true}]}}