{"id":2640,"date":"2020-11-11T10:33:19","date_gmt":"2020-11-11T10:33:19","guid":{"rendered":"https:\/\/www.duonix.de\/produkte\/digital-sensor-fuer-alarmanlage\/"},"modified":"2021-11-12T09:46:46","modified_gmt":"2021-11-12T09:46:46","slug":"digital-sensor-fuer-alarmanlage","status":"publish","type":"page","link":"https:\/\/www.duonix.de\/es\/produkte\/digital-sensor-fuer-alarmanlage\/","title":{"rendered":"Sensor digital para sistema de alarma"},"content":{"rendered":"\n<div data-uk-slideshow=\"{autoplay: true ,autoplayInterval: 2000,kenburns: '10s'}\">\n\n    <div class=\"uk-slidenav-position\">\n\n        <ul class=\"uk-slideshow\">\n        \n            <li style=\"min-height: 300px;\">\n\n                \n                    <img decoding=\"async\" src=\"\/wp-content\/uploads\/CZ7A0164_TFa_JPG.jpg\" alt=\"Digital Alarmanlagen Sensor\">\n                    \n                    \n                    \n                \n            <\/li>\n\n        \n            <li style=\"min-height: 300px;\">\n\n                \n                    <img decoding=\"async\" src=\"\/wp-content\/uploads\/CZ7A0166_TFa_JPG.jpg\" alt=\"Sensor mit Kabel\">\n                    \n                    \n                    \n                \n            <\/li>\n\n        \n            <li style=\"min-height: 300px;\">\n\n                \n                    <img decoding=\"async\" src=\"\/wp-content\/uploads\/CZ7A0168_TFa_JPG.jpg\" alt=\"Sensor mit Kabel und extern Microphone\">\n                    \n                    \n                    \n                \n            <\/li>\n\n        \n            <li style=\"min-height: 300px;\">\n\n                \n                    <img decoding=\"async\" src=\"\/wp-content\/uploads\/CZ7A0144a_TFa_JPG.jpg\" alt=\"Sensor PCB\">\n                    \n                    \n                    \n                \n            <\/li>\n\n                <\/ul>\n\n                <a href=\"#\" class=\"uk-slidenav uk-slidenav-contrast uk-slidenav-previous uk-hidden-touch\" data-uk-slideshow-item=\"previous\"><\/a>\n        <a href=\"#\" class=\"uk-slidenav uk-slidenav-contrast uk-slidenav-next uk-hidden-touch\" data-uk-slideshow-item=\"next\"><\/a>\n        \n                <div class=\"uk-overlay-panel uk-overlay-bottom\">\n            \n<ul class=\"uk-dotnav uk-dotnav-contrast uk-flex-center\">\n    <li data-uk-slideshow-item=\"0\"><a href=\"#\">Digital Alarmanlagen Sensor<\/a><\/li>\n    <li data-uk-slideshow-item=\"1\"><a href=\"#\">Sensor mit Kabel<\/a><\/li>\n    <li data-uk-slideshow-item=\"2\"><a href=\"#\">Sensor mit Kabel und extern Microphone<\/a><\/li>\n    <li data-uk-slideshow-item=\"3\"><a href=\"#\">Sensor PCB<\/a><\/li>\n<\/ul>\n        <\/div>\n        \n    <\/div>\n\n    \n<\/div>\n\r\n<p>&nbsp;<\/p>\r\n<p>Con el sensor digital obtiene protecci\u00f3n universal para su veh\u00edculo de motor. El sensor es compatible con casi todos los sistemas de alarma y le ofrece una vigilancia completa. Nuestro sensor est\u00e1 equipado con cuatro sensores digitales para evitar falsas alarmas y garantizar la seguridad de su autom\u00f3vil. El sensor controlado por microprocesador se analiza y se calibra autom\u00e1ticamente y hace su trabajo sin errores.<\/p>\r\n<p>&nbsp;<\/p>\r\n<ol>\r\n\t<li>Sensor de choque<\/li>\r\n<\/ol>\r\n<p>&nbsp;<\/p>\r\n<p>El sensor digital detecta cuando se golpean el veh\u00edculo o los neum\u00e1ticos.<\/p>\r\n<p>&nbsp;<\/p>\r\n<ol start=\"2\">\r\n\t<li>Sensor de inclinaci\u00f3n<\/li>\r\n<\/ol>\r\n<p>El sensor de inclinaci\u00f3n est\u00e1 destinado a proteger las llantas; si el \u00e1ngulo cambia, se dispara una alarma.<\/p>\r\n<p>&nbsp;<\/p>\r\n<ol start=\"3\">\r\n\t<li>Sensor de presi\u00f3n<\/li>\r\n<\/ol>\r\n<p>Detecta el cambio de altura y sirve como protecci\u00f3n de remolque.<\/p>\r\n<p>&nbsp;<\/p>\r\n<ol start=\"4\">\r\n\t<li>Sensor de presi\u00f3n de aire (vidrio roto)<\/li>\r\n<\/ol>\r\n<p>&nbsp;<\/p>\r\n<p>El sensor de presi\u00f3n de aire detecta cambios m\u00ednimos en el interior del veh\u00edculo. Si las condiciones de presi\u00f3n cambian abruptamente, al romper una ventana o abrir una puerta, se activa una alarma de inmediato.<\/p>\r\n<p>&nbsp;<\/p>\r\n<p><img loading=\"lazy\" decoding=\"async\" class=\"aligncenter wp-image-2625\" src=\"https:\/\/www.duonix.de\/wp-content\/uploads\/print_process_back_final-deutsch-w.jpg\" alt=\"\" width=\"718\" height=\"983\" srcset=\"https:\/\/www.duonix.de\/wp-content\/uploads\/print_process_back_final-deutsch-w.jpg 1735w, https:\/\/www.duonix.de\/wp-content\/uploads\/print_process_back_final-deutsch-w-768x1052.jpg 768w, https:\/\/www.duonix.de\/wp-content\/uploads\/print_process_back_final-deutsch-w-1122x1536.jpg 1122w, https:\/\/www.duonix.de\/wp-content\/uploads\/print_process_back_final-deutsch-w-1495x2048.jpg 1495w\" sizes=\"auto, (max-width: 718px) 100vw, 718px\" \/><\/p>\r\n<p>&nbsp;<\/p>","protected":false},"excerpt":{"rendered":"<p>&nbsp; Con el sensor digital obtiene protecci\u00f3n universal para su veh\u00edculo de motor. El sensor es compatible con casi todos los sistemas de alarma y le ofrece una vigilancia completa. Nuestro sensor est\u00e1 equipado con cuatro sensores digitales para evitar falsas alarmas y garantizar la seguridad de su autom\u00f3vil. El sensor controlado por microprocesador se [&hellip;]<\/p>\n","protected":false},"author":1,"featured_media":0,"parent":1183,"menu_order":0,"comment_status":"closed","ping_status":"closed","template":"","meta":{"footnotes":""},"class_list":["post-2640","page","type-page","status-publish","hentry"],"yoast_head":"<!-- This site is optimized with the Yoast SEO plugin v26.6 - https:\/\/yoast.com\/wordpress\/plugins\/seo\/ -->\n<title>digitales en uno para rotura de cristales del sistema de alarma de coche<\/title>\n<meta name=\"description\" content=\"Sistema de alarma 4 digitales uno para veh\u00edculos de motor Sensor de vibraci\u00f3n de impacto de inclinaci\u00f3n de presi\u00f3n de aire Rotura de vidrio\" \/>\n<meta name=\"robots\" content=\"index, follow, max-snippet:-1, max-image-preview:large, max-video-preview:-1\" \/>\n<link rel=\"canonical\" href=\"https:\/\/www.duonix.de\/produkte\/digital-sensor-fuer-alarmanlage\/\" \/>\n<meta property=\"og:locale\" content=\"es_ES\" \/>\n<meta property=\"og:type\" content=\"article\" \/>\n<meta property=\"og:title\" content=\"digitales en uno para rotura de cristales del sistema de alarma de coche\" \/>\n<meta property=\"og:description\" content=\"Sistema de alarma 4 digitales uno para veh\u00edculos de motor Sensor de vibraci\u00f3n de impacto de inclinaci\u00f3n de presi\u00f3n de aire Rotura de vidrio\" \/>\n<meta property=\"og:url\" content=\"https:\/\/www.duonix.de\/produkte\/digital-sensor-fuer-alarmanlage\/\" \/>\n<meta property=\"og:site_name\" content=\"Dispositivo de diagn\u00f3stico de motocicleta e veh\u00edculo\" \/>\n<meta property=\"article:modified_time\" content=\"2021-11-12T09:46:46+00:00\" \/>\n<meta property=\"og:image\" content=\"https:\/\/www.duonix.de\/wp-content\/uploads\/print_process_back_final-deutsch-w.jpg\" \/>\n<meta name=\"twitter:card\" content=\"summary_large_image\" \/>\n<meta name=\"twitter:label1\" content=\"Tiempo de lectura\" \/>\n\t<meta name=\"twitter:data1\" content=\"1 minuto\" \/>\n<script type=\"application\/ld+json\" class=\"yoast-schema-graph\">{\"@context\":\"https:\/\/schema.org\",\"@graph\":[{\"@type\":\"WebPage\",\"@id\":\"https:\/\/www.duonix.de\/produkte\/digital-sensor-fuer-alarmanlage\/\",\"url\":\"https:\/\/www.duonix.de\/produkte\/digital-sensor-fuer-alarmanlage\/\",\"name\":\"digitales en uno para rotura de cristales del sistema de alarma de coche\",\"isPartOf\":{\"@id\":\"https:\/\/www.duonix.de\/#website\"},\"primaryImageOfPage\":{\"@id\":\"https:\/\/www.duonix.de\/produkte\/digital-sensor-fuer-alarmanlage\/#primaryimage\"},\"image\":{\"@id\":\"https:\/\/www.duonix.de\/produkte\/digital-sensor-fuer-alarmanlage\/#primaryimage\"},\"thumbnailUrl\":\"https:\/\/www.duonix.de\/wp-content\/uploads\/print_process_back_final-deutsch-w.jpg\",\"datePublished\":\"2020-11-11T10:33:19+00:00\",\"dateModified\":\"2021-11-12T09:46:46+00:00\",\"description\":\"Sistema de alarma 4 digitales uno para veh\u00edculos de motor Sensor de vibraci\u00f3n de impacto de inclinaci\u00f3n de presi\u00f3n de aire Rotura de vidrio\",\"breadcrumb\":{\"@id\":\"https:\/\/www.duonix.de\/produkte\/digital-sensor-fuer-alarmanlage\/#breadcrumb\"},\"inLanguage\":\"es\",\"potentialAction\":[{\"@type\":\"ReadAction\",\"target\":[\"https:\/\/www.duonix.de\/produkte\/digital-sensor-fuer-alarmanlage\/\"]}]},{\"@type\":\"ImageObject\",\"inLanguage\":\"es\",\"@id\":\"https:\/\/www.duonix.de\/produkte\/digital-sensor-fuer-alarmanlage\/#primaryimage\",\"url\":\"https:\/\/www.duonix.de\/wp-content\/uploads\/print_process_back_final-deutsch-w.jpg\",\"contentUrl\":\"https:\/\/www.duonix.de\/wp-content\/uploads\/print_process_back_final-deutsch-w.jpg\"},{\"@type\":\"BreadcrumbList\",\"@id\":\"https:\/\/www.duonix.de\/produkte\/digital-sensor-fuer-alarmanlage\/#breadcrumb\",\"itemListElement\":[{\"@type\":\"ListItem\",\"position\":1,\"name\":\"Home\",\"item\":\"https:\/\/www.duonix.de\/es\/\"},{\"@type\":\"ListItem\",\"position\":2,\"name\":\"Produkte\",\"item\":\"https:\/\/www.duonix.de\/produkte\/\"},{\"@type\":\"ListItem\",\"position\":3,\"name\":\"Sensor digital para sistema de alarma\"}]},{\"@type\":\"WebSite\",\"@id\":\"https:\/\/www.duonix.de\/#website\",\"url\":\"https:\/\/www.duonix.de\/\",\"name\":\"Dispositivo de diagn\u00f3stico de motocicleta e veh\u00edculo\",\"description\":\"Dispositivo de diagn\u00f3stico, herramientas para motocicletas, turismos, camiones, desarrollo.\",\"potentialAction\":[{\"@type\":\"SearchAction\",\"target\":{\"@type\":\"EntryPoint\",\"urlTemplate\":\"https:\/\/www.duonix.de\/?s={search_term_string}\"},\"query-input\":{\"@type\":\"PropertyValueSpecification\",\"valueRequired\":true,\"valueName\":\"search_term_string\"}}],\"inLanguage\":\"es\"}]}<\/script>\n<!-- \/ Yoast SEO plugin. -->","yoast_head_json":{"title":"digitales en uno para rotura de cristales del sistema de alarma de coche","description":"Sistema de alarma 4 digitales uno para veh\u00edculos de motor Sensor de vibraci\u00f3n de impacto de inclinaci\u00f3n de presi\u00f3n de aire Rotura de vidrio","robots":{"index":"index","follow":"follow","max-snippet":"max-snippet:-1","max-image-preview":"max-image-preview:large","max-video-preview":"max-video-preview:-1"},"canonical":"https:\/\/www.duonix.de\/produkte\/digital-sensor-fuer-alarmanlage\/","og_locale":"es_ES","og_type":"article","og_title":"digitales en uno para rotura de cristales del sistema de alarma de coche","og_description":"Sistema de alarma 4 digitales uno para veh\u00edculos de motor Sensor de vibraci\u00f3n de impacto de inclinaci\u00f3n de presi\u00f3n de aire Rotura de vidrio","og_url":"https:\/\/www.duonix.de\/produkte\/digital-sensor-fuer-alarmanlage\/","og_site_name":"Dispositivo de diagn\u00f3stico de motocicleta e veh\u00edculo","article_modified_time":"2021-11-12T09:46:46+00:00","og_image":[{"url":"https:\/\/www.duonix.de\/wp-content\/uploads\/print_process_back_final-deutsch-w.jpg","type":"","width":"","height":""}],"twitter_card":"summary_large_image","twitter_misc":{"Tiempo de lectura":"1 minuto"},"schema":{"@context":"https:\/\/schema.org","@graph":[{"@type":"WebPage","@id":"https:\/\/www.duonix.de\/produkte\/digital-sensor-fuer-alarmanlage\/","url":"https:\/\/www.duonix.de\/produkte\/digital-sensor-fuer-alarmanlage\/","name":"digitales en uno para rotura de cristales del sistema de alarma de coche","isPartOf":{"@id":"https:\/\/www.duonix.de\/#website"},"primaryImageOfPage":{"@id":"https:\/\/www.duonix.de\/produkte\/digital-sensor-fuer-alarmanlage\/#primaryimage"},"image":{"@id":"https:\/\/www.duonix.de\/produkte\/digital-sensor-fuer-alarmanlage\/#primaryimage"},"thumbnailUrl":"https:\/\/www.duonix.de\/wp-content\/uploads\/print_process_back_final-deutsch-w.jpg","datePublished":"2020-11-11T10:33:19+00:00","dateModified":"2021-11-12T09:46:46+00:00","description":"Sistema de alarma 4 digitales uno para veh\u00edculos de motor Sensor de vibraci\u00f3n de impacto de inclinaci\u00f3n de presi\u00f3n de aire Rotura de vidrio","breadcrumb":{"@id":"https:\/\/www.duonix.de\/produkte\/digital-sensor-fuer-alarmanlage\/#breadcrumb"},"inLanguage":"es","potentialAction":[{"@type":"ReadAction","target":["https:\/\/www.duonix.de\/produkte\/digital-sensor-fuer-alarmanlage\/"]}]},{"@type":"ImageObject","inLanguage":"es","@id":"https:\/\/www.duonix.de\/produkte\/digital-sensor-fuer-alarmanlage\/#primaryimage","url":"https:\/\/www.duonix.de\/wp-content\/uploads\/print_process_back_final-deutsch-w.jpg","contentUrl":"https:\/\/www.duonix.de\/wp-content\/uploads\/print_process_back_final-deutsch-w.jpg"},{"@type":"BreadcrumbList","@id":"https:\/\/www.duonix.de\/produkte\/digital-sensor-fuer-alarmanlage\/#breadcrumb","itemListElement":[{"@type":"ListItem","position":1,"name":"Home","item":"https:\/\/www.duonix.de\/es\/"},{"@type":"ListItem","position":2,"name":"Produkte","item":"https:\/\/www.duonix.de\/produkte\/"},{"@type":"ListItem","position":3,"name":"Sensor digital para sistema de alarma"}]},{"@type":"WebSite","@id":"https:\/\/www.duonix.de\/#website","url":"https:\/\/www.duonix.de\/","name":"Dispositivo de diagn\u00f3stico de motocicleta e veh\u00edculo","description":"Dispositivo de diagn\u00f3stico, herramientas para motocicletas, turismos, camiones, desarrollo.","potentialAction":[{"@type":"SearchAction","target":{"@type":"EntryPoint","urlTemplate":"https:\/\/www.duonix.de\/?s={search_term_string}"},"query-input":{"@type":"PropertyValueSpecification","valueRequired":true,"valueName":"search_term_string"}}],"inLanguage":"es"}]}},"_links":{"self":[{"href":"https:\/\/www.duonix.de\/es\/wp-json\/wp\/v2\/pages\/2640","targetHints":{"allow":["GET"]}}],"collection":[{"href":"https:\/\/www.duonix.de\/es\/wp-json\/wp\/v2\/pages"}],"about":[{"href":"https:\/\/www.duonix.de\/es\/wp-json\/wp\/v2\/types\/page"}],"author":[{"embeddable":true,"href":"https:\/\/www.duonix.de\/es\/wp-json\/wp\/v2\/users\/1"}],"replies":[{"embeddable":true,"href":"https:\/\/www.duonix.de\/es\/wp-json\/wp\/v2\/comments?post=2640"}],"version-history":[{"count":4,"href":"https:\/\/www.duonix.de\/es\/wp-json\/wp\/v2\/pages\/2640\/revisions"}],"predecessor-version":[{"id":3116,"href":"https:\/\/www.duonix.de\/es\/wp-json\/wp\/v2\/pages\/2640\/revisions\/3116"}],"up":[{"embeddable":true,"href":"https:\/\/www.duonix.de\/es\/wp-json\/wp\/v2\/pages\/1183"}],"wp:attachment":[{"href":"https:\/\/www.duonix.de\/es\/wp-json\/wp\/v2\/media?parent=2640"}],"curies":[{"name":"wp","href":"https:\/\/api.w.org\/{rel}","templated":true}]}}