{"id":2954,"date":"2021-11-05T18:37:59","date_gmt":"2021-11-05T18:37:59","guid":{"rendered":"https:\/\/www.duonix.de\/hilfe-support\/"},"modified":"2021-11-08T09:00:28","modified_gmt":"2021-11-08T09:00:28","slug":"hilfe-support","status":"publish","type":"page","link":"https:\/\/www.duonix.de\/es\/hilfe-support\/","title":{"rendered":"Ayuda y apoyo"},"content":{"rendered":"<p>Ayuda y soporte para motocicletas, autom\u00f3viles, base de datos de diagn\u00f3stico, verificaci\u00f3n, actualizaci\u00f3n de firmware, dispositivo de diagn\u00f3stico, actualizaci\u00f3n del software del autom\u00f3vil.<\/p>","protected":false},"excerpt":{"rendered":"<p>Ayuda y soporte para motocicletas, autom\u00f3viles, base de datos de diagn\u00f3stico, verificaci\u00f3n, actualizaci\u00f3n de firmware, dispositivo de diagn\u00f3stico, actualizaci\u00f3n del software del autom\u00f3vil.<\/p>\n","protected":false},"author":1,"featured_media":0,"parent":0,"menu_order":0,"comment_status":"closed","ping_status":"closed","template":"","meta":{"footnotes":""},"class_list":["post-2954","page","type-page","status-publish","hentry"],"yoast_head":"<!-- This site is optimized with the Yoast SEO plugin v26.6 - https:\/\/yoast.com\/wordpress\/plugins\/seo\/ -->\n<title>soporte para motocicletas, autom\u00f3viles, base de datos de diagn\u00f3stico<\/title>\n<meta name=\"description\" content=\"Ayuda y soporte de la base de datos de diagn\u00f3stico de la motocicleta, verifique la actualizaci\u00f3n del firmware, el dispositivo de diagn\u00f3stico\" \/>\n<meta name=\"robots\" content=\"index, follow, max-snippet:-1, max-image-preview:large, max-video-preview:-1\" \/>\n<link rel=\"canonical\" href=\"https:\/\/www.duonix.de\/es\/hilfe-support\/\" \/>\n<meta property=\"og:locale\" content=\"es_ES\" \/>\n<meta property=\"og:type\" content=\"article\" \/>\n<meta property=\"og:title\" content=\"soporte para motocicletas, autom\u00f3viles, base de datos de diagn\u00f3stico\" \/>\n<meta property=\"og:description\" content=\"Ayuda y soporte de la base de datos de diagn\u00f3stico de la motocicleta, verifique la actualizaci\u00f3n del firmware, el dispositivo de diagn\u00f3stico\" \/>\n<meta property=\"og:url\" content=\"https:\/\/www.duonix.de\/es\/hilfe-support\/\" \/>\n<meta property=\"og:site_name\" content=\"Dispositivo de diagn\u00f3stico de motocicleta e veh\u00edculo\" \/>\n<meta property=\"article:modified_time\" content=\"2021-11-08T09:00:28+00:00\" \/>\n<meta name=\"twitter:card\" content=\"summary_large_image\" \/>\n<script type=\"application\/ld+json\" class=\"yoast-schema-graph\">{\"@context\":\"https:\/\/schema.org\",\"@graph\":[{\"@type\":\"WebPage\",\"@id\":\"https:\/\/www.duonix.de\/es\/hilfe-support\/\",\"url\":\"https:\/\/www.duonix.de\/es\/hilfe-support\/\",\"name\":\"soporte para motocicletas, autom\u00f3viles, base de datos de diagn\u00f3stico\",\"isPartOf\":{\"@id\":\"https:\/\/www.duonix.de\/#website\"},\"datePublished\":\"2021-11-05T18:37:59+00:00\",\"dateModified\":\"2021-11-08T09:00:28+00:00\",\"description\":\"Ayuda y soporte de la base de datos de diagn\u00f3stico de la motocicleta, verifique la actualizaci\u00f3n del firmware, el dispositivo de diagn\u00f3stico\",\"breadcrumb\":{\"@id\":\"https:\/\/www.duonix.de\/es\/hilfe-support\/#breadcrumb\"},\"inLanguage\":\"es\",\"potentialAction\":[{\"@type\":\"ReadAction\",\"target\":[\"https:\/\/www.duonix.de\/es\/hilfe-support\/\"]}]},{\"@type\":\"BreadcrumbList\",\"@id\":\"https:\/\/www.duonix.de\/es\/hilfe-support\/#breadcrumb\",\"itemListElement\":[{\"@type\":\"ListItem\",\"position\":1,\"name\":\"Home\",\"item\":\"https:\/\/www.duonix.de\/es\/\"},{\"@type\":\"ListItem\",\"position\":2,\"name\":\"Ayuda y apoyo\"}]},{\"@type\":\"WebSite\",\"@id\":\"https:\/\/www.duonix.de\/#website\",\"url\":\"https:\/\/www.duonix.de\/\",\"name\":\"Dispositivo de diagn\u00f3stico de motocicleta e veh\u00edculo\",\"description\":\"Dispositivo de diagn\u00f3stico, herramientas para motocicletas, turismos, camiones, desarrollo.\",\"potentialAction\":[{\"@type\":\"SearchAction\",\"target\":{\"@type\":\"EntryPoint\",\"urlTemplate\":\"https:\/\/www.duonix.de\/?s={search_term_string}\"},\"query-input\":{\"@type\":\"PropertyValueSpecification\",\"valueRequired\":true,\"valueName\":\"search_term_string\"}}],\"inLanguage\":\"es\"}]}<\/script>\n<!-- \/ Yoast SEO plugin. -->","yoast_head_json":{"title":"soporte para motocicletas, autom\u00f3viles, base de datos de diagn\u00f3stico","description":"Ayuda y soporte de la base de datos de diagn\u00f3stico de la motocicleta, verifique la actualizaci\u00f3n del firmware, el dispositivo de diagn\u00f3stico","robots":{"index":"index","follow":"follow","max-snippet":"max-snippet:-1","max-image-preview":"max-image-preview:large","max-video-preview":"max-video-preview:-1"},"canonical":"https:\/\/www.duonix.de\/es\/hilfe-support\/","og_locale":"es_ES","og_type":"article","og_title":"soporte para motocicletas, autom\u00f3viles, base de datos de diagn\u00f3stico","og_description":"Ayuda y soporte de la base de datos de diagn\u00f3stico de la motocicleta, verifique la actualizaci\u00f3n del firmware, el dispositivo de diagn\u00f3stico","og_url":"https:\/\/www.duonix.de\/es\/hilfe-support\/","og_site_name":"Dispositivo de diagn\u00f3stico de motocicleta e veh\u00edculo","article_modified_time":"2021-11-08T09:00:28+00:00","twitter_card":"summary_large_image","schema":{"@context":"https:\/\/schema.org","@graph":[{"@type":"WebPage","@id":"https:\/\/www.duonix.de\/es\/hilfe-support\/","url":"https:\/\/www.duonix.de\/es\/hilfe-support\/","name":"soporte para motocicletas, autom\u00f3viles, base de datos de diagn\u00f3stico","isPartOf":{"@id":"https:\/\/www.duonix.de\/#website"},"datePublished":"2021-11-05T18:37:59+00:00","dateModified":"2021-11-08T09:00:28+00:00","description":"Ayuda y soporte de la base de datos de diagn\u00f3stico de la motocicleta, verifique la actualizaci\u00f3n del firmware, el dispositivo de diagn\u00f3stico","breadcrumb":{"@id":"https:\/\/www.duonix.de\/es\/hilfe-support\/#breadcrumb"},"inLanguage":"es","potentialAction":[{"@type":"ReadAction","target":["https:\/\/www.duonix.de\/es\/hilfe-support\/"]}]},{"@type":"BreadcrumbList","@id":"https:\/\/www.duonix.de\/es\/hilfe-support\/#breadcrumb","itemListElement":[{"@type":"ListItem","position":1,"name":"Home","item":"https:\/\/www.duonix.de\/es\/"},{"@type":"ListItem","position":2,"name":"Ayuda y apoyo"}]},{"@type":"WebSite","@id":"https:\/\/www.duonix.de\/#website","url":"https:\/\/www.duonix.de\/","name":"Dispositivo de diagn\u00f3stico de motocicleta e veh\u00edculo","description":"Dispositivo de diagn\u00f3stico, herramientas para motocicletas, turismos, camiones, desarrollo.","potentialAction":[{"@type":"SearchAction","target":{"@type":"EntryPoint","urlTemplate":"https:\/\/www.duonix.de\/?s={search_term_string}"},"query-input":{"@type":"PropertyValueSpecification","valueRequired":true,"valueName":"search_term_string"}}],"inLanguage":"es"}]}},"_links":{"self":[{"href":"https:\/\/www.duonix.de\/es\/wp-json\/wp\/v2\/pages\/2954","targetHints":{"allow":["GET"]}}],"collection":[{"href":"https:\/\/www.duonix.de\/es\/wp-json\/wp\/v2\/pages"}],"about":[{"href":"https:\/\/www.duonix.de\/es\/wp-json\/wp\/v2\/types\/page"}],"author":[{"embeddable":true,"href":"https:\/\/www.duonix.de\/es\/wp-json\/wp\/v2\/users\/1"}],"replies":[{"embeddable":true,"href":"https:\/\/www.duonix.de\/es\/wp-json\/wp\/v2\/comments?post=2954"}],"version-history":[{"count":4,"href":"https:\/\/www.duonix.de\/es\/wp-json\/wp\/v2\/pages\/2954\/revisions"}],"predecessor-version":[{"id":3044,"href":"https:\/\/www.duonix.de\/es\/wp-json\/wp\/v2\/pages\/2954\/revisions\/3044"}],"wp:attachment":[{"href":"https:\/\/www.duonix.de\/es\/wp-json\/wp\/v2\/media?parent=2954"}],"curies":[{"name":"wp","href":"https:\/\/api.w.org\/{rel}","templated":true}]}}