{"id":3125,"date":"2021-11-12T10:06:54","date_gmt":"2021-11-12T10:06:54","guid":{"rendered":"https:\/\/www.duonix.de\/diagnose-fuer-ducati\/"},"modified":"2023-04-10T11:18:08","modified_gmt":"2023-04-10T11:18:08","slug":"diagnose-fuer-ducati","status":"publish","type":"page","link":"https:\/\/www.duonix.de\/es\/diagnose-fuer-ducati\/","title":{"rendered":"Diagn\u00f3stico para Ducati"},"content":{"rendered":"\n<div data-uk-slideshow=\"{duration: 1000,autoplay: true ,autoplayInterval: 3000,pauseOnHover: false,kenburns: '15s'}\">\n\n    <div class=\"uk-slidenav-position\">\n\n        <ul class=\"uk-slideshow\">\n        \n            <li style=\"min-height: 300px;\">\n\n                \n                    <img decoding=\"async\" src=\"\/wp-content\/uploads\/CZ7A4465_TFa.jpg\">\n                    \n                    \n                    \n                \n            <\/li>\n\n        \n            <li style=\"min-height: 300px;\">\n\n                \n                    <img decoding=\"async\" src=\"\/wp-content\/uploads\/CZ7A4405_TFa.jpg\">\n                    \n                    \n                    \n                \n            <\/li>\n\n        \n            <li style=\"min-height: 300px;\">\n\n                \n                    <img decoding=\"async\" src=\"\/wp-content\/uploads\/CZ7A4512_TFa.jpg\">\n                    \n                    \n                    \n                \n            <\/li>\n\n        \n            <li style=\"min-height: 300px;\">\n\n                \n                    <img decoding=\"async\" src=\"\/wp-content\/uploads\/CZ7A4517_TFa.jpg\">\n                    \n                    \n                    \n                \n            <\/li>\n\n        \n            <li style=\"min-height: 300px;\">\n\n                \n                    <img decoding=\"async\" src=\"\/wp-content\/uploads\/CZ7A4583a.jpg\">\n                    \n                    \n                    \n                \n            <\/li>\n\n        \n            <li style=\"min-height: 300px;\">\n\n                \n                    <img decoding=\"async\" src=\"\/wp-content\/uploads\/CZ7A4582a.jpg\">\n                    \n                    \n                    \n                \n            <\/li>\n\n                <\/ul>\n\n                <a href=\"#\" class=\"uk-slidenav uk-slidenav-contrast uk-slidenav-previous uk-hidden-touch\" data-uk-slideshow-item=\"previous\"><\/a>\n        <a href=\"#\" class=\"uk-slidenav uk-slidenav-contrast uk-slidenav-next uk-hidden-touch\" data-uk-slideshow-item=\"next\"><\/a>\n        \n                <div class=\"uk-overlay-panel uk-overlay-bottom\">\n            \n<ul class=\"uk-dotnav uk-dotnav-contrast uk-flex-center\">\n    <li data-uk-slideshow-item=\"0\"><a href=\"#\"><\/a><\/li>\n    <li data-uk-slideshow-item=\"1\"><a href=\"#\"><\/a><\/li>\n    <li data-uk-slideshow-item=\"2\"><a href=\"#\"><\/a><\/li>\n    <li data-uk-slideshow-item=\"3\"><a href=\"#\"><\/a><\/li>\n    <li data-uk-slideshow-item=\"4\"><a href=\"#\"><\/a><\/li>\n    <li data-uk-slideshow-item=\"5\"><a href=\"#\"><\/a><\/li>\n<\/ul>\n        <\/div>\n        \n    <\/div>\n\n    \n<\/div>\n\r\n<p>&nbsp;<\/p>\r\n<h3><strong>Herramienta de diagn\u00f3stico profesional para motocicletas Ducati<\/strong><\/h3>\r\n<p>&nbsp;<\/p>\r\n<p>El Bikescan 2 para el diagn\u00f3stico profesional de la unidad de control en motocicletas Ducati es peque\u00f1o y potente. El sistema cubre toda la electr\u00f3nica de la motocicleta y facilita al usuario la resoluci\u00f3n de problemas en la motocicleta. Debido a las muchas funciones especiales, el Bike-Scan2 Pro se ha convertido en una parte indispensable de un taller moderno.<\/p>\r\n<p>&nbsp;<\/p>\r\n<h4>Ejemplo de funciones especiales Ducati.<\/h4>\r\n<p><br \/>\r\nSe pueden realizar las siguientes codificaciones.<\/p>\r\n<p>Activar \u2013 Desactivar: TPMS (TPMS), D-Air, faros antiniebla, Quick Shifter, pu\u00f1os calefactables, sistema de alarma, Bluetooth<\/p>\r\n<p>Se pueden restablecer otras funciones:<\/p>\r\n<p>Restablecimiento de servicio, Desmo, Acelerador TPS, Niveles de combustible, Bater\u00eda, etc.<\/p>\r\n<p>Programaci\u00f3n del ajuste de KM despu\u00e9s del cambio de centralita.<\/p>\r\n<p>&nbsp;<\/p>\r\n<h3><strong>Admite los siguientes modelos de Ducati:<\/strong><\/h3>\r\n<p>&nbsp;<\/p>\r\n<p>1000<\/p>\r\n<p>1098 \/ R<\/p>\r\n<p>1198 \/ R \/ Corsa \/ SP<\/p>\r\n<p>1199 Panigale \/ R \/ S \/ Tricolore \/ Superleggera<\/p>\r\n<p>1299 Panigale R Final Edition \/ Superleggera \/ Anniversario<\/p>\r\n<p>620 \/ 748 \/ 749 \/ 750 \/ 800 \/ 848 EVO \/ 899 Panigale \/ 900 \/ 998 \/999<\/p>\r\n<p>Monster 1200 \/ 1000 \/ 1100\/ 659 \/ 797 \/ 800\/ 900\/ 821 \/ Stripe \/ 400\/ 620 \/ 695 \/ 696<\/p>\r\n<p>Multistrada 950 \/ 1200 Enduro Pro \/ Granturismo \/ Pikes Peak \/ Touring<\/p>\r\n<p>Scrambler Classic \/ Full \/ Icon \/ Mach 2.0 \/ Street<\/p>\r\n<p>Supersport \/ S<\/p>\r\n<p>Streetfighter<\/p>\r\n<p>Superleggera<\/p>\r\n<p>Demosedici<\/p>\r\n<p>Panigale V4 \/ S<\/p>\r\n<p>Diavel \/ Carbon \/ Cromo Dark \/ Diesel \/ E3 \/ Strada \/ Titanium<\/p>\r\n<p>Hypermotard 1100 \/ SP \/ EVO \/<\/p>\r\n<p>Hypermotard 796 \/ 821 \/ SP \/ 939 \/ 950<\/p>","protected":false},"excerpt":{"rendered":"<p>&nbsp; Herramienta de diagn\u00f3stico profesional para motocicletas Ducati &nbsp; El Bikescan 2 para el diagn\u00f3stico profesional de la unidad de control en motocicletas Ducati es peque\u00f1o y potente. El sistema cubre toda la electr\u00f3nica de la motocicleta y facilita al usuario la resoluci\u00f3n de problemas en la motocicleta. Debido a las muchas funciones especiales, el [&hellip;]<\/p>\n","protected":false},"author":1,"featured_media":0,"parent":0,"menu_order":0,"comment_status":"closed","ping_status":"closed","template":"","meta":{"footnotes":""},"class_list":["post-3125","page","type-page","status-publish","hentry"],"yoast_head":"<!-- This site is optimized with the Yoast SEO plugin v26.6 - https:\/\/yoast.com\/wordpress\/plugins\/seo\/ -->\n<title>Dispositivo de diagn\u00f3stico de motocicleta sistema Ducati herramienta<\/title>\n<meta name=\"description\" content=\"Dispositivo de diagn\u00f3stico de motocicleta Ducati Panigale Multistrada Scrambler Supersport Diavel Hypermotard Monster Streetfighter EVO 1299\" \/>\n<meta name=\"robots\" content=\"index, follow, max-snippet:-1, max-image-preview:large, max-video-preview:-1\" \/>\n<link rel=\"canonical\" href=\"https:\/\/www.duonix.de\/diagnose-fuer-ducati\/\" \/>\n<meta property=\"og:locale\" content=\"es_ES\" \/>\n<meta property=\"og:type\" content=\"article\" \/>\n<meta property=\"og:title\" content=\"Dispositivo de diagn\u00f3stico de motocicleta sistema Ducati herramienta\" \/>\n<meta property=\"og:description\" content=\"Dispositivo de diagn\u00f3stico de motocicleta Ducati Panigale Multistrada Scrambler Supersport Diavel Hypermotard Monster Streetfighter EVO 1299\" \/>\n<meta property=\"og:url\" content=\"https:\/\/www.duonix.de\/diagnose-fuer-ducati\/\" \/>\n<meta property=\"og:site_name\" content=\"Dispositivo de diagn\u00f3stico de motocicleta e veh\u00edculo\" \/>\n<meta property=\"article:modified_time\" content=\"2023-04-10T11:18:08+00:00\" \/>\n<meta name=\"twitter:card\" content=\"summary_large_image\" \/>\n<meta name=\"twitter:label1\" content=\"Tiempo de lectura\" \/>\n\t<meta name=\"twitter:data1\" content=\"1 minuto\" \/>\n<script type=\"application\/ld+json\" class=\"yoast-schema-graph\">{\"@context\":\"https:\/\/schema.org\",\"@graph\":[{\"@type\":\"WebPage\",\"@id\":\"https:\/\/www.duonix.de\/diagnose-fuer-ducati\/\",\"url\":\"https:\/\/www.duonix.de\/diagnose-fuer-ducati\/\",\"name\":\"Dispositivo de diagn\u00f3stico de motocicleta sistema Ducati herramienta\",\"isPartOf\":{\"@id\":\"https:\/\/www.duonix.de\/#website\"},\"datePublished\":\"2021-11-12T10:06:54+00:00\",\"dateModified\":\"2023-04-10T11:18:08+00:00\",\"description\":\"Dispositivo de diagn\u00f3stico de motocicleta Ducati Panigale Multistrada Scrambler Supersport Diavel Hypermotard Monster Streetfighter EVO 1299\",\"breadcrumb\":{\"@id\":\"https:\/\/www.duonix.de\/diagnose-fuer-ducati\/#breadcrumb\"},\"inLanguage\":\"es\",\"potentialAction\":[{\"@type\":\"ReadAction\",\"target\":[\"https:\/\/www.duonix.de\/diagnose-fuer-ducati\/\"]}]},{\"@type\":\"BreadcrumbList\",\"@id\":\"https:\/\/www.duonix.de\/diagnose-fuer-ducati\/#breadcrumb\",\"itemListElement\":[{\"@type\":\"ListItem\",\"position\":1,\"name\":\"Home\",\"item\":\"https:\/\/www.duonix.de\/es\/\"},{\"@type\":\"ListItem\",\"position\":2,\"name\":\"Diagn\u00f3stico para Ducati\"}]},{\"@type\":\"WebSite\",\"@id\":\"https:\/\/www.duonix.de\/#website\",\"url\":\"https:\/\/www.duonix.de\/\",\"name\":\"Dispositivo de diagn\u00f3stico de motocicleta e veh\u00edculo\",\"description\":\"Dispositivo de diagn\u00f3stico, herramientas para motocicletas, turismos, camiones, desarrollo.\",\"potentialAction\":[{\"@type\":\"SearchAction\",\"target\":{\"@type\":\"EntryPoint\",\"urlTemplate\":\"https:\/\/www.duonix.de\/?s={search_term_string}\"},\"query-input\":{\"@type\":\"PropertyValueSpecification\",\"valueRequired\":true,\"valueName\":\"search_term_string\"}}],\"inLanguage\":\"es\"}]}<\/script>\n<!-- \/ Yoast SEO plugin. -->","yoast_head_json":{"title":"Dispositivo de diagn\u00f3stico de motocicleta sistema Ducati herramienta","description":"Dispositivo de diagn\u00f3stico de motocicleta Ducati Panigale Multistrada Scrambler Supersport Diavel Hypermotard Monster Streetfighter EVO 1299","robots":{"index":"index","follow":"follow","max-snippet":"max-snippet:-1","max-image-preview":"max-image-preview:large","max-video-preview":"max-video-preview:-1"},"canonical":"https:\/\/www.duonix.de\/diagnose-fuer-ducati\/","og_locale":"es_ES","og_type":"article","og_title":"Dispositivo de diagn\u00f3stico de motocicleta sistema Ducati herramienta","og_description":"Dispositivo de diagn\u00f3stico de motocicleta Ducati Panigale Multistrada Scrambler Supersport Diavel Hypermotard Monster Streetfighter EVO 1299","og_url":"https:\/\/www.duonix.de\/diagnose-fuer-ducati\/","og_site_name":"Dispositivo de diagn\u00f3stico de motocicleta e veh\u00edculo","article_modified_time":"2023-04-10T11:18:08+00:00","twitter_card":"summary_large_image","twitter_misc":{"Tiempo de lectura":"1 minuto"},"schema":{"@context":"https:\/\/schema.org","@graph":[{"@type":"WebPage","@id":"https:\/\/www.duonix.de\/diagnose-fuer-ducati\/","url":"https:\/\/www.duonix.de\/diagnose-fuer-ducati\/","name":"Dispositivo de diagn\u00f3stico de motocicleta sistema Ducati herramienta","isPartOf":{"@id":"https:\/\/www.duonix.de\/#website"},"datePublished":"2021-11-12T10:06:54+00:00","dateModified":"2023-04-10T11:18:08+00:00","description":"Dispositivo de diagn\u00f3stico de motocicleta Ducati Panigale Multistrada Scrambler Supersport Diavel Hypermotard Monster Streetfighter EVO 1299","breadcrumb":{"@id":"https:\/\/www.duonix.de\/diagnose-fuer-ducati\/#breadcrumb"},"inLanguage":"es","potentialAction":[{"@type":"ReadAction","target":["https:\/\/www.duonix.de\/diagnose-fuer-ducati\/"]}]},{"@type":"BreadcrumbList","@id":"https:\/\/www.duonix.de\/diagnose-fuer-ducati\/#breadcrumb","itemListElement":[{"@type":"ListItem","position":1,"name":"Home","item":"https:\/\/www.duonix.de\/es\/"},{"@type":"ListItem","position":2,"name":"Diagn\u00f3stico para Ducati"}]},{"@type":"WebSite","@id":"https:\/\/www.duonix.de\/#website","url":"https:\/\/www.duonix.de\/","name":"Dispositivo de diagn\u00f3stico de motocicleta e veh\u00edculo","description":"Dispositivo de diagn\u00f3stico, herramientas para motocicletas, turismos, camiones, desarrollo.","potentialAction":[{"@type":"SearchAction","target":{"@type":"EntryPoint","urlTemplate":"https:\/\/www.duonix.de\/?s={search_term_string}"},"query-input":{"@type":"PropertyValueSpecification","valueRequired":true,"valueName":"search_term_string"}}],"inLanguage":"es"}]}},"_links":{"self":[{"href":"https:\/\/www.duonix.de\/es\/wp-json\/wp\/v2\/pages\/3125","targetHints":{"allow":["GET"]}}],"collection":[{"href":"https:\/\/www.duonix.de\/es\/wp-json\/wp\/v2\/pages"}],"about":[{"href":"https:\/\/www.duonix.de\/es\/wp-json\/wp\/v2\/types\/page"}],"author":[{"embeddable":true,"href":"https:\/\/www.duonix.de\/es\/wp-json\/wp\/v2\/users\/1"}],"replies":[{"embeddable":true,"href":"https:\/\/www.duonix.de\/es\/wp-json\/wp\/v2\/comments?post=3125"}],"version-history":[{"count":6,"href":"https:\/\/www.duonix.de\/es\/wp-json\/wp\/v2\/pages\/3125\/revisions"}],"predecessor-version":[{"id":3632,"href":"https:\/\/www.duonix.de\/es\/wp-json\/wp\/v2\/pages\/3125\/revisions\/3632"}],"wp:attachment":[{"href":"https:\/\/www.duonix.de\/es\/wp-json\/wp\/v2\/media?parent=3125"}],"curies":[{"name":"wp","href":"https:\/\/api.w.org\/{rel}","templated":true}]}}