{"id":3168,"date":"2021-11-12T16:21:32","date_gmt":"2021-11-12T16:21:32","guid":{"rendered":"https:\/\/www.duonix.de\/diagnose-fuer-ktm\/"},"modified":"2023-10-16T09:10:38","modified_gmt":"2023-10-16T09:10:38","slug":"diagnose-fuer-ktm","status":"publish","type":"page","link":"https:\/\/www.duonix.de\/es\/diagnose-fuer-ktm\/","title":{"rendered":"Diagn\u00f3stico para KTM"},"content":{"rendered":"\n<div data-uk-slideshow=\"{duration: 1000,autoplay: true ,autoplayInterval: 3000,pauseOnHover: false,kenburns: '15s'}\">\n\n    <div class=\"uk-slidenav-position\">\n\n        <ul class=\"uk-slideshow\">\n        \n            <li style=\"min-height: 300px;\">\n\n                \n                    <img decoding=\"async\" src=\"\/wp-content\/uploads\/CZ7A4465_TFa.jpg\">\n                    \n                    \n                    \n                \n            <\/li>\n\n        \n            <li style=\"min-height: 300px;\">\n\n                \n                    <img decoding=\"async\" src=\"\/wp-content\/uploads\/CZ7A4405_TFa.jpg\">\n                    \n                    \n                    \n                \n            <\/li>\n\n        \n            <li style=\"min-height: 300px;\">\n\n                \n                    <img decoding=\"async\" src=\"\/wp-content\/uploads\/CZ7A4532_TFa.jpg\">\n                    \n                    \n                    \n                \n            <\/li>\n\n        \n            <li style=\"min-height: 300px;\">\n\n                \n                    <img decoding=\"async\" src=\"\/wp-content\/uploads\/CZ7A4583a.jpg\">\n                    \n                    \n                    \n                \n            <\/li>\n\n        \n            <li style=\"min-height: 300px;\">\n\n                \n                    <img decoding=\"async\" src=\"\/wp-content\/uploads\/CZ7A4582a.jpg\">\n                    \n                    \n                    \n                \n            <\/li>\n\n        \n            <li style=\"min-height: 300px;\">\n\n                \n                    <img decoding=\"async\" src=\"\/wp-content\/uploads\/CZ7A4468_TFa.jpg\">\n                    \n                    \n                    \n                \n            <\/li>\n\n        \n            <li style=\"min-height: 300px;\">\n\n                \n                    <img decoding=\"async\" src=\"\/wp-content\/uploads\/CZ7A4489_TFa.jpg\">\n                    \n                    \n                    \n                \n            <\/li>\n\n                <\/ul>\n\n                <a href=\"#\" class=\"uk-slidenav uk-slidenav-contrast uk-slidenav-previous uk-hidden-touch\" data-uk-slideshow-item=\"previous\"><\/a>\n        <a href=\"#\" class=\"uk-slidenav uk-slidenav-contrast uk-slidenav-next uk-hidden-touch\" data-uk-slideshow-item=\"next\"><\/a>\n        \n                <div class=\"uk-overlay-panel uk-overlay-bottom\">\n            \n<ul class=\"uk-dotnav uk-dotnav-contrast uk-flex-center\">\n    <li data-uk-slideshow-item=\"0\"><a href=\"#\"><\/a><\/li>\n    <li data-uk-slideshow-item=\"1\"><a href=\"#\"><\/a><\/li>\n    <li data-uk-slideshow-item=\"2\"><a href=\"#\"><\/a><\/li>\n    <li data-uk-slideshow-item=\"3\"><a href=\"#\"><\/a><\/li>\n    <li data-uk-slideshow-item=\"4\"><a href=\"#\"><\/a><\/li>\n    <li data-uk-slideshow-item=\"5\"><a href=\"#\"><\/a><\/li>\n    <li data-uk-slideshow-item=\"6\"><a href=\"#\"><\/a><\/li>\n<\/ul>\n        <\/div>\n        \n    <\/div>\n\n    \n<\/div>\n\r\n<p>&nbsp;<\/p>\r\n<h3><strong>Dispositivo de diagn\u00f3stico profesional para motocicletas KTM<\/strong><\/h3>\r\n<p>&nbsp;<\/p>\r\n<p>El Bikescan 2 para el diagn\u00f3stico profesional de unidades de control en motocicletas KTM es peque\u00f1o y potente. El sistema cubre toda la electr\u00f3nica de la motocicleta y facilita al usuario la resoluci\u00f3n de problemas en la motocicleta. Debido a las muchas funciones especiales, el Bike-Scan2 Pro se ha convertido en una parte indispensable de un taller moderno.<\/p>\r\n<p>&nbsp;<\/p>\r\n<h3>Ejemplo de alcance de funciones especiales para KTM:<\/h3>\r\n<p>&nbsp;<\/p>\r\n<p><br \/>\r\nEscriba el n\u00famero de chasis, por ejemplo, al reemplazar la ECU<\/p>\r\n<p>Restablecer los valores de adaptaci\u00f3n por completo<\/p>\r\n<p>Aprenda el cambio r\u00e1pido<\/p>\r\n<p>Activar\/desactivar modo transporte<\/p>\r\n<p>Cambiar codificaci\u00f3n<\/p>\r\n<p>Purgar ABS<\/p>\r\n<p>Calibrar el punto muerto de la transmisi\u00f3n<\/p>\r\n<p>Activar\/desactivar luces de circulaci\u00f3n diurna<\/p>\r\n<p>Ajustar la intensidad de la luz en las curvas<\/p>\r\n<p>Luz de cruce &#8211; calibraci\u00f3n de luz de carretera<\/p>\r\n<p>Restablecimiento del servicio<\/p>\r\n<p>&nbsp;<\/p>\r\n<h3><strong>Admite los siguientes modelos de KTM 2000 &#8211; 2022:<\/strong><\/h3>\r\n<p>450<\/p>\r\n<p>500<\/p>\r\n<p>Adventure 790 \/ \u00a0990 S \u2013 R \/ 1050 \/ 1090 R \/ 1190 R<\/p>\r\n<p>Duke 125 \/ 200 \/ 250 \/ 390 \/ 690 R \/ 790 \/ 890<\/p>\r\n<p>Freeride 250 F \/ 350 \/ E-SM \/ E-SX \/ E-XC<\/p>\r\n<p>RC 125 \/ 200 \/\u00a0 250 \/ 390<\/p>\r\n<p>Super Adventure 1290 R \u2013 S \u2013 T 3.0 Euro 5<\/p>\r\n<p>Super Duke 1290 GT \u2013 R 3.0 Eur0 5<\/p>\r\n<p>Supermoto 990 R<\/p>\r\n<p>Enduro 690<\/p>","protected":false},"excerpt":{"rendered":"<p>&nbsp; Dispositivo de diagn\u00f3stico profesional para motocicletas KTM &nbsp; El Bikescan 2 para el diagn\u00f3stico profesional de unidades de control en motocicletas KTM es peque\u00f1o y potente. El sistema cubre toda la electr\u00f3nica de la motocicleta y facilita al usuario la resoluci\u00f3n de problemas en la motocicleta. Debido a las muchas funciones especiales, el Bike-Scan2 [&hellip;]<\/p>\n","protected":false},"author":1,"featured_media":0,"parent":0,"menu_order":0,"comment_status":"closed","ping_status":"closed","template":"","meta":{"footnotes":""},"class_list":["post-3168","page","type-page","status-publish","hentry"],"yoast_head":"<!-- This site is optimized with the Yoast SEO plugin v26.6 - https:\/\/yoast.com\/wordpress\/plugins\/seo\/ -->\n<title>Dispositivo de diagn\u00f3stico de motocicleta KTM Duke Enduro Supermoto<\/title>\n<meta name=\"description\" content=\"Dispositivo de diagn\u00f3stico de motocicleta KTM 790 Euro 5 3.0 Adventure Duke Freeride Supermoto Enduro 690 Super 1290 RC 125 1190 890 1090 790\" \/>\n<meta name=\"robots\" content=\"index, follow, max-snippet:-1, max-image-preview:large, max-video-preview:-1\" \/>\n<link rel=\"canonical\" href=\"https:\/\/www.duonix.de\/diagnose-fuer-ktm\/\" \/>\n<meta property=\"og:locale\" content=\"es_ES\" \/>\n<meta property=\"og:type\" content=\"article\" \/>\n<meta property=\"og:title\" content=\"Dispositivo de diagn\u00f3stico de motocicleta KTM Duke Enduro Supermoto\" \/>\n<meta property=\"og:description\" content=\"Dispositivo de diagn\u00f3stico de motocicleta KTM 790 Euro 5 3.0 Adventure Duke Freeride Supermoto Enduro 690 Super 1290 RC 125 1190 890 1090 790\" \/>\n<meta property=\"og:url\" content=\"https:\/\/www.duonix.de\/diagnose-fuer-ktm\/\" \/>\n<meta property=\"og:site_name\" content=\"Dispositivo de diagn\u00f3stico de motocicleta e veh\u00edculo\" \/>\n<meta property=\"article:modified_time\" content=\"2023-10-16T09:10:38+00:00\" \/>\n<meta name=\"twitter:card\" content=\"summary_large_image\" \/>\n<meta name=\"twitter:label1\" content=\"Tiempo de lectura\" \/>\n\t<meta name=\"twitter:data1\" content=\"1 minuto\" \/>\n<script type=\"application\/ld+json\" class=\"yoast-schema-graph\">{\"@context\":\"https:\/\/schema.org\",\"@graph\":[{\"@type\":\"WebPage\",\"@id\":\"https:\/\/www.duonix.de\/diagnose-fuer-ktm\/\",\"url\":\"https:\/\/www.duonix.de\/diagnose-fuer-ktm\/\",\"name\":\"Dispositivo de diagn\u00f3stico de motocicleta KTM Duke Enduro Supermoto\",\"isPartOf\":{\"@id\":\"https:\/\/www.duonix.de\/#website\"},\"datePublished\":\"2021-11-12T16:21:32+00:00\",\"dateModified\":\"2023-10-16T09:10:38+00:00\",\"description\":\"Dispositivo de diagn\u00f3stico de motocicleta KTM 790 Euro 5 3.0 Adventure Duke Freeride Supermoto Enduro 690 Super 1290 RC 125 1190 890 1090 790\",\"breadcrumb\":{\"@id\":\"https:\/\/www.duonix.de\/diagnose-fuer-ktm\/#breadcrumb\"},\"inLanguage\":\"es\",\"potentialAction\":[{\"@type\":\"ReadAction\",\"target\":[\"https:\/\/www.duonix.de\/diagnose-fuer-ktm\/\"]}]},{\"@type\":\"BreadcrumbList\",\"@id\":\"https:\/\/www.duonix.de\/diagnose-fuer-ktm\/#breadcrumb\",\"itemListElement\":[{\"@type\":\"ListItem\",\"position\":1,\"name\":\"Home\",\"item\":\"https:\/\/www.duonix.de\/es\/\"},{\"@type\":\"ListItem\",\"position\":2,\"name\":\"Diagn\u00f3stico para KTM\"}]},{\"@type\":\"WebSite\",\"@id\":\"https:\/\/www.duonix.de\/#website\",\"url\":\"https:\/\/www.duonix.de\/\",\"name\":\"Dispositivo de diagn\u00f3stico de motocicleta e veh\u00edculo\",\"description\":\"Dispositivo de diagn\u00f3stico, herramientas para motocicletas, turismos, camiones, desarrollo.\",\"potentialAction\":[{\"@type\":\"SearchAction\",\"target\":{\"@type\":\"EntryPoint\",\"urlTemplate\":\"https:\/\/www.duonix.de\/?s={search_term_string}\"},\"query-input\":{\"@type\":\"PropertyValueSpecification\",\"valueRequired\":true,\"valueName\":\"search_term_string\"}}],\"inLanguage\":\"es\"}]}<\/script>\n<!-- \/ Yoast SEO plugin. -->","yoast_head_json":{"title":"Dispositivo de diagn\u00f3stico de motocicleta KTM Duke Enduro Supermoto","description":"Dispositivo de diagn\u00f3stico de motocicleta KTM 790 Euro 5 3.0 Adventure Duke Freeride Supermoto Enduro 690 Super 1290 RC 125 1190 890 1090 790","robots":{"index":"index","follow":"follow","max-snippet":"max-snippet:-1","max-image-preview":"max-image-preview:large","max-video-preview":"max-video-preview:-1"},"canonical":"https:\/\/www.duonix.de\/diagnose-fuer-ktm\/","og_locale":"es_ES","og_type":"article","og_title":"Dispositivo de diagn\u00f3stico de motocicleta KTM Duke Enduro Supermoto","og_description":"Dispositivo de diagn\u00f3stico de motocicleta KTM 790 Euro 5 3.0 Adventure Duke Freeride Supermoto Enduro 690 Super 1290 RC 125 1190 890 1090 790","og_url":"https:\/\/www.duonix.de\/diagnose-fuer-ktm\/","og_site_name":"Dispositivo de diagn\u00f3stico de motocicleta e veh\u00edculo","article_modified_time":"2023-10-16T09:10:38+00:00","twitter_card":"summary_large_image","twitter_misc":{"Tiempo de lectura":"1 minuto"},"schema":{"@context":"https:\/\/schema.org","@graph":[{"@type":"WebPage","@id":"https:\/\/www.duonix.de\/diagnose-fuer-ktm\/","url":"https:\/\/www.duonix.de\/diagnose-fuer-ktm\/","name":"Dispositivo de diagn\u00f3stico de motocicleta KTM Duke Enduro Supermoto","isPartOf":{"@id":"https:\/\/www.duonix.de\/#website"},"datePublished":"2021-11-12T16:21:32+00:00","dateModified":"2023-10-16T09:10:38+00:00","description":"Dispositivo de diagn\u00f3stico de motocicleta KTM 790 Euro 5 3.0 Adventure Duke Freeride Supermoto Enduro 690 Super 1290 RC 125 1190 890 1090 790","breadcrumb":{"@id":"https:\/\/www.duonix.de\/diagnose-fuer-ktm\/#breadcrumb"},"inLanguage":"es","potentialAction":[{"@type":"ReadAction","target":["https:\/\/www.duonix.de\/diagnose-fuer-ktm\/"]}]},{"@type":"BreadcrumbList","@id":"https:\/\/www.duonix.de\/diagnose-fuer-ktm\/#breadcrumb","itemListElement":[{"@type":"ListItem","position":1,"name":"Home","item":"https:\/\/www.duonix.de\/es\/"},{"@type":"ListItem","position":2,"name":"Diagn\u00f3stico para KTM"}]},{"@type":"WebSite","@id":"https:\/\/www.duonix.de\/#website","url":"https:\/\/www.duonix.de\/","name":"Dispositivo de diagn\u00f3stico de motocicleta e veh\u00edculo","description":"Dispositivo de diagn\u00f3stico, herramientas para motocicletas, turismos, camiones, desarrollo.","potentialAction":[{"@type":"SearchAction","target":{"@type":"EntryPoint","urlTemplate":"https:\/\/www.duonix.de\/?s={search_term_string}"},"query-input":{"@type":"PropertyValueSpecification","valueRequired":true,"valueName":"search_term_string"}}],"inLanguage":"es"}]}},"_links":{"self":[{"href":"https:\/\/www.duonix.de\/es\/wp-json\/wp\/v2\/pages\/3168","targetHints":{"allow":["GET"]}}],"collection":[{"href":"https:\/\/www.duonix.de\/es\/wp-json\/wp\/v2\/pages"}],"about":[{"href":"https:\/\/www.duonix.de\/es\/wp-json\/wp\/v2\/types\/page"}],"author":[{"embeddable":true,"href":"https:\/\/www.duonix.de\/es\/wp-json\/wp\/v2\/users\/1"}],"replies":[{"embeddable":true,"href":"https:\/\/www.duonix.de\/es\/wp-json\/wp\/v2\/comments?post=3168"}],"version-history":[{"count":5,"href":"https:\/\/www.duonix.de\/es\/wp-json\/wp\/v2\/pages\/3168\/revisions"}],"predecessor-version":[{"id":3688,"href":"https:\/\/www.duonix.de\/es\/wp-json\/wp\/v2\/pages\/3168\/revisions\/3688"}],"wp:attachment":[{"href":"https:\/\/www.duonix.de\/es\/wp-json\/wp\/v2\/media?parent=3168"}],"curies":[{"name":"wp","href":"https:\/\/api.w.org\/{rel}","templated":true}]}}