{"id":3250,"date":"2021-11-18T14:01:45","date_gmt":"2021-11-18T14:01:45","guid":{"rendered":"https:\/\/www.duonix.de\/diagnose-fuer-kawasaki\/"},"modified":"2021-11-19T11:31:33","modified_gmt":"2021-11-19T11:31:33","slug":"diagnose-fuer-kawasaki","status":"publish","type":"page","link":"https:\/\/www.duonix.de\/es\/diagnose-fuer-kawasaki\/","title":{"rendered":"Diagn\u00f3stico para Kawasaki"},"content":{"rendered":"\n<div data-uk-slideshow=\"{duration: 1000,autoplay: true ,autoplayInterval: 3000,pauseOnHover: false,kenburns: '15s'}\">\n\n    <div class=\"uk-slidenav-position\">\n\n        <ul class=\"uk-slideshow\">\n        \n            <li style=\"min-height: 300px;\">\n\n                \n                    <img decoding=\"async\" src=\"\/wp-content\/uploads\/CZ7A4465_TFa.jpg\">\n                    \n                    \n                    \n                \n            <\/li>\n\n        \n            <li style=\"min-height: 300px;\">\n\n                \n                    <img decoding=\"async\" src=\"\/wp-content\/uploads\/CZ7A4405_TFa.jpg\">\n                    \n                    \n                    \n                \n            <\/li>\n\n        \n            <li style=\"min-height: 300px;\">\n\n                \n                    <img decoding=\"async\" src=\"\/wp-content\/uploads\/CZ7A4528_TFa.jpg\">\n                    \n                    \n                    \n                \n            <\/li>\n\n        \n            <li style=\"min-height: 300px;\">\n\n                \n                    <img decoding=\"async\" src=\"\/wp-content\/uploads\/CZ7A4583a.jpg\">\n                    \n                    \n                    \n                \n            <\/li>\n\n        \n            <li style=\"min-height: 300px;\">\n\n                \n                    <img decoding=\"async\" src=\"\/wp-content\/uploads\/CZ7A4582a.jpg\">\n                    \n                    \n                    \n                \n            <\/li>\n\n        \n            <li style=\"min-height: 300px;\">\n\n                \n                    <img decoding=\"async\" src=\"\/wp-content\/uploads\/CZ7A4532_TFa.jpg\">\n                    \n                    \n                    \n                \n            <\/li>\n\n        \n            <li style=\"min-height: 300px;\">\n\n                \n                    <img decoding=\"async\" src=\"\/wp-content\/uploads\/CZ7A4489_TFa.jpg\">\n                    \n                    \n                    \n                \n            <\/li>\n\n                <\/ul>\n\n                <a href=\"#\" class=\"uk-slidenav uk-slidenav-contrast uk-slidenav-previous uk-hidden-touch\" data-uk-slideshow-item=\"previous\"><\/a>\n        <a href=\"#\" class=\"uk-slidenav uk-slidenav-contrast uk-slidenav-next uk-hidden-touch\" data-uk-slideshow-item=\"next\"><\/a>\n        \n                <div class=\"uk-overlay-panel uk-overlay-bottom\">\n            \n<ul class=\"uk-dotnav uk-dotnav-contrast uk-flex-center\">\n    <li data-uk-slideshow-item=\"0\"><a href=\"#\"><\/a><\/li>\n    <li data-uk-slideshow-item=\"1\"><a href=\"#\"><\/a><\/li>\n    <li data-uk-slideshow-item=\"2\"><a href=\"#\"><\/a><\/li>\n    <li data-uk-slideshow-item=\"3\"><a href=\"#\"><\/a><\/li>\n    <li data-uk-slideshow-item=\"4\"><a href=\"#\"><\/a><\/li>\n    <li data-uk-slideshow-item=\"5\"><a href=\"#\"><\/a><\/li>\n    <li data-uk-slideshow-item=\"6\"><a href=\"#\"><\/a><\/li>\n<\/ul>\n        <\/div>\n        \n    <\/div>\n\n    \n<\/div>\n\r\n<p>&nbsp;<\/p>\r\n<h3><strong>Herramienta de diagn\u00f3stico profesional para motocicletas Kawasaki<\/strong><\/h3>\r\n<p>&nbsp;<\/p>\r\n<p>El Bikescan 2 para diagn\u00f3stico profesional de ECU en motocicletas Kawasaki es peque\u00f1o y potente. El sistema cubre toda la electr\u00f3nica de la motocicleta y facilita al usuario la resoluci\u00f3n de problemas en la motocicleta. Gracias a las numerosas funciones especiales, Bike-Scan2 Pro se ha convertido en una parte indispensable de un taller moderno.<\/p>\r\n<p>&nbsp;<\/p>\r\n<h3><strong>Admite los siguientes modelos de Kawasaki:<\/strong><\/h3>\r\n<p>Ninja 650 \/ 1000<br \/>\r\nNinja ZX<br \/>\r\nVulcan 1500 \/ 1600 \/ 2000 \/ 900 \/ 1700<br \/>\r\nZ1000 \/ Z750<br \/>\r\nBrute Force 750<br \/>\r\nConcours <br \/>\r\nD-Tracker <br \/>\r\nKFX450<br \/>\r\nKLX125 <br \/>\r\nKX250 \/ 450<br \/>\r\nMule<br \/>\r\nTeryx<br \/>\r\nVersys 1000 \/ 650<br \/>\r\nZ250 \/ 300 \/ 750 \/ 800 \/ 1000<br \/>\r\n1400 GTR<br \/>\r\nRKS 125 <br \/>\r\nRKV 125<br \/>\r\nKX 250 \/ 450<\/p>\r\n<p>&nbsp;<\/p>","protected":false},"excerpt":{"rendered":"<p>&nbsp; Herramienta de diagn\u00f3stico profesional para motocicletas Kawasaki &nbsp; El Bikescan 2 para diagn\u00f3stico profesional de ECU en motocicletas Kawasaki es peque\u00f1o y potente. El sistema cubre toda la electr\u00f3nica de la motocicleta y facilita al usuario la resoluci\u00f3n de problemas en la motocicleta. Gracias a las numerosas funciones especiales, Bike-Scan2 Pro se ha convertido [&hellip;]<\/p>\n","protected":false},"author":1,"featured_media":0,"parent":0,"menu_order":0,"comment_status":"closed","ping_status":"closed","template":"","meta":{"footnotes":""},"class_list":["post-3250","page","type-page","status-publish","hentry"],"yoast_head":"<!-- This site is optimized with the Yoast SEO plugin v26.6 - https:\/\/yoast.com\/wordpress\/plugins\/seo\/ -->\n<title>Kawasaki Dispositivo de diagn\u00f3stico de motocicleta Moto motorcycle Diag<\/title>\n<meta name=\"description\" content=\"Kawasaki Dispositivo de diagn\u00f3stico de motocicleta Moto motorcycle device Ninja Vulcan Versys GTR Z1000 D Tracker Z900 ZH2 H2 diagnostic tool\" \/>\n<meta name=\"robots\" content=\"index, follow, max-snippet:-1, max-image-preview:large, max-video-preview:-1\" \/>\n<link rel=\"canonical\" href=\"https:\/\/www.duonix.de\/es\/diagnose-fuer-kawasaki\/\" \/>\n<meta property=\"og:locale\" content=\"es_ES\" \/>\n<meta property=\"og:type\" content=\"article\" \/>\n<meta property=\"og:title\" content=\"Kawasaki Dispositivo de diagn\u00f3stico de motocicleta Moto motorcycle Diag\" \/>\n<meta property=\"og:description\" content=\"Kawasaki Dispositivo de diagn\u00f3stico de motocicleta Moto motorcycle device Ninja Vulcan Versys GTR Z1000 D Tracker Z900 ZH2 H2 diagnostic tool\" \/>\n<meta property=\"og:url\" content=\"https:\/\/www.duonix.de\/es\/diagnose-fuer-kawasaki\/\" \/>\n<meta property=\"og:site_name\" content=\"Dispositivo de diagn\u00f3stico de motocicleta e veh\u00edculo\" \/>\n<meta property=\"article:modified_time\" content=\"2021-11-19T11:31:33+00:00\" \/>\n<meta name=\"twitter:card\" content=\"summary_large_image\" \/>\n<meta name=\"twitter:label1\" content=\"Tiempo de lectura\" \/>\n\t<meta name=\"twitter:data1\" content=\"1 minuto\" \/>\n<script type=\"application\/ld+json\" class=\"yoast-schema-graph\">{\"@context\":\"https:\/\/schema.org\",\"@graph\":[{\"@type\":\"WebPage\",\"@id\":\"https:\/\/www.duonix.de\/es\/diagnose-fuer-kawasaki\/\",\"url\":\"https:\/\/www.duonix.de\/es\/diagnose-fuer-kawasaki\/\",\"name\":\"Kawasaki Dispositivo de diagn\u00f3stico de motocicleta Moto motorcycle Diag\",\"isPartOf\":{\"@id\":\"https:\/\/www.duonix.de\/#website\"},\"datePublished\":\"2021-11-18T14:01:45+00:00\",\"dateModified\":\"2021-11-19T11:31:33+00:00\",\"description\":\"Kawasaki Dispositivo de diagn\u00f3stico de motocicleta Moto motorcycle device Ninja Vulcan Versys GTR Z1000 D Tracker Z900 ZH2 H2 diagnostic tool\",\"breadcrumb\":{\"@id\":\"https:\/\/www.duonix.de\/es\/diagnose-fuer-kawasaki\/#breadcrumb\"},\"inLanguage\":\"es\",\"potentialAction\":[{\"@type\":\"ReadAction\",\"target\":[\"https:\/\/www.duonix.de\/es\/diagnose-fuer-kawasaki\/\"]}]},{\"@type\":\"BreadcrumbList\",\"@id\":\"https:\/\/www.duonix.de\/es\/diagnose-fuer-kawasaki\/#breadcrumb\",\"itemListElement\":[{\"@type\":\"ListItem\",\"position\":1,\"name\":\"Home\",\"item\":\"https:\/\/www.duonix.de\/es\/\"},{\"@type\":\"ListItem\",\"position\":2,\"name\":\"Diagn\u00f3stico para Kawasaki\"}]},{\"@type\":\"WebSite\",\"@id\":\"https:\/\/www.duonix.de\/#website\",\"url\":\"https:\/\/www.duonix.de\/\",\"name\":\"Dispositivo de diagn\u00f3stico de motocicleta e veh\u00edculo\",\"description\":\"Dispositivo de diagn\u00f3stico, herramientas para motocicletas, turismos, camiones, desarrollo.\",\"potentialAction\":[{\"@type\":\"SearchAction\",\"target\":{\"@type\":\"EntryPoint\",\"urlTemplate\":\"https:\/\/www.duonix.de\/?s={search_term_string}\"},\"query-input\":{\"@type\":\"PropertyValueSpecification\",\"valueRequired\":true,\"valueName\":\"search_term_string\"}}],\"inLanguage\":\"es\"}]}<\/script>\n<!-- \/ Yoast SEO plugin. -->","yoast_head_json":{"title":"Kawasaki Dispositivo de diagn\u00f3stico de motocicleta Moto motorcycle Diag","description":"Kawasaki Dispositivo de diagn\u00f3stico de motocicleta Moto motorcycle device Ninja Vulcan Versys GTR Z1000 D Tracker Z900 ZH2 H2 diagnostic tool","robots":{"index":"index","follow":"follow","max-snippet":"max-snippet:-1","max-image-preview":"max-image-preview:large","max-video-preview":"max-video-preview:-1"},"canonical":"https:\/\/www.duonix.de\/es\/diagnose-fuer-kawasaki\/","og_locale":"es_ES","og_type":"article","og_title":"Kawasaki Dispositivo de diagn\u00f3stico de motocicleta Moto motorcycle Diag","og_description":"Kawasaki Dispositivo de diagn\u00f3stico de motocicleta Moto motorcycle device Ninja Vulcan Versys GTR Z1000 D Tracker Z900 ZH2 H2 diagnostic tool","og_url":"https:\/\/www.duonix.de\/es\/diagnose-fuer-kawasaki\/","og_site_name":"Dispositivo de diagn\u00f3stico de motocicleta e veh\u00edculo","article_modified_time":"2021-11-19T11:31:33+00:00","twitter_card":"summary_large_image","twitter_misc":{"Tiempo de lectura":"1 minuto"},"schema":{"@context":"https:\/\/schema.org","@graph":[{"@type":"WebPage","@id":"https:\/\/www.duonix.de\/es\/diagnose-fuer-kawasaki\/","url":"https:\/\/www.duonix.de\/es\/diagnose-fuer-kawasaki\/","name":"Kawasaki Dispositivo de diagn\u00f3stico de motocicleta Moto motorcycle Diag","isPartOf":{"@id":"https:\/\/www.duonix.de\/#website"},"datePublished":"2021-11-18T14:01:45+00:00","dateModified":"2021-11-19T11:31:33+00:00","description":"Kawasaki Dispositivo de diagn\u00f3stico de motocicleta Moto motorcycle device Ninja Vulcan Versys GTR Z1000 D Tracker Z900 ZH2 H2 diagnostic tool","breadcrumb":{"@id":"https:\/\/www.duonix.de\/es\/diagnose-fuer-kawasaki\/#breadcrumb"},"inLanguage":"es","potentialAction":[{"@type":"ReadAction","target":["https:\/\/www.duonix.de\/es\/diagnose-fuer-kawasaki\/"]}]},{"@type":"BreadcrumbList","@id":"https:\/\/www.duonix.de\/es\/diagnose-fuer-kawasaki\/#breadcrumb","itemListElement":[{"@type":"ListItem","position":1,"name":"Home","item":"https:\/\/www.duonix.de\/es\/"},{"@type":"ListItem","position":2,"name":"Diagn\u00f3stico para Kawasaki"}]},{"@type":"WebSite","@id":"https:\/\/www.duonix.de\/#website","url":"https:\/\/www.duonix.de\/","name":"Dispositivo de diagn\u00f3stico de motocicleta e veh\u00edculo","description":"Dispositivo de diagn\u00f3stico, herramientas para motocicletas, turismos, camiones, desarrollo.","potentialAction":[{"@type":"SearchAction","target":{"@type":"EntryPoint","urlTemplate":"https:\/\/www.duonix.de\/?s={search_term_string}"},"query-input":{"@type":"PropertyValueSpecification","valueRequired":true,"valueName":"search_term_string"}}],"inLanguage":"es"}]}},"_links":{"self":[{"href":"https:\/\/www.duonix.de\/es\/wp-json\/wp\/v2\/pages\/3250","targetHints":{"allow":["GET"]}}],"collection":[{"href":"https:\/\/www.duonix.de\/es\/wp-json\/wp\/v2\/pages"}],"about":[{"href":"https:\/\/www.duonix.de\/es\/wp-json\/wp\/v2\/types\/page"}],"author":[{"embeddable":true,"href":"https:\/\/www.duonix.de\/es\/wp-json\/wp\/v2\/users\/1"}],"replies":[{"embeddable":true,"href":"https:\/\/www.duonix.de\/es\/wp-json\/wp\/v2\/comments?post=3250"}],"version-history":[{"count":2,"href":"https:\/\/www.duonix.de\/es\/wp-json\/wp\/v2\/pages\/3250\/revisions"}],"predecessor-version":[{"id":3261,"href":"https:\/\/www.duonix.de\/es\/wp-json\/wp\/v2\/pages\/3250\/revisions\/3261"}],"wp:attachment":[{"href":"https:\/\/www.duonix.de\/es\/wp-json\/wp\/v2\/media?parent=3250"}],"curies":[{"name":"wp","href":"https:\/\/api.w.org\/{rel}","templated":true}]}}