{"id":3351,"date":"2021-11-23T08:41:08","date_gmt":"2021-11-23T08:41:08","guid":{"rendered":"https:\/\/www.duonix.de\/diagnose-fuer-mv-agusta\/"},"modified":"2021-11-23T09:07:07","modified_gmt":"2021-11-23T09:07:07","slug":"diagnose-fuer-mv-agusta","status":"publish","type":"page","link":"https:\/\/www.duonix.de\/es\/diagnose-fuer-mv-agusta\/","title":{"rendered":"Diagn\u00f3stico para MV AGUSTA"},"content":{"rendered":"\n<div data-uk-slideshow=\"{duration: 1000,autoplay: true ,autoplayInterval: 3000,pauseOnHover: false,kenburns: '15s'}\">\n\n    <div class=\"uk-slidenav-position\">\n\n        <ul class=\"uk-slideshow\">\n        \n            <li style=\"min-height: 300px;\">\n\n                \n                    <img decoding=\"async\" src=\"\/wp-content\/uploads\/CZ7A4618_TFa.jpg\">\n                    \n                    \n                    \n                \n            <\/li>\n\n        \n            <li style=\"min-height: 300px;\">\n\n                \n                    <img decoding=\"async\" src=\"\/wp-content\/uploads\/CZ7A4489_TFa.jpg\">\n                    \n                    \n                    \n                \n            <\/li>\n\n        \n            <li style=\"min-height: 300px;\">\n\n                \n                    <img decoding=\"async\" src=\"\/wp-content\/uploads\/CZ7A4405_TFa.jpg\">\n                    \n                    \n                    \n                \n            <\/li>\n\n        \n            <li style=\"min-height: 300px;\">\n\n                \n                    <img decoding=\"async\" src=\"\/wp-content\/uploads\/CZ7A4532_TFa.jpg\">\n                    \n                    \n                    \n                \n            <\/li>\n\n        \n            <li style=\"min-height: 300px;\">\n\n                \n                    <img decoding=\"async\" src=\"\/wp-content\/uploads\/CZ7A4583a.jpg\">\n                    \n                    \n                    \n                \n            <\/li>\n\n        \n            <li style=\"min-height: 300px;\">\n\n                \n                    <img decoding=\"async\" src=\"\/wp-content\/uploads\/CZ7A4582a.jpg\">\n                    \n                    \n                    \n                \n            <\/li>\n\n        \n            <li style=\"min-height: 300px;\">\n\n                \n                    <img decoding=\"async\" src=\"\/wp-content\/uploads\/CZ7A4463_TFa.jpg\">\n                    \n                    \n                    \n                \n            <\/li>\n\n                <\/ul>\n\n                <a href=\"#\" class=\"uk-slidenav uk-slidenav-contrast uk-slidenav-previous uk-hidden-touch\" data-uk-slideshow-item=\"previous\"><\/a>\n        <a href=\"#\" class=\"uk-slidenav uk-slidenav-contrast uk-slidenav-next uk-hidden-touch\" data-uk-slideshow-item=\"next\"><\/a>\n        \n                <div class=\"uk-overlay-panel uk-overlay-bottom\">\n            \n<ul class=\"uk-dotnav uk-dotnav-contrast uk-flex-center\">\n    <li data-uk-slideshow-item=\"0\"><a href=\"#\"><\/a><\/li>\n    <li data-uk-slideshow-item=\"1\"><a href=\"#\"><\/a><\/li>\n    <li data-uk-slideshow-item=\"2\"><a href=\"#\"><\/a><\/li>\n    <li data-uk-slideshow-item=\"3\"><a href=\"#\"><\/a><\/li>\n    <li data-uk-slideshow-item=\"4\"><a href=\"#\"><\/a><\/li>\n    <li data-uk-slideshow-item=\"5\"><a href=\"#\"><\/a><\/li>\n    <li data-uk-slideshow-item=\"6\"><a href=\"#\"><\/a><\/li>\n<\/ul>\n        <\/div>\n        \n    <\/div>\n\n    \n<\/div>\n\r\n<p>&nbsp;<\/p>\r\n<h3><strong>Dispositivo de diagn\u00f3stico de esc\u00e1ner profesional para motocicletas MV AGUSTA<\/strong><\/h3>\r\n<p>&nbsp;<\/p>\r\n<p>El Bikescan 2 Pro para el diagn\u00f3stico profesional de unidades de control en motocicletas MV AGUSTA es peque\u00f1o y potente. El sistema cubre todos los componentes electr\u00f3nicos de la motocicleta y facilita al usuario la resoluci\u00f3n de problemas en la motocicleta..<\/p>\r\n<p>&nbsp;<\/p>\r\n<h3><strong>Admite los siguientes modelos MV AGUSTA:<\/strong><\/h3>\r\n<p>Brutale 1078 \/ 1090 \/ 675 \/ 750 \/ 800 \/ 910<\/p>\r\n<p>F3 675 \/ 800<\/p>\r\n<p>F4 1000 \/\u00a0 1078 \/ 750 \/ EVO \/ RR<\/p>\r\n<p>Rivale 800<\/p>\r\n<p>Stradale 800<\/p>\r\n<p>Turismo Veloce 800<\/p>\r\n<p>&nbsp;<\/p>\r\n<p>etc.<\/p>\r\n<p>&nbsp;<\/p>","protected":false},"excerpt":{"rendered":"<p>&nbsp; Dispositivo de diagn\u00f3stico de esc\u00e1ner profesional para motocicletas MV AGUSTA &nbsp; El Bikescan 2 Pro para el diagn\u00f3stico profesional de unidades de control en motocicletas MV AGUSTA es peque\u00f1o y potente. El sistema cubre todos los componentes electr\u00f3nicos de la motocicleta y facilita al usuario la resoluci\u00f3n de problemas en la motocicleta.. &nbsp; Admite [&hellip;]<\/p>\n","protected":false},"author":1,"featured_media":0,"parent":0,"menu_order":0,"comment_status":"closed","ping_status":"closed","template":"","meta":{"footnotes":""},"class_list":["post-3351","page","type-page","status-publish","hentry"],"yoast_head":"<!-- This site is optimized with the Yoast SEO plugin v26.6 - https:\/\/yoast.com\/wordpress\/plugins\/seo\/ -->\n<title>MV AGUSTA Dispositivo de diagn\u00f3stico de motocicleta esc\u00e1ner Diagnostic<\/title>\n<meta name=\"description\" content=\"MV AGUSTA Dispositivo diagn\u00f3stico de motocicleta esc\u00e1ner Diagnostic motorcycle moto Brutale Rivale Stradale Turismo Veloce 800 1000 1078 1090\" \/>\n<meta name=\"robots\" content=\"index, follow, max-snippet:-1, max-image-preview:large, max-video-preview:-1\" \/>\n<link rel=\"canonical\" href=\"https:\/\/www.duonix.de\/es\/diagnose-fuer-mv-agusta\/\" \/>\n<meta property=\"og:locale\" content=\"es_ES\" \/>\n<meta property=\"og:type\" content=\"article\" \/>\n<meta property=\"og:title\" content=\"MV AGUSTA Dispositivo de diagn\u00f3stico de motocicleta esc\u00e1ner Diagnostic\" \/>\n<meta property=\"og:description\" content=\"MV AGUSTA Dispositivo diagn\u00f3stico de motocicleta esc\u00e1ner Diagnostic motorcycle moto Brutale Rivale Stradale Turismo Veloce 800 1000 1078 1090\" \/>\n<meta property=\"og:url\" content=\"https:\/\/www.duonix.de\/es\/diagnose-fuer-mv-agusta\/\" \/>\n<meta property=\"og:site_name\" content=\"Dispositivo de diagn\u00f3stico de motocicleta e veh\u00edculo\" \/>\n<meta property=\"article:modified_time\" content=\"2021-11-23T09:07:07+00:00\" \/>\n<meta name=\"twitter:card\" content=\"summary_large_image\" \/>\n<script type=\"application\/ld+json\" class=\"yoast-schema-graph\">{\"@context\":\"https:\/\/schema.org\",\"@graph\":[{\"@type\":\"WebPage\",\"@id\":\"https:\/\/www.duonix.de\/es\/diagnose-fuer-mv-agusta\/\",\"url\":\"https:\/\/www.duonix.de\/es\/diagnose-fuer-mv-agusta\/\",\"name\":\"MV AGUSTA Dispositivo de diagn\u00f3stico de motocicleta esc\u00e1ner Diagnostic\",\"isPartOf\":{\"@id\":\"https:\/\/www.duonix.de\/#website\"},\"datePublished\":\"2021-11-23T08:41:08+00:00\",\"dateModified\":\"2021-11-23T09:07:07+00:00\",\"description\":\"MV AGUSTA Dispositivo diagn\u00f3stico de motocicleta esc\u00e1ner Diagnostic motorcycle moto Brutale Rivale Stradale Turismo Veloce 800 1000 1078 1090\",\"breadcrumb\":{\"@id\":\"https:\/\/www.duonix.de\/es\/diagnose-fuer-mv-agusta\/#breadcrumb\"},\"inLanguage\":\"es\",\"potentialAction\":[{\"@type\":\"ReadAction\",\"target\":[\"https:\/\/www.duonix.de\/es\/diagnose-fuer-mv-agusta\/\"]}]},{\"@type\":\"BreadcrumbList\",\"@id\":\"https:\/\/www.duonix.de\/es\/diagnose-fuer-mv-agusta\/#breadcrumb\",\"itemListElement\":[{\"@type\":\"ListItem\",\"position\":1,\"name\":\"Home\",\"item\":\"https:\/\/www.duonix.de\/es\/\"},{\"@type\":\"ListItem\",\"position\":2,\"name\":\"Diagn\u00f3stico para MV AGUSTA\"}]},{\"@type\":\"WebSite\",\"@id\":\"https:\/\/www.duonix.de\/#website\",\"url\":\"https:\/\/www.duonix.de\/\",\"name\":\"Dispositivo de diagn\u00f3stico de motocicleta e veh\u00edculo\",\"description\":\"Dispositivo de diagn\u00f3stico, herramientas para motocicletas, turismos, camiones, desarrollo.\",\"potentialAction\":[{\"@type\":\"SearchAction\",\"target\":{\"@type\":\"EntryPoint\",\"urlTemplate\":\"https:\/\/www.duonix.de\/?s={search_term_string}\"},\"query-input\":{\"@type\":\"PropertyValueSpecification\",\"valueRequired\":true,\"valueName\":\"search_term_string\"}}],\"inLanguage\":\"es\"}]}<\/script>\n<!-- \/ Yoast SEO plugin. -->","yoast_head_json":{"title":"MV AGUSTA Dispositivo de diagn\u00f3stico de motocicleta esc\u00e1ner Diagnostic","description":"MV AGUSTA Dispositivo diagn\u00f3stico de motocicleta esc\u00e1ner Diagnostic motorcycle moto Brutale Rivale Stradale Turismo Veloce 800 1000 1078 1090","robots":{"index":"index","follow":"follow","max-snippet":"max-snippet:-1","max-image-preview":"max-image-preview:large","max-video-preview":"max-video-preview:-1"},"canonical":"https:\/\/www.duonix.de\/es\/diagnose-fuer-mv-agusta\/","og_locale":"es_ES","og_type":"article","og_title":"MV AGUSTA Dispositivo de diagn\u00f3stico de motocicleta esc\u00e1ner Diagnostic","og_description":"MV AGUSTA Dispositivo diagn\u00f3stico de motocicleta esc\u00e1ner Diagnostic motorcycle moto Brutale Rivale Stradale Turismo Veloce 800 1000 1078 1090","og_url":"https:\/\/www.duonix.de\/es\/diagnose-fuer-mv-agusta\/","og_site_name":"Dispositivo de diagn\u00f3stico de motocicleta e veh\u00edculo","article_modified_time":"2021-11-23T09:07:07+00:00","twitter_card":"summary_large_image","schema":{"@context":"https:\/\/schema.org","@graph":[{"@type":"WebPage","@id":"https:\/\/www.duonix.de\/es\/diagnose-fuer-mv-agusta\/","url":"https:\/\/www.duonix.de\/es\/diagnose-fuer-mv-agusta\/","name":"MV AGUSTA Dispositivo de diagn\u00f3stico de motocicleta esc\u00e1ner Diagnostic","isPartOf":{"@id":"https:\/\/www.duonix.de\/#website"},"datePublished":"2021-11-23T08:41:08+00:00","dateModified":"2021-11-23T09:07:07+00:00","description":"MV AGUSTA Dispositivo diagn\u00f3stico de motocicleta esc\u00e1ner Diagnostic motorcycle moto Brutale Rivale Stradale Turismo Veloce 800 1000 1078 1090","breadcrumb":{"@id":"https:\/\/www.duonix.de\/es\/diagnose-fuer-mv-agusta\/#breadcrumb"},"inLanguage":"es","potentialAction":[{"@type":"ReadAction","target":["https:\/\/www.duonix.de\/es\/diagnose-fuer-mv-agusta\/"]}]},{"@type":"BreadcrumbList","@id":"https:\/\/www.duonix.de\/es\/diagnose-fuer-mv-agusta\/#breadcrumb","itemListElement":[{"@type":"ListItem","position":1,"name":"Home","item":"https:\/\/www.duonix.de\/es\/"},{"@type":"ListItem","position":2,"name":"Diagn\u00f3stico para MV AGUSTA"}]},{"@type":"WebSite","@id":"https:\/\/www.duonix.de\/#website","url":"https:\/\/www.duonix.de\/","name":"Dispositivo de diagn\u00f3stico de motocicleta e veh\u00edculo","description":"Dispositivo de diagn\u00f3stico, herramientas para motocicletas, turismos, camiones, desarrollo.","potentialAction":[{"@type":"SearchAction","target":{"@type":"EntryPoint","urlTemplate":"https:\/\/www.duonix.de\/?s={search_term_string}"},"query-input":{"@type":"PropertyValueSpecification","valueRequired":true,"valueName":"search_term_string"}}],"inLanguage":"es"}]}},"_links":{"self":[{"href":"https:\/\/www.duonix.de\/es\/wp-json\/wp\/v2\/pages\/3351","targetHints":{"allow":["GET"]}}],"collection":[{"href":"https:\/\/www.duonix.de\/es\/wp-json\/wp\/v2\/pages"}],"about":[{"href":"https:\/\/www.duonix.de\/es\/wp-json\/wp\/v2\/types\/page"}],"author":[{"embeddable":true,"href":"https:\/\/www.duonix.de\/es\/wp-json\/wp\/v2\/users\/1"}],"replies":[{"embeddable":true,"href":"https:\/\/www.duonix.de\/es\/wp-json\/wp\/v2\/comments?post=3351"}],"version-history":[{"count":3,"href":"https:\/\/www.duonix.de\/es\/wp-json\/wp\/v2\/pages\/3351\/revisions"}],"predecessor-version":[{"id":3363,"href":"https:\/\/www.duonix.de\/es\/wp-json\/wp\/v2\/pages\/3351\/revisions\/3363"}],"wp:attachment":[{"href":"https:\/\/www.duonix.de\/es\/wp-json\/wp\/v2\/media?parent=3351"}],"curies":[{"name":"wp","href":"https:\/\/api.w.org\/{rel}","templated":true}]}}