{"id":3514,"date":"2021-11-26T09:08:56","date_gmt":"2021-11-26T09:08:56","guid":{"rendered":"https:\/\/www.duonix.de\/fuer-benelli-betamotor-bimota-brough-superior-brp-can-am-indian\/"},"modified":"2022-09-30T10:44:00","modified_gmt":"2022-09-30T10:44:00","slug":"fuer-benelli-betamotor-bimota-brough-superior-brp-can-am-indian","status":"publish","type":"page","link":"https:\/\/www.duonix.de\/es\/fuer-benelli-betamotor-bimota-brough-superior-brp-can-am-indian\/","title":{"rendered":"Por BENELLI BETAMOTOR BIMOTA BROUGH SUPERIOR BRP CAN-AM INDIAN"},"content":{"rendered":"\n<div data-uk-slideshow=\"{duration: 1000,autoplay: true ,autoplayInterval: 3000,pauseOnHover: false,kenburns: '15s'}\">\n\n    <div class=\"uk-slidenav-position\">\n\n        <ul class=\"uk-slideshow\">\n        \n            <li style=\"min-height: 300px;\">\n\n                \n                    <img decoding=\"async\" src=\"\/wp-content\/uploads\/CZ7A4618_TFa.jpg\">\n                    \n                    \n                    \n                \n            <\/li>\n\n        \n            <li style=\"min-height: 300px;\">\n\n                \n                    <img decoding=\"async\" src=\"\/wp-content\/uploads\/CZ7A4489_TFa.jpg\">\n                    \n                    \n                    \n                \n            <\/li>\n\n        \n            <li style=\"min-height: 300px;\">\n\n                \n                    <img decoding=\"async\" src=\"\/wp-content\/uploads\/CZ7A4405_TFa.jpg\">\n                    \n                    \n                    \n                \n            <\/li>\n\n        \n            <li style=\"min-height: 300px;\">\n\n                \n                    <img decoding=\"async\" src=\"\/wp-content\/uploads\/CZ7A4532_TFa.jpg\">\n                    \n                    \n                    \n                \n            <\/li>\n\n        \n            <li style=\"min-height: 300px;\">\n\n                \n                    <img decoding=\"async\" src=\"\/wp-content\/uploads\/CZ7A4583a.jpg\">\n                    \n                    \n                    \n                \n            <\/li>\n\n        \n            <li style=\"min-height: 300px;\">\n\n                \n                    <img decoding=\"async\" src=\"\/wp-content\/uploads\/CZ7A4582a.jpg\">\n                    \n                    \n                    \n                \n            <\/li>\n\n        \n            <li style=\"min-height: 300px;\">\n\n                \n                    <img decoding=\"async\" src=\"\/wp-content\/uploads\/CZ7A4463_TFa.jpg\">\n                    \n                    \n                    \n                \n            <\/li>\n\n                <\/ul>\n\n                <a href=\"#\" class=\"uk-slidenav uk-slidenav-contrast uk-slidenav-previous uk-hidden-touch\" data-uk-slideshow-item=\"previous\"><\/a>\n        <a href=\"#\" class=\"uk-slidenav uk-slidenav-contrast uk-slidenav-next uk-hidden-touch\" data-uk-slideshow-item=\"next\"><\/a>\n        \n                <div class=\"uk-overlay-panel uk-overlay-bottom\">\n            \n<ul class=\"uk-dotnav uk-dotnav-contrast uk-flex-center\">\n    <li data-uk-slideshow-item=\"0\"><a href=\"#\"><\/a><\/li>\n    <li data-uk-slideshow-item=\"1\"><a href=\"#\"><\/a><\/li>\n    <li data-uk-slideshow-item=\"2\"><a href=\"#\"><\/a><\/li>\n    <li data-uk-slideshow-item=\"3\"><a href=\"#\"><\/a><\/li>\n    <li data-uk-slideshow-item=\"4\"><a href=\"#\"><\/a><\/li>\n    <li data-uk-slideshow-item=\"5\"><a href=\"#\"><\/a><\/li>\n    <li data-uk-slideshow-item=\"6\"><a href=\"#\"><\/a><\/li>\n<\/ul>\n        <\/div>\n        \n    <\/div>\n\n    \n<\/div>\n\r\n<p>&nbsp;<\/p>\r\n<h3><strong>Esc\u00e1ner de herramienta de diagn\u00f3stico profesional para motocicletas BENELLI BETAMOTOR BIMOTA BROUGH SUPERIOR BRP CAN-AM INDIAN PIAGGIO<br \/>\r\n<\/strong><\/h3>\r\n<p>&nbsp;<\/p>\r\n<p>El Bikescan 2 para el diagn\u00f3stico profesional de la centralita de las motocicletas BENELLI BETAMOTOR BIMOTA BROUGH SUPERIOR BRP CAN-AM INDIAN PIAGGIO es peque\u00f1o y potente. El sistema cubre toda la electr\u00f3nica de la motocicleta y facilita al usuario la resoluci\u00f3n de problemas en la motocicleta. Gracias a las numerosas funciones especiales, Bike-Scan2 Pro se ha convertido en una parte indispensable de un taller moderno.<\/p>\r\n<p>&nbsp;<\/p>\r\n<h3><strong>Compatible con los siguientes modelos BENELLI BETAMOTOR BIMOTA BROUGH SUPERIOR BRP CAN-AM INDIAN:<\/strong><\/h3>\r\n<p>&nbsp;<\/p>\r\n<p><strong>BETAMOTOR<\/strong><\/p>\r\n<p>RR 125 \/ 200 \/ 250 \/ 300 \/ 350 \/ 390 \/ 430 \/ 480<\/p>\r\n<p>Xtrainer 250 \/ 300<\/p>\r\n<p>&nbsp;<\/p>\r\n<p><strong>BIMOTA<\/strong><\/p>\r\n<p>DB 4 \/ 5 \/ 6<\/p>\r\n<p>TESI<\/p>\r\n<p>&nbsp;<\/p>\r\n<p><strong>BROUGH SUPERIOR<\/strong><\/p>\r\n<p>Pendine Sand Racer<\/p>\r\n<p>SS100<\/p>\r\n<p>&nbsp;<\/p>\r\n<p><strong>BRP CAN-AM<\/strong><\/p>\r\n<p>Commander 1000 \/ 800 \/ MAX<\/p>\r\n<p>DS 450<\/p>\r\n<p>Maverick 1000 \/ MAX<\/p>\r\n<p>Outlander 1000 \/ 400 \/ 500 \/ 570 \/ 650 \/ 800 \/ MAX<\/p>\r\n<p>Renegade 1000 \/ 570 \/ 800 \/ 850<\/p>\r\n<p>Spyder F3 \/ GS \/ RS \/ RT<\/p>\r\n<p>&nbsp;<\/p>\r\n<p><strong>PIAGGIO<\/strong><\/p>\r\n<p>Ape Calessino<\/p>\r\n<p>Beverly 125 \/ 250 \/ 300 \/ 400 \/ 500 \/ Cruiser \/ Sport<\/p>\r\n<p>Carnaby 125 \/ 250 \/ 300 \/ 400<\/p>\r\n<p>Fly 125 \/ 150<\/p>\r\n<p>Liberty 125 \/ 150 \/ 50 3V \/ S<\/p>\r\n<p>Medley 125 \/ 150 \/ S<\/p>\r\n<p>MP3 125 \/ 250 \/ \u00a0300 Hpe Sport \/ 400 \/ 350 \/ 500<\/p>\r\n<p>Porter Multitech \/ HC<\/p>\r\n<p>X<\/p>\r\n<p>ZIP<\/p>\r\n<p>&nbsp;<\/p>\r\n<p><strong>INDIAN<\/strong><\/p>\r\n<p>Chief Classic \/ Dark \/ Vintage \/ Elite<\/p>\r\n<p>Roadmaster Classic \/ Elite<\/p>\r\n<p>Scout Bobber \/ Sixty<\/p>\r\n<p>Springfield \/ Dark Horse<\/p>\r\n<p>&nbsp;<\/p>","protected":false},"excerpt":{"rendered":"<p>&nbsp; Esc\u00e1ner de herramienta de diagn\u00f3stico profesional para motocicletas BENELLI BETAMOTOR BIMOTA BROUGH SUPERIOR BRP CAN-AM INDIAN PIAGGIO &nbsp; El Bikescan 2 para el diagn\u00f3stico profesional de la centralita de las motocicletas BENELLI BETAMOTOR BIMOTA BROUGH SUPERIOR BRP CAN-AM INDIAN PIAGGIO es peque\u00f1o y potente. El sistema cubre toda la electr\u00f3nica de la motocicleta y [&hellip;]<\/p>\n","protected":false},"author":1,"featured_media":0,"parent":0,"menu_order":0,"comment_status":"closed","ping_status":"closed","template":"","meta":{"footnotes":""},"class_list":["post-3514","page","type-page","status-publish","hentry"],"yoast_head":"<!-- This site is optimized with the Yoast SEO plugin v26.6 - https:\/\/yoast.com\/wordpress\/plugins\/seo\/ -->\n<title>diagn\u00f3stico motocicleta esc\u00e1ner PIAGGIO BIMOTA BRP CAN-AM INDIAN<\/title>\n<meta name=\"description\" content=\"Dispositivo de diagn\u00f3stico de motocicleta BENELLI BETAMOTOR BIMOTA BROUGH SUPERIOR BRP CAN-AM INDIAN motorcycle Diagnostic esc\u00e1ner PIAGGIO mp\" \/>\n<meta name=\"robots\" content=\"index, follow, max-snippet:-1, max-image-preview:large, max-video-preview:-1\" \/>\n<link rel=\"canonical\" href=\"https:\/\/www.duonix.de\/fuer-benelli-betamotor-bimota-brough-superior-brp-can-am-indian\/\" \/>\n<meta property=\"og:locale\" content=\"es_ES\" \/>\n<meta property=\"og:type\" content=\"article\" \/>\n<meta property=\"og:title\" content=\"diagn\u00f3stico motocicleta esc\u00e1ner PIAGGIO BIMOTA BRP CAN-AM INDIAN\" \/>\n<meta property=\"og:description\" content=\"Dispositivo de diagn\u00f3stico de motocicleta BENELLI BETAMOTOR BIMOTA BROUGH SUPERIOR BRP CAN-AM INDIAN motorcycle Diagnostic esc\u00e1ner PIAGGIO mp\" \/>\n<meta property=\"og:url\" content=\"https:\/\/www.duonix.de\/fuer-benelli-betamotor-bimota-brough-superior-brp-can-am-indian\/\" \/>\n<meta property=\"og:site_name\" content=\"Dispositivo de diagn\u00f3stico de motocicleta e veh\u00edculo\" \/>\n<meta property=\"article:modified_time\" content=\"2022-09-30T10:44:00+00:00\" \/>\n<meta name=\"twitter:card\" content=\"summary_large_image\" \/>\n<meta name=\"twitter:label1\" content=\"Tiempo de lectura\" \/>\n\t<meta name=\"twitter:data1\" content=\"1 minuto\" \/>\n<script type=\"application\/ld+json\" class=\"yoast-schema-graph\">{\"@context\":\"https:\/\/schema.org\",\"@graph\":[{\"@type\":\"WebPage\",\"@id\":\"https:\/\/www.duonix.de\/fuer-benelli-betamotor-bimota-brough-superior-brp-can-am-indian\/\",\"url\":\"https:\/\/www.duonix.de\/fuer-benelli-betamotor-bimota-brough-superior-brp-can-am-indian\/\",\"name\":\"diagn\u00f3stico motocicleta esc\u00e1ner PIAGGIO BIMOTA BRP CAN-AM INDIAN\",\"isPartOf\":{\"@id\":\"https:\/\/www.duonix.de\/#website\"},\"datePublished\":\"2021-11-26T09:08:56+00:00\",\"dateModified\":\"2022-09-30T10:44:00+00:00\",\"description\":\"Dispositivo de diagn\u00f3stico de motocicleta BENELLI BETAMOTOR BIMOTA BROUGH SUPERIOR BRP CAN-AM INDIAN motorcycle Diagnostic esc\u00e1ner PIAGGIO mp\",\"breadcrumb\":{\"@id\":\"https:\/\/www.duonix.de\/fuer-benelli-betamotor-bimota-brough-superior-brp-can-am-indian\/#breadcrumb\"},\"inLanguage\":\"es\",\"potentialAction\":[{\"@type\":\"ReadAction\",\"target\":[\"https:\/\/www.duonix.de\/fuer-benelli-betamotor-bimota-brough-superior-brp-can-am-indian\/\"]}]},{\"@type\":\"BreadcrumbList\",\"@id\":\"https:\/\/www.duonix.de\/fuer-benelli-betamotor-bimota-brough-superior-brp-can-am-indian\/#breadcrumb\",\"itemListElement\":[{\"@type\":\"ListItem\",\"position\":1,\"name\":\"Home\",\"item\":\"https:\/\/www.duonix.de\/es\/\"},{\"@type\":\"ListItem\",\"position\":2,\"name\":\"Por BENELLI BETAMOTOR BIMOTA BROUGH SUPERIOR BRP CAN-AM INDIAN\"}]},{\"@type\":\"WebSite\",\"@id\":\"https:\/\/www.duonix.de\/#website\",\"url\":\"https:\/\/www.duonix.de\/\",\"name\":\"Dispositivo de diagn\u00f3stico de motocicleta e veh\u00edculo\",\"description\":\"Dispositivo de diagn\u00f3stico, herramientas para motocicletas, turismos, camiones, desarrollo.\",\"potentialAction\":[{\"@type\":\"SearchAction\",\"target\":{\"@type\":\"EntryPoint\",\"urlTemplate\":\"https:\/\/www.duonix.de\/?s={search_term_string}\"},\"query-input\":{\"@type\":\"PropertyValueSpecification\",\"valueRequired\":true,\"valueName\":\"search_term_string\"}}],\"inLanguage\":\"es\"}]}<\/script>\n<!-- \/ Yoast SEO plugin. -->","yoast_head_json":{"title":"diagn\u00f3stico motocicleta esc\u00e1ner PIAGGIO BIMOTA BRP CAN-AM INDIAN","description":"Dispositivo de diagn\u00f3stico de motocicleta BENELLI BETAMOTOR BIMOTA BROUGH SUPERIOR BRP CAN-AM INDIAN motorcycle Diagnostic esc\u00e1ner PIAGGIO mp","robots":{"index":"index","follow":"follow","max-snippet":"max-snippet:-1","max-image-preview":"max-image-preview:large","max-video-preview":"max-video-preview:-1"},"canonical":"https:\/\/www.duonix.de\/fuer-benelli-betamotor-bimota-brough-superior-brp-can-am-indian\/","og_locale":"es_ES","og_type":"article","og_title":"diagn\u00f3stico motocicleta esc\u00e1ner PIAGGIO BIMOTA BRP CAN-AM INDIAN","og_description":"Dispositivo de diagn\u00f3stico de motocicleta BENELLI BETAMOTOR BIMOTA BROUGH SUPERIOR BRP CAN-AM INDIAN motorcycle Diagnostic esc\u00e1ner PIAGGIO mp","og_url":"https:\/\/www.duonix.de\/fuer-benelli-betamotor-bimota-brough-superior-brp-can-am-indian\/","og_site_name":"Dispositivo de diagn\u00f3stico de motocicleta e veh\u00edculo","article_modified_time":"2022-09-30T10:44:00+00:00","twitter_card":"summary_large_image","twitter_misc":{"Tiempo de lectura":"1 minuto"},"schema":{"@context":"https:\/\/schema.org","@graph":[{"@type":"WebPage","@id":"https:\/\/www.duonix.de\/fuer-benelli-betamotor-bimota-brough-superior-brp-can-am-indian\/","url":"https:\/\/www.duonix.de\/fuer-benelli-betamotor-bimota-brough-superior-brp-can-am-indian\/","name":"diagn\u00f3stico motocicleta esc\u00e1ner PIAGGIO BIMOTA BRP CAN-AM INDIAN","isPartOf":{"@id":"https:\/\/www.duonix.de\/#website"},"datePublished":"2021-11-26T09:08:56+00:00","dateModified":"2022-09-30T10:44:00+00:00","description":"Dispositivo de diagn\u00f3stico de motocicleta BENELLI BETAMOTOR BIMOTA BROUGH SUPERIOR BRP CAN-AM INDIAN motorcycle Diagnostic esc\u00e1ner PIAGGIO mp","breadcrumb":{"@id":"https:\/\/www.duonix.de\/fuer-benelli-betamotor-bimota-brough-superior-brp-can-am-indian\/#breadcrumb"},"inLanguage":"es","potentialAction":[{"@type":"ReadAction","target":["https:\/\/www.duonix.de\/fuer-benelli-betamotor-bimota-brough-superior-brp-can-am-indian\/"]}]},{"@type":"BreadcrumbList","@id":"https:\/\/www.duonix.de\/fuer-benelli-betamotor-bimota-brough-superior-brp-can-am-indian\/#breadcrumb","itemListElement":[{"@type":"ListItem","position":1,"name":"Home","item":"https:\/\/www.duonix.de\/es\/"},{"@type":"ListItem","position":2,"name":"Por BENELLI BETAMOTOR BIMOTA BROUGH SUPERIOR BRP CAN-AM INDIAN"}]},{"@type":"WebSite","@id":"https:\/\/www.duonix.de\/#website","url":"https:\/\/www.duonix.de\/","name":"Dispositivo de diagn\u00f3stico de motocicleta e veh\u00edculo","description":"Dispositivo de diagn\u00f3stico, herramientas para motocicletas, turismos, camiones, desarrollo.","potentialAction":[{"@type":"SearchAction","target":{"@type":"EntryPoint","urlTemplate":"https:\/\/www.duonix.de\/?s={search_term_string}"},"query-input":{"@type":"PropertyValueSpecification","valueRequired":true,"valueName":"search_term_string"}}],"inLanguage":"es"}]}},"_links":{"self":[{"href":"https:\/\/www.duonix.de\/es\/wp-json\/wp\/v2\/pages\/3514","targetHints":{"allow":["GET"]}}],"collection":[{"href":"https:\/\/www.duonix.de\/es\/wp-json\/wp\/v2\/pages"}],"about":[{"href":"https:\/\/www.duonix.de\/es\/wp-json\/wp\/v2\/types\/page"}],"author":[{"embeddable":true,"href":"https:\/\/www.duonix.de\/es\/wp-json\/wp\/v2\/users\/1"}],"replies":[{"embeddable":true,"href":"https:\/\/www.duonix.de\/es\/wp-json\/wp\/v2\/comments?post=3514"}],"version-history":[{"count":4,"href":"https:\/\/www.duonix.de\/es\/wp-json\/wp\/v2\/pages\/3514\/revisions"}],"predecessor-version":[{"id":3589,"href":"https:\/\/www.duonix.de\/es\/wp-json\/wp\/v2\/pages\/3514\/revisions\/3589"}],"wp:attachment":[{"href":"https:\/\/www.duonix.de\/es\/wp-json\/wp\/v2\/media?parent=3514"}],"curies":[{"name":"wp","href":"https:\/\/api.w.org\/{rel}","templated":true}]}}