{"id":1149,"date":"2015-06-24T08:11:47","date_gmt":"2015-06-24T08:11:47","guid":{"rendered":"http:\/\/www.duonix.de\/datenschutz\/?lang=fr"},"modified":"2024-02-12T08:04:25","modified_gmt":"2024-02-12T08:04:25","slug":"datenschutz","status":"publish","type":"page","link":"https:\/\/www.duonix.de\/fr\/datenschutz\/","title":{"rendered":"Datenschutz"},"content":{"rendered":"<p><strong>Datenschutzerkl\u00e4rung der Duonix GmbH<\/strong><\/p>\r\n<p>Die Duonix GmbH (im Folgenden \u201eDuonix\u201c oder \u201ewir\u201c) betreibt die unter \u201ehttps:\/\/www.duonix.de\u201c abrufbare Website einschlie\u00dflich des zugeh\u00f6rigen Online-Shops (im Folgenden \u201eWebsite\u201c).<\/p>\r\n<p>Mit dieser Datenschutzerkl\u00e4rung erl\u00e4utern wir Ihnen, welche Daten in welcher Form verarbeitet werden, wenn Sie die Website besuchen. Hiermit kommen wir zugleich unserer Informationspflicht gem. Art. 13 Datenschutz-Grundverordnung (DSGVO) Ihnen gegen\u00fcber nach.<\/p>\r\n<ol>\r\n\t<li><strong> Verantwortlicher<\/strong><\/li>\r\n<\/ol>\r\n<p>Datenschutzrechtlich verantwortlich f\u00fcr die auf oder im Zusammenhang mit der Website stattfindenden Datenverarbeitungen ist die<\/p>\r\n<p>Duonix GmbH<br \/>\r\nvertreten durch den Gesch\u00e4ftsf\u00fchrer Vjatcheslav Plotnikov<br \/>\r\nStaakener Str. 28-29<br \/>\r\n13581 Berlin<\/p>\r\n<p>Tel: 030\/ 692045711<br \/>\r\nFax: 030\/ 692045719<br \/>\r\nE-Mail: info(at)duonix.de<\/p>\r\n<ol start=\"2\">\r\n\t<li><strong> Verarbeitete Daten, Zwecke und Rechtsgrundlagen der Datenverarbeitung<\/strong><\/li>\r\n<\/ol>\r\n<p>Nach der DSGVO sind personenbezogene Daten \u201ealle Informationen, die sich auf eine identifizierte oder identifizierbare nat\u00fcrliche Person (im Folgenden \u201ebetroffene Person\u201c) beziehen. Als identifizierbar wird eine nat\u00fcrliche Person angesehen, die direkt oder indirekt, insbesondere mittels Zuordnung zu einer Kennung wie einem Namen, zu einer Kennnummer, zu Standortdaten, zu einer Online-Kennung oder zu einem oder mehreren besonderen Merkmalen identifiziert werden kann, die Ausdruck der physischen, physiologischen, genetischen, psychischen, wirtschaftlichen, kulturellen oder sozialen Identit\u00e4t dieser nat\u00fcrlichen Person sind.<\/p>\r\n<p>Folgende personenbezogene Daten werden verarbeitet:<\/p>\r\n<p><strong>2.1 Allgemeine Nutzung der Website<\/strong><\/p>\r\n<p>Wir erheben und speichern im Zuge Ihres Besuchs auf unserer Website grunds\u00e4tzlich nur dann personenbezogenen Daten, wenn Sie uns diese aktiv mitteilen. Unbeschadet der vorstehenden grunds\u00e4tzlichen Gegebenheiten registriert aber der Webserver unseres Hosters automatisch Zugriffe auf die Website und dabei insbesondere Ihre IP-Adresse. Ihre IP-Adresse wird jedoch nicht gespeichert.<\/p>\r\n<p>Zudem legt unser Hoster zur Erhaltung der Systemsicherheit sog. Logfiles an. Diese Logfiles enthalten die folgenden Informationen:<\/p>\r\n<ul>\r\n\t<li>Datum und Uhrzeit der Anforderung<\/li>\r\n\t<li>vom anfordernden Rechner gew\u00fcnschte Zugriffsmethode\/Funktion<\/li>\r\n\t<li>vom anfordernden Rechner \u00fcbermittelte Eingabewerte (z. B. Dateiname)<\/li>\r\n\t<li>Zugriffsstatus des Web-Servers (Datei \u00fcbertragen, Datei nicht gefunden, Kommando nicht ausgef\u00fchrt, etc.)<\/li>\r\n\t<li>Name der angeforderten Datei<\/li>\r\n\t<li>URL, von der aus die Datei angefordert\/die gew\u00fcnschte Funktion veranlasst wurde.<\/li>\r\n<\/ul>\r\n<p>Diese Informationen bleiben f\u00fcr uns anonym. Ein R\u00fcckschluss auf eine bestimmte Person ist somit nicht m\u00f6glich.<\/p>\r\n<p>Die Verarbeitung Ihrer IP-Adresse w\u00e4hrend des Verbindungsaufbaus erfolgt, damit wir Ihnen unsere Website zur Verf\u00fcgung stellen k\u00f6nnen. Sie basiert auf Art. 6 Abs. 1 lit. f) DS-GVO. Unser berechtigtes Interesse besteht im genannten Zweck. Die in den Logfiles gespeicherten Daten werden ggf. ausgewertet, um unzul\u00e4ssige Zugriffe auf den Webserver zu identifizieren. Dar\u00fcber hinaus werden die Angaben ggf. zu statistischen Zwecken ausgewertet. Die Angaben k\u00f6nnen jedoch nicht einzelnen Nutzern zugeordnet werden. Die Rechtsgrundlage einer solchen Datenverarbeitung ist Art. 6 Abs. 1 lit. f) DSGVO. Das berechtigte Interesse liegt in der Erhaltung der Funktionsf\u00e4higkeit und Sicherheit der Website sowie in der Gewinnung von Erkenntnissen f\u00fcr technische und inhaltliche Verbesserungsm\u00f6glichkeiten.<\/p>\r\n<p>Wir nutzen keine externen Tracker oder Dienste wie z. B. Google Analytics zur Erhebung und Auswertung von Nutzungsdaten.<\/p>\r\n<p><strong>2.2 Cookies<\/strong><\/p>\r\n<p>Zur Erm\u00f6glichung bestimmter Funktionen unserer Website setzen wir so genannte Cookies ein. Bei einem Cookie handelt es sich um eine kleine Textdatei, die von unserem Webserver auf der Festplatte Ihres Computers gespeichert wird. Bei den von uns verwendeten Cookies handelt es sich um sogenannte \u201eSession Cookies\u201c. Sie enthalten keine personenbezogenen Daten und werden nach Ende Ihres Besuchs auf der Website automatisch von Ihrer Festplatte gel\u00f6scht. Die Cookies dienen der Realisierung bestimmter Funktionen der Website wie z. B. der Warenkorbfunktion in unserem Online-Shop. Die Nutzung erfolgt auf der Grundlage von Art. 6 Abs. 1 lit. f) DSGVO. Das berechtigte Interesse liegt in dem soeben dargelegten Zweck.<\/p>\r\n<p>\u00dcber die Konfiguration Ihres Browsers k\u00f6nnen Sie selbst bestimmen, ob und in welcher Weise Sie den Einsatz von Cookies zulassen. Wenn Sie Cookies nicht zulassen oder l\u00f6schen, kann dies zur Folge haben, dass Ihnen einige Funktionen auf unserer Website nicht in gewohntem Umfang zur Verf\u00fcgung stehen.<\/p>\r\n<p><strong>2.3 Bestellungen im Online-Shop und Kundenkonto<\/strong><\/p>\r\n<p>Sie k\u00f6nnen sich auf unserer Website registrieren und ein Kundenkonto er\u00f6ffnen und anschlie\u00dfend Waren in unserem Online-Shop bestellen. Im Rahmen der Registrierung erheben wir folgende Daten:<\/p>\r\n<p>&#8211; Ihren Vornamen<br \/>\r\n&#8211; Ihren Nachnamen<br \/>\r\n&#8211; Ihre Firma<br \/>\r\n&#8211; Ihre Anschrift<br \/>\r\n&#8211; Ihre USt. ID<br \/>\r\n&#8211; Ihre E-Mail-Adresse<br \/>\r\n&#8211; Ihre Telefonnummer<br \/>\r\n&#8211; Ihr selbst zu w\u00e4hlendes Passwort.<\/p>\r\n<p>Sie haben auch die M\u00f6glichkeit, ohne eine Registrierung bei uns Waren in unserem Online-Shop zu bestellen. In diesem Fall erheben wir die vorgenannten Daten im Rahmen ihrer konkreten Bestellung. Dar\u00fcber hinaus werden im Falle einer Bestellung au\u00dferdem die Angaben zum Inhalt Ihrer Bestellung, zur gew\u00e4hlten Versandart und die f\u00fcr die gew\u00e4hlte Zahlungsart ggf. relevanten Zahlungsinformationen sowie ggf. Angaben zu einer abweichenden Lieferanschrift erhoben.<\/p>\r\n<p>All diese Daten werden von uns verwendet, um Ihre jeweilige Bestellung zu bearbeiten und die mit Ihnen geschlossenen Vertr\u00e4ge durchzuf\u00fchren und zu erf\u00fcllen. Ihre Daten werden zudem genutzt, um Sie, soweit erforderlich, wegen get\u00e4tigter Bestellungen zu kontaktieren und um Ihnen die Funktionalit\u00e4ten des Kundenskontos dauerhaft zur Verf\u00fcgung zu stellen. Die Verarbeitung der betreffenden Daten erfolgt aufgrund von Art. 6 Abs. 1 lit. b) DSGVO. Wir sind zudem gesetzlich verpflichtet, gewisse Daten wie Rechnungen, Vertr\u00e4ge und andere buchhalterisch relevante Informationen f\u00fcr einen gewissen Zeitraum zu speichern. Die f\u00fcr diesen Zweck notwendigen Verarbeitungen erfolgen aufgrund von Art. 6 Abs. 1 lit. c) DSGVO i.V.m. \u00a7 147 AO und 257 HGB.<\/p>\r\n<p><strong>2.4 Kontaktformular<\/strong><\/p>\r\n<p>Wir bieten Ihnen auf unserer Website die M\u00f6glichkeit zu uns mittels eines Formulars Kontakt aufzunehmen. Zu diesem Zweck m\u00fcssen Sie uns Ihre E-Mail-Adresse mitteilen, damit wir Ihre Anfrage beantworten k\u00f6nnen. Zudem k\u00f6nnen Sie uns Ihre Firma, Ihren Namen, Ihre Telefonnummer sowie die konkrete Nachricht mitteilen.<\/p>\r\n<p>Nehmen Sie unter der auf unserer Website angegebenen E-Mail-Adresse Kontakt zu uns auf, teilen Sie uns zumindest Ihre E-Mail-Adresse mit, sowie gegebenenfalls weitere Informationen, die Sie in Ihrer E-Mail preisgeben.<\/p>\r\n<p>Die Verarbeitung der uns im Rahmen einer Kontaktaufnahme \u00fcbermittelten Daten erfolgt, damit wir Ihre Anfrage bearbeiten und beantworten k\u00f6nnen. Rechtsgrundlage hierf\u00fcr ist Art. 6 Abs. 1 lit. f) DS-GVO. Unser berechtigtes Interesse liegt im soeben genannten Zweck.\u00a0<\/p>\r\n<p><strong>2.5 Newsletter und Verwendung von E-Mail-Adressen f\u00fcr Werbezwecke<\/strong><\/p>\r\n<p>Sie haben ggf. die M\u00f6glichkeit, auf der Website unseren E-Mail-Newsletter zu abonnieren. Mit dem Abonnement ist die Einwilligung in den Erhalt unseres Newsletters per E-Mail an die angegebene E-Mail-Adresse verbunden. Ihre E-Mail-Adresse wird nach Ihrer Anmeldung also von uns f\u00fcr eigene Werbezwecke genutzt. Das Abonnement kann jederzeit \u00fcber die daf\u00fcr in dem Newsletter mitgeteilte Funktion, durch eine E-Mail an info@duonix.de oder \u2013 sofern angeboten \u2013 eine entsprechende Option in den Einstellungen Ihres Kundenkontos abbestellt werden. Zur Erm\u00f6glichung der Versendung des Newsletters wird Ihre E-Mail-Adresse gespeichert. Rechtsgrundlage f\u00fcr die entsprechende Verarbeitung Ihrer Daten ist insoweit Art. 6 Abs. 1 lit. a) DSGVO.<\/p>\r\n<p>Wir werden Ihre E-Mail-Adresse auch sonst nur mit Ihrer Einwilligung f\u00fcr Werbezwecke verwenden. Allerdings behalten wir uns vor, Ihnen auch ohne ausdr\u00fcckliche Einwilligung Werbung per E-Mail f\u00fcr Produkte zu \u00fcbersenden, wenn Sie bereits ein \u00e4hnliches Produkt bei uns erworben haben, wir Ihre E-Mail-Adresse im Zusammenhang mit diesem Kauf von Ihnen erhalten haben, Sie einer entsprechenden Nutzung Ihrer E-Mail-Adresse nicht widersprochen haben und Sie bei der Datenerhebung auf Ihre Widerspruchsm\u00f6glichkeit hingewiesen worden sind. Sie k\u00f6nnen der entsprechenden Nutzung Ihrer E-Mail-Adresse jederzeit durch eine E-Mail an info@duonix.de widersprechen. Dadurch entstehen Ihnen keine anderen Kosten als die \u00dcbermittlungskosten, die Sie ggf. f\u00fcr den Versand von E-Mails aufwenden m\u00fcssen. Rechtsgrundlage f\u00fcr die entsprechende Verarbeitung Ihrer Daten ist insoweit Art. 6 Abs. 1 lit. f) DSGVO und Art. 95 DSGVO i.V.m. \u00a7 7 Abs. 3 UWG, wobei das berechtigte Interesse in der M\u00f6glichkeit besteht, f\u00fcr bestimmte Verkaufsangebote zu werben.<\/p>\r\n<ol start=\"3\">\r\n\t<li><strong> Empf\u00e4nger der Daten<\/strong><\/li>\r\n<\/ol>\r\n<p>Innerhalb unseres Unternehmens haben jeweils die Personen auf Ihre Daten Zugriff, die f\u00fcr die Bearbeitung der jeweiligen Anliegen zust\u00e4ndig sind. Zudem setzen wir externe Dienstleister ein, soweit wir Leistungen nicht oder nicht sinnvoll selbst vornehmen k\u00f6nnen. Diese externen Dienstleister sind dabei vor allem Anbieter von IT-Dienstleistungen und Telekommunikationsdienste.<\/p>\r\n<p>Abh\u00e4ngig von der von Ihnen gew\u00e4hlten Zahlungsart kann es sein, dass wir die f\u00fcr die Zahlungsabwicklung erforderlichen Daten an den Zahlungsdienstleister \u00fcbermitteln m\u00fcssen, der die Zahlungsart erm\u00f6glicht (z. B. PayPal).<\/p>\r\n<p>Wenn die bestellte Ware an Sie versandt werden soll, m\u00fcssen wir dem jeweils beauftragten Transportdienstleister u. a. die Lieferanschrift mitteilen.<\/p>\r\n<p>Eine \u00dcbermittlung von Daten in Drittstaaten findet nur dann statt, soweit sie zur Ausf\u00fchrung Ihrer Auftr\u00e4ge erforderlich ist, gesetzlich vorgeschrieben ist oder Sie uns Ihre Einwilligung hierzu erteilt haben.<\/p>\r\n<ol start=\"4\">\r\n\t<li><strong> Speicherdauer<\/strong><\/li>\r\n<\/ol>\r\n<p>&nbsp;<\/p>\r\n<p>Unsere Logfiles werden 30 Tage gespeichert. Ihre E-Mails und Kontaktaufnahmen speichern wir so lange, wie es zur Bearbeitung Ihrer Anfrage erforderlich ist und anschlie\u00dfend f\u00fcr einen Zeitraum von weiteren 3 Jahren, falls Sie sich bezugnehmend auf Ihre urspr\u00fcngliche Frage noch einmal an uns wenden.<\/p>\r\n<p>Ihre Kundendaten werden gespeichert, so lange Ihr Kundenkonto bei uns besteht. Mit Beendigung der zugrundeliegenden Nutzungsvereinbarung werden sie unmittelbar gel\u00f6scht. Dies gilt nicht f\u00fcr Daten, die im Rahmen von Bestellungen verarbeitet werden. Diese Daten werden so lange gespeichert, wie dies f\u00fcr die Abwicklung der betreffenden Bestellungen erforderlich ist und dar\u00fcber hinaus, soweit und solange wir gesetzlich zur Aufbewahrung der Daten verpflichtet sind.<\/p>\r\n<p>Ihre E-Mail-Adresse zur Versendung des Newsletters verarbeiten wir, bis Sie Ihre entsprechende Einwilligung widerrufen haben.<\/p>\r\n<ol start=\"5\">\r\n\t<li><strong> Betroffenenrechte<\/strong><\/li>\r\n<\/ol>\r\n<p>Die Datenschutz-Grundverordnung garantiert Ihnen gewisse Rechte, die Sie uns gegen\u00fcber bei Vorliegen der gesetzlichen Voraussetzungen geltend machen k\u00f6nnen.<\/p>\r\n<p><u>Art. 15 DSGVO \u2013 Auskunftsrecht der betroffenen Person:<\/u> Sie haben das Recht, von uns eine Best\u00e4tigung dar\u00fcber zu verlangen, ob Sie betreffende personenbezogene Daten verarbeitet werden und wenn ja, welche dies sind sowie die n\u00e4heren Umst\u00e4nde der Datenverarbeitung.<\/p>\r\n<p><u>Art. 16 DSGVO \u2013 Recht auf Berichtigung:<\/u> Sie haben das Recht, von uns unverz\u00fcglich die Berichtigung Sie betreffender unrichtiger personenbezogener Daten zu verlangen. Dabei haben Sie unter Ber\u00fccksichtigung der Zwecke der Verarbeitung auch das Recht, die Vervollst\u00e4ndigung unvollst\u00e4ndiger personenbezogener Daten \u2013 auch mittels einer erg\u00e4nzenden Erkl\u00e4rung \u2013 zu verlangen.<\/p>\r\n<p><u>Art. 17 DSGVO \u2013 Recht auf L\u00f6schung:<\/u> Sie haben das Recht, von uns zu verlangen, dass Sie betreffende personenbezogene Daten unverz\u00fcglich gel\u00f6scht werden.<\/p>\r\n<p><u>Art. 18 DSGVO \u2013 Recht auf Einschr\u00e4nkung der Verarbeitung:<\/u> Sie haben das Recht, von uns die Einschr\u00e4nkung der Verarbeitung zu verlangen.<\/p>\r\n<p><u>Art. 20 DSGVO \u2013 Recht auf Daten\u00fcbertragbarkeit:<\/u> Sie haben das Recht, im Falle der Verarbeitung aufgrund einer Einwilligung oder zur Erf\u00fcllung eines Vertrags, die Sie betreffenden personenbezogenen Daten, die Sie uns bereitgestellt haben, in einem strukturierten, g\u00e4ngigen und maschinenlesbaren Format zu erhalten, und diese Daten einem anderen Verantwortlichen ohne Behinderung durch uns zu \u00fcbermitteln oder die Daten direkt an den anderen Verantwortlichen \u00fcbermitteln zu lassen, soweit dies technisch machbar ist.<\/p>\r\n<p><u>Art. 21 DSGVO \u2013 Widerspruchsrecht:<\/u> Sie haben das Recht, aus Gr\u00fcnden, die sich aus ihrer besonderen Situation ergeben, jederzeit gegen die Verarbeitung Sie betreffender personenbezogener Daten, die aufgrund eines berechtigten Interesses unsererseits oder zur Wahrung einer Aufgabe im \u00f6ffentlichen Interesse erforderlich ist, oder die in Aus\u00fcbung \u00f6ffentlicher Gewalt erfolgt, Widerspruch einzulegen.<\/p>\r\n<p>Legen Sie Widerspruch ein, werden wir Ihre personenbezogenen Daten nicht mehr verarbeiten, es sei denn, wir k\u00f6nnen zwingende schutzw\u00fcrdige Gr\u00fcnde f\u00fcr die Verarbeitung nachweisen, die Ihre Interessen, Rechte und Freiheiten \u00fcberwiegen, oder die Verarbeitung dient der Geltendmachung, Aus\u00fcbung oder Verteidigung von Rechtsanspr\u00fcchen.<\/p>\r\n<p>Soweit wir Ihre personenbezogenen Daten verarbeiten, um Direktwerbung zu betreiben, haben Sie das Recht, jederzeit Widerspruch gegen die Verarbeitung einzulegen. Widersprechen Sie der Verarbeitung f\u00fcr Zwecke der Direktwerbung, so werden wir Ihre personenbezogenen Daten nicht mehr f\u00fcr diese Zwecke verarbeiten.<\/p>\r\n<p>&nbsp;<\/p>\r\n<p><u>Art. 77 DSGVO i. V. m. \u00a7 19 BDSG \u2013 Recht auf Beschwerde bei einer Aufsichtsbeh\u00f6rde:<\/u> Sie haben das Recht, jederzeit Beschwerde bei einer Aufsichtsbeh\u00f6rde, insbesondere in dem Mitgliedstaat ihres Aufenthaltsorts, ihres Arbeitsplatzes oder des Orts des mutma\u00dflichen Versto\u00dfes, einzulegen, wenn Sie der Ansicht sind, dass die Verarbeitung der sie betreffenden personenbezogenen Daten gegen geltendes Recht verst\u00f6\u00dft.<\/p>\r\n<p><u>Widerruf einer Einwilligung:<\/u> Wenn Sie uns eine Einwilligung erteilt haben, haben Sie das Recht, Ihre Einwilligung jederzeit zu widerrufen. Alle Datenverarbeitungen die wir bis zu Ihrem Widerruf vorgenommen haben, bleiben in diesem Fall rechtm\u00e4\u00dfig. Den Widerruf k\u00f6nnen Sie z. B. per E-Mail an die E-Mail-Adresse info@duonix.de erkl\u00e4ren.<\/p>\r\n<ol start=\"6\">\r\n\t<li><strong> Sonstiges<\/strong><\/li>\r\n<\/ol>\r\n<p>Sie haben keine vertragliche oder gesetzliche Pflicht, uns personenbezogene Daten bereitzustellen. Allerdings sind wir ohne die von Ihnen mitgeteilten Daten ggf. nicht in der Lage, die entsprechenden Services anzubieten.<\/p>\r\n<p>Wir verwenden keine automatisierten Entscheidungsfindungen die Ihnen gegen\u00fcber rechtliche Wirkungen entfalten oder Sie beeintr\u00e4chtigen.<\/p>\r\n<p>&nbsp;<\/p>","protected":false},"excerpt":{"rendered":"<p>Datenschutzerkl\u00e4rung der Duonix GmbH Die Duonix GmbH (im Folgenden \u201eDuonix\u201c oder \u201ewir\u201c) betreibt die unter \u201ehttps:\/\/www.duonix.de\u201c abrufbare Website einschlie\u00dflich des zugeh\u00f6rigen Online-Shops (im Folgenden \u201eWebsite\u201c). Mit dieser Datenschutzerkl\u00e4rung erl\u00e4utern wir Ihnen, welche Daten in welcher Form verarbeitet werden, wenn Sie die Website besuchen. Hiermit kommen wir zugleich unserer Informationspflicht gem. Art. 13 Datenschutz-Grundverordnung (DSGVO) Ihnen [&hellip;]<\/p>\n","protected":false},"author":1,"featured_media":0,"parent":0,"menu_order":0,"comment_status":"closed","ping_status":"closed","template":"","meta":{"footnotes":""},"class_list":["post-1149","page","type-page","status-publish","hentry"],"yoast_head":"<!-- This site is optimized with the Yoast SEO plugin v26.6 - https:\/\/yoast.com\/wordpress\/plugins\/seo\/ -->\n<title>Duonix Diagnoseger\u00e4t Diagnose Software OBD2 EOBD<\/title>\n<meta name=\"description\" content=\"Kraftfahrzeugbereich Softwareentwicklung Hardwareentwicklung\" \/>\n<meta name=\"robots\" content=\"index, follow, max-snippet:-1, max-image-preview:large, max-video-preview:-1\" \/>\n<link rel=\"canonical\" href=\"https:\/\/www.duonix.de\/fr\/datenschutz\/\" \/>\n<meta property=\"og:locale\" content=\"fr_FR\" \/>\n<meta property=\"og:type\" content=\"article\" \/>\n<meta property=\"og:title\" content=\"Duonix Diagnoseger\u00e4t Diagnose Software OBD2 EOBD\" \/>\n<meta property=\"og:description\" content=\"Kraftfahrzeugbereich Softwareentwicklung Hardwareentwicklung\" \/>\n<meta property=\"og:url\" content=\"https:\/\/www.duonix.de\/fr\/datenschutz\/\" \/>\n<meta property=\"og:site_name\" content=\"Appareil de diagnostic moto et auto outil\" \/>\n<meta property=\"article:modified_time\" content=\"2024-02-12T08:04:25+00:00\" \/>\n<meta name=\"twitter:card\" content=\"summary_large_image\" \/>\n<meta name=\"twitter:label1\" content=\"Dur\u00e9e de lecture estim\u00e9e\" \/>\n\t<meta name=\"twitter:data1\" content=\"10 minutes\" \/>\n<script type=\"application\/ld+json\" class=\"yoast-schema-graph\">{\"@context\":\"https:\/\/schema.org\",\"@graph\":[{\"@type\":\"WebPage\",\"@id\":\"https:\/\/www.duonix.de\/fr\/datenschutz\/\",\"url\":\"https:\/\/www.duonix.de\/fr\/datenschutz\/\",\"name\":\"Duonix Diagnoseger\u00e4t Diagnose Software OBD2 EOBD\",\"isPartOf\":{\"@id\":\"https:\/\/www.duonix.de\/#website\"},\"datePublished\":\"2015-06-24T08:11:47+00:00\",\"dateModified\":\"2024-02-12T08:04:25+00:00\",\"description\":\"Kraftfahrzeugbereich Softwareentwicklung Hardwareentwicklung\",\"breadcrumb\":{\"@id\":\"https:\/\/www.duonix.de\/fr\/datenschutz\/#breadcrumb\"},\"inLanguage\":\"fr-FR\",\"potentialAction\":[{\"@type\":\"ReadAction\",\"target\":[\"https:\/\/www.duonix.de\/fr\/datenschutz\/\"]}]},{\"@type\":\"BreadcrumbList\",\"@id\":\"https:\/\/www.duonix.de\/fr\/datenschutz\/#breadcrumb\",\"itemListElement\":[{\"@type\":\"ListItem\",\"position\":1,\"name\":\"Home\",\"item\":\"https:\/\/www.duonix.de\/fr\/\"},{\"@type\":\"ListItem\",\"position\":2,\"name\":\"Datenschutz\"}]},{\"@type\":\"WebSite\",\"@id\":\"https:\/\/www.duonix.de\/#website\",\"url\":\"https:\/\/www.duonix.de\/\",\"name\":\"Appareil de diagnostic moto et auto outil\",\"description\":\"Outils de diagnostic pour motos, voitures particuli\u00e8res, camions, d\u00e9veloppement.\",\"potentialAction\":[{\"@type\":\"SearchAction\",\"target\":{\"@type\":\"EntryPoint\",\"urlTemplate\":\"https:\/\/www.duonix.de\/?s={search_term_string}\"},\"query-input\":{\"@type\":\"PropertyValueSpecification\",\"valueRequired\":true,\"valueName\":\"search_term_string\"}}],\"inLanguage\":\"fr-FR\"}]}<\/script>\n<!-- \/ Yoast SEO plugin. -->","yoast_head_json":{"title":"Duonix Diagnoseger\u00e4t Diagnose Software OBD2 EOBD","description":"Kraftfahrzeugbereich Softwareentwicklung Hardwareentwicklung","robots":{"index":"index","follow":"follow","max-snippet":"max-snippet:-1","max-image-preview":"max-image-preview:large","max-video-preview":"max-video-preview:-1"},"canonical":"https:\/\/www.duonix.de\/fr\/datenschutz\/","og_locale":"fr_FR","og_type":"article","og_title":"Duonix Diagnoseger\u00e4t Diagnose Software OBD2 EOBD","og_description":"Kraftfahrzeugbereich Softwareentwicklung Hardwareentwicklung","og_url":"https:\/\/www.duonix.de\/fr\/datenschutz\/","og_site_name":"Appareil de diagnostic moto et auto outil","article_modified_time":"2024-02-12T08:04:25+00:00","twitter_card":"summary_large_image","twitter_misc":{"Dur\u00e9e de lecture estim\u00e9e":"10 minutes"},"schema":{"@context":"https:\/\/schema.org","@graph":[{"@type":"WebPage","@id":"https:\/\/www.duonix.de\/fr\/datenschutz\/","url":"https:\/\/www.duonix.de\/fr\/datenschutz\/","name":"Duonix Diagnoseger\u00e4t Diagnose Software OBD2 EOBD","isPartOf":{"@id":"https:\/\/www.duonix.de\/#website"},"datePublished":"2015-06-24T08:11:47+00:00","dateModified":"2024-02-12T08:04:25+00:00","description":"Kraftfahrzeugbereich Softwareentwicklung Hardwareentwicklung","breadcrumb":{"@id":"https:\/\/www.duonix.de\/fr\/datenschutz\/#breadcrumb"},"inLanguage":"fr-FR","potentialAction":[{"@type":"ReadAction","target":["https:\/\/www.duonix.de\/fr\/datenschutz\/"]}]},{"@type":"BreadcrumbList","@id":"https:\/\/www.duonix.de\/fr\/datenschutz\/#breadcrumb","itemListElement":[{"@type":"ListItem","position":1,"name":"Home","item":"https:\/\/www.duonix.de\/fr\/"},{"@type":"ListItem","position":2,"name":"Datenschutz"}]},{"@type":"WebSite","@id":"https:\/\/www.duonix.de\/#website","url":"https:\/\/www.duonix.de\/","name":"Appareil de diagnostic moto et auto outil","description":"Outils de diagnostic pour motos, voitures particuli\u00e8res, camions, d\u00e9veloppement.","potentialAction":[{"@type":"SearchAction","target":{"@type":"EntryPoint","urlTemplate":"https:\/\/www.duonix.de\/?s={search_term_string}"},"query-input":{"@type":"PropertyValueSpecification","valueRequired":true,"valueName":"search_term_string"}}],"inLanguage":"fr-FR"}]}},"_links":{"self":[{"href":"https:\/\/www.duonix.de\/fr\/wp-json\/wp\/v2\/pages\/1149","targetHints":{"allow":["GET"]}}],"collection":[{"href":"https:\/\/www.duonix.de\/fr\/wp-json\/wp\/v2\/pages"}],"about":[{"href":"https:\/\/www.duonix.de\/fr\/wp-json\/wp\/v2\/types\/page"}],"author":[{"embeddable":true,"href":"https:\/\/www.duonix.de\/fr\/wp-json\/wp\/v2\/users\/1"}],"replies":[{"embeddable":true,"href":"https:\/\/www.duonix.de\/fr\/wp-json\/wp\/v2\/comments?post=1149"}],"version-history":[{"count":4,"href":"https:\/\/www.duonix.de\/fr\/wp-json\/wp\/v2\/pages\/1149\/revisions"}],"predecessor-version":[{"id":3695,"href":"https:\/\/www.duonix.de\/fr\/wp-json\/wp\/v2\/pages\/1149\/revisions\/3695"}],"wp:attachment":[{"href":"https:\/\/www.duonix.de\/fr\/wp-json\/wp\/v2\/media?parent=1149"}],"curies":[{"name":"wp","href":"https:\/\/api.w.org\/{rel}","templated":true}]}}