{"id":1165,"date":"2011-05-02T11:45:06","date_gmt":"2011-05-02T11:45:06","guid":{"rendered":"http:\/\/www.duonix.de\/master-theme\/?lang=fr"},"modified":"2021-11-11T13:49:58","modified_gmt":"2021-11-11T13:49:58","slug":"diagnosesysteme-made-in-germany","status":"publish","type":"page","link":"https:\/\/www.duonix.de\/fr\/","title":{"rendered":"Syst\u00e8mes de diagnostic"},"content":{"rendered":"<p><img loading=\"lazy\" decoding=\"async\" class=\"alignleft wp-image-1571\" src=\"https:\/\/www.duonix.de\/wp-content\/uploads\/home21.png\" alt=\"home2\" width=\"300\" height=\"200\" \/>Nous sommes une entreprise sp\u00e9cialis\u00e9e dans le d\u00e9veloppement de logiciels et de mat\u00e9riel dans le secteur automobile. Duonix GmbH est un partenaire fiable depuis 2007 pour le d\u00e9veloppement et la fabrication de composants logiciels et mat\u00e9riels ainsi que de syst\u00e8mes de diagnostic complets pour l&rsquo;\u00e9lectronique automobile. En tant qu&rsquo;entreprise, profitez de nos connaissances et d\u00e9couvrez notre large gamme de syst\u00e8mes de mesure et de diagnostic de haute qualit\u00e9 Made in Germany.<\/p>","protected":false},"excerpt":{"rendered":"<p>Nous sommes une entreprise sp\u00e9cialis\u00e9e dans le d\u00e9veloppement de logiciels et de mat\u00e9riel dans le secteur automobile. Duonix GmbH est un partenaire fiable depuis 2007 pour le d\u00e9veloppement et la fabrication de composants logiciels et mat\u00e9riels ainsi que de syst\u00e8mes de diagnostic complets pour l&rsquo;\u00e9lectronique automobile. En tant qu&rsquo;entreprise, profitez de nos connaissances et d\u00e9couvrez [&hellip;]<\/p>\n","protected":false},"author":1,"featured_media":0,"parent":0,"menu_order":0,"comment_status":"closed","ping_status":"closed","template":"","meta":{"footnotes":""},"class_list":["post-1165","page","type-page","status-publish","hentry"],"yoast_head":"<!-- This site is optimized with the Yoast SEO plugin v26.6 - https:\/\/yoast.com\/wordpress\/plugins\/seo\/ -->\n<title>OBD2 Diagnoseger\u00e4t KFZ LKW Motorrad Diagnose Fehlerdiagnose Scanner<\/title>\n<meta name=\"description\" content=\"Diagnose Diagnoseger\u00e4t Fahrzeugdiagnose Fehlerdiagnose OBD EOBD KFZ Werkstatt PKW Serviceger\u00e4t Scanner Ausleseger\u00e4t Kraftfahrzeug Motorrad LKW CAR\" \/>\n<meta name=\"robots\" content=\"index, follow, max-snippet:-1, max-image-preview:large, max-video-preview:-1\" \/>\n<link rel=\"canonical\" href=\"https:\/\/www.duonix.de\/fr\/\" \/>\n<meta property=\"og:locale\" content=\"fr_FR\" \/>\n<meta property=\"og:type\" content=\"article\" \/>\n<meta property=\"og:title\" content=\"OBD2 Diagnoseger\u00e4t KFZ LKW Motorrad Diagnose Fehlerdiagnose Scanner\" \/>\n<meta property=\"og:description\" content=\"Diagnose Diagnoseger\u00e4t Fahrzeugdiagnose Fehlerdiagnose OBD EOBD KFZ Werkstatt PKW Serviceger\u00e4t Scanner Ausleseger\u00e4t Kraftfahrzeug Motorrad LKW CAR\" \/>\n<meta property=\"og:url\" content=\"https:\/\/www.duonix.de\/fr\/\" \/>\n<meta property=\"og:site_name\" content=\"Appareil de diagnostic moto et auto outil\" \/>\n<meta property=\"article:modified_time\" content=\"2021-11-11T13:49:58+00:00\" \/>\n<meta property=\"og:image\" content=\"https:\/\/www.duonix.de\/wp-content\/uploads\/home21.png\" \/>\n<meta name=\"twitter:card\" content=\"summary_large_image\" \/>\n<script type=\"application\/ld+json\" class=\"yoast-schema-graph\">{\"@context\":\"https:\/\/schema.org\",\"@graph\":[{\"@type\":\"WebPage\",\"@id\":\"https:\/\/www.duonix.de\/fr\/\",\"url\":\"https:\/\/www.duonix.de\/fr\/\",\"name\":\"OBD2 Diagnoseger\u00e4t KFZ LKW Motorrad Diagnose Fehlerdiagnose Scanner\",\"isPartOf\":{\"@id\":\"https:\/\/www.duonix.de\/#website\"},\"primaryImageOfPage\":{\"@id\":\"https:\/\/www.duonix.de\/fr\/#primaryimage\"},\"image\":{\"@id\":\"https:\/\/www.duonix.de\/fr\/#primaryimage\"},\"thumbnailUrl\":\"https:\/\/www.duonix.de\/wp-content\/uploads\/home21.png\",\"datePublished\":\"2011-05-02T11:45:06+00:00\",\"dateModified\":\"2021-11-11T13:49:58+00:00\",\"description\":\"Diagnose Diagnoseger\u00e4t Fahrzeugdiagnose Fehlerdiagnose OBD EOBD KFZ Werkstatt PKW Serviceger\u00e4t Scanner Ausleseger\u00e4t Kraftfahrzeug Motorrad LKW CAR\",\"breadcrumb\":{\"@id\":\"https:\/\/www.duonix.de\/fr\/#breadcrumb\"},\"inLanguage\":\"fr-FR\",\"potentialAction\":[{\"@type\":\"ReadAction\",\"target\":[\"https:\/\/www.duonix.de\/fr\/\"]}]},{\"@type\":\"ImageObject\",\"inLanguage\":\"fr-FR\",\"@id\":\"https:\/\/www.duonix.de\/fr\/#primaryimage\",\"url\":\"https:\/\/www.duonix.de\/wp-content\/uploads\/home21.png\",\"contentUrl\":\"https:\/\/www.duonix.de\/wp-content\/uploads\/home21.png\"},{\"@type\":\"BreadcrumbList\",\"@id\":\"https:\/\/www.duonix.de\/fr\/#breadcrumb\",\"itemListElement\":[{\"@type\":\"ListItem\",\"position\":1,\"name\":\"Home\",\"item\":\"https:\/\/www.duonix.de\/fr\/\"},{\"@type\":\"ListItem\",\"position\":2,\"name\":\"Syst\u00e8mes de diagnostic\"}]},{\"@type\":\"WebSite\",\"@id\":\"https:\/\/www.duonix.de\/#website\",\"url\":\"https:\/\/www.duonix.de\/\",\"name\":\"Appareil de diagnostic moto et auto outil\",\"description\":\"Outils de diagnostic pour motos, voitures particuli\u00e8res, camions, d\u00e9veloppement.\",\"potentialAction\":[{\"@type\":\"SearchAction\",\"target\":{\"@type\":\"EntryPoint\",\"urlTemplate\":\"https:\/\/www.duonix.de\/?s={search_term_string}\"},\"query-input\":{\"@type\":\"PropertyValueSpecification\",\"valueRequired\":true,\"valueName\":\"search_term_string\"}}],\"inLanguage\":\"fr-FR\"}]}<\/script>\n<!-- \/ Yoast SEO plugin. -->","yoast_head_json":{"title":"OBD2 Diagnoseger\u00e4t KFZ LKW Motorrad Diagnose Fehlerdiagnose Scanner","description":"Diagnose Diagnoseger\u00e4t Fahrzeugdiagnose Fehlerdiagnose OBD EOBD KFZ Werkstatt PKW Serviceger\u00e4t Scanner Ausleseger\u00e4t Kraftfahrzeug Motorrad LKW CAR","robots":{"index":"index","follow":"follow","max-snippet":"max-snippet:-1","max-image-preview":"max-image-preview:large","max-video-preview":"max-video-preview:-1"},"canonical":"https:\/\/www.duonix.de\/fr\/","og_locale":"fr_FR","og_type":"article","og_title":"OBD2 Diagnoseger\u00e4t KFZ LKW Motorrad Diagnose Fehlerdiagnose Scanner","og_description":"Diagnose Diagnoseger\u00e4t Fahrzeugdiagnose Fehlerdiagnose OBD EOBD KFZ Werkstatt PKW Serviceger\u00e4t Scanner Ausleseger\u00e4t Kraftfahrzeug Motorrad LKW CAR","og_url":"https:\/\/www.duonix.de\/fr\/","og_site_name":"Appareil de diagnostic moto et auto outil","article_modified_time":"2021-11-11T13:49:58+00:00","og_image":[{"url":"https:\/\/www.duonix.de\/wp-content\/uploads\/home21.png","type":"","width":"","height":""}],"twitter_card":"summary_large_image","schema":{"@context":"https:\/\/schema.org","@graph":[{"@type":"WebPage","@id":"https:\/\/www.duonix.de\/fr\/","url":"https:\/\/www.duonix.de\/fr\/","name":"OBD2 Diagnoseger\u00e4t KFZ LKW Motorrad Diagnose Fehlerdiagnose Scanner","isPartOf":{"@id":"https:\/\/www.duonix.de\/#website"},"primaryImageOfPage":{"@id":"https:\/\/www.duonix.de\/fr\/#primaryimage"},"image":{"@id":"https:\/\/www.duonix.de\/fr\/#primaryimage"},"thumbnailUrl":"https:\/\/www.duonix.de\/wp-content\/uploads\/home21.png","datePublished":"2011-05-02T11:45:06+00:00","dateModified":"2021-11-11T13:49:58+00:00","description":"Diagnose Diagnoseger\u00e4t Fahrzeugdiagnose Fehlerdiagnose OBD EOBD KFZ Werkstatt PKW Serviceger\u00e4t Scanner Ausleseger\u00e4t Kraftfahrzeug Motorrad LKW CAR","breadcrumb":{"@id":"https:\/\/www.duonix.de\/fr\/#breadcrumb"},"inLanguage":"fr-FR","potentialAction":[{"@type":"ReadAction","target":["https:\/\/www.duonix.de\/fr\/"]}]},{"@type":"ImageObject","inLanguage":"fr-FR","@id":"https:\/\/www.duonix.de\/fr\/#primaryimage","url":"https:\/\/www.duonix.de\/wp-content\/uploads\/home21.png","contentUrl":"https:\/\/www.duonix.de\/wp-content\/uploads\/home21.png"},{"@type":"BreadcrumbList","@id":"https:\/\/www.duonix.de\/fr\/#breadcrumb","itemListElement":[{"@type":"ListItem","position":1,"name":"Home","item":"https:\/\/www.duonix.de\/fr\/"},{"@type":"ListItem","position":2,"name":"Syst\u00e8mes de diagnostic"}]},{"@type":"WebSite","@id":"https:\/\/www.duonix.de\/#website","url":"https:\/\/www.duonix.de\/","name":"Appareil de diagnostic moto et auto outil","description":"Outils de diagnostic pour motos, voitures particuli\u00e8res, camions, d\u00e9veloppement.","potentialAction":[{"@type":"SearchAction","target":{"@type":"EntryPoint","urlTemplate":"https:\/\/www.duonix.de\/?s={search_term_string}"},"query-input":{"@type":"PropertyValueSpecification","valueRequired":true,"valueName":"search_term_string"}}],"inLanguage":"fr-FR"}]}},"_links":{"self":[{"href":"https:\/\/www.duonix.de\/fr\/wp-json\/wp\/v2\/pages\/1165","targetHints":{"allow":["GET"]}}],"collection":[{"href":"https:\/\/www.duonix.de\/fr\/wp-json\/wp\/v2\/pages"}],"about":[{"href":"https:\/\/www.duonix.de\/fr\/wp-json\/wp\/v2\/types\/page"}],"author":[{"embeddable":true,"href":"https:\/\/www.duonix.de\/fr\/wp-json\/wp\/v2\/users\/1"}],"replies":[{"embeddable":true,"href":"https:\/\/www.duonix.de\/fr\/wp-json\/wp\/v2\/comments?post=1165"}],"version-history":[{"count":10,"href":"https:\/\/www.duonix.de\/fr\/wp-json\/wp\/v2\/pages\/1165\/revisions"}],"predecessor-version":[{"id":3106,"href":"https:\/\/www.duonix.de\/fr\/wp-json\/wp\/v2\/pages\/1165\/revisions\/3106"}],"wp:attachment":[{"href":"https:\/\/www.duonix.de\/fr\/wp-json\/wp\/v2\/media?parent=1165"}],"curies":[{"name":"wp","href":"https:\/\/api.w.org\/{rel}","templated":true}]}}