{"id":1181,"date":"2014-12-09T16:18:07","date_gmt":"2014-12-09T16:18:07","guid":{"rendered":"http:\/\/www.duonix.de\/produkte\/?lang=fr"},"modified":"2021-11-05T14:33:16","modified_gmt":"2021-11-05T14:33:16","slug":"produkte","status":"publish","type":"page","link":"https:\/\/www.duonix.de\/fr\/produkte\/","title":{"rendered":"Produkte"},"content":{"rendered":"\n<div data-uk-slideshow=\"{duration: 1000,autoplay: true ,autoplayInterval: 3000,pauseOnHover: false,kenburns: '20s'}\">\n\n    <div class=\"uk-slidenav-position\">\n\n        <ul class=\"uk-slideshow\">\n        \n            <li style=\"min-height: 300px;\">\n\n                \n                    <img decoding=\"async\" src=\"\/wp-content\/uploads\/grau.jpg\" alt=\"Produkt\">\n                    \n                    \n                    \n                \n            <\/li>\n\n        \n            <li style=\"min-height: 300px;\">\n\n                \n                    <img decoding=\"async\" src=\"\/wp-content\/uploads\/blau.jpg\">\n                    \n                    \n                    \n                \n            <\/li>\n\n        \n            <li style=\"min-height: 300px;\">\n\n                \n                    <img decoding=\"async\" src=\"\/wp-content\/uploads\/mercedes_29.jpg\" alt=\"Kabel\">\n                    \n                    \n                    \n                \n            <\/li>\n\n        \n            <li style=\"min-height: 300px;\">\n\n                \n                    <img decoding=\"async\" src=\"\/wp-content\/uploads\/CZ7A4618_TFa.jpg\">\n                    \n                    \n                    \n                \n            <\/li>\n\n        \n            <li style=\"min-height: 300px;\">\n\n                \n                    <img decoding=\"async\" src=\"\/wp-content\/uploads\/5.jpg\" alt=\"(5)\">\n                    \n                    \n                    \n                \n            <\/li>\n\n        \n            <li style=\"min-height: 300px;\">\n\n                \n                    <img decoding=\"async\" src=\"\/wp-content\/uploads\/CZ7A0168_TFa_JPG.jpg\" alt=\"CZ7A0168 TFa JPG\">\n                    \n                    \n                    \n                \n            <\/li>\n\n        \n            <li style=\"min-height: 300px;\">\n\n                \n                    <img decoding=\"async\" src=\"\/wp-content\/uploads\/18.jpg\" alt=\"(18)\">\n                    \n                    \n                    \n                \n            <\/li>\n\n                <\/ul>\n\n                <a href=\"#\" class=\"uk-slidenav uk-slidenav-contrast uk-slidenav-previous uk-hidden-touch\" data-uk-slideshow-item=\"previous\"><\/a>\n        <a href=\"#\" class=\"uk-slidenav uk-slidenav-contrast uk-slidenav-next uk-hidden-touch\" data-uk-slideshow-item=\"next\"><\/a>\n        \n                <div class=\"uk-overlay-panel uk-overlay-bottom\">\n            \n<ul class=\"uk-dotnav uk-dotnav-contrast uk-flex-center\">\n    <li data-uk-slideshow-item=\"0\"><a href=\"#\">Produkt<\/a><\/li>\n    <li data-uk-slideshow-item=\"1\"><a href=\"#\"><\/a><\/li>\n    <li data-uk-slideshow-item=\"2\"><a href=\"#\">Kabel<\/a><\/li>\n    <li data-uk-slideshow-item=\"3\"><a href=\"#\"><\/a><\/li>\n    <li data-uk-slideshow-item=\"4\"><a href=\"#\">(5)<\/a><\/li>\n    <li data-uk-slideshow-item=\"5\"><a href=\"#\">CZ7A0168 TFa JPG<\/a><\/li>\n    <li data-uk-slideshow-item=\"6\"><a href=\"#\">(18)<\/a><\/li>\n<\/ul>\n        <\/div>\n        \n    <\/div>\n\n    \n<\/div>\n","protected":false},"excerpt":{"rendered":"","protected":false},"author":1,"featured_media":0,"parent":0,"menu_order":0,"comment_status":"closed","ping_status":"closed","template":"","meta":{"footnotes":""},"class_list":["post-1181","page","type-page","status-publish","hentry"],"yoast_head":"<!-- This site is optimized with the Yoast SEO plugin v26.6 - https:\/\/yoast.com\/wordpress\/plugins\/seo\/ -->\n<title>Diagnoseger\u00e4t Werkstatt KFZ Diagnose Multiscanner OBD2 Motorrad PKW LKW Fahrzeugdiagnose<\/title>\n<meta name=\"description\" content=\"Diagnoseger\u00e4t Werkstatt KFZ Diagnose Multiscanner OBD2 Motorrad PKW LKW Handger\u00e4t Werkstattausr\u00fcstung Autowerkstatt Fahrzeugdiagnose\" \/>\n<meta name=\"robots\" content=\"index, follow, max-snippet:-1, max-image-preview:large, max-video-preview:-1\" \/>\n<link rel=\"canonical\" href=\"https:\/\/www.duonix.de\/fr\/produkte\/\" \/>\n<meta property=\"og:locale\" content=\"fr_FR\" \/>\n<meta property=\"og:type\" content=\"article\" \/>\n<meta property=\"og:title\" content=\"Diagnoseger\u00e4t Werkstatt KFZ Diagnose Multiscanner OBD2 Motorrad PKW LKW Fahrzeugdiagnose\" \/>\n<meta property=\"og:description\" content=\"Diagnoseger\u00e4t Werkstatt KFZ Diagnose Multiscanner OBD2 Motorrad PKW LKW Handger\u00e4t Werkstattausr\u00fcstung Autowerkstatt Fahrzeugdiagnose\" \/>\n<meta property=\"og:url\" content=\"https:\/\/www.duonix.de\/fr\/produkte\/\" \/>\n<meta property=\"og:site_name\" content=\"Appareil de diagnostic moto et auto outil\" \/>\n<meta property=\"article:modified_time\" content=\"2021-11-05T14:33:16+00:00\" \/>\n<meta name=\"twitter:card\" content=\"summary_large_image\" \/>\n<script type=\"application\/ld+json\" class=\"yoast-schema-graph\">{\"@context\":\"https:\/\/schema.org\",\"@graph\":[{\"@type\":\"WebPage\",\"@id\":\"https:\/\/www.duonix.de\/fr\/produkte\/\",\"url\":\"https:\/\/www.duonix.de\/fr\/produkte\/\",\"name\":\"Diagnoseger\u00e4t Werkstatt KFZ Diagnose Multiscanner OBD2 Motorrad PKW LKW Fahrzeugdiagnose\",\"isPartOf\":{\"@id\":\"https:\/\/www.duonix.de\/#website\"},\"datePublished\":\"2014-12-09T16:18:07+00:00\",\"dateModified\":\"2021-11-05T14:33:16+00:00\",\"description\":\"Diagnoseger\u00e4t Werkstatt KFZ Diagnose Multiscanner OBD2 Motorrad PKW LKW Handger\u00e4t Werkstattausr\u00fcstung Autowerkstatt Fahrzeugdiagnose\",\"breadcrumb\":{\"@id\":\"https:\/\/www.duonix.de\/fr\/produkte\/#breadcrumb\"},\"inLanguage\":\"fr-FR\",\"potentialAction\":[{\"@type\":\"ReadAction\",\"target\":[\"https:\/\/www.duonix.de\/fr\/produkte\/\"]}]},{\"@type\":\"BreadcrumbList\",\"@id\":\"https:\/\/www.duonix.de\/fr\/produkte\/#breadcrumb\",\"itemListElement\":[{\"@type\":\"ListItem\",\"position\":1,\"name\":\"Home\",\"item\":\"https:\/\/www.duonix.de\/fr\/\"},{\"@type\":\"ListItem\",\"position\":2,\"name\":\"Produkte\"}]},{\"@type\":\"WebSite\",\"@id\":\"https:\/\/www.duonix.de\/#website\",\"url\":\"https:\/\/www.duonix.de\/\",\"name\":\"Appareil de diagnostic moto et auto outil\",\"description\":\"Outils de diagnostic pour motos, voitures particuli\u00e8res, camions, d\u00e9veloppement.\",\"potentialAction\":[{\"@type\":\"SearchAction\",\"target\":{\"@type\":\"EntryPoint\",\"urlTemplate\":\"https:\/\/www.duonix.de\/?s={search_term_string}\"},\"query-input\":{\"@type\":\"PropertyValueSpecification\",\"valueRequired\":true,\"valueName\":\"search_term_string\"}}],\"inLanguage\":\"fr-FR\"}]}<\/script>\n<!-- \/ Yoast SEO plugin. -->","yoast_head_json":{"title":"Diagnoseger\u00e4t Werkstatt KFZ Diagnose Multiscanner OBD2 Motorrad PKW LKW Fahrzeugdiagnose","description":"Diagnoseger\u00e4t Werkstatt KFZ Diagnose Multiscanner OBD2 Motorrad PKW LKW Handger\u00e4t Werkstattausr\u00fcstung Autowerkstatt Fahrzeugdiagnose","robots":{"index":"index","follow":"follow","max-snippet":"max-snippet:-1","max-image-preview":"max-image-preview:large","max-video-preview":"max-video-preview:-1"},"canonical":"https:\/\/www.duonix.de\/fr\/produkte\/","og_locale":"fr_FR","og_type":"article","og_title":"Diagnoseger\u00e4t Werkstatt KFZ Diagnose Multiscanner OBD2 Motorrad PKW LKW Fahrzeugdiagnose","og_description":"Diagnoseger\u00e4t Werkstatt KFZ Diagnose Multiscanner OBD2 Motorrad PKW LKW Handger\u00e4t Werkstattausr\u00fcstung Autowerkstatt Fahrzeugdiagnose","og_url":"https:\/\/www.duonix.de\/fr\/produkte\/","og_site_name":"Appareil de diagnostic moto et auto outil","article_modified_time":"2021-11-05T14:33:16+00:00","twitter_card":"summary_large_image","schema":{"@context":"https:\/\/schema.org","@graph":[{"@type":"WebPage","@id":"https:\/\/www.duonix.de\/fr\/produkte\/","url":"https:\/\/www.duonix.de\/fr\/produkte\/","name":"Diagnoseger\u00e4t Werkstatt KFZ Diagnose Multiscanner OBD2 Motorrad PKW LKW Fahrzeugdiagnose","isPartOf":{"@id":"https:\/\/www.duonix.de\/#website"},"datePublished":"2014-12-09T16:18:07+00:00","dateModified":"2021-11-05T14:33:16+00:00","description":"Diagnoseger\u00e4t Werkstatt KFZ Diagnose Multiscanner OBD2 Motorrad PKW LKW Handger\u00e4t Werkstattausr\u00fcstung Autowerkstatt Fahrzeugdiagnose","breadcrumb":{"@id":"https:\/\/www.duonix.de\/fr\/produkte\/#breadcrumb"},"inLanguage":"fr-FR","potentialAction":[{"@type":"ReadAction","target":["https:\/\/www.duonix.de\/fr\/produkte\/"]}]},{"@type":"BreadcrumbList","@id":"https:\/\/www.duonix.de\/fr\/produkte\/#breadcrumb","itemListElement":[{"@type":"ListItem","position":1,"name":"Home","item":"https:\/\/www.duonix.de\/fr\/"},{"@type":"ListItem","position":2,"name":"Produkte"}]},{"@type":"WebSite","@id":"https:\/\/www.duonix.de\/#website","url":"https:\/\/www.duonix.de\/","name":"Appareil de diagnostic moto et auto outil","description":"Outils de diagnostic pour motos, voitures particuli\u00e8res, camions, d\u00e9veloppement.","potentialAction":[{"@type":"SearchAction","target":{"@type":"EntryPoint","urlTemplate":"https:\/\/www.duonix.de\/?s={search_term_string}"},"query-input":{"@type":"PropertyValueSpecification","valueRequired":true,"valueName":"search_term_string"}}],"inLanguage":"fr-FR"}]}},"_links":{"self":[{"href":"https:\/\/www.duonix.de\/fr\/wp-json\/wp\/v2\/pages\/1181","targetHints":{"allow":["GET"]}}],"collection":[{"href":"https:\/\/www.duonix.de\/fr\/wp-json\/wp\/v2\/pages"}],"about":[{"href":"https:\/\/www.duonix.de\/fr\/wp-json\/wp\/v2\/types\/page"}],"author":[{"embeddable":true,"href":"https:\/\/www.duonix.de\/fr\/wp-json\/wp\/v2\/users\/1"}],"replies":[{"embeddable":true,"href":"https:\/\/www.duonix.de\/fr\/wp-json\/wp\/v2\/comments?post=1181"}],"version-history":[{"count":1,"href":"https:\/\/www.duonix.de\/fr\/wp-json\/wp\/v2\/pages\/1181\/revisions"}],"predecessor-version":[{"id":1509,"href":"https:\/\/www.duonix.de\/fr\/wp-json\/wp\/v2\/pages\/1181\/revisions\/1509"}],"wp:attachment":[{"href":"https:\/\/www.duonix.de\/fr\/wp-json\/wp\/v2\/media?parent=1181"}],"curies":[{"name":"wp","href":"https:\/\/api.w.org\/{rel}","templated":true}]}}