{"id":1185,"date":"2011-05-02T11:46:12","date_gmt":"2011-05-02T11:46:12","guid":{"rendered":"http:\/\/www.duonix.de\/produkte\/bmw\/?lang=fr"},"modified":"2020-03-03T12:10:05","modified_gmt":"2020-03-03T12:10:05","slug":"bmw","status":"publish","type":"page","link":"https:\/\/www.duonix.de\/fr\/produkte\/bmw\/","title":{"rendered":"Diagnose f\u00fcr BMW"},"content":{"rendered":"\n<div data-uk-slideshow=\"{duration: 1000,autoplay: true ,autoplayInterval: 3000,pauseOnHover: false,kenburns: '20s'}\">\n\n    <div class=\"uk-slidenav-position\">\n\n        <ul class=\"uk-slideshow\">\n        \n            <li style=\"min-height: 300px;\">\n\n                \n                    <img decoding=\"async\" src=\"\/wp-content\/uploads\/grau.jpg\" alt=\"Produkt BMW\">\n                    \n                    \n                    \n                \n            <\/li>\n\n        \n            <li style=\"min-height: 300px;\">\n\n                \n                    <img decoding=\"async\" src=\"\/wp-content\/uploads\/bmw.jpg\">\n                    \n                    \n                    \n                \n            <\/li>\n\n        \n            <li style=\"min-height: 300px;\">\n\n                \n                    <img decoding=\"async\" src=\"\/wp-content\/uploads\/bmw2.jpg\">\n                    \n                    \n                    \n                \n            <\/li>\n\n                <\/ul>\n\n                <a href=\"#\" class=\"uk-slidenav uk-slidenav-contrast uk-slidenav-previous uk-hidden-touch\" data-uk-slideshow-item=\"previous\"><\/a>\n        <a href=\"#\" class=\"uk-slidenav uk-slidenav-contrast uk-slidenav-next uk-hidden-touch\" data-uk-slideshow-item=\"next\"><\/a>\n        \n                <div class=\"uk-overlay-panel uk-overlay-bottom\">\n            \n<ul class=\"uk-dotnav uk-dotnav-contrast uk-flex-center\">\n    <li data-uk-slideshow-item=\"0\"><a href=\"#\">Produkt BMW<\/a><\/li>\n    <li data-uk-slideshow-item=\"1\"><a href=\"#\"><\/a><\/li>\n    <li data-uk-slideshow-item=\"2\"><a href=\"#\"><\/a><\/li>\n<\/ul>\n        <\/div>\n        \n    <\/div>\n\n    \n<\/div>\n\r\n<h1>BS-100 Diagnoseger\u00e4t, Effektive und genaue Fehleranalyse f\u00fcr BWM PKW Fahrzeugmodelle<\/h1>\r\n<p>Das Diagnoseger\u00e4t deckt die komplette Fehlerspeicherdiagnose bei BMW Fahrzeugen ab. Die Steuerger\u00e4tdiagnose erfolgt Fahrzeugspezifisch um den Zugriff auf die meisten Steuergr\u00e4te zu gew\u00e4hrleisten.\u00a0<\/p>\r\n<p>Die umfangreichen Zusatzfunktionen erlauben es dem Anwender Fehler und Probleme schnell und genau zu erkennen. Wartungsabreiten und Service R\u00fcckstellung k\u00f6nnen an den meisten BMW Modellen erledigt werden.<\/p>\r\n<p><b>Fahrzeugspezifische Diagnoseprotokolle\u00a0<\/b><\/p>\r\n<ul>\r\n\t<li>DS2<\/li>\r\n\t<li>KWP2000 Fast<\/li>\r\n\t<li>CAN (DCAN)<\/li>\r\n\t<li>UDS<\/li>\r\n<\/ul>\r\n<p><b>Zusatzfunktionen*<\/b><\/p>\r\n<ul>\r\n\t<li>IST- SOLL Werte \/ Live Daten z.B. Mengenkorrektur Injektor\u00a0<\/li>\r\n\t<li>Serviceintervall R\u00fcckstellung f\u00fcr OBD1 und OBD2 z.B. f\u00fcr E46,E39,E38 &#8230;<\/li>\r\n\t<li>CBS R\u00fcckstellung ( Conditional Based Service) z.B. f\u00fcr E60,E65,E70,E90 &#8230;<\/li>\r\n\t<li>Dieselpartikelfilter Regeneration f\u00fcr E-Modelle<\/li>\r\n\t<li>Automatikgetriebe IST &#8211; Werte<\/li>\r\n\t<li>Automatikgetriebe Reset Adaptionswerte<\/li>\r\n\t<li>EMF (Elektromaschine Feststellbremse) Montagemodus f\u00fcr F07,F10,F01,E70,E89<\/li>\r\n\t<li>CBS R\u00fcckstellung (\u00a0Conditional Based Service)<\/li>\r\n\t<li>Standheizung Entriegeln<\/li>\r\n\t<li>Dieselpartikelfilter Restlaufstrecker f\u00fcr F-Modelle<\/li>\r\n\t<li>Injektor Codierung<\/li>\r\n\t<li>Elektrische Kraftstoffpumpe Steuern z.B. Filter wechseln<\/li>\r\n\t<li>Adaptionswerte R\u00fcckstellung<\/li>\r\n<\/ul>\r\n<p>&nbsp;<\/p>\r\n<h6>*(Diese Funktionen stehen nicht f\u00fcr alle Modelle, Motorvarianten und Steuerger\u00e4te zu Verf\u00fcgung.)<\/h6>\r\n<p>&nbsp;<\/p>\r\n<p>1.\u00d6l Reset Diesel &amp; Benziner<br \/>\r\n2.Z\u00fcndkerzen<br \/>\r\n3.Bremsen Vorne &amp; Hinten<br \/>\r\n4.Microfilter<br \/>\r\n5.Diesel Partikelfilter<br \/>\r\n6.Bremsfl\u00fcssigkeit<br \/>\r\n7. Fahrzeug Check \/ Abgasuntersuchung\u00a0<\/p>\r\n<h2>Intelligenter Batteriesensor ( IBS) R\u00fcckstellung<\/h2>\r\n<p>Die hinterlegte IBS Funktion im Ger\u00e4t erlaubt es dem Benutzer einen neuen baugleichen Batterietypen an die Fahrzeugelektronik zu registrieren.\u00a0<\/p>\r\n<h2>Technische Eigenschaften:<\/h2>\r\n<p>Unterst\u00fctzte BMW Modelle ab Bj. 1996 &#8211; 2019<\/p>\r\n<p>E36 ab (M43), E38, E39, E46, X5 E53,X5 E70, X3, Z3, Z4, 1er E87, E81, E82, E89, 3er E90, E91, E92, E93 5er E60, E61 6er E63, 7er E65,X6,<\/p>\r\n<p>F-Modelle:<\/p>\r\n<p>F01, F02, F06, F07, F10, F11, F12, F20, F22, F25, F26, F30, F32, F34, F35, F46, F48, F83, F85, F86<\/p>\r\n<p>Mini:<\/p>\r\n<p>R50, R53, R56, R55, R52, R57, R58, R59, R60, R61, F55, F56<\/p>\r\n<h2>Unterst\u00fctzte Steuerger\u00e4te:<\/h2>\r\n<p>* DME &#8211; Digital Motor Elektronik<br \/>\r\n* DDE &#8211; Digitale Diesel Elektronik<br \/>\r\n* SRS \u2013 Airbag<br \/>\r\n* Sicherheits- Informationsmodul<br \/>\r\n* EGS \u2013 Automatikgetriebe inkl. SMG<br \/>\r\n* ABS &#8211; Antiblockiersystem<br \/>\r\n* DSC &#8211; Dynamische Stabilit\u00e4ts- Kontrolle<br \/>\r\n* CAS \u2013Car Access System<br \/>\r\n* A\/C &#8211; Klimaanlage<br \/>\r\n* AIC\/RLS \u2013 Regensensor<br \/>\r\n* Active Front Steering Lenksystem<br \/>\r\n* Auto Kommunikation Computer<br \/>\r\n* Audi System Controller<br \/>\r\n* Most CAN Gateway<br \/>\r\n* BMBT &#8211; On-Board Monitor 16:9 \/ 4:3<br \/>\r\n* DSP &#8211; Digitaler Sound Prozessor<br \/>\r\n* EWS &#8211; Elektronische Wegfahrsperre<br \/>\r\n* HKM &#8211; Heckklappenmodul<br \/>\r\n* IKE &#8211; Kombiinstrument<br \/>\r\n* LCM \u2013 Licht Schalt Zentrum<br \/>\r\n* LEW \u2013 Lenkradwinkel Sensor<br \/>\r\n* SZM \u2013 Schaltzentrum Mittelkonsole<br \/>\r\n* LRA &#8211; Automatische Leuchtweitenregulierung<br \/>\r\n* NAV &#8211; Navigation System inkl. CCC<br \/>\r\n* Satellit Fahrzeugzentrum<br \/>\r\n* PDC &#8211; Park Distance Control<br \/>\r\n* RAD &#8211; Radio<br \/>\r\n* RDC &#8211; Reifendruck Kontorelle<br \/>\r\n* SES &#8211; Sprach Eingabe System<br \/>\r\n* Zentrales Gatewaymodul<br \/>\r\n* Zentrale Bedieneinheit<br \/>\r\n* TEL &#8211; Auto Telefon<br \/>\r\n* VID &#8211; Video Modul<br \/>\r\n* ZKE &#8211; Zentralverriegelung<br \/>\r\n* SH \u2013 Standheizger\u00e4t<br \/>\r\n* SHD \u2013 Schiebehebedach<br \/>\r\n* DWA \u2013 Diebstahlwarnanlage<br \/>\r\n* Zentrales Informations- Display<br \/>\r\n* Funktionszentrum<\/p>\r\n<h2>Ger\u00e4temen\u00fc:<strong>\u00a0<\/strong><\/h2>\r\n<p><img loading=\"lazy\" decoding=\"async\" class=\"alignnone wp-image-1076 size-full\" src=\"https:\/\/www.duonix.de\/wp-content\/uploads\/bs100_3.jpg\" alt=\"BMW Diagnoseger\u00e4t\" width=\"472\" height=\"1022\" \/><\/p>\r\n<p>Abb. \u00e4hnlich.\u00a0<\/p>\r\n<p>&nbsp;<\/p>\r\n<h2>Lieferumfang:<\/h2>\r\n<p>Ger\u00e4t, Koffer, OBD-2 Kabel, USB Kabel und\u00a0Anleitung.<\/p>\r\n<p><strong>Zubeh\u00f6r:<\/strong><\/p>\r\n<p>OBD-1 Adapter f\u00fcr eine sicher Diagnoseverbindung an \u00e4lteren BMW Fahrzeugen ab Bj. 1996 bis 2001.<\/p>\r\n<div class=\"uk-grid\" data-uk-grid-margin=\"\">\u00a0<\/div>","protected":false},"excerpt":{"rendered":"<p>BS-100 Diagnoseger\u00e4t, Effektive und genaue Fehleranalyse f\u00fcr BWM PKW Fahrzeugmodelle Das Diagnoseger\u00e4t deckt die komplette Fehlerspeicherdiagnose bei BMW Fahrzeugen ab. Die Steuerger\u00e4tdiagnose erfolgt Fahrzeugspezifisch um den Zugriff auf die meisten Steuergr\u00e4te zu gew\u00e4hrleisten.\u00a0 Die umfangreichen Zusatzfunktionen erlauben es dem Anwender Fehler und Probleme schnell und genau zu erkennen. Wartungsabreiten und Service R\u00fcckstellung k\u00f6nnen an den [&hellip;]<\/p>\n","protected":false},"author":1,"featured_media":0,"parent":1181,"menu_order":0,"comment_status":"closed","ping_status":"closed","template":"","meta":{"footnotes":""},"class_list":["post-1185","page","type-page","status-publish","hentry"],"yoast_head":"<!-- This site is optimized with the Yoast SEO plugin v26.6 - https:\/\/yoast.com\/wordpress\/plugins\/seo\/ -->\n<title>BMW Diagnoseger\u00e4t Diagnose Fahrzeugdiagnose Scanner PKW Fehleranalyse Scanner Tool Handger\u00e4t Codierung<\/title>\n<meta name=\"description\" content=\"Fahrzeugspezifische Diagnose f\u00fcr alle BMW Modelle Diagnoseger\u00e4t Funktionen Sonderfunktionen Codierung Service Fehleranalyse Tool Handger\u00e4t ohne pc\" \/>\n<meta name=\"robots\" content=\"index, follow, max-snippet:-1, max-image-preview:large, max-video-preview:-1\" \/>\n<link rel=\"canonical\" href=\"https:\/\/www.duonix.de\/fr\/produkte\/bmw\/\" \/>\n<meta property=\"og:locale\" content=\"fr_FR\" \/>\n<meta property=\"og:type\" content=\"article\" \/>\n<meta property=\"og:title\" content=\"BMW Diagnoseger\u00e4t Diagnose Fahrzeugdiagnose Scanner PKW Fehleranalyse Scanner Tool Handger\u00e4t Codierung\" \/>\n<meta property=\"og:description\" content=\"Fahrzeugspezifische Diagnose f\u00fcr alle BMW Modelle Diagnoseger\u00e4t Funktionen Sonderfunktionen Codierung Service Fehleranalyse Tool Handger\u00e4t ohne pc\" \/>\n<meta property=\"og:url\" content=\"https:\/\/www.duonix.de\/fr\/produkte\/bmw\/\" \/>\n<meta property=\"og:site_name\" content=\"Appareil de diagnostic moto et auto outil\" \/>\n<meta property=\"article:modified_time\" content=\"2020-03-03T12:10:05+00:00\" \/>\n<meta property=\"og:image\" content=\"https:\/\/www.duonix.de\/wp-content\/uploads\/bs100_3.jpg\" \/>\n<meta name=\"twitter:card\" content=\"summary_large_image\" \/>\n<meta name=\"twitter:label1\" content=\"Dur\u00e9e de lecture estim\u00e9e\" \/>\n\t<meta name=\"twitter:data1\" content=\"2 minutes\" \/>\n<script type=\"application\/ld+json\" class=\"yoast-schema-graph\">{\"@context\":\"https:\/\/schema.org\",\"@graph\":[{\"@type\":\"WebPage\",\"@id\":\"https:\/\/www.duonix.de\/fr\/produkte\/bmw\/\",\"url\":\"https:\/\/www.duonix.de\/fr\/produkte\/bmw\/\",\"name\":\"BMW Diagnoseger\u00e4t Diagnose Fahrzeugdiagnose Scanner PKW Fehleranalyse Scanner Tool Handger\u00e4t Codierung\",\"isPartOf\":{\"@id\":\"https:\/\/www.duonix.de\/#website\"},\"primaryImageOfPage\":{\"@id\":\"https:\/\/www.duonix.de\/fr\/produkte\/bmw\/#primaryimage\"},\"image\":{\"@id\":\"https:\/\/www.duonix.de\/fr\/produkte\/bmw\/#primaryimage\"},\"thumbnailUrl\":\"https:\/\/www.duonix.de\/wp-content\/uploads\/bs100_3.jpg\",\"datePublished\":\"2011-05-02T11:46:12+00:00\",\"dateModified\":\"2020-03-03T12:10:05+00:00\",\"description\":\"Fahrzeugspezifische Diagnose f\u00fcr alle BMW Modelle Diagnoseger\u00e4t Funktionen Sonderfunktionen Codierung Service Fehleranalyse Tool Handger\u00e4t ohne pc\",\"breadcrumb\":{\"@id\":\"https:\/\/www.duonix.de\/fr\/produkte\/bmw\/#breadcrumb\"},\"inLanguage\":\"fr-FR\",\"potentialAction\":[{\"@type\":\"ReadAction\",\"target\":[\"https:\/\/www.duonix.de\/fr\/produkte\/bmw\/\"]}]},{\"@type\":\"ImageObject\",\"inLanguage\":\"fr-FR\",\"@id\":\"https:\/\/www.duonix.de\/fr\/produkte\/bmw\/#primaryimage\",\"url\":\"https:\/\/www.duonix.de\/wp-content\/uploads\/bs100_3.jpg\",\"contentUrl\":\"https:\/\/www.duonix.de\/wp-content\/uploads\/bs100_3.jpg\"},{\"@type\":\"BreadcrumbList\",\"@id\":\"https:\/\/www.duonix.de\/fr\/produkte\/bmw\/#breadcrumb\",\"itemListElement\":[{\"@type\":\"ListItem\",\"position\":1,\"name\":\"Home\",\"item\":\"https:\/\/www.duonix.de\/fr\/\"},{\"@type\":\"ListItem\",\"position\":2,\"name\":\"Produkte\",\"item\":\"https:\/\/www.duonix.de\/fr\/produkte\/\"},{\"@type\":\"ListItem\",\"position\":3,\"name\":\"Diagnose f\u00fcr BMW\"}]},{\"@type\":\"WebSite\",\"@id\":\"https:\/\/www.duonix.de\/#website\",\"url\":\"https:\/\/www.duonix.de\/\",\"name\":\"Appareil de diagnostic moto et auto outil\",\"description\":\"Outils de diagnostic pour motos, voitures particuli\u00e8res, camions, d\u00e9veloppement.\",\"potentialAction\":[{\"@type\":\"SearchAction\",\"target\":{\"@type\":\"EntryPoint\",\"urlTemplate\":\"https:\/\/www.duonix.de\/?s={search_term_string}\"},\"query-input\":{\"@type\":\"PropertyValueSpecification\",\"valueRequired\":true,\"valueName\":\"search_term_string\"}}],\"inLanguage\":\"fr-FR\"}]}<\/script>\n<!-- \/ Yoast SEO plugin. -->","yoast_head_json":{"title":"BMW Diagnoseger\u00e4t Diagnose Fahrzeugdiagnose Scanner PKW Fehleranalyse Scanner Tool Handger\u00e4t Codierung","description":"Fahrzeugspezifische Diagnose f\u00fcr alle BMW Modelle Diagnoseger\u00e4t Funktionen Sonderfunktionen Codierung Service Fehleranalyse Tool Handger\u00e4t ohne pc","robots":{"index":"index","follow":"follow","max-snippet":"max-snippet:-1","max-image-preview":"max-image-preview:large","max-video-preview":"max-video-preview:-1"},"canonical":"https:\/\/www.duonix.de\/fr\/produkte\/bmw\/","og_locale":"fr_FR","og_type":"article","og_title":"BMW Diagnoseger\u00e4t Diagnose Fahrzeugdiagnose Scanner PKW Fehleranalyse Scanner Tool Handger\u00e4t Codierung","og_description":"Fahrzeugspezifische Diagnose f\u00fcr alle BMW Modelle Diagnoseger\u00e4t Funktionen Sonderfunktionen Codierung Service Fehleranalyse Tool Handger\u00e4t ohne pc","og_url":"https:\/\/www.duonix.de\/fr\/produkte\/bmw\/","og_site_name":"Appareil de diagnostic moto et auto outil","article_modified_time":"2020-03-03T12:10:05+00:00","og_image":[{"url":"https:\/\/www.duonix.de\/wp-content\/uploads\/bs100_3.jpg","type":"","width":"","height":""}],"twitter_card":"summary_large_image","twitter_misc":{"Dur\u00e9e de lecture estim\u00e9e":"2 minutes"},"schema":{"@context":"https:\/\/schema.org","@graph":[{"@type":"WebPage","@id":"https:\/\/www.duonix.de\/fr\/produkte\/bmw\/","url":"https:\/\/www.duonix.de\/fr\/produkte\/bmw\/","name":"BMW Diagnoseger\u00e4t Diagnose Fahrzeugdiagnose Scanner PKW Fehleranalyse Scanner Tool Handger\u00e4t Codierung","isPartOf":{"@id":"https:\/\/www.duonix.de\/#website"},"primaryImageOfPage":{"@id":"https:\/\/www.duonix.de\/fr\/produkte\/bmw\/#primaryimage"},"image":{"@id":"https:\/\/www.duonix.de\/fr\/produkte\/bmw\/#primaryimage"},"thumbnailUrl":"https:\/\/www.duonix.de\/wp-content\/uploads\/bs100_3.jpg","datePublished":"2011-05-02T11:46:12+00:00","dateModified":"2020-03-03T12:10:05+00:00","description":"Fahrzeugspezifische Diagnose f\u00fcr alle BMW Modelle Diagnoseger\u00e4t Funktionen Sonderfunktionen Codierung Service Fehleranalyse Tool Handger\u00e4t ohne pc","breadcrumb":{"@id":"https:\/\/www.duonix.de\/fr\/produkte\/bmw\/#breadcrumb"},"inLanguage":"fr-FR","potentialAction":[{"@type":"ReadAction","target":["https:\/\/www.duonix.de\/fr\/produkte\/bmw\/"]}]},{"@type":"ImageObject","inLanguage":"fr-FR","@id":"https:\/\/www.duonix.de\/fr\/produkte\/bmw\/#primaryimage","url":"https:\/\/www.duonix.de\/wp-content\/uploads\/bs100_3.jpg","contentUrl":"https:\/\/www.duonix.de\/wp-content\/uploads\/bs100_3.jpg"},{"@type":"BreadcrumbList","@id":"https:\/\/www.duonix.de\/fr\/produkte\/bmw\/#breadcrumb","itemListElement":[{"@type":"ListItem","position":1,"name":"Home","item":"https:\/\/www.duonix.de\/fr\/"},{"@type":"ListItem","position":2,"name":"Produkte","item":"https:\/\/www.duonix.de\/fr\/produkte\/"},{"@type":"ListItem","position":3,"name":"Diagnose f\u00fcr BMW"}]},{"@type":"WebSite","@id":"https:\/\/www.duonix.de\/#website","url":"https:\/\/www.duonix.de\/","name":"Appareil de diagnostic moto et auto outil","description":"Outils de diagnostic pour motos, voitures particuli\u00e8res, camions, d\u00e9veloppement.","potentialAction":[{"@type":"SearchAction","target":{"@type":"EntryPoint","urlTemplate":"https:\/\/www.duonix.de\/?s={search_term_string}"},"query-input":{"@type":"PropertyValueSpecification","valueRequired":true,"valueName":"search_term_string"}}],"inLanguage":"fr-FR"}]}},"_links":{"self":[{"href":"https:\/\/www.duonix.de\/fr\/wp-json\/wp\/v2\/pages\/1185","targetHints":{"allow":["GET"]}}],"collection":[{"href":"https:\/\/www.duonix.de\/fr\/wp-json\/wp\/v2\/pages"}],"about":[{"href":"https:\/\/www.duonix.de\/fr\/wp-json\/wp\/v2\/types\/page"}],"author":[{"embeddable":true,"href":"https:\/\/www.duonix.de\/fr\/wp-json\/wp\/v2\/users\/1"}],"replies":[{"embeddable":true,"href":"https:\/\/www.duonix.de\/fr\/wp-json\/wp\/v2\/comments?post=1185"}],"version-history":[{"count":15,"href":"https:\/\/www.duonix.de\/fr\/wp-json\/wp\/v2\/pages\/1185\/revisions"}],"predecessor-version":[{"id":2395,"href":"https:\/\/www.duonix.de\/fr\/wp-json\/wp\/v2\/pages\/1185\/revisions\/2395"}],"up":[{"embeddable":true,"href":"https:\/\/www.duonix.de\/fr\/wp-json\/wp\/v2\/pages\/1181"}],"wp:attachment":[{"href":"https:\/\/www.duonix.de\/fr\/wp-json\/wp\/v2\/media?parent=1185"}],"curies":[{"name":"wp","href":"https:\/\/api.w.org\/{rel}","templated":true}]}}