{"id":1189,"date":"2015-06-24T08:03:30","date_gmt":"2015-06-24T08:03:30","guid":{"rendered":"http:\/\/www.duonix.de\/produkte\/fiat-alfa\/?lang=fr"},"modified":"2017-01-26T10:28:29","modified_gmt":"2017-01-26T10:28:29","slug":"fiat-alfa","status":"publish","type":"page","link":"https:\/\/www.duonix.de\/fr\/produkte\/fiat-alfa\/","title":{"rendered":"Fiat Alfa"},"content":{"rendered":"\n<div data-uk-slideshow=\"{duration: 1000,autoplay: true ,autoplayInterval: 3000,pauseOnHover: false,kenburns: '20s'}\">\n\n    <div class=\"uk-slidenav-position\">\n\n        <ul class=\"uk-slideshow\">\n        \n            <li style=\"min-height: 300px;\">\n\n                \n                    <img decoding=\"async\" src=\"\/wp-content\/uploads\/grau.jpg\" alt=\"Produkt\">\n                    \n                    \n                    \n                \n            <\/li>\n\n        \n            <li style=\"min-height: 300px;\">\n\n                \n                    <img decoding=\"async\" src=\"\/wp-content\/uploads\/fiat.jpg\">\n                    \n                    \n                    \n                \n            <\/li>\n\n                <\/ul>\n\n                <a href=\"#\" class=\"uk-slidenav uk-slidenav-contrast uk-slidenav-previous uk-hidden-touch\" data-uk-slideshow-item=\"previous\"><\/a>\n        <a href=\"#\" class=\"uk-slidenav uk-slidenav-contrast uk-slidenav-next uk-hidden-touch\" data-uk-slideshow-item=\"next\"><\/a>\n        \n                <div class=\"uk-overlay-panel uk-overlay-bottom\">\n            \n<ul class=\"uk-dotnav uk-dotnav-contrast uk-flex-center\">\n    <li data-uk-slideshow-item=\"0\"><a href=\"#\">Produkt<\/a><\/li>\n    <li data-uk-slideshow-item=\"1\"><a href=\"#\"><\/a><\/li>\n<\/ul>\n        <\/div>\n        \n    <\/div>\n\n    \n<\/div>\n\r\n<h1>Der Fiat Scan -100 Diagnoseger\u00e4t deckt Steuerger\u00e4tdiagnose bei Alfa , Fiat und Lancia Fahrzeugen ab.\u00a0<\/h1>\r\n<p><b>Unterst\u00fctze Protokolle<\/b><\/p>\r\n<ul>\r\n\t<li>KWP-2000 Spezifisch<\/li>\r\n\t<li>ISO 9141 Spezifisch<\/li>\r\n\t<li>CAN- BUS\u00a0<\/li>\r\n\t<li>UDS<\/li>\r\n<\/ul>\r\n<p><b>Modelle:<\/b><\/p>\r\n<p>Fiat 500, Panda, Punto, Stilo, Bravo, Spider, Sedici, Idea, Ulysse, Freemont, Doblo, Scudo, Ducato<\/p>\r\n<p><b>Sonderfunktionen<\/b><\/p>\r\n<ul>\r\n\t<li>Serviceintervall R\u00fcckstellung*<\/li>\r\n<\/ul>\r\n<p>* Diese Funktion steht nur f\u00fcr ausgew\u00e4hlte Modelle zu verf\u00fcgung<\/p>\r\n<h2>Technische Eigenschaften:<\/h2>\r\n<p>Unterst\u00fctz Fiat, Alfa und Lancia Modelle ab Bj. 1998- 2015*<br \/>\r\n \u00a0<\/p>\r\n<h2>Unterst\u00fctzte Steuerger\u00e4te:<\/h2>\r\n<ul>\r\n\t<li>Motorelektronik<\/li>\r\n\t<li>Airbag<\/li>\r\n\t<li>Lenkunterst\u00fctzung<\/li>\r\n\t<li>Automatikgetriebe<\/li>\r\n\t<li>ABS\/ESP &#8211; Antiblockiersystem<\/li>\r\n\t<li>Klimaanlage<br \/>\r\n \u00a0<\/li>\r\n<\/ul>\r\n<p>* Modell und Ausstattungsabh\u00e4ngig mit OBD-2 Buchse<\/p>\r\n<h2>Ger\u00e4temen\u00fc:<\/h2>\r\n<p><img loading=\"lazy\" decoding=\"async\" class=\"alignnone size-full wp-image-1084\" src=\"http:\/\/www.duonix.de\/wp-content\/uploads\/FIAT_Menu1.jpg\" alt=\"FIAT_Menu1\" width=\"531\" height=\"552\" \/><\/p>\r\n<p>&nbsp;<\/p>\r\n<h2>Lieferumfang:<\/h2>\r\n<p>Diagnoseger\u00e4t, Koffer, OBD-2 Kabel, USB Kabel und Anleitung.<\/p>","protected":false},"excerpt":{"rendered":"<p>Der Fiat Scan -100 Diagnoseger\u00e4t deckt Steuerger\u00e4tdiagnose bei Alfa , Fiat und Lancia Fahrzeugen ab.\u00a0 Unterst\u00fctze Protokolle KWP-2000 Spezifisch ISO 9141 Spezifisch CAN- BUS\u00a0 UDS Modelle: Fiat 500, Panda, Punto, Stilo, Bravo, Spider, Sedici, Idea, Ulysse, Freemont, Doblo, Scudo, Ducato Sonderfunktionen Serviceintervall R\u00fcckstellung* * Diese Funktion steht nur f\u00fcr ausgew\u00e4hlte Modelle zu verf\u00fcgung Technische Eigenschaften: [&hellip;]<\/p>\n","protected":false},"author":1,"featured_media":0,"parent":1181,"menu_order":0,"comment_status":"closed","ping_status":"closed","template":"","meta":{"footnotes":""},"class_list":["post-1189","page","type-page","status-publish","hentry"],"yoast_head":"<!-- This site is optimized with the Yoast SEO plugin v26.6 - https:\/\/yoast.com\/wordpress\/plugins\/seo\/ -->\n<title>Fiat Alfa Lacia Diagnose Diagnoseger\u00e4t<\/title>\n<meta name=\"description\" content=\"Fiat Alfa Lancia Diagnoseger\u00e4t mit Service Funktionen und Sonderfunktionen.\" \/>\n<meta name=\"robots\" content=\"index, follow, max-snippet:-1, max-image-preview:large, max-video-preview:-1\" \/>\n<link rel=\"canonical\" href=\"https:\/\/www.duonix.de\/fr\/produkte\/fiat-alfa\/\" \/>\n<meta property=\"og:locale\" content=\"fr_FR\" \/>\n<meta property=\"og:type\" content=\"article\" \/>\n<meta property=\"og:title\" content=\"Fiat Alfa Lacia Diagnose Diagnoseger\u00e4t\" \/>\n<meta property=\"og:description\" content=\"Fiat Alfa Lancia Diagnoseger\u00e4t mit Service Funktionen und Sonderfunktionen.\" \/>\n<meta property=\"og:url\" content=\"https:\/\/www.duonix.de\/fr\/produkte\/fiat-alfa\/\" \/>\n<meta property=\"og:site_name\" content=\"Appareil de diagnostic moto et auto outil\" \/>\n<meta property=\"article:modified_time\" content=\"2017-01-26T10:28:29+00:00\" \/>\n<meta property=\"og:image\" content=\"http:\/\/www.duonix.de\/wp-content\/uploads\/FIAT_Menu1.jpg\" \/>\n<meta name=\"twitter:card\" content=\"summary_large_image\" \/>\n<meta name=\"twitter:label1\" content=\"Dur\u00e9e de lecture estim\u00e9e\" \/>\n\t<meta name=\"twitter:data1\" content=\"1 minute\" \/>\n<script type=\"application\/ld+json\" class=\"yoast-schema-graph\">{\"@context\":\"https:\/\/schema.org\",\"@graph\":[{\"@type\":\"WebPage\",\"@id\":\"https:\/\/www.duonix.de\/fr\/produkte\/fiat-alfa\/\",\"url\":\"https:\/\/www.duonix.de\/fr\/produkte\/fiat-alfa\/\",\"name\":\"Fiat Alfa Lacia Diagnose Diagnoseger\u00e4t\",\"isPartOf\":{\"@id\":\"https:\/\/www.duonix.de\/#website\"},\"primaryImageOfPage\":{\"@id\":\"https:\/\/www.duonix.de\/fr\/produkte\/fiat-alfa\/#primaryimage\"},\"image\":{\"@id\":\"https:\/\/www.duonix.de\/fr\/produkte\/fiat-alfa\/#primaryimage\"},\"thumbnailUrl\":\"http:\/\/www.duonix.de\/wp-content\/uploads\/FIAT_Menu1.jpg\",\"datePublished\":\"2015-06-24T08:03:30+00:00\",\"dateModified\":\"2017-01-26T10:28:29+00:00\",\"description\":\"Fiat Alfa Lancia Diagnoseger\u00e4t mit Service Funktionen und Sonderfunktionen.\",\"breadcrumb\":{\"@id\":\"https:\/\/www.duonix.de\/fr\/produkte\/fiat-alfa\/#breadcrumb\"},\"inLanguage\":\"fr-FR\",\"potentialAction\":[{\"@type\":\"ReadAction\",\"target\":[\"https:\/\/www.duonix.de\/fr\/produkte\/fiat-alfa\/\"]}]},{\"@type\":\"ImageObject\",\"inLanguage\":\"fr-FR\",\"@id\":\"https:\/\/www.duonix.de\/fr\/produkte\/fiat-alfa\/#primaryimage\",\"url\":\"http:\/\/www.duonix.de\/wp-content\/uploads\/FIAT_Menu1.jpg\",\"contentUrl\":\"http:\/\/www.duonix.de\/wp-content\/uploads\/FIAT_Menu1.jpg\"},{\"@type\":\"BreadcrumbList\",\"@id\":\"https:\/\/www.duonix.de\/fr\/produkte\/fiat-alfa\/#breadcrumb\",\"itemListElement\":[{\"@type\":\"ListItem\",\"position\":1,\"name\":\"Home\",\"item\":\"https:\/\/www.duonix.de\/fr\/\"},{\"@type\":\"ListItem\",\"position\":2,\"name\":\"Produkte\",\"item\":\"https:\/\/www.duonix.de\/fr\/produkte\/\"},{\"@type\":\"ListItem\",\"position\":3,\"name\":\"Fiat Alfa\"}]},{\"@type\":\"WebSite\",\"@id\":\"https:\/\/www.duonix.de\/#website\",\"url\":\"https:\/\/www.duonix.de\/\",\"name\":\"Appareil de diagnostic moto et auto outil\",\"description\":\"Outils de diagnostic pour motos, voitures particuli\u00e8res, camions, d\u00e9veloppement.\",\"potentialAction\":[{\"@type\":\"SearchAction\",\"target\":{\"@type\":\"EntryPoint\",\"urlTemplate\":\"https:\/\/www.duonix.de\/?s={search_term_string}\"},\"query-input\":{\"@type\":\"PropertyValueSpecification\",\"valueRequired\":true,\"valueName\":\"search_term_string\"}}],\"inLanguage\":\"fr-FR\"}]}<\/script>\n<!-- \/ Yoast SEO plugin. -->","yoast_head_json":{"title":"Fiat Alfa Lacia Diagnose Diagnoseger\u00e4t","description":"Fiat Alfa Lancia Diagnoseger\u00e4t mit Service Funktionen und Sonderfunktionen.","robots":{"index":"index","follow":"follow","max-snippet":"max-snippet:-1","max-image-preview":"max-image-preview:large","max-video-preview":"max-video-preview:-1"},"canonical":"https:\/\/www.duonix.de\/fr\/produkte\/fiat-alfa\/","og_locale":"fr_FR","og_type":"article","og_title":"Fiat Alfa Lacia Diagnose Diagnoseger\u00e4t","og_description":"Fiat Alfa Lancia Diagnoseger\u00e4t mit Service Funktionen und Sonderfunktionen.","og_url":"https:\/\/www.duonix.de\/fr\/produkte\/fiat-alfa\/","og_site_name":"Appareil de diagnostic moto et auto outil","article_modified_time":"2017-01-26T10:28:29+00:00","og_image":[{"url":"http:\/\/www.duonix.de\/wp-content\/uploads\/FIAT_Menu1.jpg","type":"","width":"","height":""}],"twitter_card":"summary_large_image","twitter_misc":{"Dur\u00e9e de lecture estim\u00e9e":"1 minute"},"schema":{"@context":"https:\/\/schema.org","@graph":[{"@type":"WebPage","@id":"https:\/\/www.duonix.de\/fr\/produkte\/fiat-alfa\/","url":"https:\/\/www.duonix.de\/fr\/produkte\/fiat-alfa\/","name":"Fiat Alfa Lacia Diagnose Diagnoseger\u00e4t","isPartOf":{"@id":"https:\/\/www.duonix.de\/#website"},"primaryImageOfPage":{"@id":"https:\/\/www.duonix.de\/fr\/produkte\/fiat-alfa\/#primaryimage"},"image":{"@id":"https:\/\/www.duonix.de\/fr\/produkte\/fiat-alfa\/#primaryimage"},"thumbnailUrl":"http:\/\/www.duonix.de\/wp-content\/uploads\/FIAT_Menu1.jpg","datePublished":"2015-06-24T08:03:30+00:00","dateModified":"2017-01-26T10:28:29+00:00","description":"Fiat Alfa Lancia Diagnoseger\u00e4t mit Service Funktionen und Sonderfunktionen.","breadcrumb":{"@id":"https:\/\/www.duonix.de\/fr\/produkte\/fiat-alfa\/#breadcrumb"},"inLanguage":"fr-FR","potentialAction":[{"@type":"ReadAction","target":["https:\/\/www.duonix.de\/fr\/produkte\/fiat-alfa\/"]}]},{"@type":"ImageObject","inLanguage":"fr-FR","@id":"https:\/\/www.duonix.de\/fr\/produkte\/fiat-alfa\/#primaryimage","url":"http:\/\/www.duonix.de\/wp-content\/uploads\/FIAT_Menu1.jpg","contentUrl":"http:\/\/www.duonix.de\/wp-content\/uploads\/FIAT_Menu1.jpg"},{"@type":"BreadcrumbList","@id":"https:\/\/www.duonix.de\/fr\/produkte\/fiat-alfa\/#breadcrumb","itemListElement":[{"@type":"ListItem","position":1,"name":"Home","item":"https:\/\/www.duonix.de\/fr\/"},{"@type":"ListItem","position":2,"name":"Produkte","item":"https:\/\/www.duonix.de\/fr\/produkte\/"},{"@type":"ListItem","position":3,"name":"Fiat Alfa"}]},{"@type":"WebSite","@id":"https:\/\/www.duonix.de\/#website","url":"https:\/\/www.duonix.de\/","name":"Appareil de diagnostic moto et auto outil","description":"Outils de diagnostic pour motos, voitures particuli\u00e8res, camions, d\u00e9veloppement.","potentialAction":[{"@type":"SearchAction","target":{"@type":"EntryPoint","urlTemplate":"https:\/\/www.duonix.de\/?s={search_term_string}"},"query-input":{"@type":"PropertyValueSpecification","valueRequired":true,"valueName":"search_term_string"}}],"inLanguage":"fr-FR"}]}},"_links":{"self":[{"href":"https:\/\/www.duonix.de\/fr\/wp-json\/wp\/v2\/pages\/1189","targetHints":{"allow":["GET"]}}],"collection":[{"href":"https:\/\/www.duonix.de\/fr\/wp-json\/wp\/v2\/pages"}],"about":[{"href":"https:\/\/www.duonix.de\/fr\/wp-json\/wp\/v2\/types\/page"}],"author":[{"embeddable":true,"href":"https:\/\/www.duonix.de\/fr\/wp-json\/wp\/v2\/users\/1"}],"replies":[{"embeddable":true,"href":"https:\/\/www.duonix.de\/fr\/wp-json\/wp\/v2\/comments?post=1189"}],"version-history":[{"count":6,"href":"https:\/\/www.duonix.de\/fr\/wp-json\/wp\/v2\/pages\/1189\/revisions"}],"predecessor-version":[{"id":1976,"href":"https:\/\/www.duonix.de\/fr\/wp-json\/wp\/v2\/pages\/1189\/revisions\/1976"}],"up":[{"embeddable":true,"href":"https:\/\/www.duonix.de\/fr\/wp-json\/wp\/v2\/pages\/1181"}],"wp:attachment":[{"href":"https:\/\/www.duonix.de\/fr\/wp-json\/wp\/v2\/media?parent=1189"}],"curies":[{"name":"wp","href":"https:\/\/api.w.org\/{rel}","templated":true}]}}