{"id":1201,"date":"2015-06-24T08:04:35","date_gmt":"2015-06-24T08:04:35","guid":{"rendered":"http:\/\/www.duonix.de\/produkte\/motorrad\/?lang=fr"},"modified":"2017-01-26T10:37:35","modified_gmt":"2017-01-26T10:37:35","slug":"motorrad","status":"publish","type":"page","link":"https:\/\/www.duonix.de\/fr\/produkte\/motorrad\/","title":{"rendered":"Moto"},"content":{"rendered":"\n<div data-uk-slideshow=\"{duration: 1000,autoplay: true ,autoplayInterval: 3000,pauseOnHover: false,kenburns: '20s'}\">\n\n    <div class=\"uk-slidenav-position\">\n\n        <ul class=\"uk-slideshow\">\n        \n            <li style=\"min-height: 300px;\">\n\n                \n                    <img decoding=\"async\" src=\"\/wp-content\/uploads\/blau.jpg\" alt=\"Produkt Motorrad\">\n                    \n                    \n                    \n                \n            <\/li>\n\n        \n            <li style=\"min-height: 300px;\">\n\n                \n                    <img decoding=\"async\" src=\"\/wp-content\/uploads\/motorrad.jpg\" alt=\"Motorrad2\">\n                    \n                    \n                    \n                \n            <\/li>\n\n                <\/ul>\n\n                <a href=\"#\" class=\"uk-slidenav uk-slidenav-contrast uk-slidenav-previous uk-hidden-touch\" data-uk-slideshow-item=\"previous\"><\/a>\n        <a href=\"#\" class=\"uk-slidenav uk-slidenav-contrast uk-slidenav-next uk-hidden-touch\" data-uk-slideshow-item=\"next\"><\/a>\n        \n                <div class=\"uk-overlay-panel uk-overlay-bottom\">\n            \n<ul class=\"uk-dotnav uk-dotnav-contrast uk-flex-center\">\n    <li data-uk-slideshow-item=\"0\"><a href=\"#\">Produkt Motorrad<\/a><\/li>\n    <li data-uk-slideshow-item=\"1\"><a href=\"#\">Motorrad2<\/a><\/li>\n<\/ul>\n        <\/div>\n        \n    <\/div>\n\n    \n<\/div>\n\r\n<h2><span id=\"result_box\" class=\"short_text\" lang=\"fr\"><span class=\"hps\">Bike-<\/span>Scan <span class=\"hps\">100<\/span> <span class=\"hps\">de l&rsquo;unit\u00e9<\/span> <span class=\"hps\">de diagnostic<\/span><\/span><\/h2>\r\n<p>Le Bikescan-100 est petit et performant pour le diagnostic professionnel des appareils de commande des motos BMW. Le syst\u00e8me couvre compl\u00e8tement l\u00b4\u00e9lectronique de la moto et facilite la recherche d\u00b4erreur concernant la moto.<\/p>\r\n<p>Gr\u00e2ce \u00e0 des mises \u00e0 jour r\u00e9guli\u00e8res de notre plate-forme de diagnostic, nous proposons \u00e0 nos clients un mat\u00e9riel informatique \u00e0 long terme. Notre syst\u00e8me de diagnostic se distingue par une haute performance au niveau du diagnostic le tout dans une version de construction compact avec une convivialit\u00e9 importante.<\/p>\r\n<p>D\u00e8s qu\u00b4une erreur ou une anomalie est d\u00e9couverte, l\u00b4utilisateur re\u00e7oit un avis accompagn\u00e9 des d\u00e9tails concernant l\u00b4erreur, sur le syst\u00e8me. Avec notre syst\u00e8me, une information de diagnostic probante est \u00e0 votre disposition \u00e0 tout moment. Ainsi les erreurs \u00e9ventuelles peuvent \u00eatre rapidement et facilement localis\u00e9es.<\/p>\r\n<h2>Bonus<\/h2>\r\n<p>&#8211; service de reprogrammation de la date\/du kilom\u00e9trage<br \/>\r\n &#8211; r\u00e9glage de la date et de l&rsquo;heure, par exemple apr\u00e8s un remplacement de la batterie<br \/>\r\n &#8211; r\u00e9initialisation des valeurs<br \/>\r\n &#8211; valeurs EFFECTIVES sp\u00e9cifiques<br \/>\r\n &#8211; lecture du kilom\u00e9grage actuel<br \/>\r\n &#8211; lecture du num\u00e9ro de ch\u00e2ssis<br \/>\r\n &#8211; service de r\u00e9initialisation du jeu de valve<br \/>\r\n &#8211; calibrage de la jauge du r\u00e9servoir (p.ex. 1200GS)<br \/>\r\n &#8211; calibrage du ralenti<br \/>\r\n &#8211; initialisation de l&rsquo;indicateur d&rsquo;usure des freins<br \/>\r\n &#8211; calibrage du pare-brise<br \/>\r\n &#8211; calibrage ESA<br \/>\r\n &#8211; ajustement des moteurs pas \u00e0 pas<br \/>\r\n &#8211; ajustement de la valve d&rsquo;\u00e9chappement<br \/>\r\n &#8211; r\u00e9glage de la bo\u00eete de vitesse<br \/>\r\n &#8211; mises \u00e0 jour gratuites<br \/>\r\n &#8211; diagnostic des actionneurs<br \/>\r\n &#8211; apprentissage du capteur de pression de pneus \/ programmation<br \/>\r\n &#8211; pas de limitation ou de restriction \u00e0 des mod\u00e8les particuliers<\/p>\r\n<p>&nbsp;<\/p>\r\n<p><strong><span id=\"result_box\" class=\"\" lang=\"fr\">Syst\u00e8me multilingue (anglais, allemand, fran\u00e7ais<span class=\"\">, italien, espagnol<\/span><span class=\"\">)<\/span><\/span><\/strong><\/p>\r\n<p>&nbsp;<\/p>\r\n<p><strong><span id=\"result_box\" class=\"short_text\" lang=\"fr\"><span class=\"hps\">protocoles pris en charge<\/span><\/span><\/strong><\/p>\r\n<ul>\r\n\t<li>KWP-2000 Spezifisch<\/li>\r\n\t<li>CAN- BUS Spezifisch<\/li>\r\n\t<li>UDS Spezifisch\u00a0<\/li>\r\n<\/ul>\r\n<p>&nbsp;<\/p>\r\n<p><strong><br \/>\r\n <img loading=\"lazy\" decoding=\"async\" class=\"alignright size-full wp-image-1049\" src=\"http:\/\/www.duonix.de\/wp-content\/uploads\/motorrad_funktionen1.jpg\" alt=\"motorrad_funktionen\" width=\"400\" height=\"681\" \/><span id=\"result_box\" class=\"short_text\" lang=\"fr\"><span class=\"hps\">Quels mod\u00e8les<\/span> <span class=\"hps\">sont pris en charge<\/span><span class=\"\">?<\/span><\/span><br \/>\r\n <\/strong><\/p>\r\n<p><span id=\"result_box\" class=\"\" lang=\"fr\"><span class=\"hps\">Toutes les s\u00e9ries<\/span> <span class=\"hps\">BMW<\/span> <span class=\"hps\">\/<\/span> <span class=\"hps\">mod\u00e8les<\/span> <span class=\"hps\">C1 \/<\/span> <span class=\"hps\">R<\/span> <span class=\"hps\">\/<\/span> <span class=\"hps\">K<\/span> <span class=\"hps\">\/<\/span> <span class=\"hps\">F<\/span> <span class=\"hps\">\/<\/span> <span class=\"hps\">G<\/span> <span class=\"hps\">\/<\/span> <span class=\"hps\">HP<\/span> <span class=\"hps\">\/<\/span> <span class=\"hps\">S<\/span> <span class=\"hps\">avec 10<\/span> <span class=\"hps\">Pol<\/span>. <span class=\"hps\">connecteur de diagnostic<\/span><\/span><strong><br \/>\r\n <span id=\"result_box\" class=\"short_text\" lang=\"fr\"><span class=\"hps\">\u00e0 partir<\/span> <span class=\"hps\">Bj<\/span>. <span class=\"hps\">2000- 2017<\/span> <span class=\"hps\">\/ Nouvelles EU-4<br \/>\r\n <\/span><\/span><\/strong><\/p>\r\n<p><span style=\"font-size: large;\">Roller C1<br \/>\r\n \u00a0R1100S<br \/>\r\n \u00a0R1150<br \/>\r\n \u00a0R1200R<br \/>\r\n \u00a0R1200RT<br \/>\r\n \u00a0R1200GS + Adventure<br \/>\r\n \u00a0K1200S<br \/>\r\n \u00a0K1300S<br \/>\r\n \u00a0K1300R<br \/>\r\n \u00a0F650GS<br \/>\r\n \u00a0F800ST<br \/>\r\n \u00a0F800GS<br \/>\r\n \u00a0F800R<br \/>\r\n \u00a0HP4<br \/>\r\n \u00a0HP2 Sport + Megamoto<br \/>\r\n \u00a0S1000RR<br \/>\r\n \u00a0S1000R<br \/>\r\n \u00a0S1000XR<br \/>\r\n \u00a0R nineT<br \/>\r\n \u00a0K1600<br \/>\r\n \u00a0K50 R1200 LC<br \/>\r\n \u00a0K51 R1200GS Adventure<br \/>\r\n \u00a0K52 R1200RT<br \/>\r\n \u00a0K53 R1200R<br \/>\r\n \u00a0F700GS<br \/>\r\n \u00a0G650GS<br \/>\r\n \u00a0F650XX<br \/>\r\n \u00a0C600<br \/>\r\n \u00a0C650<br \/>\r\n \u00a0G450<br \/>\r\n \u00a0C-evolution<\/span><\/p>\r\n<p><strong>HUSQVARNA:<\/strong><\/p>\r\n<p>Nuda 900 \/ R<br \/>\r\n TR 650<\/p>\r\n<p><strong><span id=\"result_box\" class=\"short_text\" lang=\"fr\"><span class=\"hps\">Contr\u00f4leurs<\/span> <span class=\"hps\">pris en charge:<\/span><\/span><\/strong><\/p>\r\n<ul>\r\n\t<li>\u00e9lectronique de moteur<\/li>\r\n\t<li>\u00e9lectronique centrale<\/li>\r\n\t<li>combinaison des instruments<\/li>\r\n\t<li>contr\u00f4le de la pression des pneus<\/li>\r\n\t<li>ABS- syst\u00e8me anti-blocant \u00e0 partir de I-ABS<\/li>\r\n\t<li>dispositif d\u00b4alarme antivol<\/li>\r\n\t<li>radio<\/li>\r\n\t<li>contr\u00f4le de configuration de la radio<\/li>\r\n\t<li>contr\u00f4le de la b\u00e9quille \u00e9lectrique hydraulique<\/li>\r\n<\/ul>\r\n<p><span id=\"result_box\" class=\"\" lang=\"fr\"><span class=\"hps\">\u00a0<\/span><\/span><\/p>\r\n<h2><span id=\"result_box\" class=\"short_text\" lang=\"fr\"><span class=\"hps\">Packs d&rsquo;\u00e9quipements<\/span><span class=\"\">:<\/span><\/span><\/h2>\r\n<p><span id=\"result_box\" class=\"\" lang=\"fr\"><span class=\"hps\">Disponible<\/span> <span class=\"hps\">comme un syst\u00e8me complet<\/span> <span class=\"hps\">ou comme<\/span> <span class=\"hps atn\">une licence d&rsquo;<\/span><span class=\"atn\">extension (<\/span>mise \u00e0 jour)<\/span><\/p>\r\n<p><span class=\"hps\">Unit\u00e9 de diagnostic<\/span> <span class=\"hps\">peut \u00eatre combin\u00e9<\/span> <span class=\"hps\">avec d&rsquo;autres<\/span> <span class=\"hps\">licences<\/span> <span class=\"hps\">de diagnostic<\/span><span class=\"\">.<\/span><\/p>\r\n<p><b><span id=\"result_box\" class=\"short_text\" lang=\"fr\"><span class=\"hps\">Etendue de la livraison<\/span><span class=\"\">:<\/span><\/span><\/b><\/p>\r\n<p><span id=\"result_box\" class=\"\" lang=\"fr\"><span class=\"hps\">\u00c9quipement<\/span>, <span class=\"hps\">valises<\/span>, <span class=\"hps\">10<\/span> <span class=\"hps\">Pol<\/span>. <span class=\"hps\">C\u00e2ble de diagnostic<\/span>, <span class=\"hps\">c\u00e2ble USB et<\/span> <span class=\"hps\">manuel.<\/span><\/span><\/p>\r\n<p>&nbsp;<\/p>\r\n<p>&nbsp;<\/p>","protected":false},"excerpt":{"rendered":"<p>Bike-Scan 100 de l&rsquo;unit\u00e9 de diagnostic Le Bikescan-100 est petit et performant pour le diagnostic professionnel des appareils de commande des motos BMW. Le syst\u00e8me couvre compl\u00e8tement l\u00b4\u00e9lectronique de la moto et facilite la recherche d\u00b4erreur concernant la moto. Gr\u00e2ce \u00e0 des mises \u00e0 jour r\u00e9guli\u00e8res de notre plate-forme de diagnostic, nous proposons \u00e0 nos [&hellip;]<\/p>\n","protected":false},"author":1,"featured_media":0,"parent":1181,"menu_order":0,"comment_status":"closed","ping_status":"open","template":"","meta":{"footnotes":""},"class_list":["post-1201","page","type-page","status-publish","hentry"],"yoast_head":"<!-- This site is optimized with the Yoast SEO plugin v26.6 - https:\/\/yoast.com\/wordpress\/plugins\/seo\/ -->\n<title>BMW Moto Diagnostic \u00e9quipement de diagnostic<\/title>\n<meta name=\"description\" content=\"BMW Motorrad Diagnostic \u00e9quipement de diagnostic HUSQVARNA\" \/>\n<meta name=\"robots\" content=\"index, follow, max-snippet:-1, max-image-preview:large, max-video-preview:-1\" \/>\n<link rel=\"canonical\" href=\"https:\/\/www.duonix.de\/fr\/produkte\/motorrad\/\" \/>\n<meta property=\"og:locale\" content=\"fr_FR\" \/>\n<meta property=\"og:type\" content=\"article\" \/>\n<meta property=\"og:title\" content=\"BMW Moto Diagnostic \u00e9quipement de diagnostic\" \/>\n<meta property=\"og:description\" content=\"BMW Motorrad Diagnostic \u00e9quipement de diagnostic HUSQVARNA\" \/>\n<meta property=\"og:url\" content=\"https:\/\/www.duonix.de\/fr\/produkte\/motorrad\/\" \/>\n<meta property=\"og:site_name\" content=\"Appareil de diagnostic moto et auto outil\" \/>\n<meta property=\"article:modified_time\" content=\"2017-01-26T10:37:35+00:00\" \/>\n<meta property=\"og:image\" content=\"http:\/\/www.duonix.de\/wp-content\/uploads\/motorrad_funktionen1.jpg\" \/>\n<meta name=\"twitter:card\" content=\"summary_large_image\" \/>\n<meta name=\"twitter:label1\" content=\"Dur\u00e9e de lecture estim\u00e9e\" \/>\n\t<meta name=\"twitter:data1\" content=\"3 minutes\" \/>\n<script type=\"application\/ld+json\" class=\"yoast-schema-graph\">{\"@context\":\"https:\/\/schema.org\",\"@graph\":[{\"@type\":\"WebPage\",\"@id\":\"https:\/\/www.duonix.de\/fr\/produkte\/motorrad\/\",\"url\":\"https:\/\/www.duonix.de\/fr\/produkte\/motorrad\/\",\"name\":\"BMW Moto Diagnostic \u00e9quipement de diagnostic\",\"isPartOf\":{\"@id\":\"https:\/\/www.duonix.de\/#website\"},\"primaryImageOfPage\":{\"@id\":\"https:\/\/www.duonix.de\/fr\/produkte\/motorrad\/#primaryimage\"},\"image\":{\"@id\":\"https:\/\/www.duonix.de\/fr\/produkte\/motorrad\/#primaryimage\"},\"thumbnailUrl\":\"http:\/\/www.duonix.de\/wp-content\/uploads\/motorrad_funktionen1.jpg\",\"datePublished\":\"2015-06-24T08:04:35+00:00\",\"dateModified\":\"2017-01-26T10:37:35+00:00\",\"description\":\"BMW Motorrad Diagnostic \u00e9quipement de diagnostic HUSQVARNA\",\"breadcrumb\":{\"@id\":\"https:\/\/www.duonix.de\/fr\/produkte\/motorrad\/#breadcrumb\"},\"inLanguage\":\"fr-FR\",\"potentialAction\":[{\"@type\":\"ReadAction\",\"target\":[\"https:\/\/www.duonix.de\/fr\/produkte\/motorrad\/\"]}]},{\"@type\":\"ImageObject\",\"inLanguage\":\"fr-FR\",\"@id\":\"https:\/\/www.duonix.de\/fr\/produkte\/motorrad\/#primaryimage\",\"url\":\"http:\/\/www.duonix.de\/wp-content\/uploads\/motorrad_funktionen1.jpg\",\"contentUrl\":\"http:\/\/www.duonix.de\/wp-content\/uploads\/motorrad_funktionen1.jpg\"},{\"@type\":\"BreadcrumbList\",\"@id\":\"https:\/\/www.duonix.de\/fr\/produkte\/motorrad\/#breadcrumb\",\"itemListElement\":[{\"@type\":\"ListItem\",\"position\":1,\"name\":\"Home\",\"item\":\"https:\/\/www.duonix.de\/fr\/\"},{\"@type\":\"ListItem\",\"position\":2,\"name\":\"Produkte\",\"item\":\"https:\/\/www.duonix.de\/fr\/produkte\/\"},{\"@type\":\"ListItem\",\"position\":3,\"name\":\"Moto\"}]},{\"@type\":\"WebSite\",\"@id\":\"https:\/\/www.duonix.de\/#website\",\"url\":\"https:\/\/www.duonix.de\/\",\"name\":\"Appareil de diagnostic moto et auto outil\",\"description\":\"Outils de diagnostic pour motos, voitures particuli\u00e8res, camions, d\u00e9veloppement.\",\"potentialAction\":[{\"@type\":\"SearchAction\",\"target\":{\"@type\":\"EntryPoint\",\"urlTemplate\":\"https:\/\/www.duonix.de\/?s={search_term_string}\"},\"query-input\":{\"@type\":\"PropertyValueSpecification\",\"valueRequired\":true,\"valueName\":\"search_term_string\"}}],\"inLanguage\":\"fr-FR\"}]}<\/script>\n<!-- \/ Yoast SEO plugin. -->","yoast_head_json":{"title":"BMW Moto Diagnostic \u00e9quipement de diagnostic","description":"BMW Motorrad Diagnostic \u00e9quipement de diagnostic HUSQVARNA","robots":{"index":"index","follow":"follow","max-snippet":"max-snippet:-1","max-image-preview":"max-image-preview:large","max-video-preview":"max-video-preview:-1"},"canonical":"https:\/\/www.duonix.de\/fr\/produkte\/motorrad\/","og_locale":"fr_FR","og_type":"article","og_title":"BMW Moto Diagnostic \u00e9quipement de diagnostic","og_description":"BMW Motorrad Diagnostic \u00e9quipement de diagnostic HUSQVARNA","og_url":"https:\/\/www.duonix.de\/fr\/produkte\/motorrad\/","og_site_name":"Appareil de diagnostic moto et auto outil","article_modified_time":"2017-01-26T10:37:35+00:00","og_image":[{"url":"http:\/\/www.duonix.de\/wp-content\/uploads\/motorrad_funktionen1.jpg","type":"","width":"","height":""}],"twitter_card":"summary_large_image","twitter_misc":{"Dur\u00e9e de lecture estim\u00e9e":"3 minutes"},"schema":{"@context":"https:\/\/schema.org","@graph":[{"@type":"WebPage","@id":"https:\/\/www.duonix.de\/fr\/produkte\/motorrad\/","url":"https:\/\/www.duonix.de\/fr\/produkte\/motorrad\/","name":"BMW Moto Diagnostic \u00e9quipement de diagnostic","isPartOf":{"@id":"https:\/\/www.duonix.de\/#website"},"primaryImageOfPage":{"@id":"https:\/\/www.duonix.de\/fr\/produkte\/motorrad\/#primaryimage"},"image":{"@id":"https:\/\/www.duonix.de\/fr\/produkte\/motorrad\/#primaryimage"},"thumbnailUrl":"http:\/\/www.duonix.de\/wp-content\/uploads\/motorrad_funktionen1.jpg","datePublished":"2015-06-24T08:04:35+00:00","dateModified":"2017-01-26T10:37:35+00:00","description":"BMW Motorrad Diagnostic \u00e9quipement de diagnostic HUSQVARNA","breadcrumb":{"@id":"https:\/\/www.duonix.de\/fr\/produkte\/motorrad\/#breadcrumb"},"inLanguage":"fr-FR","potentialAction":[{"@type":"ReadAction","target":["https:\/\/www.duonix.de\/fr\/produkte\/motorrad\/"]}]},{"@type":"ImageObject","inLanguage":"fr-FR","@id":"https:\/\/www.duonix.de\/fr\/produkte\/motorrad\/#primaryimage","url":"http:\/\/www.duonix.de\/wp-content\/uploads\/motorrad_funktionen1.jpg","contentUrl":"http:\/\/www.duonix.de\/wp-content\/uploads\/motorrad_funktionen1.jpg"},{"@type":"BreadcrumbList","@id":"https:\/\/www.duonix.de\/fr\/produkte\/motorrad\/#breadcrumb","itemListElement":[{"@type":"ListItem","position":1,"name":"Home","item":"https:\/\/www.duonix.de\/fr\/"},{"@type":"ListItem","position":2,"name":"Produkte","item":"https:\/\/www.duonix.de\/fr\/produkte\/"},{"@type":"ListItem","position":3,"name":"Moto"}]},{"@type":"WebSite","@id":"https:\/\/www.duonix.de\/#website","url":"https:\/\/www.duonix.de\/","name":"Appareil de diagnostic moto et auto outil","description":"Outils de diagnostic pour motos, voitures particuli\u00e8res, camions, d\u00e9veloppement.","potentialAction":[{"@type":"SearchAction","target":{"@type":"EntryPoint","urlTemplate":"https:\/\/www.duonix.de\/?s={search_term_string}"},"query-input":{"@type":"PropertyValueSpecification","valueRequired":true,"valueName":"search_term_string"}}],"inLanguage":"fr-FR"}]}},"_links":{"self":[{"href":"https:\/\/www.duonix.de\/fr\/wp-json\/wp\/v2\/pages\/1201","targetHints":{"allow":["GET"]}}],"collection":[{"href":"https:\/\/www.duonix.de\/fr\/wp-json\/wp\/v2\/pages"}],"about":[{"href":"https:\/\/www.duonix.de\/fr\/wp-json\/wp\/v2\/types\/page"}],"author":[{"embeddable":true,"href":"https:\/\/www.duonix.de\/fr\/wp-json\/wp\/v2\/users\/1"}],"replies":[{"embeddable":true,"href":"https:\/\/www.duonix.de\/fr\/wp-json\/wp\/v2\/comments?post=1201"}],"version-history":[{"count":10,"href":"https:\/\/www.duonix.de\/fr\/wp-json\/wp\/v2\/pages\/1201\/revisions"}],"predecessor-version":[{"id":1978,"href":"https:\/\/www.duonix.de\/fr\/wp-json\/wp\/v2\/pages\/1201\/revisions\/1978"}],"up":[{"embeddable":true,"href":"https:\/\/www.duonix.de\/fr\/wp-json\/wp\/v2\/pages\/1181"}],"wp:attachment":[{"href":"https:\/\/www.duonix.de\/fr\/wp-json\/wp\/v2\/media?parent=1201"}],"curies":[{"name":"wp","href":"https:\/\/api.w.org\/{rel}","templated":true}]}}