{"id":1213,"date":"2015-06-24T08:04:10","date_gmt":"2015-06-24T08:04:10","guid":{"rendered":"http:\/\/www.duonix.de\/produkte\/renault-dacia\/?lang=fr"},"modified":"2017-01-26T10:28:12","modified_gmt":"2017-01-26T10:28:12","slug":"renault-dacia","status":"publish","type":"page","link":"https:\/\/www.duonix.de\/fr\/produkte\/renault-dacia\/","title":{"rendered":"Renault Dacia"},"content":{"rendered":"\n<div data-uk-slideshow=\"{duration: 1000,autoplay: true ,autoplayInterval: 3000,pauseOnHover: false,kenburns: '20s'}\">\n\n    <div class=\"uk-slidenav-position\">\n\n        <ul class=\"uk-slideshow\">\n        \n            <li style=\"min-height: 300px;\">\n\n                \n                    <img decoding=\"async\" src=\"\/wp-content\/uploads\/grau.jpg\" alt=\"Produkt\">\n                    \n                    \n                    \n                \n            <\/li>\n\n                <\/ul>\n\n                <a href=\"#\" class=\"uk-slidenav uk-slidenav-contrast uk-slidenav-previous uk-hidden-touch\" data-uk-slideshow-item=\"previous\"><\/a>\n        <a href=\"#\" class=\"uk-slidenav uk-slidenav-contrast uk-slidenav-next uk-hidden-touch\" data-uk-slideshow-item=\"next\"><\/a>\n        \n                <div class=\"uk-overlay-panel uk-overlay-bottom\">\n            \n<ul class=\"uk-dotnav uk-dotnav-contrast uk-flex-center\">\n    <li data-uk-slideshow-item=\"0\"><a href=\"#\">Produkt<\/a><\/li>\n<\/ul>\n        <\/div>\n        \n    <\/div>\n\n    \n<\/div>\n\r\n<h1>Fahrzeugspezifische Diagnose f\u00fcr Renault und Dacia<\/h1>\r\n<p>Hochleistungsstark\u00a0und\u00a0kompakt ist der RD-100 Diagnoseger\u00e4t aus unserem Hause. Das System erm\u00f6glicht Ihnen schnelle und genaue Fehlercodeanalyse am Fahrzeug.<\/p>\r\n<p>Das Diagnosesystem deckt die komplette Fehlerspeicherdiagnose bei Renault und Dacia Fahrzeugen ab. Die Steuerger\u00e4tdiagnose erfolgt Fahrzeugspezifisch um den Zugriff auf die meisten Steuergr\u00e4te zu gew\u00e4hrleisten.\u00a0<\/p>\r\n<p>Technische Eigenschaften:<br \/>\r\nEs werden alle Modelle ab Bj.1998 &#8211; 2015* mit dem OBD-2 Stecker unterst\u00fctzt.<\/p>\r\n<p>Clio 2&amp;3<br \/>\r\nDuster<br \/>\r\nEspace JE\/JK<br \/>\r\nKangoo KC \/ W<br \/>\r\nKoleos\u00a0<br \/>\r\nLaguna 1 \/ 2 \/ 3<br \/>\r\nMegane 1 \/ 2 \/ 3<br \/>\r\nSandero<br \/>\r\nScenic 1 \/ 2 \/ 3<br \/>\r\nTwingo 1 \/ 2<br \/>\r\nWind<\/p>\r\n<p>etc&#8230;..<\/p>\r\n<p><strong>Unterst\u00fctze Protokolle<\/strong><\/p>\r\n<ul>\r\n\t<li>ISO- Kline<\/li>\r\n\t<li>KWP-2000<\/li>\r\n\t<li>CAN-Low<\/li>\r\n\t<li>CAN-High<\/li>\r\n<\/ul>\r\n<h2>Unterst\u00fctze Steuerger\u00e4te:*<\/h2>\r\n<p>Allrad Lenkung<br \/>\r\nNavigation<br \/>\r\nMotorsteuerung<br \/>\r\nEinparkhilfe<br \/>\r\nAirbag<br \/>\r\nAudio<br \/>\r\nABS &amp; ESP<br \/>\r\nAdaptive Geschwindigkeitsregelung<br \/>\r\nAutomatikgetriebe<br \/>\r\nKlimasteuerung<br \/>\r\nBCB<br \/>\r\nZentralelektronik<br \/>\r\nKarosseriemodul<br \/>\r\nBSI Modul<br \/>\r\nXenon Steuerger\u00e4t<br \/>\r\nKombiinstrument<br \/>\r\nElektrische Servolenkung<br \/>\r\nAllradantrieb<br \/>\r\nReifendruckkontrolle<br \/>\r\nInformationssystem<br \/>\r\netc&#8230;<\/p>\r\n<p>*Modell und ausstattungsabh\u00e4ngig<\/p>\r\n<h2>Ger\u00e4te Men\u00fc:<\/h2>\r\n<p><img loading=\"lazy\" decoding=\"async\" class=\"alignnone size-full wp-image-1095\" src=\"http:\/\/www.duonix.de\/wp-content\/uploads\/renault-Menu.jpg\" alt=\"renault-Menu\" width=\"613\" height=\"649\" \/><\/p>\r\n<p>&nbsp;<\/p>\r\n<p>&nbsp;<\/p>\r\n<h2>Ausstattungspakete:<\/h2>\r\n<p>Erh\u00e4ltlich als Komplett-System oder als Erweiterungs-Lizenz ( Upgrade)\u00a0<\/p>\r\n<h2>Lieferumfang:<\/h2>\r\n<p>Ger\u00e4t, Koffer, Diagnosekabel, USB- Kabel und Anleitung.<\/p>","protected":false},"excerpt":{"rendered":"<p>Fahrzeugspezifische Diagnose f\u00fcr Renault und Dacia Hochleistungsstark\u00a0und\u00a0kompakt ist der RD-100 Diagnoseger\u00e4t aus unserem Hause. Das System erm\u00f6glicht Ihnen schnelle und genaue Fehlercodeanalyse am Fahrzeug. Das Diagnosesystem deckt die komplette Fehlerspeicherdiagnose bei Renault und Dacia Fahrzeugen ab. Die Steuerger\u00e4tdiagnose erfolgt Fahrzeugspezifisch um den Zugriff auf die meisten Steuergr\u00e4te zu gew\u00e4hrleisten.\u00a0 Technische Eigenschaften: Es werden alle Modelle [&hellip;]<\/p>\n","protected":false},"author":1,"featured_media":0,"parent":1181,"menu_order":0,"comment_status":"closed","ping_status":"closed","template":"","meta":{"footnotes":""},"class_list":["post-1213","page","type-page","status-publish","hentry"],"yoast_head":"<!-- This site is optimized with the Yoast SEO plugin v26.6 - https:\/\/yoast.com\/wordpress\/plugins\/seo\/ -->\n<title>Renault Dacia Diagnose Diagnoseger\u00e4t Tool<\/title>\n<meta name=\"description\" content=\"Renault Dacia Diagnose Diagnoseger\u00e4t Tool\" \/>\n<meta name=\"robots\" content=\"index, follow, max-snippet:-1, max-image-preview:large, max-video-preview:-1\" \/>\n<link rel=\"canonical\" href=\"https:\/\/www.duonix.de\/fr\/produkte\/renault-dacia\/\" \/>\n<meta property=\"og:locale\" content=\"fr_FR\" \/>\n<meta property=\"og:type\" content=\"article\" \/>\n<meta property=\"og:title\" content=\"Renault Dacia Diagnose Diagnoseger\u00e4t Tool\" \/>\n<meta property=\"og:description\" content=\"Renault Dacia Diagnose Diagnoseger\u00e4t Tool\" \/>\n<meta property=\"og:url\" content=\"https:\/\/www.duonix.de\/fr\/produkte\/renault-dacia\/\" \/>\n<meta property=\"og:site_name\" content=\"Appareil de diagnostic moto et auto outil\" \/>\n<meta property=\"article:modified_time\" content=\"2017-01-26T10:28:12+00:00\" \/>\n<meta property=\"og:image\" content=\"http:\/\/www.duonix.de\/wp-content\/uploads\/renault-Menu.jpg\" \/>\n<meta name=\"twitter:card\" content=\"summary_large_image\" \/>\n<meta name=\"twitter:label1\" content=\"Dur\u00e9e de lecture estim\u00e9e\" \/>\n\t<meta name=\"twitter:data1\" content=\"1 minute\" \/>\n<script type=\"application\/ld+json\" class=\"yoast-schema-graph\">{\"@context\":\"https:\/\/schema.org\",\"@graph\":[{\"@type\":\"WebPage\",\"@id\":\"https:\/\/www.duonix.de\/fr\/produkte\/renault-dacia\/\",\"url\":\"https:\/\/www.duonix.de\/fr\/produkte\/renault-dacia\/\",\"name\":\"Renault Dacia Diagnose Diagnoseger\u00e4t Tool\",\"isPartOf\":{\"@id\":\"https:\/\/www.duonix.de\/#website\"},\"primaryImageOfPage\":{\"@id\":\"https:\/\/www.duonix.de\/fr\/produkte\/renault-dacia\/#primaryimage\"},\"image\":{\"@id\":\"https:\/\/www.duonix.de\/fr\/produkte\/renault-dacia\/#primaryimage\"},\"thumbnailUrl\":\"http:\/\/www.duonix.de\/wp-content\/uploads\/renault-Menu.jpg\",\"datePublished\":\"2015-06-24T08:04:10+00:00\",\"dateModified\":\"2017-01-26T10:28:12+00:00\",\"description\":\"Renault Dacia Diagnose Diagnoseger\u00e4t Tool\",\"breadcrumb\":{\"@id\":\"https:\/\/www.duonix.de\/fr\/produkte\/renault-dacia\/#breadcrumb\"},\"inLanguage\":\"fr-FR\",\"potentialAction\":[{\"@type\":\"ReadAction\",\"target\":[\"https:\/\/www.duonix.de\/fr\/produkte\/renault-dacia\/\"]}]},{\"@type\":\"ImageObject\",\"inLanguage\":\"fr-FR\",\"@id\":\"https:\/\/www.duonix.de\/fr\/produkte\/renault-dacia\/#primaryimage\",\"url\":\"http:\/\/www.duonix.de\/wp-content\/uploads\/renault-Menu.jpg\",\"contentUrl\":\"http:\/\/www.duonix.de\/wp-content\/uploads\/renault-Menu.jpg\"},{\"@type\":\"BreadcrumbList\",\"@id\":\"https:\/\/www.duonix.de\/fr\/produkte\/renault-dacia\/#breadcrumb\",\"itemListElement\":[{\"@type\":\"ListItem\",\"position\":1,\"name\":\"Home\",\"item\":\"https:\/\/www.duonix.de\/fr\/\"},{\"@type\":\"ListItem\",\"position\":2,\"name\":\"Produkte\",\"item\":\"https:\/\/www.duonix.de\/fr\/produkte\/\"},{\"@type\":\"ListItem\",\"position\":3,\"name\":\"Renault Dacia\"}]},{\"@type\":\"WebSite\",\"@id\":\"https:\/\/www.duonix.de\/#website\",\"url\":\"https:\/\/www.duonix.de\/\",\"name\":\"Appareil de diagnostic moto et auto outil\",\"description\":\"Outils de diagnostic pour motos, voitures particuli\u00e8res, camions, d\u00e9veloppement.\",\"potentialAction\":[{\"@type\":\"SearchAction\",\"target\":{\"@type\":\"EntryPoint\",\"urlTemplate\":\"https:\/\/www.duonix.de\/?s={search_term_string}\"},\"query-input\":{\"@type\":\"PropertyValueSpecification\",\"valueRequired\":true,\"valueName\":\"search_term_string\"}}],\"inLanguage\":\"fr-FR\"}]}<\/script>\n<!-- \/ Yoast SEO plugin. -->","yoast_head_json":{"title":"Renault Dacia Diagnose Diagnoseger\u00e4t Tool","description":"Renault Dacia Diagnose Diagnoseger\u00e4t Tool","robots":{"index":"index","follow":"follow","max-snippet":"max-snippet:-1","max-image-preview":"max-image-preview:large","max-video-preview":"max-video-preview:-1"},"canonical":"https:\/\/www.duonix.de\/fr\/produkte\/renault-dacia\/","og_locale":"fr_FR","og_type":"article","og_title":"Renault Dacia Diagnose Diagnoseger\u00e4t Tool","og_description":"Renault Dacia Diagnose Diagnoseger\u00e4t Tool","og_url":"https:\/\/www.duonix.de\/fr\/produkte\/renault-dacia\/","og_site_name":"Appareil de diagnostic moto et auto outil","article_modified_time":"2017-01-26T10:28:12+00:00","og_image":[{"url":"http:\/\/www.duonix.de\/wp-content\/uploads\/renault-Menu.jpg","type":"","width":"","height":""}],"twitter_card":"summary_large_image","twitter_misc":{"Dur\u00e9e de lecture estim\u00e9e":"1 minute"},"schema":{"@context":"https:\/\/schema.org","@graph":[{"@type":"WebPage","@id":"https:\/\/www.duonix.de\/fr\/produkte\/renault-dacia\/","url":"https:\/\/www.duonix.de\/fr\/produkte\/renault-dacia\/","name":"Renault Dacia Diagnose Diagnoseger\u00e4t Tool","isPartOf":{"@id":"https:\/\/www.duonix.de\/#website"},"primaryImageOfPage":{"@id":"https:\/\/www.duonix.de\/fr\/produkte\/renault-dacia\/#primaryimage"},"image":{"@id":"https:\/\/www.duonix.de\/fr\/produkte\/renault-dacia\/#primaryimage"},"thumbnailUrl":"http:\/\/www.duonix.de\/wp-content\/uploads\/renault-Menu.jpg","datePublished":"2015-06-24T08:04:10+00:00","dateModified":"2017-01-26T10:28:12+00:00","description":"Renault Dacia Diagnose Diagnoseger\u00e4t Tool","breadcrumb":{"@id":"https:\/\/www.duonix.de\/fr\/produkte\/renault-dacia\/#breadcrumb"},"inLanguage":"fr-FR","potentialAction":[{"@type":"ReadAction","target":["https:\/\/www.duonix.de\/fr\/produkte\/renault-dacia\/"]}]},{"@type":"ImageObject","inLanguage":"fr-FR","@id":"https:\/\/www.duonix.de\/fr\/produkte\/renault-dacia\/#primaryimage","url":"http:\/\/www.duonix.de\/wp-content\/uploads\/renault-Menu.jpg","contentUrl":"http:\/\/www.duonix.de\/wp-content\/uploads\/renault-Menu.jpg"},{"@type":"BreadcrumbList","@id":"https:\/\/www.duonix.de\/fr\/produkte\/renault-dacia\/#breadcrumb","itemListElement":[{"@type":"ListItem","position":1,"name":"Home","item":"https:\/\/www.duonix.de\/fr\/"},{"@type":"ListItem","position":2,"name":"Produkte","item":"https:\/\/www.duonix.de\/fr\/produkte\/"},{"@type":"ListItem","position":3,"name":"Renault Dacia"}]},{"@type":"WebSite","@id":"https:\/\/www.duonix.de\/#website","url":"https:\/\/www.duonix.de\/","name":"Appareil de diagnostic moto et auto outil","description":"Outils de diagnostic pour motos, voitures particuli\u00e8res, camions, d\u00e9veloppement.","potentialAction":[{"@type":"SearchAction","target":{"@type":"EntryPoint","urlTemplate":"https:\/\/www.duonix.de\/?s={search_term_string}"},"query-input":{"@type":"PropertyValueSpecification","valueRequired":true,"valueName":"search_term_string"}}],"inLanguage":"fr-FR"}]}},"_links":{"self":[{"href":"https:\/\/www.duonix.de\/fr\/wp-json\/wp\/v2\/pages\/1213","targetHints":{"allow":["GET"]}}],"collection":[{"href":"https:\/\/www.duonix.de\/fr\/wp-json\/wp\/v2\/pages"}],"about":[{"href":"https:\/\/www.duonix.de\/fr\/wp-json\/wp\/v2\/types\/page"}],"author":[{"embeddable":true,"href":"https:\/\/www.duonix.de\/fr\/wp-json\/wp\/v2\/users\/1"}],"replies":[{"embeddable":true,"href":"https:\/\/www.duonix.de\/fr\/wp-json\/wp\/v2\/comments?post=1213"}],"version-history":[{"count":5,"href":"https:\/\/www.duonix.de\/fr\/wp-json\/wp\/v2\/pages\/1213\/revisions"}],"predecessor-version":[{"id":1975,"href":"https:\/\/www.duonix.de\/fr\/wp-json\/wp\/v2\/pages\/1213\/revisions\/1975"}],"up":[{"embeddable":true,"href":"https:\/\/www.duonix.de\/fr\/wp-json\/wp\/v2\/pages\/1181"}],"wp:attachment":[{"href":"https:\/\/www.duonix.de\/fr\/wp-json\/wp\/v2\/media?parent=1213"}],"curies":[{"name":"wp","href":"https:\/\/api.w.org\/{rel}","templated":true}]}}