{"id":1747,"date":"2015-07-30T06:13:59","date_gmt":"2015-07-30T06:13:59","guid":{"rendered":"http:\/\/www.duonix.de\/porsche\/?lang=fr"},"modified":"2020-03-19T18:29:33","modified_gmt":"2020-03-19T18:29:33","slug":"porsche","status":"publish","type":"page","link":"https:\/\/www.duonix.de\/fr\/produkte\/porsche\/","title":{"rendered":"Diagnose f\u00fcr Porsche"},"content":{"rendered":"\n<div data-uk-slideshow=\"{duration: 1000,autoplay: true ,autoplayInterval: 3000,pauseOnHover: false,kenburns: '20s'}\">\n\n    <div class=\"uk-slidenav-position\">\n\n        <ul class=\"uk-slideshow\">\n        \n            <li style=\"min-height: 300px;\">\n\n                \n                    <img decoding=\"async\" src=\"\/wp-content\/uploads\/grau.jpg\" alt=\"Produkt Porsche\">\n                    \n                    \n                    \n                \n            <\/li>\n\n        \n            <li style=\"min-height: 300px;\">\n\n                \n                    <img decoding=\"async\" src=\"\/wp-content\/uploads\/P6031759-1.jpg\" alt=\"P6031759\">\n                    \n                    \n                    \n                \n            <\/li>\n\n                <\/ul>\n\n                <a href=\"#\" class=\"uk-slidenav uk-slidenav-contrast uk-slidenav-previous uk-hidden-touch\" data-uk-slideshow-item=\"previous\"><\/a>\n        <a href=\"#\" class=\"uk-slidenav uk-slidenav-contrast uk-slidenav-next uk-hidden-touch\" data-uk-slideshow-item=\"next\"><\/a>\n        \n                <div class=\"uk-overlay-panel uk-overlay-bottom\">\n            \n<ul class=\"uk-dotnav uk-dotnav-contrast uk-flex-center\">\n    <li data-uk-slideshow-item=\"0\"><a href=\"#\">Produkt Porsche<\/a><\/li>\n    <li data-uk-slideshow-item=\"1\"><a href=\"#\">P6031759<\/a><\/li>\n<\/ul>\n        <\/div>\n        \n    <\/div>\n\n    \n<\/div>\n\r\n<h1>Duonix Diagnoseger\u00e4t f\u00fcr Effektive und genaue Fehleranalyse f\u00fcr Porsche Fahrzeugmodelle<\/h1>\r\n<p>Das Diagnosesystem deckt die komplette Fehlerspeicherdiagnose bei Porsche Fahrzeugen ab. Die Steuerger\u00e4tdiagnose erfolgt Fahrzeugspezifisch um den Zugriff auf alle Steuergr\u00e4te zu gew\u00e4hrleisten.\u00a0<\/p>\r\n<h3><b>Fahrzeugspezifische Diagnoseprotokolle\u00a0<\/b><\/h3>\r\n<ul>\r\n\t<li>KWP2000 Fast\/Slow<\/li>\r\n\t<li>CAN (PCAN)<\/li>\r\n\t<li>UDS<\/li>\r\n<\/ul>\r\n<h2>\u00a0<\/h2>\r\n<p>&nbsp;<\/p>\r\n<h2>Technische Eigenschaften:<\/h2>\r\n<p>F\u00fcr Unterst\u00fctzte Porsche Modelle ab Bj. 1996 &#8211; 2016<\/p>\r\n<p>Boxster 986, 987, 981<br \/>\r\nCayman 987, 981<br \/>\r\n911 Carrera 996, 997, 991, Turbo<br \/>\r\nGT 980<br \/>\r\nPanamera 970<br \/>\r\nMacan<br \/>\r\nCayenne 92A (958)<\/p>\r\n<p>&nbsp;<\/p>\r\n<h2>Unterst\u00fctzte Steuerger\u00e4te:<\/h2>\r\n<p>Motronic<br \/>\r\nGateway<br \/>\r\nKombiinstrument<br \/>\r\nDoppelkupplungsgetriebe<br \/>\r\nTiptronic\/Getriebe<br \/>\r\nVerteilergetriebe<br \/>\r\nW\u00e4hlhebel PDK<br \/>\r\nPSM Stabilit\u00e4tsprogramm<br \/>\r\nParkbremse<br \/>\r\nServolenkung<br \/>\r\nPDCC Fahrwerkregelsystem<br \/>\r\nPAS\/ACC Abstandsregeltempomat<br \/>\r\nAWS Auto Weight Sensing<br \/>\r\nKlimaanlage<br \/>\r\nKlimakompressor<br \/>\r\nPCM Kommunikation Management<br \/>\r\nTelefon<br \/>\r\nVerst\u00e4rker<br \/>\r\nTV Tuner<br \/>\r\nCD Wechsler<br \/>\r\nBordnetz<br \/>\r\nLenkradelektronik<br \/>\r\nMemory Sitzverstellung<br \/>\r\nParkassistent<br \/>\r\nPASM D\u00e4mpferregelung<br \/>\r\nReifendruckkontrollsystem<br \/>\r\nVerdeck<br \/>\r\nTargadach<br \/>\r\nBUG Steuerger\u00e4t<br \/>\r\nPosip Airbag<br \/>\r\nPTM Allradantrieb<br \/>\r\nNavigation<br \/>\r\nHeck Modul<br \/>\r\nT\u00fcr Fahrer<br \/>\r\nT\u00fcr Beifahrer<br \/>\r\nKurvenlicht<br \/>\r\nAggregatlager<br \/>\r\nAlarmanlage<br \/>\r\nLeuchtweitregulierung<br \/>\r\n\u00dcberrollschutz<br \/>\r\nVorderwagenelektronik<br \/>\r\nHinterwagen Elektronik<br \/>\r\nScheinwerfer<br \/>\r\nScheinwerfer Zentrale<br \/>\r\nHinterachslenkung links<br \/>\r\nHinterachslenkung rechts<br \/>\r\nLift Vorderachse<br \/>\r\nKeyless Entry<br \/>\r\nQuersperre<br \/>\r\nZusatzheizung<\/p>\r\n<h2>Ger\u00e4temen\u00fc:<strong>\u00a0<\/strong><\/h2>\r\n<p><img loading=\"lazy\" decoding=\"async\" class=\"alignnone wp-image-1076 size-full\" src=\"https:\/\/www.duonix.de\/wp-content\/uploads\/bs100_3.jpg\" alt=\"BMW Diagnoseger\u00e4t\" width=\"472\" height=\"1022\" \/><\/p>\r\n<p>Abb. \u00e4hnlich.\u00a0<\/p>\r\n<p>&nbsp;<\/p>\r\n<p>&nbsp;<\/p>\r\n<h2>Lieferumfang:<\/h2>\r\n<p>Ger\u00e4t, Koffer, OBD-2 Kabel, USB Kabel und\u00a0Anleitung.<\/p>","protected":false},"excerpt":{"rendered":"<p>Duonix Diagnoseger\u00e4t f\u00fcr Effektive und genaue Fehleranalyse f\u00fcr Porsche Fahrzeugmodelle Das Diagnosesystem deckt die komplette Fehlerspeicherdiagnose bei Porsche Fahrzeugen ab. Die Steuerger\u00e4tdiagnose erfolgt Fahrzeugspezifisch um den Zugriff auf alle Steuergr\u00e4te zu gew\u00e4hrleisten.\u00a0 Fahrzeugspezifische Diagnoseprotokolle\u00a0 KWP2000 Fast\/Slow CAN (PCAN) UDS \u00a0 &nbsp; Technische Eigenschaften: F\u00fcr Unterst\u00fctzte Porsche Modelle ab Bj. 1996 &#8211; 2016 Boxster 986, 987, [&hellip;]<\/p>\n","protected":false},"author":1,"featured_media":0,"parent":1181,"menu_order":0,"comment_status":"closed","ping_status":"open","template":"","meta":{"footnotes":""},"class_list":["post-1747","page","type-page","status-publish","hentry"],"yoast_head":"<!-- This site is optimized with the Yoast SEO plugin v26.6 - https:\/\/yoast.com\/wordpress\/plugins\/seo\/ -->\n<title>Porsche Diagnose Diagnoseger\u00e4t Fehlerdiagnose<\/title>\n<meta name=\"description\" content=\"Porsche Diagnose Diagnoseger\u00e4t Fehlerdiagnose\" \/>\n<meta name=\"robots\" content=\"index, follow, max-snippet:-1, max-image-preview:large, max-video-preview:-1\" \/>\n<link rel=\"canonical\" href=\"https:\/\/www.duonix.de\/fr\/produkte\/porsche\/\" \/>\n<meta property=\"og:locale\" content=\"fr_FR\" \/>\n<meta property=\"og:type\" content=\"article\" \/>\n<meta property=\"og:title\" content=\"Porsche Diagnose Diagnoseger\u00e4t Fehlerdiagnose\" \/>\n<meta property=\"og:description\" content=\"Porsche Diagnose Diagnoseger\u00e4t Fehlerdiagnose\" \/>\n<meta property=\"og:url\" content=\"https:\/\/www.duonix.de\/fr\/produkte\/porsche\/\" \/>\n<meta property=\"og:site_name\" content=\"Appareil de diagnostic moto et auto outil\" \/>\n<meta property=\"article:modified_time\" content=\"2020-03-19T18:29:33+00:00\" \/>\n<meta property=\"og:image\" content=\"https:\/\/www.duonix.de\/wp-content\/uploads\/bs100_3.jpg\" \/>\n<meta name=\"twitter:card\" content=\"summary_large_image\" \/>\n<meta name=\"twitter:label1\" content=\"Dur\u00e9e de lecture estim\u00e9e\" \/>\n\t<meta name=\"twitter:data1\" content=\"1 minute\" \/>\n<script type=\"application\/ld+json\" class=\"yoast-schema-graph\">{\"@context\":\"https:\/\/schema.org\",\"@graph\":[{\"@type\":\"WebPage\",\"@id\":\"https:\/\/www.duonix.de\/fr\/produkte\/porsche\/\",\"url\":\"https:\/\/www.duonix.de\/fr\/produkte\/porsche\/\",\"name\":\"Porsche Diagnose Diagnoseger\u00e4t Fehlerdiagnose\",\"isPartOf\":{\"@id\":\"https:\/\/www.duonix.de\/#website\"},\"primaryImageOfPage\":{\"@id\":\"https:\/\/www.duonix.de\/fr\/produkte\/porsche\/#primaryimage\"},\"image\":{\"@id\":\"https:\/\/www.duonix.de\/fr\/produkte\/porsche\/#primaryimage\"},\"thumbnailUrl\":\"https:\/\/www.duonix.de\/wp-content\/uploads\/bs100_3.jpg\",\"datePublished\":\"2015-07-30T06:13:59+00:00\",\"dateModified\":\"2020-03-19T18:29:33+00:00\",\"description\":\"Porsche Diagnose Diagnoseger\u00e4t Fehlerdiagnose\",\"breadcrumb\":{\"@id\":\"https:\/\/www.duonix.de\/fr\/produkte\/porsche\/#breadcrumb\"},\"inLanguage\":\"fr-FR\",\"potentialAction\":[{\"@type\":\"ReadAction\",\"target\":[\"https:\/\/www.duonix.de\/fr\/produkte\/porsche\/\"]}]},{\"@type\":\"ImageObject\",\"inLanguage\":\"fr-FR\",\"@id\":\"https:\/\/www.duonix.de\/fr\/produkte\/porsche\/#primaryimage\",\"url\":\"https:\/\/www.duonix.de\/wp-content\/uploads\/bs100_3.jpg\",\"contentUrl\":\"https:\/\/www.duonix.de\/wp-content\/uploads\/bs100_3.jpg\"},{\"@type\":\"BreadcrumbList\",\"@id\":\"https:\/\/www.duonix.de\/fr\/produkte\/porsche\/#breadcrumb\",\"itemListElement\":[{\"@type\":\"ListItem\",\"position\":1,\"name\":\"Home\",\"item\":\"https:\/\/www.duonix.de\/fr\/\"},{\"@type\":\"ListItem\",\"position\":2,\"name\":\"Produkte\",\"item\":\"https:\/\/www.duonix.de\/fr\/produkte\/\"},{\"@type\":\"ListItem\",\"position\":3,\"name\":\"Diagnose f\u00fcr Porsche\"}]},{\"@type\":\"WebSite\",\"@id\":\"https:\/\/www.duonix.de\/#website\",\"url\":\"https:\/\/www.duonix.de\/\",\"name\":\"Appareil de diagnostic moto et auto outil\",\"description\":\"Outils de diagnostic pour motos, voitures particuli\u00e8res, camions, d\u00e9veloppement.\",\"potentialAction\":[{\"@type\":\"SearchAction\",\"target\":{\"@type\":\"EntryPoint\",\"urlTemplate\":\"https:\/\/www.duonix.de\/?s={search_term_string}\"},\"query-input\":{\"@type\":\"PropertyValueSpecification\",\"valueRequired\":true,\"valueName\":\"search_term_string\"}}],\"inLanguage\":\"fr-FR\"}]}<\/script>\n<!-- \/ Yoast SEO plugin. -->","yoast_head_json":{"title":"Porsche Diagnose Diagnoseger\u00e4t Fehlerdiagnose","description":"Porsche Diagnose Diagnoseger\u00e4t Fehlerdiagnose","robots":{"index":"index","follow":"follow","max-snippet":"max-snippet:-1","max-image-preview":"max-image-preview:large","max-video-preview":"max-video-preview:-1"},"canonical":"https:\/\/www.duonix.de\/fr\/produkte\/porsche\/","og_locale":"fr_FR","og_type":"article","og_title":"Porsche Diagnose Diagnoseger\u00e4t Fehlerdiagnose","og_description":"Porsche Diagnose Diagnoseger\u00e4t Fehlerdiagnose","og_url":"https:\/\/www.duonix.de\/fr\/produkte\/porsche\/","og_site_name":"Appareil de diagnostic moto et auto outil","article_modified_time":"2020-03-19T18:29:33+00:00","og_image":[{"url":"https:\/\/www.duonix.de\/wp-content\/uploads\/bs100_3.jpg","type":"","width":"","height":""}],"twitter_card":"summary_large_image","twitter_misc":{"Dur\u00e9e de lecture estim\u00e9e":"1 minute"},"schema":{"@context":"https:\/\/schema.org","@graph":[{"@type":"WebPage","@id":"https:\/\/www.duonix.de\/fr\/produkte\/porsche\/","url":"https:\/\/www.duonix.de\/fr\/produkte\/porsche\/","name":"Porsche Diagnose Diagnoseger\u00e4t Fehlerdiagnose","isPartOf":{"@id":"https:\/\/www.duonix.de\/#website"},"primaryImageOfPage":{"@id":"https:\/\/www.duonix.de\/fr\/produkte\/porsche\/#primaryimage"},"image":{"@id":"https:\/\/www.duonix.de\/fr\/produkte\/porsche\/#primaryimage"},"thumbnailUrl":"https:\/\/www.duonix.de\/wp-content\/uploads\/bs100_3.jpg","datePublished":"2015-07-30T06:13:59+00:00","dateModified":"2020-03-19T18:29:33+00:00","description":"Porsche Diagnose Diagnoseger\u00e4t Fehlerdiagnose","breadcrumb":{"@id":"https:\/\/www.duonix.de\/fr\/produkte\/porsche\/#breadcrumb"},"inLanguage":"fr-FR","potentialAction":[{"@type":"ReadAction","target":["https:\/\/www.duonix.de\/fr\/produkte\/porsche\/"]}]},{"@type":"ImageObject","inLanguage":"fr-FR","@id":"https:\/\/www.duonix.de\/fr\/produkte\/porsche\/#primaryimage","url":"https:\/\/www.duonix.de\/wp-content\/uploads\/bs100_3.jpg","contentUrl":"https:\/\/www.duonix.de\/wp-content\/uploads\/bs100_3.jpg"},{"@type":"BreadcrumbList","@id":"https:\/\/www.duonix.de\/fr\/produkte\/porsche\/#breadcrumb","itemListElement":[{"@type":"ListItem","position":1,"name":"Home","item":"https:\/\/www.duonix.de\/fr\/"},{"@type":"ListItem","position":2,"name":"Produkte","item":"https:\/\/www.duonix.de\/fr\/produkte\/"},{"@type":"ListItem","position":3,"name":"Diagnose f\u00fcr Porsche"}]},{"@type":"WebSite","@id":"https:\/\/www.duonix.de\/#website","url":"https:\/\/www.duonix.de\/","name":"Appareil de diagnostic moto et auto outil","description":"Outils de diagnostic pour motos, voitures particuli\u00e8res, camions, d\u00e9veloppement.","potentialAction":[{"@type":"SearchAction","target":{"@type":"EntryPoint","urlTemplate":"https:\/\/www.duonix.de\/?s={search_term_string}"},"query-input":{"@type":"PropertyValueSpecification","valueRequired":true,"valueName":"search_term_string"}}],"inLanguage":"fr-FR"}]}},"_links":{"self":[{"href":"https:\/\/www.duonix.de\/fr\/wp-json\/wp\/v2\/pages\/1747","targetHints":{"allow":["GET"]}}],"collection":[{"href":"https:\/\/www.duonix.de\/fr\/wp-json\/wp\/v2\/pages"}],"about":[{"href":"https:\/\/www.duonix.de\/fr\/wp-json\/wp\/v2\/types\/page"}],"author":[{"embeddable":true,"href":"https:\/\/www.duonix.de\/fr\/wp-json\/wp\/v2\/users\/1"}],"replies":[{"embeddable":true,"href":"https:\/\/www.duonix.de\/fr\/wp-json\/wp\/v2\/comments?post=1747"}],"version-history":[{"count":13,"href":"https:\/\/www.duonix.de\/fr\/wp-json\/wp\/v2\/pages\/1747\/revisions"}],"predecessor-version":[{"id":2454,"href":"https:\/\/www.duonix.de\/fr\/wp-json\/wp\/v2\/pages\/1747\/revisions\/2454"}],"up":[{"embeddable":true,"href":"https:\/\/www.duonix.de\/fr\/wp-json\/wp\/v2\/pages\/1181"}],"wp:attachment":[{"href":"https:\/\/www.duonix.de\/fr\/wp-json\/wp\/v2\/media?parent=1747"}],"curies":[{"name":"wp","href":"https:\/\/api.w.org\/{rel}","templated":true}]}}