{"id":1928,"date":"2017-01-03T09:49:29","date_gmt":"2017-01-03T09:49:29","guid":{"rendered":"http:\/\/www.duonix.de\/produkte\/service-tool\/"},"modified":"2021-11-12T07:51:39","modified_gmt":"2021-11-12T07:51:39","slug":"service-tool","status":"publish","type":"page","link":"https:\/\/www.duonix.de\/fr\/produkte\/service-tool\/","title":{"rendered":"outil de service combin\u00e9"},"content":{"rendered":"\n<div data-uk-slideshow=\"{duration: 1000,autoplay: true ,autoplayInterval: 3000,pauseOnHover: false,kenburns: '20s'}\">\n\n    <div class=\"uk-slidenav-position\">\n\n        <ul class=\"uk-slideshow\">\n        \n            <li style=\"min-height: 300px;\">\n\n                \n                    <img decoding=\"async\" src=\"\/wp-content\/uploads\/16.jpg\" alt=\"(16)\">\n                    \n                    \n                    \n                \n            <\/li>\n\n        \n            <li style=\"min-height: 300px;\">\n\n                \n                    <img decoding=\"async\" src=\"\/wp-content\/uploads\/18.jpg\" alt=\"(18)\">\n                    \n                    \n                    \n                \n            <\/li>\n\n                <\/ul>\n\n                <a href=\"#\" class=\"uk-slidenav uk-slidenav-contrast uk-slidenav-previous uk-hidden-touch\" data-uk-slideshow-item=\"previous\"><\/a>\n        <a href=\"#\" class=\"uk-slidenav uk-slidenav-contrast uk-slidenav-next uk-hidden-touch\" data-uk-slideshow-item=\"next\"><\/a>\n        \n                <div class=\"uk-overlay-panel uk-overlay-bottom\">\n            \n<ul class=\"uk-dotnav uk-dotnav-contrast uk-flex-center\">\n    <li data-uk-slideshow-item=\"0\"><a href=\"#\">(16)<\/a><\/li>\n    <li data-uk-slideshow-item=\"1\"><a href=\"#\">(18)<\/a><\/li>\n<\/ul>\n        <\/div>\n        \n    <\/div>\n\n    \n<\/div>\n\r\n<p><span id=\"result_box\" class=\"\" lang=\"fr\">Avec l&rsquo;outil de service que vous <span class=\"\">pouvez utiliser pour<\/span> mettre en \u0153uvre rapidement et efficacement. Le design compact avec <span class=\"\">bo\u00eetier<\/span> con\u00e7u ergonomique, tous les travaux en toute s\u00e9curit\u00e9 et avec pr\u00e9cision effectu\u00e9e. <span class=\"\">L&rsquo;outil<\/span> de r\u00e9initialisation de service est pr\u00eat \u00e0 l&#8217;emploi et ne n\u00e9cessite pas un PC <span class=\"\">ou un ordinateur portable<\/span>.<br \/>\r\n<br \/>\r\n<span class=\"\">Les diff\u00e9rentes fonctions<\/span> <span class=\"\">suivantes<\/span> <span class=\"\">sont \u00e0 votre disposition<\/span> et peuvent \u00eatre command\u00e9s <span class=\"\">dans la boutique<\/span><\/span>.<\/p>\r\n<p>&nbsp;<\/p>\r\n<p><strong><span id=\"result_box\" class=\"short_text\" lang=\"fr\">Vos avantages en un <span class=\"\">coup d&rsquo;oeil<\/span><\/span><\/strong><\/p>\r\n<ul>\r\n\t<li><span id=\"result_box\" class=\"\" lang=\"fr\">Mat\u00e9riel \u00e0 l&rsquo;\u00e9preuve du<\/span><\/li>\r\n\t<li><span id=\"result_box\" class=\"\" lang=\"fr\">mises \u00e0 jour gratuites<\/span><\/li>\r\n\t<li><span id=\"result_box\" class=\"\" lang=\"fr\">Support via le portail en ligne et par t\u00e9l\u00e9phone<\/span><\/li>\r\n\t<li><span id=\"result_box\" class=\"\" lang=\"fr\">Manipulation facile et rapide<\/span><\/li>\r\n\t<li><span id=\"result_box\" class=\"\" lang=\"fr\">Pas de PC ou ordinateur portable n\u00e9cessaire (syst\u00e8me autonome)<\/span><\/li>\r\n\t<li><span id=\"result_box\" class=\"\" lang=\"fr\"><span class=\"\">Il n&rsquo;y a<\/span> <span class=\"\">pas de contrainte<\/span> pour les mises \u00e0 jour co\u00fbteuses facturables (ind\u00e9pendant du temps)<\/span><\/li>\r\n\t<li><span id=\"result_box\" class=\"\" lang=\"fr\">Fabriqu\u00e9 en Allemagne (d\u00e9veloppement, le soutien <span class=\"\">et la fabrication<\/span><span class=\"\">)<\/span><\/span><\/li>\r\n<\/ul>\r\n<p>&nbsp;<\/p>\r\n<p><strong>Mercedes EPB\/EPKB<\/strong><\/p>\r\n<p><span id=\"result_box\" class=\"\" lang=\"fr\">L&rsquo;activation et la d\u00e9sactivation du frein de stationnement \u00e9lectrique, pour changer les <span class=\"\">plaquettes de frein.<\/span><\/span><\/p>\r\n<p>A- Klasse W176 <span id=\"result_box\" class=\"short_text\" lang=\"fr\"><span class=\"\">de l&rsquo;ann\u00e9e<\/span><\/span>\u00a0 2012 &#8211;<\/p>\r\n<p>B- Klasse W246\/ W242 <span id=\"result_box\" class=\"short_text\" lang=\"fr\"><span class=\"\">de l&rsquo;ann\u00e9e<\/span><\/span> 2011-<\/p>\r\n<p>CLA C117 <span id=\"result_box\" class=\"short_text\" lang=\"fr\"><span class=\"\">de l&rsquo;ann\u00e9e<\/span><\/span> 2013 &#8211;<\/p>\r\n<p>ML W166 <span id=\"result_box\" class=\"short_text\" lang=\"fr\"><span class=\"\">de l&rsquo;ann\u00e9e<\/span><\/span> 2011-<\/p>\r\n<p>SLK R172 <span id=\"result_box\" class=\"short_text\" lang=\"fr\"><span class=\"\">de l&rsquo;ann\u00e9e<\/span><\/span> 2011-<\/p>\r\n<p>S Klasse W222 <span id=\"result_box\" class=\"short_text\" lang=\"fr\"><span class=\"\">de l&rsquo;ann\u00e9e<\/span><\/span> 2013 &#8211;<\/p>\r\n<p>&nbsp;<\/p>\r\n<p><strong><span id=\"result_box\" class=\"\" lang=\"fr\">La fourniture de services Mercedes pour la plupart des mod\u00e8les \/ UDS CAN de l&rsquo;ann\u00e9e mod\u00e8le <span class=\"\">2003 \u00e0<\/span> <span class=\"\">2017.<\/span><\/span><\/strong><\/p>\r\n<p>A &#8211; Klasse W169 W176<\/p>\r\n<p>B \u2013 Klasse W246, W242 , T245<\/p>\r\n<p>C \u2013 Klasse W203 , W204 , W205<\/p>\r\n<p>E &#8211; Klasse W211, W212 , W213<\/p>\r\n<p>S- Klasse W221 , W222<\/p>\r\n<p>SLK \u2013 Klasse R171 , R172<\/p>\r\n<p>SL \u2013 Klasse R230\u00a0 CAN , R231<\/p>\r\n<p>G Klasse G463 CAN 2008<\/p>\r\n<p>ML \u2013 Klasse W164 , W166<\/p>\r\n<p>Viano Vito W639 , W447<\/p>\r\n<p>Sprinter 2 (NCV3) W906<\/p>\r\n<p><strong>\u00a0<\/strong><\/p>\r\n<p><strong>BMW EPB\/EMF <span id=\"result_box\" class=\"short_text\" lang=\"fr\"><span class=\"\">de l&rsquo;ann\u00e9e<\/span><\/span> 2007- <\/strong><\/p>\r\n<p><span id=\"result_box\" class=\"\" lang=\"fr\">L&rsquo;activation et la d\u00e9sactivation du frein de stationnement \u00e9lectrique, pour changer les <span class=\"\">plaquettes de frein.<\/span><\/span>.<\/p>\r\n<p>Z4-E89, X5-E70,F01,F02,F07,F06,F10,F11,F12,F13,F18,F15,F16,F45,F2X,F3X Modelle<\/p>\r\n<p>&nbsp;<\/p>\r\n<p><strong>VAG (VW, Audi, Seat, Skoda) EPB\/ESP<\/strong><\/p>\r\n<p><span id=\"result_box\" class=\"\" lang=\"fr\">L&rsquo;activation et la d\u00e9sactivation du frein de stationnement \u00e9lectrique, pour changer les <span class=\"\">plaquettes de frein<\/span><\/span>.<\/p>\r\n<p><span id=\"result_box\" class=\"short_text\" lang=\"fr\">Pour les mod\u00e8les les plus courants <span class=\"\">apr\u00e8s ann\u00e9e<\/span><span class=\"\">.<\/span><\/span>\u00a0 2004 &#8211;<\/p>\r\n<p>Audi: A6 A1 A4 A2 A3 A8 A7 A5 A1 Q5 Q7 Q3 R8 Quattro<\/p>\r\n<p>VW: Passat B6 B7 B8 CC Golf 7 (MQB) Tiguan<\/p>\r\n<p>Skoda: Citigo Octavia Rapid Fabian Yeti Superb<\/p>\r\n<p>Seat: Ibiza Toledo Leon Altea Alhambra Cupra<\/p>\r\n<p><strong>\u00a0<\/strong><\/p>\r\n<p><strong>VAG (VW, Audi, Seat, Skoda) <span id=\"result_box\" class=\"\" lang=\"fr\">La prestation de services pour la plupart des mod\u00e8les \/ UDS CAN de l&rsquo;ann\u00e9e de mod\u00e8le 2004 \u00e0 <span class=\"\">2017.<\/span><\/span><br \/>\r\n<\/strong><\/p>\r\n<p>Audi A6 A2 A4 A3 A8 A7 A5 A1 Q5 Q7 Q3 R8 Quattro<\/p>\r\n<p>VW: Passat 3BG B5 B6 B7 B8 CC Golf 3 4 5 6 7 Tiguan Sharan Lupo Fox Polo Jetta scirocco Caddy SharanTouran Amarok T4 T5 T6 Touareg Beetle R-line<\/p>\r\n<p>Skoda: Citigo Octavia Rapid Fabian Yeti Superb<\/p>\r\n<p>Seat: Ibiza Toledo Leon Altea Alhambra Cupra 4drive Mii<\/p>\r\n<p><span id=\"result_box\" class=\"\" lang=\"fr\">Si on n&rsquo;a pas \u00e9num\u00e9r\u00e9 quelques mod\u00e8les peut oublier, nous demandons une courte <span class=\"\">demande.<\/span><\/span><\/p>\r\n<p>&nbsp;<\/p>\r\n<p><strong>Fiat, Alfa Romeo <span id=\"result_box\" class=\"\" lang=\"fr\">La prestation de services pour la plupart des mod\u00e8les \/ UDS CAN de l&rsquo;ann\u00e9e de mod\u00e8le 2004 \u00e0 <span class=\"\">2017.<\/span><\/span><br \/>\r\n<\/strong><\/p>\r\n<p>Fiat: 500, Doblo (Typ 263), Ducato (Typ 250) , Grande Punto (Typ 199), Panda (Typ 312 \/319), Punto EVO , Qubo , Abarth 500 Punto EVO<\/p>\r\n<p>Alfa Romeo: Brera , Spider (Typ 939), Giulietta, MiTo,<\/p>","protected":false},"excerpt":{"rendered":"<p>Avec l&rsquo;outil de service que vous pouvez utiliser pour mettre en \u0153uvre rapidement et efficacement. Le design compact avec bo\u00eetier con\u00e7u ergonomique, tous les travaux en toute s\u00e9curit\u00e9 et avec pr\u00e9cision effectu\u00e9e. L&rsquo;outil de r\u00e9initialisation de service est pr\u00eat \u00e0 l&#8217;emploi et ne n\u00e9cessite pas un PC ou un ordinateur portable. Les diff\u00e9rentes fonctions suivantes [&hellip;]<\/p>\n","protected":false},"author":1,"featured_media":0,"parent":1181,"menu_order":0,"comment_status":"closed","ping_status":"closed","template":"","meta":{"footnotes":""},"class_list":["post-1928","page","type-page","status-publish","hentry"],"yoast_head":"<!-- This site is optimized with the Yoast SEO plugin v26.6 - https:\/\/yoast.com\/wordpress\/plugins\/seo\/ -->\n<title>outil de service combin\u00e9 - Appareil de diagnostic moto et auto outil<\/title>\n<meta name=\"robots\" content=\"index, follow, max-snippet:-1, max-image-preview:large, max-video-preview:-1\" \/>\n<link rel=\"canonical\" href=\"https:\/\/www.duonix.de\/fr\/produkte\/service-tool\/\" \/>\n<meta property=\"og:locale\" content=\"fr_FR\" \/>\n<meta property=\"og:type\" content=\"article\" \/>\n<meta property=\"og:title\" content=\"outil de service combin\u00e9 - Appareil de diagnostic moto et auto outil\" \/>\n<meta property=\"og:description\" content=\"Avec l&rsquo;outil de service que vous pouvez utiliser pour mettre en \u0153uvre rapidement et efficacement. Le design compact avec bo\u00eetier con\u00e7u ergonomique, tous les travaux en toute s\u00e9curit\u00e9 et avec pr\u00e9cision effectu\u00e9e. L&rsquo;outil de r\u00e9initialisation de service est pr\u00eat \u00e0 l&#8217;emploi et ne n\u00e9cessite pas un PC ou un ordinateur portable. Les diff\u00e9rentes fonctions suivantes [&hellip;]\" \/>\n<meta property=\"og:url\" content=\"https:\/\/www.duonix.de\/fr\/produkte\/service-tool\/\" \/>\n<meta property=\"og:site_name\" content=\"Appareil de diagnostic moto et auto outil\" \/>\n<meta property=\"article:modified_time\" content=\"2021-11-12T07:51:39+00:00\" \/>\n<meta name=\"twitter:card\" content=\"summary_large_image\" \/>\n<meta name=\"twitter:label1\" content=\"Dur\u00e9e de lecture estim\u00e9e\" \/>\n\t<meta name=\"twitter:data1\" content=\"3 minutes\" \/>\n<script type=\"application\/ld+json\" class=\"yoast-schema-graph\">{\"@context\":\"https:\/\/schema.org\",\"@graph\":[{\"@type\":\"WebPage\",\"@id\":\"https:\/\/www.duonix.de\/fr\/produkte\/service-tool\/\",\"url\":\"https:\/\/www.duonix.de\/fr\/produkte\/service-tool\/\",\"name\":\"outil de service combin\u00e9 - Appareil de diagnostic moto et auto outil\",\"isPartOf\":{\"@id\":\"https:\/\/www.duonix.de\/#website\"},\"datePublished\":\"2017-01-03T09:49:29+00:00\",\"dateModified\":\"2021-11-12T07:51:39+00:00\",\"breadcrumb\":{\"@id\":\"https:\/\/www.duonix.de\/fr\/produkte\/service-tool\/#breadcrumb\"},\"inLanguage\":\"fr-FR\",\"potentialAction\":[{\"@type\":\"ReadAction\",\"target\":[\"https:\/\/www.duonix.de\/fr\/produkte\/service-tool\/\"]}]},{\"@type\":\"BreadcrumbList\",\"@id\":\"https:\/\/www.duonix.de\/fr\/produkte\/service-tool\/#breadcrumb\",\"itemListElement\":[{\"@type\":\"ListItem\",\"position\":1,\"name\":\"Home\",\"item\":\"https:\/\/www.duonix.de\/fr\/\"},{\"@type\":\"ListItem\",\"position\":2,\"name\":\"Produkte\",\"item\":\"https:\/\/www.duonix.de\/fr\/produkte\/\"},{\"@type\":\"ListItem\",\"position\":3,\"name\":\"outil de service combin\u00e9\"}]},{\"@type\":\"WebSite\",\"@id\":\"https:\/\/www.duonix.de\/#website\",\"url\":\"https:\/\/www.duonix.de\/\",\"name\":\"Appareil de diagnostic moto et auto outil\",\"description\":\"Outils de diagnostic pour motos, voitures particuli\u00e8res, camions, d\u00e9veloppement.\",\"potentialAction\":[{\"@type\":\"SearchAction\",\"target\":{\"@type\":\"EntryPoint\",\"urlTemplate\":\"https:\/\/www.duonix.de\/?s={search_term_string}\"},\"query-input\":{\"@type\":\"PropertyValueSpecification\",\"valueRequired\":true,\"valueName\":\"search_term_string\"}}],\"inLanguage\":\"fr-FR\"}]}<\/script>\n<!-- \/ Yoast SEO plugin. -->","yoast_head_json":{"title":"outil de service combin\u00e9 - Appareil de diagnostic moto et auto outil","robots":{"index":"index","follow":"follow","max-snippet":"max-snippet:-1","max-image-preview":"max-image-preview:large","max-video-preview":"max-video-preview:-1"},"canonical":"https:\/\/www.duonix.de\/fr\/produkte\/service-tool\/","og_locale":"fr_FR","og_type":"article","og_title":"outil de service combin\u00e9 - Appareil de diagnostic moto et auto outil","og_description":"Avec l&rsquo;outil de service que vous pouvez utiliser pour mettre en \u0153uvre rapidement et efficacement. Le design compact avec bo\u00eetier con\u00e7u ergonomique, tous les travaux en toute s\u00e9curit\u00e9 et avec pr\u00e9cision effectu\u00e9e. L&rsquo;outil de r\u00e9initialisation de service est pr\u00eat \u00e0 l&#8217;emploi et ne n\u00e9cessite pas un PC ou un ordinateur portable. Les diff\u00e9rentes fonctions suivantes [&hellip;]","og_url":"https:\/\/www.duonix.de\/fr\/produkte\/service-tool\/","og_site_name":"Appareil de diagnostic moto et auto outil","article_modified_time":"2021-11-12T07:51:39+00:00","twitter_card":"summary_large_image","twitter_misc":{"Dur\u00e9e de lecture estim\u00e9e":"3 minutes"},"schema":{"@context":"https:\/\/schema.org","@graph":[{"@type":"WebPage","@id":"https:\/\/www.duonix.de\/fr\/produkte\/service-tool\/","url":"https:\/\/www.duonix.de\/fr\/produkte\/service-tool\/","name":"outil de service combin\u00e9 - Appareil de diagnostic moto et auto outil","isPartOf":{"@id":"https:\/\/www.duonix.de\/#website"},"datePublished":"2017-01-03T09:49:29+00:00","dateModified":"2021-11-12T07:51:39+00:00","breadcrumb":{"@id":"https:\/\/www.duonix.de\/fr\/produkte\/service-tool\/#breadcrumb"},"inLanguage":"fr-FR","potentialAction":[{"@type":"ReadAction","target":["https:\/\/www.duonix.de\/fr\/produkte\/service-tool\/"]}]},{"@type":"BreadcrumbList","@id":"https:\/\/www.duonix.de\/fr\/produkte\/service-tool\/#breadcrumb","itemListElement":[{"@type":"ListItem","position":1,"name":"Home","item":"https:\/\/www.duonix.de\/fr\/"},{"@type":"ListItem","position":2,"name":"Produkte","item":"https:\/\/www.duonix.de\/fr\/produkte\/"},{"@type":"ListItem","position":3,"name":"outil de service combin\u00e9"}]},{"@type":"WebSite","@id":"https:\/\/www.duonix.de\/#website","url":"https:\/\/www.duonix.de\/","name":"Appareil de diagnostic moto et auto outil","description":"Outils de diagnostic pour motos, voitures particuli\u00e8res, camions, d\u00e9veloppement.","potentialAction":[{"@type":"SearchAction","target":{"@type":"EntryPoint","urlTemplate":"https:\/\/www.duonix.de\/?s={search_term_string}"},"query-input":{"@type":"PropertyValueSpecification","valueRequired":true,"valueName":"search_term_string"}}],"inLanguage":"fr-FR"}]}},"_links":{"self":[{"href":"https:\/\/www.duonix.de\/fr\/wp-json\/wp\/v2\/pages\/1928","targetHints":{"allow":["GET"]}}],"collection":[{"href":"https:\/\/www.duonix.de\/fr\/wp-json\/wp\/v2\/pages"}],"about":[{"href":"https:\/\/www.duonix.de\/fr\/wp-json\/wp\/v2\/types\/page"}],"author":[{"embeddable":true,"href":"https:\/\/www.duonix.de\/fr\/wp-json\/wp\/v2\/users\/1"}],"replies":[{"embeddable":true,"href":"https:\/\/www.duonix.de\/fr\/wp-json\/wp\/v2\/comments?post=1928"}],"version-history":[{"count":9,"href":"https:\/\/www.duonix.de\/fr\/wp-json\/wp\/v2\/pages\/1928\/revisions"}],"predecessor-version":[{"id":3108,"href":"https:\/\/www.duonix.de\/fr\/wp-json\/wp\/v2\/pages\/1928\/revisions\/3108"}],"up":[{"embeddable":true,"href":"https:\/\/www.duonix.de\/fr\/wp-json\/wp\/v2\/pages\/1181"}],"wp:attachment":[{"href":"https:\/\/www.duonix.de\/fr\/wp-json\/wp\/v2\/media?parent=1928"}],"curies":[{"name":"wp","href":"https:\/\/api.w.org\/{rel}","templated":true}]}}