{"id":1993,"date":"2016-08-04T14:42:43","date_gmt":"2016-08-04T14:42:43","guid":{"rendered":"http:\/\/www.duonix.de\/produkte\/lin-schalter\/"},"modified":"2021-11-06T20:46:39","modified_gmt":"2021-11-06T20:46:39","slug":"lin-schalter","status":"publish","type":"page","link":"https:\/\/www.duonix.de\/fr\/produkte\/lin-schalter\/","title":{"rendered":"Commutateur LIN"},"content":{"rendered":"\n<div data-uk-slideshow=\"{autoplay: true ,autoplayInterval: 3000,kenburns: '15s'}\">\n\n    <div class=\"uk-slidenav-position\">\n\n        <ul class=\"uk-slideshow\">\n        \n            <li style=\"min-height: 300px;\">\n\n                \n                    <img decoding=\"async\" src=\"\/wp-content\/uploads\/39.jpg\" alt=\"(39)\">\n                    \n                    \n                    \n                \n            <\/li>\n\n        \n            <li style=\"min-height: 300px;\">\n\n                \n                    <img decoding=\"async\" src=\"\/wp-content\/uploads\/14.jpg\" alt=\"(14)\">\n                    \n                    \n                    \n                \n            <\/li>\n\n                <\/ul>\n\n                <a href=\"#\" class=\"uk-slidenav uk-slidenav-contrast uk-slidenav-previous uk-hidden-touch\" data-uk-slideshow-item=\"previous\"><\/a>\n        <a href=\"#\" class=\"uk-slidenav uk-slidenav-contrast uk-slidenav-next uk-hidden-touch\" data-uk-slideshow-item=\"next\"><\/a>\n        \n                <div class=\"uk-overlay-panel uk-overlay-bottom\">\n            \n<ul class=\"uk-dotnav uk-dotnav-contrast uk-flex-center\">\n    <li data-uk-slideshow-item=\"0\"><a href=\"#\">(39)<\/a><\/li>\n    <li data-uk-slideshow-item=\"1\"><a href=\"#\">(14)<\/a><\/li>\n<\/ul>\n        <\/div>\n        \n    <\/div>\n\n    \n<\/div>\n\r\n<p>&nbsp;<\/p>\r\n<p><span id=\"result_box\" class=\"\" lang=\"fr\">Avec notre nouveau LIN D\u00e9velopp\u00e9 basculez, vous pouvez utiliser la s\u00e9rie passe de votre BMW, conduire en douceur et facilement des lumi\u00e8res auxiliaires de toute nature, par exemple, Phares anti-brouillard, phares LED, chauffage, prise USB et d&rsquo;autres consommateurs etc &#8230;.<br \/>\r\n<br \/>\r\nLe commutateur LIN est utilis\u00e9 comme unit\u00e9 suppl\u00e9mentaire pour la commutation de charge \u00e0 15A dans la BMW \u00e9lectronique du v\u00e9hicule de son utilisation.<br \/>\r\n<br \/>\r\n<span class=\"\">Merci<\/span> \u00e0 sa petite taille et des options de montage polyvalentes qui peuvent \u00eatre mont\u00e9s comme <span class=\"\">d\u00e9sir\u00e9<\/span>.<br \/>\r\n<br \/>\r\nLe Lin-<span class=\"\">commutateur est dans<\/span> son maniement convivial et un service avec le concept r\u00e9fl\u00e9chi.<br \/>\r\n<br \/>\r\nL&rsquo;<span class=\"\">installation et la programmation<\/span> se fait en quelques \u00e9tapes et l&rsquo;unit\u00e9 auxiliaire LIN est imm\u00e9diatement pr\u00eat \u00e0 l&#8217;emploi<span class=\"\">.<\/span><\/span><\/p>\r\n<p>&nbsp;<\/p>\r\n<p>&nbsp;<\/p>\r\n<h4><strong><span id=\"result_box\" class=\"short_text\" lang=\"fr\"><span class=\"\">Vos avantages en un<\/span> <span class=\"\">coup d&rsquo;oeil<\/span><\/span><\/strong><\/h4>\r\n<p><span id=\"result_box\" class=\"\" lang=\"fr\">Installation facile et rapide<br \/>\r\n<br \/>\r\nveille<br \/>\r\n<br \/>\r\nPlusieurs commutateur LIN utilis\u00e9 sur un bus<br \/>\r\n<br \/>\r\n<span class=\"\">Fonctionnement sans probl\u00e8me<\/span> du bus LIN<br \/>\r\n<br \/>\r\nProgrammation de la touche <span class=\"\">individuelle<\/span><br \/>\r\n<br \/>\r\nAuto-diagnostic et la sortie <span class=\"\">d&rsquo;erreur<\/span><\/span><\/p>\r\n<p>&nbsp;<\/p>\r\n<p>&nbsp;<\/p>\r\n<h4><strong><span id=\"result_box\" class=\"short_text\" lang=\"fr\">Mod\u00e8les BMW <span class=\"\">compatibles:<\/span><\/span><\/strong><\/h4>\r\n<p>(K50) R1200GS ab Bj.2013<\/p>\r\n<p>(K51) R1200GS Adventure ab Bj. 2014<\/p>\r\n<p>(K52) R1200RT ab Bj. 2014<\/p>\r\n<p>(K53) R1200R ab Bj. 2015<\/p>\r\n<p>S1000XR ab Bj. 2015\u00a0<\/p>\r\n<p>R nine T ab Bj. 2014<\/p>\r\n<h4><strong><span id=\"result_box\" class=\"short_text\" lang=\"fr\"><span class=\"\">caract\u00e9ristiques techniques<\/span><\/span>:<\/strong><\/h4>\r\n<p><span id=\"result_box\" class=\"\" lang=\"fr\">Tension de fonctionnement: 12V<br \/>\r\nMax Courant d&rsquo;appel: 15A<br \/>\r\nTemp\u00e9rature ambiante de fonctionnement: -20 \u00b0 C et + <span class=\"\">80 \u00b0 C<\/span><\/span><\/p>","protected":false},"excerpt":{"rendered":"<p>&nbsp; Avec notre nouveau LIN D\u00e9velopp\u00e9 basculez, vous pouvez utiliser la s\u00e9rie passe de votre BMW, conduire en douceur et facilement des lumi\u00e8res auxiliaires de toute nature, par exemple, Phares anti-brouillard, phares LED, chauffage, prise USB et d&rsquo;autres consommateurs etc &#8230;. Le commutateur LIN est utilis\u00e9 comme unit\u00e9 suppl\u00e9mentaire pour la commutation de charge \u00e0 [&hellip;]<\/p>\n","protected":false},"author":1,"featured_media":0,"parent":1181,"menu_order":0,"comment_status":"closed","ping_status":"closed","template":"","meta":{"footnotes":""},"class_list":["post-1993","page","type-page","status-publish","hentry"],"yoast_head":"<!-- This site is optimized with the Yoast SEO plugin v26.6 - https:\/\/yoast.com\/wordpress\/plugins\/seo\/ -->\n<title>Commande d&#039;\u00e9clairage sans interrupteur suppl\u00e9mentaire ni codage BMW<\/title>\n<meta name=\"description\" content=\"Commande d&#039;\u00e9clairage sans interrupteur suppl\u00e9mentaire ni codage de votre BMW 1200 1250 K50 K51 K53 K54 R1200GS R1200RT\" \/>\n<meta name=\"robots\" content=\"index, follow, max-snippet:-1, max-image-preview:large, max-video-preview:-1\" \/>\n<link rel=\"canonical\" href=\"https:\/\/www.duonix.de\/fr\/produkte\/lin-schalter\/\" \/>\n<meta property=\"og:locale\" content=\"fr_FR\" \/>\n<meta property=\"og:type\" content=\"article\" \/>\n<meta property=\"og:title\" content=\"Commande d&#039;\u00e9clairage sans interrupteur suppl\u00e9mentaire ni codage BMW\" \/>\n<meta property=\"og:description\" content=\"Commande d&#039;\u00e9clairage sans interrupteur suppl\u00e9mentaire ni codage de votre BMW 1200 1250 K50 K51 K53 K54 R1200GS R1200RT\" \/>\n<meta property=\"og:url\" content=\"https:\/\/www.duonix.de\/fr\/produkte\/lin-schalter\/\" \/>\n<meta property=\"og:site_name\" content=\"Appareil de diagnostic moto et auto outil\" \/>\n<meta property=\"article:modified_time\" content=\"2021-11-06T20:46:39+00:00\" \/>\n<meta name=\"twitter:card\" content=\"summary_large_image\" \/>\n<meta name=\"twitter:label1\" content=\"Dur\u00e9e de lecture estim\u00e9e\" \/>\n\t<meta name=\"twitter:data1\" content=\"1 minute\" \/>\n<script type=\"application\/ld+json\" class=\"yoast-schema-graph\">{\"@context\":\"https:\/\/schema.org\",\"@graph\":[{\"@type\":\"WebPage\",\"@id\":\"https:\/\/www.duonix.de\/fr\/produkte\/lin-schalter\/\",\"url\":\"https:\/\/www.duonix.de\/fr\/produkte\/lin-schalter\/\",\"name\":\"Commande d'\u00e9clairage sans interrupteur suppl\u00e9mentaire ni codage BMW\",\"isPartOf\":{\"@id\":\"https:\/\/www.duonix.de\/#website\"},\"datePublished\":\"2016-08-04T14:42:43+00:00\",\"dateModified\":\"2021-11-06T20:46:39+00:00\",\"description\":\"Commande d'\u00e9clairage sans interrupteur suppl\u00e9mentaire ni codage de votre BMW 1200 1250 K50 K51 K53 K54 R1200GS R1200RT\",\"breadcrumb\":{\"@id\":\"https:\/\/www.duonix.de\/fr\/produkte\/lin-schalter\/#breadcrumb\"},\"inLanguage\":\"fr-FR\",\"potentialAction\":[{\"@type\":\"ReadAction\",\"target\":[\"https:\/\/www.duonix.de\/fr\/produkte\/lin-schalter\/\"]}]},{\"@type\":\"BreadcrumbList\",\"@id\":\"https:\/\/www.duonix.de\/fr\/produkte\/lin-schalter\/#breadcrumb\",\"itemListElement\":[{\"@type\":\"ListItem\",\"position\":1,\"name\":\"Home\",\"item\":\"https:\/\/www.duonix.de\/fr\/\"},{\"@type\":\"ListItem\",\"position\":2,\"name\":\"Produkte\",\"item\":\"https:\/\/www.duonix.de\/fr\/produkte\/\"},{\"@type\":\"ListItem\",\"position\":3,\"name\":\"Commutateur LIN\"}]},{\"@type\":\"WebSite\",\"@id\":\"https:\/\/www.duonix.de\/#website\",\"url\":\"https:\/\/www.duonix.de\/\",\"name\":\"Appareil de diagnostic moto et auto outil\",\"description\":\"Outils de diagnostic pour motos, voitures particuli\u00e8res, camions, d\u00e9veloppement.\",\"potentialAction\":[{\"@type\":\"SearchAction\",\"target\":{\"@type\":\"EntryPoint\",\"urlTemplate\":\"https:\/\/www.duonix.de\/?s={search_term_string}\"},\"query-input\":{\"@type\":\"PropertyValueSpecification\",\"valueRequired\":true,\"valueName\":\"search_term_string\"}}],\"inLanguage\":\"fr-FR\"}]}<\/script>\n<!-- \/ Yoast SEO plugin. -->","yoast_head_json":{"title":"Commande d'\u00e9clairage sans interrupteur suppl\u00e9mentaire ni codage BMW","description":"Commande d'\u00e9clairage sans interrupteur suppl\u00e9mentaire ni codage de votre BMW 1200 1250 K50 K51 K53 K54 R1200GS R1200RT","robots":{"index":"index","follow":"follow","max-snippet":"max-snippet:-1","max-image-preview":"max-image-preview:large","max-video-preview":"max-video-preview:-1"},"canonical":"https:\/\/www.duonix.de\/fr\/produkte\/lin-schalter\/","og_locale":"fr_FR","og_type":"article","og_title":"Commande d'\u00e9clairage sans interrupteur suppl\u00e9mentaire ni codage BMW","og_description":"Commande d'\u00e9clairage sans interrupteur suppl\u00e9mentaire ni codage de votre BMW 1200 1250 K50 K51 K53 K54 R1200GS R1200RT","og_url":"https:\/\/www.duonix.de\/fr\/produkte\/lin-schalter\/","og_site_name":"Appareil de diagnostic moto et auto outil","article_modified_time":"2021-11-06T20:46:39+00:00","twitter_card":"summary_large_image","twitter_misc":{"Dur\u00e9e de lecture estim\u00e9e":"1 minute"},"schema":{"@context":"https:\/\/schema.org","@graph":[{"@type":"WebPage","@id":"https:\/\/www.duonix.de\/fr\/produkte\/lin-schalter\/","url":"https:\/\/www.duonix.de\/fr\/produkte\/lin-schalter\/","name":"Commande d'\u00e9clairage sans interrupteur suppl\u00e9mentaire ni codage BMW","isPartOf":{"@id":"https:\/\/www.duonix.de\/#website"},"datePublished":"2016-08-04T14:42:43+00:00","dateModified":"2021-11-06T20:46:39+00:00","description":"Commande d'\u00e9clairage sans interrupteur suppl\u00e9mentaire ni codage de votre BMW 1200 1250 K50 K51 K53 K54 R1200GS R1200RT","breadcrumb":{"@id":"https:\/\/www.duonix.de\/fr\/produkte\/lin-schalter\/#breadcrumb"},"inLanguage":"fr-FR","potentialAction":[{"@type":"ReadAction","target":["https:\/\/www.duonix.de\/fr\/produkte\/lin-schalter\/"]}]},{"@type":"BreadcrumbList","@id":"https:\/\/www.duonix.de\/fr\/produkte\/lin-schalter\/#breadcrumb","itemListElement":[{"@type":"ListItem","position":1,"name":"Home","item":"https:\/\/www.duonix.de\/fr\/"},{"@type":"ListItem","position":2,"name":"Produkte","item":"https:\/\/www.duonix.de\/fr\/produkte\/"},{"@type":"ListItem","position":3,"name":"Commutateur LIN"}]},{"@type":"WebSite","@id":"https:\/\/www.duonix.de\/#website","url":"https:\/\/www.duonix.de\/","name":"Appareil de diagnostic moto et auto outil","description":"Outils de diagnostic pour motos, voitures particuli\u00e8res, camions, d\u00e9veloppement.","potentialAction":[{"@type":"SearchAction","target":{"@type":"EntryPoint","urlTemplate":"https:\/\/www.duonix.de\/?s={search_term_string}"},"query-input":{"@type":"PropertyValueSpecification","valueRequired":true,"valueName":"search_term_string"}}],"inLanguage":"fr-FR"}]}},"_links":{"self":[{"href":"https:\/\/www.duonix.de\/fr\/wp-json\/wp\/v2\/pages\/1993","targetHints":{"allow":["GET"]}}],"collection":[{"href":"https:\/\/www.duonix.de\/fr\/wp-json\/wp\/v2\/pages"}],"about":[{"href":"https:\/\/www.duonix.de\/fr\/wp-json\/wp\/v2\/types\/page"}],"author":[{"embeddable":true,"href":"https:\/\/www.duonix.de\/fr\/wp-json\/wp\/v2\/users\/1"}],"replies":[{"embeddable":true,"href":"https:\/\/www.duonix.de\/fr\/wp-json\/wp\/v2\/comments?post=1993"}],"version-history":[{"count":6,"href":"https:\/\/www.duonix.de\/fr\/wp-json\/wp\/v2\/pages\/1993\/revisions"}],"predecessor-version":[{"id":3020,"href":"https:\/\/www.duonix.de\/fr\/wp-json\/wp\/v2\/pages\/1993\/revisions\/3020"}],"up":[{"embeddable":true,"href":"https:\/\/www.duonix.de\/fr\/wp-json\/wp\/v2\/pages\/1181"}],"wp:attachment":[{"href":"https:\/\/www.duonix.de\/fr\/wp-json\/wp\/v2\/media?parent=1993"}],"curies":[{"name":"wp","href":"https:\/\/api.w.org\/{rel}","templated":true}]}}