{"id":2638,"date":"2020-11-11T10:33:19","date_gmt":"2020-11-11T10:33:19","guid":{"rendered":"https:\/\/www.duonix.de\/produkte\/digital-sensor-fuer-alarmanlage\/"},"modified":"2021-11-12T08:11:08","modified_gmt":"2021-11-12T08:11:08","slug":"digital-sensor-fuer-alarmanlage","status":"publish","type":"page","link":"https:\/\/www.duonix.de\/fr\/produkte\/digital-sensor-fuer-alarmanlage\/","title":{"rendered":"Capteur num\u00e9rique pour syst\u00e8me d&rsquo;alarme"},"content":{"rendered":"\n<div data-uk-slideshow=\"{autoplay: true ,autoplayInterval: 2000,kenburns: '10s'}\">\n\n    <div class=\"uk-slidenav-position\">\n\n        <ul class=\"uk-slideshow\">\n        \n            <li style=\"min-height: 300px;\">\n\n                \n                    <img decoding=\"async\" src=\"\/wp-content\/uploads\/CZ7A0164_TFa_JPG.jpg\" alt=\"Digital Alarmanlagen Sensor\">\n                    \n                    \n                    \n                \n            <\/li>\n\n        \n            <li style=\"min-height: 300px;\">\n\n                \n                    <img decoding=\"async\" src=\"\/wp-content\/uploads\/CZ7A0166_TFa_JPG.jpg\" alt=\"Sensor mit Kabel\">\n                    \n                    \n                    \n                \n            <\/li>\n\n        \n            <li style=\"min-height: 300px;\">\n\n                \n                    <img decoding=\"async\" src=\"\/wp-content\/uploads\/CZ7A0168_TFa_JPG.jpg\" alt=\"Sensor mit Kabel und extern Microphone\">\n                    \n                    \n                    \n                \n            <\/li>\n\n        \n            <li style=\"min-height: 300px;\">\n\n                \n                    <img decoding=\"async\" src=\"\/wp-content\/uploads\/CZ7A0144a_TFa_JPG.jpg\" alt=\"Sensor PCB\">\n                    \n                    \n                    \n                \n            <\/li>\n\n                <\/ul>\n\n                <a href=\"#\" class=\"uk-slidenav uk-slidenav-contrast uk-slidenav-previous uk-hidden-touch\" data-uk-slideshow-item=\"previous\"><\/a>\n        <a href=\"#\" class=\"uk-slidenav uk-slidenav-contrast uk-slidenav-next uk-hidden-touch\" data-uk-slideshow-item=\"next\"><\/a>\n        \n                <div class=\"uk-overlay-panel uk-overlay-bottom\">\n            \n<ul class=\"uk-dotnav uk-dotnav-contrast uk-flex-center\">\n    <li data-uk-slideshow-item=\"0\"><a href=\"#\">Digital Alarmanlagen Sensor<\/a><\/li>\n    <li data-uk-slideshow-item=\"1\"><a href=\"#\">Sensor mit Kabel<\/a><\/li>\n    <li data-uk-slideshow-item=\"2\"><a href=\"#\">Sensor mit Kabel und extern Microphone<\/a><\/li>\n    <li data-uk-slideshow-item=\"3\"><a href=\"#\">Sensor PCB<\/a><\/li>\n<\/ul>\n        <\/div>\n        \n    <\/div>\n\n    \n<\/div>\n\r\n<p>&nbsp;<\/p>\r\n<p>Avec le capteur num\u00e9rique, vous b\u00e9n\u00e9ficiez d&rsquo;une protection universelle pour votre v\u00e9hicule \u00e0 moteur. Le capteur est compatible avec presque tous les syst\u00e8mes d&rsquo;alarme et vous offre une surveillance compl\u00e8te. Notre capteur est \u00e9quip\u00e9 de quatre capteurs num\u00e9riques pour \u00e9viter les fausses alarmes et assurer la s\u00e9curit\u00e9 de votre voiture. Le capteur contr\u00f4l\u00e9 par microprocesseur s&rsquo;analyse et se calibre automatiquement et fait son travail sans erreur.<\/p>\r\n<p>&nbsp;<\/p>\r\n<ol>\r\n\t<li>Capteur de choc<\/li>\r\n<\/ol>\r\n<p>&nbsp;<\/p>\r\n<p>Le capteur num\u00e9rique d\u00e9tecte lorsque le v\u00e9hicule ou les pneus sont touch\u00e9s.<\/p>\r\n<p>&nbsp;<\/p>\r\n<ol start=\"2\">\r\n\t<li>Capteur d&rsquo;inclinaison<\/li>\r\n<\/ol>\r\n<p>Le capteur d&rsquo;inclinaison est destin\u00e9 \u00e0 prot\u00e9ger les jantes si l&rsquo;angle change et qu&rsquo;une alarme se d\u00e9clenche.<\/p>\r\n<p>&nbsp;<\/p>\r\n<ol start=\"3\">\r\n\t<li>Capteur de pression<\/li>\r\n<\/ol>\r\n<p>D\u00e9tecte le changement de hauteur et sert de protection de remorquage.<\/p>\r\n<p>&nbsp;<\/p>\r\n<ol start=\"4\">\r\n\t<li>Capteur de pression atmosph\u00e9rique (Verre bris\u00e9)<\/li>\r\n<\/ol>\r\n<p>&nbsp;<\/p>\r\n<p>Le capteur de pression d&rsquo;air d\u00e9tecte des changements minimes \u00e0 l&rsquo;int\u00e9rieur du v\u00e9hicule. Si les conditions de pression changent brusquement, en cassant une fen\u00eatre ou en ouvrant une porte, une alarme se d\u00e9clenche imm\u00e9diatement.<\/p>\r\n<p>&nbsp;<\/p>\r\n<p><img loading=\"lazy\" decoding=\"async\" class=\"aligncenter wp-image-2625\" src=\"https:\/\/www.duonix.de\/wp-content\/uploads\/print_process_back_final-deutsch-w.jpg\" alt=\"\" width=\"718\" height=\"983\" srcset=\"https:\/\/www.duonix.de\/wp-content\/uploads\/print_process_back_final-deutsch-w.jpg 1735w, https:\/\/www.duonix.de\/wp-content\/uploads\/print_process_back_final-deutsch-w-768x1052.jpg 768w, https:\/\/www.duonix.de\/wp-content\/uploads\/print_process_back_final-deutsch-w-1122x1536.jpg 1122w, https:\/\/www.duonix.de\/wp-content\/uploads\/print_process_back_final-deutsch-w-1495x2048.jpg 1495w\" sizes=\"auto, (max-width: 718px) 100vw, 718px\" \/><\/p>\r\n<p>&nbsp;<\/p>","protected":false},"excerpt":{"rendered":"<p>&nbsp; Avec le capteur num\u00e9rique, vous b\u00e9n\u00e9ficiez d&rsquo;une protection universelle pour votre v\u00e9hicule \u00e0 moteur. Le capteur est compatible avec presque tous les syst\u00e8mes d&rsquo;alarme et vous offre une surveillance compl\u00e8te. Notre capteur est \u00e9quip\u00e9 de quatre capteurs num\u00e9riques pour \u00e9viter les fausses alarmes et assurer la s\u00e9curit\u00e9 de votre voiture. Le capteur contr\u00f4l\u00e9 par [&hellip;]<\/p>\n","protected":false},"author":1,"featured_media":0,"parent":1181,"menu_order":0,"comment_status":"closed","ping_status":"closed","template":"","meta":{"footnotes":""},"class_list":["post-2638","page","type-page","status-publish","hentry"],"yoast_head":"<!-- This site is optimized with the Yoast SEO plugin v26.6 - https:\/\/yoast.com\/wordpress\/plugins\/seo\/ -->\n<title>num\u00e9riques pour nouveaut\u00e9 bris de verre du syst\u00e8me d&#039;alarme automobile<\/title>\n<meta name=\"description\" content=\"Syst\u00e8me d&#039;alarme 4 capteurs num\u00e9riques en un pour les voitures de vibration de choc Capteur d&#039;inclinaison de pression d&#039;air Bris de verre\" \/>\n<meta name=\"robots\" content=\"index, follow, max-snippet:-1, max-image-preview:large, max-video-preview:-1\" \/>\n<link rel=\"canonical\" href=\"https:\/\/www.duonix.de\/fr\/produkte\/digital-sensor-fuer-alarmanlage\/\" \/>\n<meta property=\"og:locale\" content=\"fr_FR\" \/>\n<meta property=\"og:type\" content=\"article\" \/>\n<meta property=\"og:title\" content=\"num\u00e9riques pour nouveaut\u00e9 bris de verre du syst\u00e8me d&#039;alarme automobile\" \/>\n<meta property=\"og:description\" content=\"Syst\u00e8me d&#039;alarme 4 capteurs num\u00e9riques en un pour les voitures de vibration de choc Capteur d&#039;inclinaison de pression d&#039;air Bris de verre\" \/>\n<meta property=\"og:url\" content=\"https:\/\/www.duonix.de\/fr\/produkte\/digital-sensor-fuer-alarmanlage\/\" \/>\n<meta property=\"og:site_name\" content=\"Appareil de diagnostic moto et auto outil\" \/>\n<meta property=\"article:modified_time\" content=\"2021-11-12T08:11:08+00:00\" \/>\n<meta property=\"og:image\" content=\"https:\/\/www.duonix.de\/wp-content\/uploads\/print_process_back_final-deutsch-w.jpg\" \/>\n<meta name=\"twitter:card\" content=\"summary_large_image\" \/>\n<meta name=\"twitter:label1\" content=\"Dur\u00e9e de lecture estim\u00e9e\" \/>\n\t<meta name=\"twitter:data1\" content=\"1 minute\" \/>\n<script type=\"application\/ld+json\" class=\"yoast-schema-graph\">{\"@context\":\"https:\/\/schema.org\",\"@graph\":[{\"@type\":\"WebPage\",\"@id\":\"https:\/\/www.duonix.de\/fr\/produkte\/digital-sensor-fuer-alarmanlage\/\",\"url\":\"https:\/\/www.duonix.de\/fr\/produkte\/digital-sensor-fuer-alarmanlage\/\",\"name\":\"num\u00e9riques pour nouveaut\u00e9 bris de verre du syst\u00e8me d'alarme automobile\",\"isPartOf\":{\"@id\":\"https:\/\/www.duonix.de\/#website\"},\"primaryImageOfPage\":{\"@id\":\"https:\/\/www.duonix.de\/fr\/produkte\/digital-sensor-fuer-alarmanlage\/#primaryimage\"},\"image\":{\"@id\":\"https:\/\/www.duonix.de\/fr\/produkte\/digital-sensor-fuer-alarmanlage\/#primaryimage\"},\"thumbnailUrl\":\"https:\/\/www.duonix.de\/wp-content\/uploads\/print_process_back_final-deutsch-w.jpg\",\"datePublished\":\"2020-11-11T10:33:19+00:00\",\"dateModified\":\"2021-11-12T08:11:08+00:00\",\"description\":\"Syst\u00e8me d'alarme 4 capteurs num\u00e9riques en un pour les voitures de vibration de choc Capteur d'inclinaison de pression d'air Bris de verre\",\"breadcrumb\":{\"@id\":\"https:\/\/www.duonix.de\/fr\/produkte\/digital-sensor-fuer-alarmanlage\/#breadcrumb\"},\"inLanguage\":\"fr-FR\",\"potentialAction\":[{\"@type\":\"ReadAction\",\"target\":[\"https:\/\/www.duonix.de\/fr\/produkte\/digital-sensor-fuer-alarmanlage\/\"]}]},{\"@type\":\"ImageObject\",\"inLanguage\":\"fr-FR\",\"@id\":\"https:\/\/www.duonix.de\/fr\/produkte\/digital-sensor-fuer-alarmanlage\/#primaryimage\",\"url\":\"https:\/\/www.duonix.de\/wp-content\/uploads\/print_process_back_final-deutsch-w.jpg\",\"contentUrl\":\"https:\/\/www.duonix.de\/wp-content\/uploads\/print_process_back_final-deutsch-w.jpg\"},{\"@type\":\"BreadcrumbList\",\"@id\":\"https:\/\/www.duonix.de\/fr\/produkte\/digital-sensor-fuer-alarmanlage\/#breadcrumb\",\"itemListElement\":[{\"@type\":\"ListItem\",\"position\":1,\"name\":\"Home\",\"item\":\"https:\/\/www.duonix.de\/fr\/\"},{\"@type\":\"ListItem\",\"position\":2,\"name\":\"Produkte\",\"item\":\"https:\/\/www.duonix.de\/fr\/produkte\/\"},{\"@type\":\"ListItem\",\"position\":3,\"name\":\"Capteur num\u00e9rique pour syst\u00e8me d&rsquo;alarme\"}]},{\"@type\":\"WebSite\",\"@id\":\"https:\/\/www.duonix.de\/#website\",\"url\":\"https:\/\/www.duonix.de\/\",\"name\":\"Appareil de diagnostic moto et auto outil\",\"description\":\"Outils de diagnostic pour motos, voitures particuli\u00e8res, camions, d\u00e9veloppement.\",\"potentialAction\":[{\"@type\":\"SearchAction\",\"target\":{\"@type\":\"EntryPoint\",\"urlTemplate\":\"https:\/\/www.duonix.de\/?s={search_term_string}\"},\"query-input\":{\"@type\":\"PropertyValueSpecification\",\"valueRequired\":true,\"valueName\":\"search_term_string\"}}],\"inLanguage\":\"fr-FR\"}]}<\/script>\n<!-- \/ Yoast SEO plugin. -->","yoast_head_json":{"title":"num\u00e9riques pour nouveaut\u00e9 bris de verre du syst\u00e8me d'alarme automobile","description":"Syst\u00e8me d'alarme 4 capteurs num\u00e9riques en un pour les voitures de vibration de choc Capteur d'inclinaison de pression d'air Bris de verre","robots":{"index":"index","follow":"follow","max-snippet":"max-snippet:-1","max-image-preview":"max-image-preview:large","max-video-preview":"max-video-preview:-1"},"canonical":"https:\/\/www.duonix.de\/fr\/produkte\/digital-sensor-fuer-alarmanlage\/","og_locale":"fr_FR","og_type":"article","og_title":"num\u00e9riques pour nouveaut\u00e9 bris de verre du syst\u00e8me d'alarme automobile","og_description":"Syst\u00e8me d'alarme 4 capteurs num\u00e9riques en un pour les voitures de vibration de choc Capteur d'inclinaison de pression d'air Bris de verre","og_url":"https:\/\/www.duonix.de\/fr\/produkte\/digital-sensor-fuer-alarmanlage\/","og_site_name":"Appareil de diagnostic moto et auto outil","article_modified_time":"2021-11-12T08:11:08+00:00","og_image":[{"url":"https:\/\/www.duonix.de\/wp-content\/uploads\/print_process_back_final-deutsch-w.jpg","type":"","width":"","height":""}],"twitter_card":"summary_large_image","twitter_misc":{"Dur\u00e9e de lecture estim\u00e9e":"1 minute"},"schema":{"@context":"https:\/\/schema.org","@graph":[{"@type":"WebPage","@id":"https:\/\/www.duonix.de\/fr\/produkte\/digital-sensor-fuer-alarmanlage\/","url":"https:\/\/www.duonix.de\/fr\/produkte\/digital-sensor-fuer-alarmanlage\/","name":"num\u00e9riques pour nouveaut\u00e9 bris de verre du syst\u00e8me d'alarme automobile","isPartOf":{"@id":"https:\/\/www.duonix.de\/#website"},"primaryImageOfPage":{"@id":"https:\/\/www.duonix.de\/fr\/produkte\/digital-sensor-fuer-alarmanlage\/#primaryimage"},"image":{"@id":"https:\/\/www.duonix.de\/fr\/produkte\/digital-sensor-fuer-alarmanlage\/#primaryimage"},"thumbnailUrl":"https:\/\/www.duonix.de\/wp-content\/uploads\/print_process_back_final-deutsch-w.jpg","datePublished":"2020-11-11T10:33:19+00:00","dateModified":"2021-11-12T08:11:08+00:00","description":"Syst\u00e8me d'alarme 4 capteurs num\u00e9riques en un pour les voitures de vibration de choc Capteur d'inclinaison de pression d'air Bris de verre","breadcrumb":{"@id":"https:\/\/www.duonix.de\/fr\/produkte\/digital-sensor-fuer-alarmanlage\/#breadcrumb"},"inLanguage":"fr-FR","potentialAction":[{"@type":"ReadAction","target":["https:\/\/www.duonix.de\/fr\/produkte\/digital-sensor-fuer-alarmanlage\/"]}]},{"@type":"ImageObject","inLanguage":"fr-FR","@id":"https:\/\/www.duonix.de\/fr\/produkte\/digital-sensor-fuer-alarmanlage\/#primaryimage","url":"https:\/\/www.duonix.de\/wp-content\/uploads\/print_process_back_final-deutsch-w.jpg","contentUrl":"https:\/\/www.duonix.de\/wp-content\/uploads\/print_process_back_final-deutsch-w.jpg"},{"@type":"BreadcrumbList","@id":"https:\/\/www.duonix.de\/fr\/produkte\/digital-sensor-fuer-alarmanlage\/#breadcrumb","itemListElement":[{"@type":"ListItem","position":1,"name":"Home","item":"https:\/\/www.duonix.de\/fr\/"},{"@type":"ListItem","position":2,"name":"Produkte","item":"https:\/\/www.duonix.de\/fr\/produkte\/"},{"@type":"ListItem","position":3,"name":"Capteur num\u00e9rique pour syst\u00e8me d&rsquo;alarme"}]},{"@type":"WebSite","@id":"https:\/\/www.duonix.de\/#website","url":"https:\/\/www.duonix.de\/","name":"Appareil de diagnostic moto et auto outil","description":"Outils de diagnostic pour motos, voitures particuli\u00e8res, camions, d\u00e9veloppement.","potentialAction":[{"@type":"SearchAction","target":{"@type":"EntryPoint","urlTemplate":"https:\/\/www.duonix.de\/?s={search_term_string}"},"query-input":{"@type":"PropertyValueSpecification","valueRequired":true,"valueName":"search_term_string"}}],"inLanguage":"fr-FR"}]}},"_links":{"self":[{"href":"https:\/\/www.duonix.de\/fr\/wp-json\/wp\/v2\/pages\/2638","targetHints":{"allow":["GET"]}}],"collection":[{"href":"https:\/\/www.duonix.de\/fr\/wp-json\/wp\/v2\/pages"}],"about":[{"href":"https:\/\/www.duonix.de\/fr\/wp-json\/wp\/v2\/types\/page"}],"author":[{"embeddable":true,"href":"https:\/\/www.duonix.de\/fr\/wp-json\/wp\/v2\/users\/1"}],"replies":[{"embeddable":true,"href":"https:\/\/www.duonix.de\/fr\/wp-json\/wp\/v2\/comments?post=2638"}],"version-history":[{"count":4,"href":"https:\/\/www.duonix.de\/fr\/wp-json\/wp\/v2\/pages\/2638\/revisions"}],"predecessor-version":[{"id":3111,"href":"https:\/\/www.duonix.de\/fr\/wp-json\/wp\/v2\/pages\/2638\/revisions\/3111"}],"up":[{"embeddable":true,"href":"https:\/\/www.duonix.de\/fr\/wp-json\/wp\/v2\/pages\/1181"}],"wp:attachment":[{"href":"https:\/\/www.duonix.de\/fr\/wp-json\/wp\/v2\/media?parent=2638"}],"curies":[{"name":"wp","href":"https:\/\/api.w.org\/{rel}","templated":true}]}}