{"id":3085,"date":"2021-11-11T10:17:55","date_gmt":"2021-11-11T10:17:55","guid":{"rendered":"https:\/\/www.duonix.de\/bike-scan-2-pro\/"},"modified":"2022-06-28T12:25:54","modified_gmt":"2022-06-28T12:25:54","slug":"bike-scan-2-pro","status":"publish","type":"page","link":"https:\/\/www.duonix.de\/fr\/bike-scan-2-pro\/","title":{"rendered":"Bike-Scan 2 Pro"},"content":{"rendered":"\n<div data-uk-slideshow=\"{duration: 1000,autoplay: true ,autoplayInterval: 3000,pauseOnHover: false,kenburns: '15s'}\">\n\n    <div class=\"uk-slidenav-position\">\n\n        <ul class=\"uk-slideshow\">\n        \n            <li style=\"min-height: 300px;\">\n\n                \n                    <img decoding=\"async\" src=\"\/wp-content\/uploads\/CZ7A4463_TFa.jpg\">\n                    \n                    \n                    \n                \n            <\/li>\n\n        \n            <li style=\"min-height: 300px;\">\n\n                \n                    <img decoding=\"async\" src=\"\/wp-content\/uploads\/CZ7A4405_TFa.jpg\">\n                    \n                    \n                    \n                \n            <\/li>\n\n        \n            <li style=\"min-height: 300px;\">\n\n                \n                    <img decoding=\"async\" src=\"\/wp-content\/uploads\/CZ7A4618_TFa.jpg\">\n                    \n                    \n                    \n                \n            <\/li>\n\n        \n            <li style=\"min-height: 300px;\">\n\n                \n                    <img decoding=\"async\" src=\"\/wp-content\/uploads\/CZ7A4583a.jpg\">\n                    \n                    \n                    \n                \n            <\/li>\n\n        \n            <li style=\"min-height: 300px;\">\n\n                \n                    <img decoding=\"async\" src=\"\/wp-content\/uploads\/CZ7A4582a.jpg\">\n                    \n                    \n                    \n                \n            <\/li>\n\n        \n            <li style=\"min-height: 300px;\">\n\n                \n                    <img decoding=\"async\" src=\"\/wp-content\/uploads\/CZ7A4491_TFa.jpg\">\n                    \n                    \n                    \n                \n            <\/li>\n\n                <\/ul>\n\n                <a href=\"#\" class=\"uk-slidenav uk-slidenav-contrast uk-slidenav-previous uk-hidden-touch\" data-uk-slideshow-item=\"previous\"><\/a>\n        <a href=\"#\" class=\"uk-slidenav uk-slidenav-contrast uk-slidenav-next uk-hidden-touch\" data-uk-slideshow-item=\"next\"><\/a>\n        \n                <div class=\"uk-overlay-panel uk-overlay-bottom\">\n            \n<ul class=\"uk-dotnav uk-dotnav-contrast uk-flex-center\">\n    <li data-uk-slideshow-item=\"0\"><a href=\"#\"><\/a><\/li>\n    <li data-uk-slideshow-item=\"1\"><a href=\"#\"><\/a><\/li>\n    <li data-uk-slideshow-item=\"2\"><a href=\"#\"><\/a><\/li>\n    <li data-uk-slideshow-item=\"3\"><a href=\"#\"><\/a><\/li>\n    <li data-uk-slideshow-item=\"4\"><a href=\"#\"><\/a><\/li>\n    <li data-uk-slideshow-item=\"5\"><a href=\"#\"><\/a><\/li>\n<\/ul>\n        <\/div>\n        \n    <\/div>\n\n    \n<\/div>\n\r\n<p>&nbsp;<\/p>\r\n<p>Appareil de diagnostic universel multimarques pour v\u00e9hicules et motos. Un syst\u00e8me de diagnostic avec une interface utilisateur intuitive et facile \u00e0 comprendre en 10 langues. La structure de menu simple et bas\u00e9e sur des symboles aide l&rsquo;utilisateur \u00e0 effectuer ses t\u00e2ches de mani\u00e8re rapide et fiable. Avec les fonctions \u00e9tendues et les fonctions sp\u00e9ciales, un syst\u00e8me de diagnostic unique est \u00e0 la disposition de l&rsquo;utilisateur. L&rsquo;appareil de diagnostic est devenu un \u00e9l\u00e9ment indispensable d&rsquo;un atelier automobile \/ deux-roues moderne.<\/p>\r\n<p>&nbsp;<\/p>\r\n<h3><strong><b>les fabricants suivants sont pris en charge:<\/b><\/strong><\/h3>\r\n<p>&nbsp;<\/p>\r\n<p>ADIVA, AEON, AJP, APRILIA, ARCTIC CAT, BAJAJ, BENELLI, BETAMOTOR, BIMOTA, BMW, BOOMTRIKES, BRIXTON, BROUGH SUPERIOR, BRP CAN-AM, BUELL, CAGIVA, CF-MOTO, COLEMAN, CSC MOTORCYCLES, DAELIM, DAFRA, DERBI, DUCATI, FANTIC MOTOR, FB MONDIAL, GARELLI, GAS , GEON, GILERA, GOES, HARLEY-DAVIDSON, HONDA, HUSABERG, HUSQVARNA, INDIAN, KAWASAKI, KEEWAY, KSR MOTO,KTM, KVN MOTOR, KYMCO, LAMBRETTA, LANCE, LAVERDA, MACBOR, MALAGUTI, MASH, MBK, MH MOTORCYCLES, MINSK, MITT, MOTO GUZZI, MOTO MORINI, MV AGUSTA, MZ, PEUGEOT, PIAGGIO, POLARIS, QUADRO, RIEJU, RIYA, ROYAL ENFIELD, SHERCO, STELS, SUZUKI, SYM, TGB, TRIUMPH, VERVEMOTO, VESPA, VICTORY, VOXAN, YAMAHA<\/p>\r\n<p>&nbsp;<\/p>\r\n<h3 style=\"text-align: center;\"><strong><b>Unit\u00e9s de contr\u00f4le:<\/b><\/strong><\/h3>\r\n<p style=\"text-align: center;\">Electronique moteur \/ calculateur moteur CDI<br \/>\r\nElectronique centrale \/ Electronique ch\u00e2ssis BCM<br \/>\r\nCombin\u00e9 d&rsquo;instruments \/ compteur de vitesse<br \/>\r\nContr\u00f4le de la pression des pneus TPMS<br \/>\r\nABS &#8211; syst\u00e8me de freinage antiblocage<br \/>\r\nSyst\u00e8me d&rsquo;alarme antivol \/ syst\u00e8me d&rsquo;alarme<br \/>\r\nRadio \/ multim\u00e9dia<br \/>\r\nPanneau de commande radio<br \/>\r\nB\u00e9quilles basculantes hydrauliques \u00e9lectriques<br \/>\r\nSyst\u00e8me de contr\u00f4le de batterie BMS<br \/>\r\nModule de contr\u00f4le d&rsquo;alimentation int\u00e9gr\u00e9 ICSM<br \/>\r\nDirection assist\u00e9e \u00e9lectrique EPS<br \/>\r\nInductance de puissance \u00e9lectronique EPT<br \/>\r\nCommande de volet d&rsquo;\u00e9chappement FCE<br \/>\r\nSyst\u00e8me GO sans cl\u00e9<br \/>\r\nPhares \u00e0 LED<br \/>\r\nTransmission automatique \/ contr\u00f4le de transmission<br \/>\r\nContr\u00f4le de traction<br \/>\r\nCoussin gonflable<\/p>\r\n<p>&nbsp;<\/p>\r\n<h3 style=\"text-align: center;\"><strong><b>Fonctions de diagnostic \/ options de diagnostic:*<\/b><\/strong><\/h3>\r\n<p style=\"text-align: center;\">Service reset \/ DESMO \/ Huile**<br \/>\r\nLire et effacer compl\u00e8tement la m\u00e9moire des d\u00e9fauts<br \/>\r\nProgrammation des cl\u00e9s<br \/>\r\nAjuster le syst\u00e8me d&rsquo;injection<br \/>\r\nD\u00e9verrouiller l&rsquo;antid\u00e9marrage<br \/>\r\nR\u00e9glage \/ adaptation du papillon des gaz<br \/>\r\nR\u00e9glage de la date et de l&rsquo;heure, par exemple apr\u00e8s le remplacement de la batterie<br \/>\r\nR\u00e9initialiser les valeurs d&rsquo;adaptation<br \/>\r\nValeurs r\u00e9elles \/ cibles sp\u00e9cifiques \/ donn\u00e9es en direct<br \/>\r\nLecture du KM et du logiciel actuels<br \/>\r\nLire le num\u00e9ro de ch\u00e2ssis<br \/>\r\nPrestation de service de jeu aux soupapes<br \/>\r\nPurge du modulateur de pression ABS \/ test de purge du syst\u00e8me hydraulique ABS<br \/>\r\nInitialiser l&rsquo;indicateur d&rsquo;usure des freins<br \/>\r\nCalibrage du pare-brise<br \/>\r\nCalibrage d&rsquo;amortisseur ESA \/ SAF<br \/>\r\nR\u00e9glage pas \u00e0 pas<br \/>\r\nEtalonnage : capteur de niveau, pare-brise, actionneur de ralenti, encodeur foil etc&#8230;<br \/>\r\nR\u00e9glage des capteurs, p.<br \/>\r\nDiagnostic de contr\u00f4le final, par exemple ventilateur, buse d&rsquo;injection, vannes<br \/>\r\nApprentissage du capteur de pression des pneus RDC &#8211; programmation &#8211; initialisation<br \/>\r\nAucune limitation ou restriction sur les mod\u00e8les<\/p>\r\n<p>&nbsp;<\/p>\r\n<h3 style=\"text-align: center;\"><strong><b>Caract\u00e9ristiques techniques:<\/b><\/strong><\/h3>\r\n<p style=\"text-align: center;\">\u00c9cran couleur IPS haute r\u00e9solution de 3,5 pouces<br \/>\r\nBo\u00eetier robuste avec poign\u00e9es ergonomiques<br \/>\r\nInterface utilisateur graphique avec des symboles clairs<br \/>\r\nTouches de d\u00f4me en m\u00e9tal allong\u00e9 sur clavier \u00e0 membrane<br \/>\r\nBo\u00eetier prot\u00e9g\u00e9 en caoutchouc<br \/>\r\nFonctionnement sans batterie, l&rsquo;alimentation est fournie par la machine<br \/>\r\nMise \u00e0 jour via un c\u00e2ble standard USB-C<br \/>\r\nLes mises \u00e0 jour logicielles sont effectu\u00e9es automatiquement via le logiciel Windows<br \/>\r\nDimensions L\/l\/H 17x11x4 cm pond\u00e9r\u00e9 300g<\/p>\r\n<h6>** La r\u00e9initialisation du service est effectu\u00e9e par le testeur de deux mani\u00e8res.<\/h6>\r\n<h6>1. L&rsquo;appareil de diagnostic vous montrera comment fonctionne la r\u00e9initialisation du service (processus manuel) ou<\/h6>\r\n<h6>2.La r\u00e9initialisation du service est effectu\u00e9e via l&rsquo;appareil de diagnostic, la communication s&rsquo;effectue directement avec l&rsquo;unit\u00e9 de commande.<br \/>\r\n*(Ces fonctions ne sont pas disponibles pour tous les mod\u00e8les, variantes de moteur et unit\u00e9s de commande.)<\/h6>","protected":false},"excerpt":{"rendered":"<p>&nbsp; Appareil de diagnostic universel multimarques pour v\u00e9hicules et motos. Un syst\u00e8me de diagnostic avec une interface utilisateur intuitive et facile \u00e0 comprendre en 10 langues. La structure de menu simple et bas\u00e9e sur des symboles aide l&rsquo;utilisateur \u00e0 effectuer ses t\u00e2ches de mani\u00e8re rapide et fiable. Avec les fonctions \u00e9tendues et les fonctions sp\u00e9ciales, [&hellip;]<\/p>\n","protected":false},"author":1,"featured_media":0,"parent":0,"menu_order":0,"comment_status":"closed","ping_status":"closed","template":"","meta":{"footnotes":""},"class_list":["post-3085","page","type-page","status-publish","hentry"],"yoast_head":"<!-- This site is optimized with the Yoast SEO plugin v26.6 - https:\/\/yoast.com\/wordpress\/plugins\/seo\/ -->\n<title>Diagnostic moto Appareil de diagnostic \u00c9quipement Bike Scan 2 Pro<\/title>\n<meta name=\"description\" content=\"Diagnostic moto Appareil de diagnostic \u00c9quipement Multi-marques tous les fabricants BMW Ducati KTM APRILIA Kawasaki Honda Yamaha Suzuki TGB\" \/>\n<meta name=\"robots\" content=\"index, follow, max-snippet:-1, max-image-preview:large, max-video-preview:-1\" \/>\n<link rel=\"canonical\" href=\"https:\/\/www.duonix.de\/fr\/bike-scan-2-pro\/\" \/>\n<meta property=\"og:locale\" content=\"fr_FR\" \/>\n<meta property=\"og:type\" content=\"article\" \/>\n<meta property=\"og:title\" content=\"Diagnostic moto Appareil de diagnostic \u00c9quipement Bike Scan 2 Pro\" \/>\n<meta property=\"og:description\" content=\"Diagnostic moto Appareil de diagnostic \u00c9quipement Multi-marques tous les fabricants BMW Ducati KTM APRILIA Kawasaki Honda Yamaha Suzuki TGB\" \/>\n<meta property=\"og:url\" content=\"https:\/\/www.duonix.de\/fr\/bike-scan-2-pro\/\" \/>\n<meta property=\"og:site_name\" content=\"Appareil de diagnostic moto et auto outil\" \/>\n<meta property=\"article:modified_time\" content=\"2022-06-28T12:25:54+00:00\" \/>\n<meta name=\"twitter:card\" content=\"summary_large_image\" \/>\n<meta name=\"twitter:label1\" content=\"Dur\u00e9e de lecture estim\u00e9e\" \/>\n\t<meta name=\"twitter:data1\" content=\"3 minutes\" \/>\n<script type=\"application\/ld+json\" class=\"yoast-schema-graph\">{\"@context\":\"https:\/\/schema.org\",\"@graph\":[{\"@type\":\"WebPage\",\"@id\":\"https:\/\/www.duonix.de\/fr\/bike-scan-2-pro\/\",\"url\":\"https:\/\/www.duonix.de\/fr\/bike-scan-2-pro\/\",\"name\":\"Diagnostic moto Appareil de diagnostic \u00c9quipement Bike Scan 2 Pro\",\"isPartOf\":{\"@id\":\"https:\/\/www.duonix.de\/#website\"},\"datePublished\":\"2021-11-11T10:17:55+00:00\",\"dateModified\":\"2022-06-28T12:25:54+00:00\",\"description\":\"Diagnostic moto Appareil de diagnostic \u00c9quipement Multi-marques tous les fabricants BMW Ducati KTM APRILIA Kawasaki Honda Yamaha Suzuki TGB\",\"breadcrumb\":{\"@id\":\"https:\/\/www.duonix.de\/fr\/bike-scan-2-pro\/#breadcrumb\"},\"inLanguage\":\"fr-FR\",\"potentialAction\":[{\"@type\":\"ReadAction\",\"target\":[\"https:\/\/www.duonix.de\/fr\/bike-scan-2-pro\/\"]}]},{\"@type\":\"BreadcrumbList\",\"@id\":\"https:\/\/www.duonix.de\/fr\/bike-scan-2-pro\/#breadcrumb\",\"itemListElement\":[{\"@type\":\"ListItem\",\"position\":1,\"name\":\"Home\",\"item\":\"https:\/\/www.duonix.de\/fr\/\"},{\"@type\":\"ListItem\",\"position\":2,\"name\":\"Bike-Scan 2 Pro\"}]},{\"@type\":\"WebSite\",\"@id\":\"https:\/\/www.duonix.de\/#website\",\"url\":\"https:\/\/www.duonix.de\/\",\"name\":\"Appareil de diagnostic moto et auto outil\",\"description\":\"Outils de diagnostic pour motos, voitures particuli\u00e8res, camions, d\u00e9veloppement.\",\"potentialAction\":[{\"@type\":\"SearchAction\",\"target\":{\"@type\":\"EntryPoint\",\"urlTemplate\":\"https:\/\/www.duonix.de\/?s={search_term_string}\"},\"query-input\":{\"@type\":\"PropertyValueSpecification\",\"valueRequired\":true,\"valueName\":\"search_term_string\"}}],\"inLanguage\":\"fr-FR\"}]}<\/script>\n<!-- \/ Yoast SEO plugin. -->","yoast_head_json":{"title":"Diagnostic moto Appareil de diagnostic \u00c9quipement Bike Scan 2 Pro","description":"Diagnostic moto Appareil de diagnostic \u00c9quipement Multi-marques tous les fabricants BMW Ducati KTM APRILIA Kawasaki Honda Yamaha Suzuki TGB","robots":{"index":"index","follow":"follow","max-snippet":"max-snippet:-1","max-image-preview":"max-image-preview:large","max-video-preview":"max-video-preview:-1"},"canonical":"https:\/\/www.duonix.de\/fr\/bike-scan-2-pro\/","og_locale":"fr_FR","og_type":"article","og_title":"Diagnostic moto Appareil de diagnostic \u00c9quipement Bike Scan 2 Pro","og_description":"Diagnostic moto Appareil de diagnostic \u00c9quipement Multi-marques tous les fabricants BMW Ducati KTM APRILIA Kawasaki Honda Yamaha Suzuki TGB","og_url":"https:\/\/www.duonix.de\/fr\/bike-scan-2-pro\/","og_site_name":"Appareil de diagnostic moto et auto outil","article_modified_time":"2022-06-28T12:25:54+00:00","twitter_card":"summary_large_image","twitter_misc":{"Dur\u00e9e de lecture estim\u00e9e":"3 minutes"},"schema":{"@context":"https:\/\/schema.org","@graph":[{"@type":"WebPage","@id":"https:\/\/www.duonix.de\/fr\/bike-scan-2-pro\/","url":"https:\/\/www.duonix.de\/fr\/bike-scan-2-pro\/","name":"Diagnostic moto Appareil de diagnostic \u00c9quipement Bike Scan 2 Pro","isPartOf":{"@id":"https:\/\/www.duonix.de\/#website"},"datePublished":"2021-11-11T10:17:55+00:00","dateModified":"2022-06-28T12:25:54+00:00","description":"Diagnostic moto Appareil de diagnostic \u00c9quipement Multi-marques tous les fabricants BMW Ducati KTM APRILIA Kawasaki Honda Yamaha Suzuki TGB","breadcrumb":{"@id":"https:\/\/www.duonix.de\/fr\/bike-scan-2-pro\/#breadcrumb"},"inLanguage":"fr-FR","potentialAction":[{"@type":"ReadAction","target":["https:\/\/www.duonix.de\/fr\/bike-scan-2-pro\/"]}]},{"@type":"BreadcrumbList","@id":"https:\/\/www.duonix.de\/fr\/bike-scan-2-pro\/#breadcrumb","itemListElement":[{"@type":"ListItem","position":1,"name":"Home","item":"https:\/\/www.duonix.de\/fr\/"},{"@type":"ListItem","position":2,"name":"Bike-Scan 2 Pro"}]},{"@type":"WebSite","@id":"https:\/\/www.duonix.de\/#website","url":"https:\/\/www.duonix.de\/","name":"Appareil de diagnostic moto et auto outil","description":"Outils de diagnostic pour motos, voitures particuli\u00e8res, camions, d\u00e9veloppement.","potentialAction":[{"@type":"SearchAction","target":{"@type":"EntryPoint","urlTemplate":"https:\/\/www.duonix.de\/?s={search_term_string}"},"query-input":{"@type":"PropertyValueSpecification","valueRequired":true,"valueName":"search_term_string"}}],"inLanguage":"fr-FR"}]}},"_links":{"self":[{"href":"https:\/\/www.duonix.de\/fr\/wp-json\/wp\/v2\/pages\/3085","targetHints":{"allow":["GET"]}}],"collection":[{"href":"https:\/\/www.duonix.de\/fr\/wp-json\/wp\/v2\/pages"}],"about":[{"href":"https:\/\/www.duonix.de\/fr\/wp-json\/wp\/v2\/types\/page"}],"author":[{"embeddable":true,"href":"https:\/\/www.duonix.de\/fr\/wp-json\/wp\/v2\/users\/1"}],"replies":[{"embeddable":true,"href":"https:\/\/www.duonix.de\/fr\/wp-json\/wp\/v2\/comments?post=3085"}],"version-history":[{"count":4,"href":"https:\/\/www.duonix.de\/fr\/wp-json\/wp\/v2\/pages\/3085\/revisions"}],"predecessor-version":[{"id":3571,"href":"https:\/\/www.duonix.de\/fr\/wp-json\/wp\/v2\/pages\/3085\/revisions\/3571"}],"wp:attachment":[{"href":"https:\/\/www.duonix.de\/fr\/wp-json\/wp\/v2\/media?parent=3085"}],"curies":[{"name":"wp","href":"https:\/\/api.w.org\/{rel}","templated":true}]}}