{"id":3122,"date":"2021-11-12T10:06:54","date_gmt":"2021-11-12T10:06:54","guid":{"rendered":"https:\/\/www.duonix.de\/diagnose-fuer-ducati\/"},"modified":"2023-04-10T11:17:19","modified_gmt":"2023-04-10T11:17:19","slug":"diagnose-fuer-ducati","status":"publish","type":"page","link":"https:\/\/www.duonix.de\/fr\/diagnose-fuer-ducati\/","title":{"rendered":"Diagnostic pour Ducati"},"content":{"rendered":"\n<div data-uk-slideshow=\"{duration: 1000,autoplay: true ,autoplayInterval: 3000,pauseOnHover: false,kenburns: '15s'}\">\n\n    <div class=\"uk-slidenav-position\">\n\n        <ul class=\"uk-slideshow\">\n        \n            <li style=\"min-height: 300px;\">\n\n                \n                    <img decoding=\"async\" src=\"\/wp-content\/uploads\/CZ7A4465_TFa.jpg\">\n                    \n                    \n                    \n                \n            <\/li>\n\n        \n            <li style=\"min-height: 300px;\">\n\n                \n                    <img decoding=\"async\" src=\"\/wp-content\/uploads\/CZ7A4405_TFa.jpg\">\n                    \n                    \n                    \n                \n            <\/li>\n\n        \n            <li style=\"min-height: 300px;\">\n\n                \n                    <img decoding=\"async\" src=\"\/wp-content\/uploads\/CZ7A4512_TFa.jpg\">\n                    \n                    \n                    \n                \n            <\/li>\n\n        \n            <li style=\"min-height: 300px;\">\n\n                \n                    <img decoding=\"async\" src=\"\/wp-content\/uploads\/CZ7A4517_TFa.jpg\">\n                    \n                    \n                    \n                \n            <\/li>\n\n        \n            <li style=\"min-height: 300px;\">\n\n                \n                    <img decoding=\"async\" src=\"\/wp-content\/uploads\/CZ7A4583a.jpg\">\n                    \n                    \n                    \n                \n            <\/li>\n\n        \n            <li style=\"min-height: 300px;\">\n\n                \n                    <img decoding=\"async\" src=\"\/wp-content\/uploads\/CZ7A4582a.jpg\">\n                    \n                    \n                    \n                \n            <\/li>\n\n                <\/ul>\n\n                <a href=\"#\" class=\"uk-slidenav uk-slidenav-contrast uk-slidenav-previous uk-hidden-touch\" data-uk-slideshow-item=\"previous\"><\/a>\n        <a href=\"#\" class=\"uk-slidenav uk-slidenav-contrast uk-slidenav-next uk-hidden-touch\" data-uk-slideshow-item=\"next\"><\/a>\n        \n                <div class=\"uk-overlay-panel uk-overlay-bottom\">\n            \n<ul class=\"uk-dotnav uk-dotnav-contrast uk-flex-center\">\n    <li data-uk-slideshow-item=\"0\"><a href=\"#\"><\/a><\/li>\n    <li data-uk-slideshow-item=\"1\"><a href=\"#\"><\/a><\/li>\n    <li data-uk-slideshow-item=\"2\"><a href=\"#\"><\/a><\/li>\n    <li data-uk-slideshow-item=\"3\"><a href=\"#\"><\/a><\/li>\n    <li data-uk-slideshow-item=\"4\"><a href=\"#\"><\/a><\/li>\n    <li data-uk-slideshow-item=\"5\"><a href=\"#\"><\/a><\/li>\n<\/ul>\n        <\/div>\n        \n    <\/div>\n\n    \n<\/div>\n\r\n<p>&nbsp;<\/p>\r\n<h3><strong>Outil de diagnostic professionnel pour les motos Ducati<\/strong><\/h3>\r\n<p>&nbsp;<\/p>\r\n<p>Le Bikescan 2 pour le diagnostic professionnel de l&rsquo;unit\u00e9 de contr\u00f4le sur les motos Ducati est petit et puissant. Le syst\u00e8me couvre toute l&rsquo;\u00e9lectronique de la moto et facilite le d\u00e9pannage sur la moto pour l&rsquo;utilisateur. En raison des nombreuses fonctions sp\u00e9ciales, le Bike-Scan2 Pro est devenu un \u00e9l\u00e9ment indispensable d&rsquo;un atelier moderne.<\/p>\r\n<p>&nbsp;<\/p>\r\n<h4>Exemple de fonctions sp\u00e9ciales Ducati.<\/h4>\r\n<p><br \/>\r\nLes codages suivants peuvent \u00eatre effectu\u00e9s.<\/p>\r\n<p>Activer \u2013 D\u00e9sactiver : TPMS (TPMS), D-Air, phares antibrouillard, Quick Shifter, poign\u00e9es chauffantes, syst\u00e8me d&rsquo;alarme, Bluetooth<\/p>\r\n<p>D&rsquo;autres fonctions peuvent \u00eatre r\u00e9initialis\u00e9es\u00a0:<\/p>\r\n<p>Service Reset, Desmo, TPS Throttle, Niveaux de carburant, Batterie etc\u2026<\/p>\r\n<p>Programmation du r\u00e9glage KM apr\u00e8s changement de centrale.<\/p>\r\n<p>&nbsp;<\/p>\r\n<h3><strong>Prend en charge les mod\u00e8les Ducati suivants:<\/strong><\/h3>\r\n<p>&nbsp;<\/p>\r\n<p>1000<\/p>\r\n<p>1098 \/ R<\/p>\r\n<p>1198 \/ R \/ Corsa \/ SP<\/p>\r\n<p>1199 Panigale \/ R \/ S \/ Tricolore \/ Superleggera<\/p>\r\n<p>1299 Panigale R Final Edition \/ Superleggera \/ Anniversario<\/p>\r\n<p>620 \/ 748 \/ 749 \/ 750 \/ 800 \/ 848 EVO \/ 899 Panigale \/ 900 \/ 998 \/999<\/p>\r\n<p>Monster 1200 \/ 1000 \/ 1100\/ 659 \/ 797 \/ 800\/ 900\/ 821 \/ Stripe \/ 400\/ 620 \/ 695 \/ 696<\/p>\r\n<p>Multistrada 950 \/ 1200 Enduro Pro \/ Granturismo \/ Pikes Peak \/ Touring<\/p>\r\n<p>Scrambler Classic \/ Full \/ Icon \/ Mach 2.0 \/ Street<\/p>\r\n<p>Supersport \/ S<\/p>\r\n<p>Streetfighter<\/p>\r\n<p>Superleggera<\/p>\r\n<p>Demosedici<\/p>\r\n<p>Panigale V4 \/ S<\/p>\r\n<p>Diavel \/ Carbon \/ Cromo Dark \/ Diesel \/ E3 \/ Strada \/ Titanium<\/p>\r\n<p>Hypermotard 1100 \/ SP \/ EVO \/<\/p>\r\n<p>Hypermotard 796 \/ 821 \/ SP \/ 939 \/ 950<\/p>","protected":false},"excerpt":{"rendered":"<p>&nbsp; Outil de diagnostic professionnel pour les motos Ducati &nbsp; Le Bikescan 2 pour le diagnostic professionnel de l&rsquo;unit\u00e9 de contr\u00f4le sur les motos Ducati est petit et puissant. Le syst\u00e8me couvre toute l&rsquo;\u00e9lectronique de la moto et facilite le d\u00e9pannage sur la moto pour l&rsquo;utilisateur. En raison des nombreuses fonctions sp\u00e9ciales, le Bike-Scan2 Pro [&hellip;]<\/p>\n","protected":false},"author":1,"featured_media":0,"parent":0,"menu_order":0,"comment_status":"closed","ping_status":"closed","template":"","meta":{"footnotes":""},"class_list":["post-3122","page","type-page","status-publish","hentry"],"yoast_head":"<!-- This site is optimized with the Yoast SEO plugin v26.6 - https:\/\/yoast.com\/wordpress\/plugins\/seo\/ -->\n<title>Appareil de diagnostic syst\u00e8me mesure Outil de diagnostic Ducati moto<\/title>\n<meta name=\"description\" content=\"Appareil de diagnostic syst\u00e8me de mesure Outil Ducati Panigale Multistrada Scrambler Supersport Diavel Hypermotard Monster Streetfighter moto\" \/>\n<meta name=\"robots\" content=\"index, follow, max-snippet:-1, max-image-preview:large, max-video-preview:-1\" \/>\n<link rel=\"canonical\" href=\"https:\/\/www.duonix.de\/diagnose-fuer-ducati\/\" \/>\n<meta property=\"og:locale\" content=\"fr_FR\" \/>\n<meta property=\"og:type\" content=\"article\" \/>\n<meta property=\"og:title\" content=\"Appareil de diagnostic syst\u00e8me mesure Outil de diagnostic Ducati moto\" \/>\n<meta property=\"og:description\" content=\"Appareil de diagnostic syst\u00e8me de mesure Outil Ducati Panigale Multistrada Scrambler Supersport Diavel Hypermotard Monster Streetfighter moto\" \/>\n<meta property=\"og:url\" content=\"https:\/\/www.duonix.de\/diagnose-fuer-ducati\/\" \/>\n<meta property=\"og:site_name\" content=\"Appareil de diagnostic moto et auto outil\" \/>\n<meta property=\"article:modified_time\" content=\"2023-04-10T11:17:19+00:00\" \/>\n<meta name=\"twitter:card\" content=\"summary_large_image\" \/>\n<meta name=\"twitter:label1\" content=\"Dur\u00e9e de lecture estim\u00e9e\" \/>\n\t<meta name=\"twitter:data1\" content=\"1 minute\" \/>\n<script type=\"application\/ld+json\" class=\"yoast-schema-graph\">{\"@context\":\"https:\/\/schema.org\",\"@graph\":[{\"@type\":\"WebPage\",\"@id\":\"https:\/\/www.duonix.de\/diagnose-fuer-ducati\/\",\"url\":\"https:\/\/www.duonix.de\/diagnose-fuer-ducati\/\",\"name\":\"Appareil de diagnostic syst\u00e8me mesure Outil de diagnostic Ducati moto\",\"isPartOf\":{\"@id\":\"https:\/\/www.duonix.de\/#website\"},\"datePublished\":\"2021-11-12T10:06:54+00:00\",\"dateModified\":\"2023-04-10T11:17:19+00:00\",\"description\":\"Appareil de diagnostic syst\u00e8me de mesure Outil Ducati Panigale Multistrada Scrambler Supersport Diavel Hypermotard Monster Streetfighter moto\",\"breadcrumb\":{\"@id\":\"https:\/\/www.duonix.de\/diagnose-fuer-ducati\/#breadcrumb\"},\"inLanguage\":\"fr-FR\",\"potentialAction\":[{\"@type\":\"ReadAction\",\"target\":[\"https:\/\/www.duonix.de\/diagnose-fuer-ducati\/\"]}]},{\"@type\":\"BreadcrumbList\",\"@id\":\"https:\/\/www.duonix.de\/diagnose-fuer-ducati\/#breadcrumb\",\"itemListElement\":[{\"@type\":\"ListItem\",\"position\":1,\"name\":\"Home\",\"item\":\"https:\/\/www.duonix.de\/fr\/\"},{\"@type\":\"ListItem\",\"position\":2,\"name\":\"Diagnostic pour Ducati\"}]},{\"@type\":\"WebSite\",\"@id\":\"https:\/\/www.duonix.de\/#website\",\"url\":\"https:\/\/www.duonix.de\/\",\"name\":\"Appareil de diagnostic moto et auto outil\",\"description\":\"Outils de diagnostic pour motos, voitures particuli\u00e8res, camions, d\u00e9veloppement.\",\"potentialAction\":[{\"@type\":\"SearchAction\",\"target\":{\"@type\":\"EntryPoint\",\"urlTemplate\":\"https:\/\/www.duonix.de\/?s={search_term_string}\"},\"query-input\":{\"@type\":\"PropertyValueSpecification\",\"valueRequired\":true,\"valueName\":\"search_term_string\"}}],\"inLanguage\":\"fr-FR\"}]}<\/script>\n<!-- \/ Yoast SEO plugin. -->","yoast_head_json":{"title":"Appareil de diagnostic syst\u00e8me mesure Outil de diagnostic Ducati moto","description":"Appareil de diagnostic syst\u00e8me de mesure Outil Ducati Panigale Multistrada Scrambler Supersport Diavel Hypermotard Monster Streetfighter moto","robots":{"index":"index","follow":"follow","max-snippet":"max-snippet:-1","max-image-preview":"max-image-preview:large","max-video-preview":"max-video-preview:-1"},"canonical":"https:\/\/www.duonix.de\/diagnose-fuer-ducati\/","og_locale":"fr_FR","og_type":"article","og_title":"Appareil de diagnostic syst\u00e8me mesure Outil de diagnostic Ducati moto","og_description":"Appareil de diagnostic syst\u00e8me de mesure Outil Ducati Panigale Multistrada Scrambler Supersport Diavel Hypermotard Monster Streetfighter moto","og_url":"https:\/\/www.duonix.de\/diagnose-fuer-ducati\/","og_site_name":"Appareil de diagnostic moto et auto outil","article_modified_time":"2023-04-10T11:17:19+00:00","twitter_card":"summary_large_image","twitter_misc":{"Dur\u00e9e de lecture estim\u00e9e":"1 minute"},"schema":{"@context":"https:\/\/schema.org","@graph":[{"@type":"WebPage","@id":"https:\/\/www.duonix.de\/diagnose-fuer-ducati\/","url":"https:\/\/www.duonix.de\/diagnose-fuer-ducati\/","name":"Appareil de diagnostic syst\u00e8me mesure Outil de diagnostic Ducati moto","isPartOf":{"@id":"https:\/\/www.duonix.de\/#website"},"datePublished":"2021-11-12T10:06:54+00:00","dateModified":"2023-04-10T11:17:19+00:00","description":"Appareil de diagnostic syst\u00e8me de mesure Outil Ducati Panigale Multistrada Scrambler Supersport Diavel Hypermotard Monster Streetfighter moto","breadcrumb":{"@id":"https:\/\/www.duonix.de\/diagnose-fuer-ducati\/#breadcrumb"},"inLanguage":"fr-FR","potentialAction":[{"@type":"ReadAction","target":["https:\/\/www.duonix.de\/diagnose-fuer-ducati\/"]}]},{"@type":"BreadcrumbList","@id":"https:\/\/www.duonix.de\/diagnose-fuer-ducati\/#breadcrumb","itemListElement":[{"@type":"ListItem","position":1,"name":"Home","item":"https:\/\/www.duonix.de\/fr\/"},{"@type":"ListItem","position":2,"name":"Diagnostic pour Ducati"}]},{"@type":"WebSite","@id":"https:\/\/www.duonix.de\/#website","url":"https:\/\/www.duonix.de\/","name":"Appareil de diagnostic moto et auto outil","description":"Outils de diagnostic pour motos, voitures particuli\u00e8res, camions, d\u00e9veloppement.","potentialAction":[{"@type":"SearchAction","target":{"@type":"EntryPoint","urlTemplate":"https:\/\/www.duonix.de\/?s={search_term_string}"},"query-input":{"@type":"PropertyValueSpecification","valueRequired":true,"valueName":"search_term_string"}}],"inLanguage":"fr-FR"}]}},"_links":{"self":[{"href":"https:\/\/www.duonix.de\/fr\/wp-json\/wp\/v2\/pages\/3122","targetHints":{"allow":["GET"]}}],"collection":[{"href":"https:\/\/www.duonix.de\/fr\/wp-json\/wp\/v2\/pages"}],"about":[{"href":"https:\/\/www.duonix.de\/fr\/wp-json\/wp\/v2\/types\/page"}],"author":[{"embeddable":true,"href":"https:\/\/www.duonix.de\/fr\/wp-json\/wp\/v2\/users\/1"}],"replies":[{"embeddable":true,"href":"https:\/\/www.duonix.de\/fr\/wp-json\/wp\/v2\/comments?post=3122"}],"version-history":[{"count":6,"href":"https:\/\/www.duonix.de\/fr\/wp-json\/wp\/v2\/pages\/3122\/revisions"}],"predecessor-version":[{"id":3631,"href":"https:\/\/www.duonix.de\/fr\/wp-json\/wp\/v2\/pages\/3122\/revisions\/3631"}],"wp:attachment":[{"href":"https:\/\/www.duonix.de\/fr\/wp-json\/wp\/v2\/media?parent=3122"}],"curies":[{"name":"wp","href":"https:\/\/api.w.org\/{rel}","templated":true}]}}