{"id":3286,"date":"2021-11-19T11:07:25","date_gmt":"2021-11-19T11:07:25","guid":{"rendered":"https:\/\/www.duonix.de\/diagnose-fuer-honda\/"},"modified":"2021-11-19T11:50:14","modified_gmt":"2021-11-19T11:50:14","slug":"diagnose-fuer-honda","status":"publish","type":"page","link":"https:\/\/www.duonix.de\/fr\/diagnose-fuer-honda\/","title":{"rendered":"diagnostic pour Honda"},"content":{"rendered":"\n<div data-uk-slideshow=\"{duration: 1000,autoplay: true ,autoplayInterval: 3000,pauseOnHover: false,kenburns: '15s'}\">\n\n    <div class=\"uk-slidenav-position\">\n\n        <ul class=\"uk-slideshow\">\n        \n            <li style=\"min-height: 300px;\">\n\n                \n                    <img decoding=\"async\" src=\"\/wp-content\/uploads\/CZ7A4465_TFa.jpg\">\n                    \n                    \n                    \n                \n            <\/li>\n\n        \n            <li style=\"min-height: 300px;\">\n\n                \n                    <img decoding=\"async\" src=\"\/wp-content\/uploads\/CZ7A4405_TFa.jpg\">\n                    \n                    \n                    \n                \n            <\/li>\n\n        \n            <li style=\"min-height: 300px;\">\n\n                \n                    <img decoding=\"async\" src=\"\/wp-content\/uploads\/CZ7A4528_TFa.jpg\">\n                    \n                    \n                    \n                \n            <\/li>\n\n        \n            <li style=\"min-height: 300px;\">\n\n                \n                    <img decoding=\"async\" src=\"\/wp-content\/uploads\/CZ7A4583a.jpg\">\n                    \n                    \n                    \n                \n            <\/li>\n\n        \n            <li style=\"min-height: 300px;\">\n\n                \n                    <img decoding=\"async\" src=\"\/wp-content\/uploads\/CZ7A4582a.jpg\">\n                    \n                    \n                    \n                \n            <\/li>\n\n        \n            <li style=\"min-height: 300px;\">\n\n                \n                    <img decoding=\"async\" src=\"\/wp-content\/uploads\/CZ7A4532_TFa.jpg\">\n                    \n                    \n                    \n                \n            <\/li>\n\n        \n            <li style=\"min-height: 300px;\">\n\n                \n                    <img decoding=\"async\" src=\"\/wp-content\/uploads\/CZ7A4489_TFa.jpg\">\n                    \n                    \n                    \n                \n            <\/li>\n\n                <\/ul>\n\n                <a href=\"#\" class=\"uk-slidenav uk-slidenav-contrast uk-slidenav-previous uk-hidden-touch\" data-uk-slideshow-item=\"previous\"><\/a>\n        <a href=\"#\" class=\"uk-slidenav uk-slidenav-contrast uk-slidenav-next uk-hidden-touch\" data-uk-slideshow-item=\"next\"><\/a>\n        \n                <div class=\"uk-overlay-panel uk-overlay-bottom\">\n            \n<ul class=\"uk-dotnav uk-dotnav-contrast uk-flex-center\">\n    <li data-uk-slideshow-item=\"0\"><a href=\"#\"><\/a><\/li>\n    <li data-uk-slideshow-item=\"1\"><a href=\"#\"><\/a><\/li>\n    <li data-uk-slideshow-item=\"2\"><a href=\"#\"><\/a><\/li>\n    <li data-uk-slideshow-item=\"3\"><a href=\"#\"><\/a><\/li>\n    <li data-uk-slideshow-item=\"4\"><a href=\"#\"><\/a><\/li>\n    <li data-uk-slideshow-item=\"5\"><a href=\"#\"><\/a><\/li>\n    <li data-uk-slideshow-item=\"6\"><a href=\"#\"><\/a><\/li>\n<\/ul>\n        <\/div>\n        \n    <\/div>\n\n    \n<\/div>\n\r\n<p>&nbsp;<\/p>\r\n<h3><strong>Appareil de diagnostic professionnel pour motos Honda<\/strong><\/h3>\r\n<p>&nbsp;<\/p>\r\n<p>Le Bikescan 2 Pro pour le diagnostic professionnel de l&rsquo;unit\u00e9 de contr\u00f4le sur les motos Honda est petit et puissant. Le syst\u00e8me couvre toute l&rsquo;\u00e9lectronique de la moto et facilite le d\u00e9pannage sur la moto pour l&rsquo;utilisateur.<\/p>\r\n<p>&nbsp;<\/p>\r\n<h3><strong>Prend en charge les mod\u00e8les Honda suivants:<\/strong><\/h3>\r\n<p>Africa Twin <br \/>\r\nAir Blade<br \/>\r\nANC110<br \/>\r\nApe 50 <br \/>\r\nBeat 110 <br \/>\r\nBenly 110 \/ 50 \/ Pro<br \/>\r\nBig Red <br \/>\r\nBiz <br \/>\r\nBlade <br \/>\r\nC110 \/ 50<br \/>\r\nCB1000 \/ CB1100 \/ CB1300<br \/>\r\nCB125 \/ CB150 \/ CB250 \/ CB300 \/ CB400 \/ CB500 \/ CB650 \/ CB750<br \/>\r\nCBF1000 \/ CBF160 <br \/>\r\nCBR 1000 \/ CBR 125 \/ CBR150 \/ CBR 250 \/ CBR 300 \/ CBR400 \/ CBR 600 \/ CBR 650<br \/>\r\nCG<br \/>\r\nClick <br \/>\r\nCRF250 \/ CRF450<br \/>\r\nCrossrunner<br \/>\r\nCTX1300 \/ CTX700<br \/>\r\nCub <br \/>\r\nDream <br \/>\r\nDunk <br \/>\r\nE-Storm<br \/>\r\nFaze<br \/>\r\nForza<br \/>\r\nFourtrax<br \/>\r\nFuture <br \/>\r\nGiorno <br \/>\r\nGL1800 Gold Wing <br \/>\r\nGrom <br \/>\r\nIntegra <br \/>\r\nJog<br \/>\r\nLead <br \/>\r\nMC250<br \/>\r\nMetropolitan <br \/>\r\nMonkey <br \/>\r\nNBC<br \/>\r\nNC700 \/ 750<br \/>\r\nNew MegaPro <br \/>\r\nNXR150 <br \/>\r\nPan European ST1300<br \/>\r\nPantheon <br \/>\r\nPCX<br \/>\r\nPES<br \/>\r\nPioneer <br \/>\r\nPress Cub<br \/>\r\nRebel<br \/>\r\nRevo<br \/>\r\nS-Wing <br \/>\r\nScoopy<br \/>\r\nSCR110<br \/>\r\nSH<br \/>\r\nShadow<br \/>\r\nSilver<br \/>\r\nSpacy<br \/>\r\nST1300 <br \/>\r\nSuper Cub<br \/>\r\nSupra <br \/>\r\nTransalp<br \/>\r\nTRX<br \/>\r\nVario<br \/>\r\nVerza<br \/>\r\nVision<br \/>\r\nVT400<br \/>\r\nVultus<br \/>\r\nWave<br \/>\r\nX-ADV <br \/>\r\nXR<br \/>\r\nZoomer<\/p>\r\n<p>etc.<\/p>","protected":false},"excerpt":{"rendered":"<p>&nbsp; Appareil de diagnostic professionnel pour motos Honda &nbsp; Le Bikescan 2 Pro pour le diagnostic professionnel de l&rsquo;unit\u00e9 de contr\u00f4le sur les motos Honda est petit et puissant. Le syst\u00e8me couvre toute l&rsquo;\u00e9lectronique de la moto et facilite le d\u00e9pannage sur la moto pour l&rsquo;utilisateur. &nbsp; Prend en charge les mod\u00e8les Honda suivants: Africa [&hellip;]<\/p>\n","protected":false},"author":1,"featured_media":0,"parent":0,"menu_order":0,"comment_status":"closed","ping_status":"closed","template":"","meta":{"footnotes":""},"class_list":["post-3286","page","type-page","status-publish","hentry"],"yoast_head":"<!-- This site is optimized with the Yoast SEO plugin v26.6 - https:\/\/yoast.com\/wordpress\/plugins\/seo\/ -->\n<title>motorcycle Diagnostic Diagnose Appareil moto outil Honda de diagn\u00f3stico<\/title>\n<meta name=\"description\" content=\"motorcycle Diagnostic Diagnose Appareil moto outil Honda de diagn\u00f3stico tool CB CBR1000 CRF X-ADV NC GL1800 CG CTX Crossrunner ST NBC MEGA\" \/>\n<meta name=\"robots\" content=\"index, follow, max-snippet:-1, max-image-preview:large, max-video-preview:-1\" \/>\n<link rel=\"canonical\" href=\"https:\/\/www.duonix.de\/diagnose-fuer-honda\/\" \/>\n<meta property=\"og:locale\" content=\"fr_FR\" \/>\n<meta property=\"og:type\" content=\"article\" \/>\n<meta property=\"og:title\" content=\"motorcycle Diagnostic Diagnose Appareil moto outil Honda de diagn\u00f3stico\" \/>\n<meta property=\"og:description\" content=\"motorcycle Diagnostic Diagnose Appareil moto outil Honda de diagn\u00f3stico tool CB CBR1000 CRF X-ADV NC GL1800 CG CTX Crossrunner ST NBC MEGA\" \/>\n<meta property=\"og:url\" content=\"https:\/\/www.duonix.de\/diagnose-fuer-honda\/\" \/>\n<meta property=\"og:site_name\" content=\"Appareil de diagnostic moto et auto outil\" \/>\n<meta property=\"article:modified_time\" content=\"2021-11-19T11:50:14+00:00\" \/>\n<meta name=\"twitter:card\" content=\"summary_large_image\" \/>\n<meta name=\"twitter:label1\" content=\"Dur\u00e9e de lecture estim\u00e9e\" \/>\n\t<meta name=\"twitter:data1\" content=\"1 minute\" \/>\n<script type=\"application\/ld+json\" class=\"yoast-schema-graph\">{\"@context\":\"https:\/\/schema.org\",\"@graph\":[{\"@type\":\"WebPage\",\"@id\":\"https:\/\/www.duonix.de\/diagnose-fuer-honda\/\",\"url\":\"https:\/\/www.duonix.de\/diagnose-fuer-honda\/\",\"name\":\"motorcycle Diagnostic Diagnose Appareil moto outil Honda de diagn\u00f3stico\",\"isPartOf\":{\"@id\":\"https:\/\/www.duonix.de\/#website\"},\"datePublished\":\"2021-11-19T11:07:25+00:00\",\"dateModified\":\"2021-11-19T11:50:14+00:00\",\"description\":\"motorcycle Diagnostic Diagnose Appareil moto outil Honda de diagn\u00f3stico tool CB CBR1000 CRF X-ADV NC GL1800 CG CTX Crossrunner ST NBC MEGA\",\"breadcrumb\":{\"@id\":\"https:\/\/www.duonix.de\/diagnose-fuer-honda\/#breadcrumb\"},\"inLanguage\":\"fr-FR\",\"potentialAction\":[{\"@type\":\"ReadAction\",\"target\":[\"https:\/\/www.duonix.de\/diagnose-fuer-honda\/\"]}]},{\"@type\":\"BreadcrumbList\",\"@id\":\"https:\/\/www.duonix.de\/diagnose-fuer-honda\/#breadcrumb\",\"itemListElement\":[{\"@type\":\"ListItem\",\"position\":1,\"name\":\"Home\",\"item\":\"https:\/\/www.duonix.de\/fr\/\"},{\"@type\":\"ListItem\",\"position\":2,\"name\":\"diagnostic pour Honda\"}]},{\"@type\":\"WebSite\",\"@id\":\"https:\/\/www.duonix.de\/#website\",\"url\":\"https:\/\/www.duonix.de\/\",\"name\":\"Appareil de diagnostic moto et auto outil\",\"description\":\"Outils de diagnostic pour motos, voitures particuli\u00e8res, camions, d\u00e9veloppement.\",\"potentialAction\":[{\"@type\":\"SearchAction\",\"target\":{\"@type\":\"EntryPoint\",\"urlTemplate\":\"https:\/\/www.duonix.de\/?s={search_term_string}\"},\"query-input\":{\"@type\":\"PropertyValueSpecification\",\"valueRequired\":true,\"valueName\":\"search_term_string\"}}],\"inLanguage\":\"fr-FR\"}]}<\/script>\n<!-- \/ Yoast SEO plugin. -->","yoast_head_json":{"title":"motorcycle Diagnostic Diagnose Appareil moto outil Honda de diagn\u00f3stico","description":"motorcycle Diagnostic Diagnose Appareil moto outil Honda de diagn\u00f3stico tool CB CBR1000 CRF X-ADV NC GL1800 CG CTX Crossrunner ST NBC MEGA","robots":{"index":"index","follow":"follow","max-snippet":"max-snippet:-1","max-image-preview":"max-image-preview:large","max-video-preview":"max-video-preview:-1"},"canonical":"https:\/\/www.duonix.de\/diagnose-fuer-honda\/","og_locale":"fr_FR","og_type":"article","og_title":"motorcycle Diagnostic Diagnose Appareil moto outil Honda de diagn\u00f3stico","og_description":"motorcycle Diagnostic Diagnose Appareil moto outil Honda de diagn\u00f3stico tool CB CBR1000 CRF X-ADV NC GL1800 CG CTX Crossrunner ST NBC MEGA","og_url":"https:\/\/www.duonix.de\/diagnose-fuer-honda\/","og_site_name":"Appareil de diagnostic moto et auto outil","article_modified_time":"2021-11-19T11:50:14+00:00","twitter_card":"summary_large_image","twitter_misc":{"Dur\u00e9e de lecture estim\u00e9e":"1 minute"},"schema":{"@context":"https:\/\/schema.org","@graph":[{"@type":"WebPage","@id":"https:\/\/www.duonix.de\/diagnose-fuer-honda\/","url":"https:\/\/www.duonix.de\/diagnose-fuer-honda\/","name":"motorcycle Diagnostic Diagnose Appareil moto outil Honda de diagn\u00f3stico","isPartOf":{"@id":"https:\/\/www.duonix.de\/#website"},"datePublished":"2021-11-19T11:07:25+00:00","dateModified":"2021-11-19T11:50:14+00:00","description":"motorcycle Diagnostic Diagnose Appareil moto outil Honda de diagn\u00f3stico tool CB CBR1000 CRF X-ADV NC GL1800 CG CTX Crossrunner ST NBC MEGA","breadcrumb":{"@id":"https:\/\/www.duonix.de\/diagnose-fuer-honda\/#breadcrumb"},"inLanguage":"fr-FR","potentialAction":[{"@type":"ReadAction","target":["https:\/\/www.duonix.de\/diagnose-fuer-honda\/"]}]},{"@type":"BreadcrumbList","@id":"https:\/\/www.duonix.de\/diagnose-fuer-honda\/#breadcrumb","itemListElement":[{"@type":"ListItem","position":1,"name":"Home","item":"https:\/\/www.duonix.de\/fr\/"},{"@type":"ListItem","position":2,"name":"diagnostic pour Honda"}]},{"@type":"WebSite","@id":"https:\/\/www.duonix.de\/#website","url":"https:\/\/www.duonix.de\/","name":"Appareil de diagnostic moto et auto outil","description":"Outils de diagnostic pour motos, voitures particuli\u00e8res, camions, d\u00e9veloppement.","potentialAction":[{"@type":"SearchAction","target":{"@type":"EntryPoint","urlTemplate":"https:\/\/www.duonix.de\/?s={search_term_string}"},"query-input":{"@type":"PropertyValueSpecification","valueRequired":true,"valueName":"search_term_string"}}],"inLanguage":"fr-FR"}]}},"_links":{"self":[{"href":"https:\/\/www.duonix.de\/fr\/wp-json\/wp\/v2\/pages\/3286","targetHints":{"allow":["GET"]}}],"collection":[{"href":"https:\/\/www.duonix.de\/fr\/wp-json\/wp\/v2\/pages"}],"about":[{"href":"https:\/\/www.duonix.de\/fr\/wp-json\/wp\/v2\/types\/page"}],"author":[{"embeddable":true,"href":"https:\/\/www.duonix.de\/fr\/wp-json\/wp\/v2\/users\/1"}],"replies":[{"embeddable":true,"href":"https:\/\/www.duonix.de\/fr\/wp-json\/wp\/v2\/comments?post=3286"}],"version-history":[{"count":3,"href":"https:\/\/www.duonix.de\/fr\/wp-json\/wp\/v2\/pages\/3286\/revisions"}],"predecessor-version":[{"id":3294,"href":"https:\/\/www.duonix.de\/fr\/wp-json\/wp\/v2\/pages\/3286\/revisions\/3294"}],"wp:attachment":[{"href":"https:\/\/www.duonix.de\/fr\/wp-json\/wp\/v2\/media?parent=3286"}],"curies":[{"name":"wp","href":"https:\/\/api.w.org\/{rel}","templated":true}]}}