{"id":3478,"date":"2021-11-25T11:19:54","date_gmt":"2021-11-25T11:19:54","guid":{"rendered":"https:\/\/www.duonix.de\/adiva-aeon-ajp-arctic-cat-bajaj-benelli\/"},"modified":"2023-02-02T15:13:52","modified_gmt":"2023-02-02T15:13:52","slug":"adiva-aeon-ajp-arctic-cat-bajaj-benelli","status":"publish","type":"page","link":"https:\/\/www.duonix.de\/fr\/adiva-aeon-ajp-arctic-cat-bajaj-benelli\/","title":{"rendered":"pour ADIVA AEON AJP ARCTIC CAT BAJAJ BENELLI Royal Enfield"},"content":{"rendered":"\n<div data-uk-slideshow=\"{duration: 1000,autoplay: true ,autoplayInterval: 3000,pauseOnHover: false,kenburns: '15s'}\">\n\n    <div class=\"uk-slidenav-position\">\n\n        <ul class=\"uk-slideshow\">\n        \n            <li style=\"min-height: 300px;\">\n\n                \n                    <img decoding=\"async\" src=\"\/wp-content\/uploads\/CZ7A4618_TFa.jpg\">\n                    \n                    \n                    \n                \n            <\/li>\n\n        \n            <li style=\"min-height: 300px;\">\n\n                \n                    <img decoding=\"async\" src=\"\/wp-content\/uploads\/CZ7A4489_TFa.jpg\">\n                    \n                    \n                    \n                \n            <\/li>\n\n        \n            <li style=\"min-height: 300px;\">\n\n                \n                    <img decoding=\"async\" src=\"\/wp-content\/uploads\/CZ7A4405_TFa.jpg\">\n                    \n                    \n                    \n                \n            <\/li>\n\n        \n            <li style=\"min-height: 300px;\">\n\n                \n                    <img decoding=\"async\" src=\"\/wp-content\/uploads\/CZ7A4532_TFa.jpg\">\n                    \n                    \n                    \n                \n            <\/li>\n\n        \n            <li style=\"min-height: 300px;\">\n\n                \n                    <img decoding=\"async\" src=\"\/wp-content\/uploads\/CZ7A4583a.jpg\">\n                    \n                    \n                    \n                \n            <\/li>\n\n        \n            <li style=\"min-height: 300px;\">\n\n                \n                    <img decoding=\"async\" src=\"\/wp-content\/uploads\/CZ7A4582a.jpg\">\n                    \n                    \n                    \n                \n            <\/li>\n\n        \n            <li style=\"min-height: 300px;\">\n\n                \n                    <img decoding=\"async\" src=\"\/wp-content\/uploads\/CZ7A4463_TFa.jpg\">\n                    \n                    \n                    \n                \n            <\/li>\n\n                <\/ul>\n\n                <a href=\"#\" class=\"uk-slidenav uk-slidenav-contrast uk-slidenav-previous uk-hidden-touch\" data-uk-slideshow-item=\"previous\"><\/a>\n        <a href=\"#\" class=\"uk-slidenav uk-slidenav-contrast uk-slidenav-next uk-hidden-touch\" data-uk-slideshow-item=\"next\"><\/a>\n        \n                <div class=\"uk-overlay-panel uk-overlay-bottom\">\n            \n<ul class=\"uk-dotnav uk-dotnav-contrast uk-flex-center\">\n    <li data-uk-slideshow-item=\"0\"><a href=\"#\"><\/a><\/li>\n    <li data-uk-slideshow-item=\"1\"><a href=\"#\"><\/a><\/li>\n    <li data-uk-slideshow-item=\"2\"><a href=\"#\"><\/a><\/li>\n    <li data-uk-slideshow-item=\"3\"><a href=\"#\"><\/a><\/li>\n    <li data-uk-slideshow-item=\"4\"><a href=\"#\"><\/a><\/li>\n    <li data-uk-slideshow-item=\"5\"><a href=\"#\"><\/a><\/li>\n    <li data-uk-slideshow-item=\"6\"><a href=\"#\"><\/a><\/li>\n<\/ul>\n        <\/div>\n        \n    <\/div>\n\n    \n<\/div>\n\r\n<p>&nbsp;<\/p>\r\n<h3><strong>Scanner d&rsquo;outil de diagnostic professionnel pour motos ADIVA AEON AJP ARCTIC CAT BAJAJ BENELLI Royal Enfield<br \/>\r\n<\/strong><\/h3>\r\n<p>Le Bikescan 2 Pro pour le diagnostic professionnel de l&rsquo;unit\u00e9 de contr\u00f4le sur les motos ADIVA AEON AJP ARCTIC CAT BAJAJ BENELLI est petit et puissant. Le syst\u00e8me couvre toute l&rsquo;\u00e9lectronique de la moto et facilite le d\u00e9pannage sur la moto pour l&rsquo;utilisateur.<\/p>\r\n<p>&nbsp;<\/p>\r\n<h3><strong>Prend en charge les mod\u00e8les ADIVA AEON AJP ARCTIC CAT BAJAJ BENELLI Royal Enfield suivants:<\/strong><\/h3>\r\n<p><strong>ADIVA<\/strong><\/p>\r\n<p>AD 125 \/ 200 \/ 250 \/ 400<\/p>\r\n<p>AR 125 \/ 200 \/ 400<\/p>\r\n<p><strong>AEON<\/strong><\/p>\r\n<p>Elite &amp; Urban 350<\/p>\r\n<p><strong>AJP<\/strong><\/p>\r\n<p><strong>\u00a0<\/strong>PR 5 \/ 7<\/p>\r\n<p><strong>ARCTIC CAT<\/strong><\/p>\r\n<p>550 \u00a0\/ 700<\/p>\r\n<p>Prowler<\/p>\r\n<p>TRV 550 \/ 700<\/p>\r\n<p><strong>BAJAJ<\/strong><\/p>\r\n<p>Dominar 400<\/p>\r\n<p>Ninja 300<\/p>\r\n<p>Pulsar\u00a0 135 \/ 150 \/ 160 \/ 200<\/p>\r\n<p>&nbsp;<\/p>\r\n<p><strong>BENELLI<\/strong><\/p>\r\n<p>302 \/ 502 \/ 752<\/p>\r\n<p>Adiva 125 \/ 150<\/p>\r\n<p>BN 125 \/ 251 \/ 302 \/ 600<\/p>\r\n<p>Caf\u00e9 Nero<\/p>\r\n<p>Imperiale<\/p>\r\n<p>Leoncino<\/p>\r\n<p>TNT R160 \/ 300 \/ 600 \/ 899\/ 1130<\/p>\r\n<p>Tornado Tre 900 \/ 1130<\/p>\r\n<p>Tre 1130 \/ 899<\/p>\r\n<p>TRK 251<\/p>\r\n<p>VLM<\/p>\r\n<p>Zenzero<\/p>\r\n<p><strong>Royal Enfield<\/strong><\/p>\r\n<p>Ultraclassic 500<\/p>\r\n<p>Thunderbird X 500<\/p>\r\n<p>Interceptor 650<\/p>\r\n<p>Himalayan 400<\/p>\r\n<p>Fury<\/p>\r\n<p>Continental GT 650 \/ 500<\/p>\r\n<p>Classic 500<\/p>\r\n<p>Bullet Electra<\/p>\r\n<p>Bullet 500 EFI<\/p>","protected":false},"excerpt":{"rendered":"<p>&nbsp; Scanner d&rsquo;outil de diagnostic professionnel pour motos ADIVA AEON AJP ARCTIC CAT BAJAJ BENELLI Royal Enfield Le Bikescan 2 Pro pour le diagnostic professionnel de l&rsquo;unit\u00e9 de contr\u00f4le sur les motos ADIVA AEON AJP ARCTIC CAT BAJAJ BENELLI est petit et puissant. Le syst\u00e8me couvre toute l&rsquo;\u00e9lectronique de la moto et facilite le d\u00e9pannage [&hellip;]<\/p>\n","protected":false},"author":1,"featured_media":0,"parent":0,"menu_order":0,"comment_status":"closed","ping_status":"closed","template":"","meta":{"footnotes":""},"class_list":["post-3478","page","type-page","status-publish","hentry"],"yoast_head":"<!-- This site is optimized with the Yoast SEO plugin v26.6 - https:\/\/yoast.com\/wordpress\/plugins\/seo\/ -->\n<title>diagnostic moto outil ADIVA AEON AJP ARCTIC CAT BAJAJ BENELLI<\/title>\n<meta name=\"description\" content=\"Appareil de diagnostic moto outil ADIVA AEON AJP ARCTIC CAT BAJAJ BENELLI device motorcycle tool motocicleta outil Dispositivo Royal Enfield\" \/>\n<meta name=\"robots\" content=\"index, follow, max-snippet:-1, max-image-preview:large, max-video-preview:-1\" \/>\n<link rel=\"canonical\" href=\"https:\/\/www.duonix.de\/fr\/adiva-aeon-ajp-arctic-cat-bajaj-benelli\/\" \/>\n<meta property=\"og:locale\" content=\"fr_FR\" \/>\n<meta property=\"og:type\" content=\"article\" \/>\n<meta property=\"og:title\" content=\"diagnostic moto outil ADIVA AEON AJP ARCTIC CAT BAJAJ BENELLI\" \/>\n<meta property=\"og:description\" content=\"Appareil de diagnostic moto outil ADIVA AEON AJP ARCTIC CAT BAJAJ BENELLI device motorcycle tool motocicleta outil Dispositivo Royal Enfield\" \/>\n<meta property=\"og:url\" content=\"https:\/\/www.duonix.de\/fr\/adiva-aeon-ajp-arctic-cat-bajaj-benelli\/\" \/>\n<meta property=\"og:site_name\" content=\"Appareil de diagnostic moto et auto outil\" \/>\n<meta property=\"article:modified_time\" content=\"2023-02-02T15:13:52+00:00\" \/>\n<meta name=\"twitter:card\" content=\"summary_large_image\" \/>\n<meta name=\"twitter:label1\" content=\"Dur\u00e9e de lecture estim\u00e9e\" \/>\n\t<meta name=\"twitter:data1\" content=\"1 minute\" \/>\n<script type=\"application\/ld+json\" class=\"yoast-schema-graph\">{\"@context\":\"https:\/\/schema.org\",\"@graph\":[{\"@type\":\"WebPage\",\"@id\":\"https:\/\/www.duonix.de\/fr\/adiva-aeon-ajp-arctic-cat-bajaj-benelli\/\",\"url\":\"https:\/\/www.duonix.de\/fr\/adiva-aeon-ajp-arctic-cat-bajaj-benelli\/\",\"name\":\"diagnostic moto outil ADIVA AEON AJP ARCTIC CAT BAJAJ BENELLI\",\"isPartOf\":{\"@id\":\"https:\/\/www.duonix.de\/#website\"},\"datePublished\":\"2021-11-25T11:19:54+00:00\",\"dateModified\":\"2023-02-02T15:13:52+00:00\",\"description\":\"Appareil de diagnostic moto outil ADIVA AEON AJP ARCTIC CAT BAJAJ BENELLI device motorcycle tool motocicleta outil Dispositivo Royal Enfield\",\"breadcrumb\":{\"@id\":\"https:\/\/www.duonix.de\/fr\/adiva-aeon-ajp-arctic-cat-bajaj-benelli\/#breadcrumb\"},\"inLanguage\":\"fr-FR\",\"potentialAction\":[{\"@type\":\"ReadAction\",\"target\":[\"https:\/\/www.duonix.de\/fr\/adiva-aeon-ajp-arctic-cat-bajaj-benelli\/\"]}]},{\"@type\":\"BreadcrumbList\",\"@id\":\"https:\/\/www.duonix.de\/fr\/adiva-aeon-ajp-arctic-cat-bajaj-benelli\/#breadcrumb\",\"itemListElement\":[{\"@type\":\"ListItem\",\"position\":1,\"name\":\"Home\",\"item\":\"https:\/\/www.duonix.de\/fr\/\"},{\"@type\":\"ListItem\",\"position\":2,\"name\":\"pour ADIVA AEON AJP ARCTIC CAT BAJAJ BENELLI Royal Enfield\"}]},{\"@type\":\"WebSite\",\"@id\":\"https:\/\/www.duonix.de\/#website\",\"url\":\"https:\/\/www.duonix.de\/\",\"name\":\"Appareil de diagnostic moto et auto outil\",\"description\":\"Outils de diagnostic pour motos, voitures particuli\u00e8res, camions, d\u00e9veloppement.\",\"potentialAction\":[{\"@type\":\"SearchAction\",\"target\":{\"@type\":\"EntryPoint\",\"urlTemplate\":\"https:\/\/www.duonix.de\/?s={search_term_string}\"},\"query-input\":{\"@type\":\"PropertyValueSpecification\",\"valueRequired\":true,\"valueName\":\"search_term_string\"}}],\"inLanguage\":\"fr-FR\"}]}<\/script>\n<!-- \/ Yoast SEO plugin. -->","yoast_head_json":{"title":"diagnostic moto outil ADIVA AEON AJP ARCTIC CAT BAJAJ BENELLI","description":"Appareil de diagnostic moto outil ADIVA AEON AJP ARCTIC CAT BAJAJ BENELLI device motorcycle tool motocicleta outil Dispositivo Royal Enfield","robots":{"index":"index","follow":"follow","max-snippet":"max-snippet:-1","max-image-preview":"max-image-preview:large","max-video-preview":"max-video-preview:-1"},"canonical":"https:\/\/www.duonix.de\/fr\/adiva-aeon-ajp-arctic-cat-bajaj-benelli\/","og_locale":"fr_FR","og_type":"article","og_title":"diagnostic moto outil ADIVA AEON AJP ARCTIC CAT BAJAJ BENELLI","og_description":"Appareil de diagnostic moto outil ADIVA AEON AJP ARCTIC CAT BAJAJ BENELLI device motorcycle tool motocicleta outil Dispositivo Royal Enfield","og_url":"https:\/\/www.duonix.de\/fr\/adiva-aeon-ajp-arctic-cat-bajaj-benelli\/","og_site_name":"Appareil de diagnostic moto et auto outil","article_modified_time":"2023-02-02T15:13:52+00:00","twitter_card":"summary_large_image","twitter_misc":{"Dur\u00e9e de lecture estim\u00e9e":"1 minute"},"schema":{"@context":"https:\/\/schema.org","@graph":[{"@type":"WebPage","@id":"https:\/\/www.duonix.de\/fr\/adiva-aeon-ajp-arctic-cat-bajaj-benelli\/","url":"https:\/\/www.duonix.de\/fr\/adiva-aeon-ajp-arctic-cat-bajaj-benelli\/","name":"diagnostic moto outil ADIVA AEON AJP ARCTIC CAT BAJAJ BENELLI","isPartOf":{"@id":"https:\/\/www.duonix.de\/#website"},"datePublished":"2021-11-25T11:19:54+00:00","dateModified":"2023-02-02T15:13:52+00:00","description":"Appareil de diagnostic moto outil ADIVA AEON AJP ARCTIC CAT BAJAJ BENELLI device motorcycle tool motocicleta outil Dispositivo Royal Enfield","breadcrumb":{"@id":"https:\/\/www.duonix.de\/fr\/adiva-aeon-ajp-arctic-cat-bajaj-benelli\/#breadcrumb"},"inLanguage":"fr-FR","potentialAction":[{"@type":"ReadAction","target":["https:\/\/www.duonix.de\/fr\/adiva-aeon-ajp-arctic-cat-bajaj-benelli\/"]}]},{"@type":"BreadcrumbList","@id":"https:\/\/www.duonix.de\/fr\/adiva-aeon-ajp-arctic-cat-bajaj-benelli\/#breadcrumb","itemListElement":[{"@type":"ListItem","position":1,"name":"Home","item":"https:\/\/www.duonix.de\/fr\/"},{"@type":"ListItem","position":2,"name":"pour ADIVA AEON AJP ARCTIC CAT BAJAJ BENELLI Royal Enfield"}]},{"@type":"WebSite","@id":"https:\/\/www.duonix.de\/#website","url":"https:\/\/www.duonix.de\/","name":"Appareil de diagnostic moto et auto outil","description":"Outils de diagnostic pour motos, voitures particuli\u00e8res, camions, d\u00e9veloppement.","potentialAction":[{"@type":"SearchAction","target":{"@type":"EntryPoint","urlTemplate":"https:\/\/www.duonix.de\/?s={search_term_string}"},"query-input":{"@type":"PropertyValueSpecification","valueRequired":true,"valueName":"search_term_string"}}],"inLanguage":"fr-FR"}]}},"_links":{"self":[{"href":"https:\/\/www.duonix.de\/fr\/wp-json\/wp\/v2\/pages\/3478","targetHints":{"allow":["GET"]}}],"collection":[{"href":"https:\/\/www.duonix.de\/fr\/wp-json\/wp\/v2\/pages"}],"about":[{"href":"https:\/\/www.duonix.de\/fr\/wp-json\/wp\/v2\/types\/page"}],"author":[{"embeddable":true,"href":"https:\/\/www.duonix.de\/fr\/wp-json\/wp\/v2\/users\/1"}],"replies":[{"embeddable":true,"href":"https:\/\/www.duonix.de\/fr\/wp-json\/wp\/v2\/comments?post=3478"}],"version-history":[{"count":4,"href":"https:\/\/www.duonix.de\/fr\/wp-json\/wp\/v2\/pages\/3478\/revisions"}],"predecessor-version":[{"id":3619,"href":"https:\/\/www.duonix.de\/fr\/wp-json\/wp\/v2\/pages\/3478\/revisions\/3619"}],"wp:attachment":[{"href":"https:\/\/www.duonix.de\/fr\/wp-json\/wp\/v2\/media?parent=3478"}],"curies":[{"name":"wp","href":"https:\/\/api.w.org\/{rel}","templated":true}]}}