{"id":3511,"date":"2021-11-26T09:08:56","date_gmt":"2021-11-26T09:08:56","guid":{"rendered":"https:\/\/www.duonix.de\/fuer-benelli-betamotor-bimota-brough-superior-brp-can-am-indian\/"},"modified":"2022-09-30T10:40:13","modified_gmt":"2022-09-30T10:40:13","slug":"fuer-benelli-betamotor-bimota-brough-superior-brp-can-am-indian","status":"publish","type":"page","link":"https:\/\/www.duonix.de\/fr\/fuer-benelli-betamotor-bimota-brough-superior-brp-can-am-indian\/","title":{"rendered":"Pour BENELLI BETAMOTOR BIMOTA BROUGH SUPERIOR BRP CAN-AM INDIAN"},"content":{"rendered":"\n<div data-uk-slideshow=\"{duration: 1000,autoplay: true ,autoplayInterval: 3000,pauseOnHover: false,kenburns: '15s'}\">\n\n    <div class=\"uk-slidenav-position\">\n\n        <ul class=\"uk-slideshow\">\n        \n            <li style=\"min-height: 300px;\">\n\n                \n                    <img decoding=\"async\" src=\"\/wp-content\/uploads\/CZ7A4618_TFa.jpg\">\n                    \n                    \n                    \n                \n            <\/li>\n\n        \n            <li style=\"min-height: 300px;\">\n\n                \n                    <img decoding=\"async\" src=\"\/wp-content\/uploads\/CZ7A4489_TFa.jpg\">\n                    \n                    \n                    \n                \n            <\/li>\n\n        \n            <li style=\"min-height: 300px;\">\n\n                \n                    <img decoding=\"async\" src=\"\/wp-content\/uploads\/CZ7A4405_TFa.jpg\">\n                    \n                    \n                    \n                \n            <\/li>\n\n        \n            <li style=\"min-height: 300px;\">\n\n                \n                    <img decoding=\"async\" src=\"\/wp-content\/uploads\/CZ7A4532_TFa.jpg\">\n                    \n                    \n                    \n                \n            <\/li>\n\n        \n            <li style=\"min-height: 300px;\">\n\n                \n                    <img decoding=\"async\" src=\"\/wp-content\/uploads\/CZ7A4583a.jpg\">\n                    \n                    \n                    \n                \n            <\/li>\n\n        \n            <li style=\"min-height: 300px;\">\n\n                \n                    <img decoding=\"async\" src=\"\/wp-content\/uploads\/CZ7A4582a.jpg\">\n                    \n                    \n                    \n                \n            <\/li>\n\n        \n            <li style=\"min-height: 300px;\">\n\n                \n                    <img decoding=\"async\" src=\"\/wp-content\/uploads\/CZ7A4463_TFa.jpg\">\n                    \n                    \n                    \n                \n            <\/li>\n\n                <\/ul>\n\n                <a href=\"#\" class=\"uk-slidenav uk-slidenav-contrast uk-slidenav-previous uk-hidden-touch\" data-uk-slideshow-item=\"previous\"><\/a>\n        <a href=\"#\" class=\"uk-slidenav uk-slidenav-contrast uk-slidenav-next uk-hidden-touch\" data-uk-slideshow-item=\"next\"><\/a>\n        \n                <div class=\"uk-overlay-panel uk-overlay-bottom\">\n            \n<ul class=\"uk-dotnav uk-dotnav-contrast uk-flex-center\">\n    <li data-uk-slideshow-item=\"0\"><a href=\"#\"><\/a><\/li>\n    <li data-uk-slideshow-item=\"1\"><a href=\"#\"><\/a><\/li>\n    <li data-uk-slideshow-item=\"2\"><a href=\"#\"><\/a><\/li>\n    <li data-uk-slideshow-item=\"3\"><a href=\"#\"><\/a><\/li>\n    <li data-uk-slideshow-item=\"4\"><a href=\"#\"><\/a><\/li>\n    <li data-uk-slideshow-item=\"5\"><a href=\"#\"><\/a><\/li>\n    <li data-uk-slideshow-item=\"6\"><a href=\"#\"><\/a><\/li>\n<\/ul>\n        <\/div>\n        \n    <\/div>\n\n    \n<\/div>\n\r\n<p>&nbsp;<\/p>\r\n<h3><strong>Scanner professionnel d&rsquo;outil de diagnostic pour les motos indiennes BENELLI BETAMOTOR BIMOTA BROUGH SUPERIOR BRP CAN-AM PIAGGIO<br \/>\r\n<\/strong><\/h3>\r\n<p>&nbsp;<\/p>\r\n<p>Le Bikescan 2 pour le diagnostic professionnel de l&rsquo;unit\u00e9 de contr\u00f4le sur les motos BENELLI BETAMOTOR BIMOTA BROUGH SUPERIOR BRP CAN-AM INDIAN PIAGGIO est petit et puissant. Le syst\u00e8me couvre toute l&rsquo;\u00e9lectronique de la moto et facilite le d\u00e9pannage sur la moto pour l&rsquo;utilisateur. Gr\u00e2ce aux nombreuses fonctions sp\u00e9ciales, le Bike-Scan2 Pro est devenu un \u00e9l\u00e9ment indispensable d&rsquo;un atelier moderne.<\/p>\r\n<p>&nbsp;<\/p>\r\n<h3><strong>Prend en charge les mod\u00e8les BENELLI BETAMOTOR BIMOTA BROUGH SUPERIOR BRP CAN-AM INDIAN PIAGGIO suivants :<\/strong><\/h3>\r\n<p>&nbsp;<\/p>\r\n<p><strong>BETAMOTOR<\/strong><\/p>\r\n<p>RR 125 \/ 200 \/ 250 \/ 300 \/ 350 \/ 390 \/ 430 \/ 480<\/p>\r\n<p>Xtrainer 250 \/ 300<\/p>\r\n<p>&nbsp;<\/p>\r\n<p><strong>BIMOTA<\/strong><\/p>\r\n<p>DB 4 \/ 5 \/ 6<\/p>\r\n<p>TESI<\/p>\r\n<p>&nbsp;<\/p>\r\n<p><strong>BROUGH SUPERIOR<\/strong><\/p>\r\n<p>Pendine Sand Racer<\/p>\r\n<p>SS100<\/p>\r\n<p>&nbsp;<\/p>\r\n<p><strong>BRP CAN-AM<\/strong><\/p>\r\n<p>Commander 1000 \/ 800 \/ MAX<\/p>\r\n<p>DS 450<\/p>\r\n<p>Maverick 1000 \/ MAX<\/p>\r\n<p>Outlander 1000 \/ 400 \/ 500 \/ 570 \/ 650 \/ 800 \/ MAX<\/p>\r\n<p>Renegade 1000 \/ 570 \/ 800 \/ 850<\/p>\r\n<p>Spyder F3 \/ GS \/ RS \/ RT<\/p>\r\n<p>&nbsp;<\/p>\r\n<p><strong>PIAGGIO<\/strong><\/p>\r\n<p>Ape Calessino<\/p>\r\n<p>Beverly 125 \/ 250 \/ 300 \/ 400 \/ 500 \/ Cruiser \/ Sport<\/p>\r\n<p>Carnaby 125 \/ 250 \/ 300 \/ 400<\/p>\r\n<p>Fly 125 \/ 150<\/p>\r\n<p>Liberty 125 \/ 150 \/ 50 3V \/ S<\/p>\r\n<p>Medley 125 \/ 150 \/ S<\/p>\r\n<p>MP3 125 \/ 250 \/ \u00a0300 Hpe Sport \/ 400 \/ 350 \/ 500<\/p>\r\n<p>Porter Multitech \/ HC<\/p>\r\n<p>X<\/p>\r\n<p>ZIP<\/p>\r\n<p>&nbsp;<\/p>\r\n<p><strong>INDIAN<\/strong><\/p>\r\n<p>Chief Classic \/ Dark \/ Vintage \/ Elite<\/p>\r\n<p>Roadmaster Classic \/ Elite<\/p>\r\n<p>Scout Bobber \/ Sixty<\/p>\r\n<p>Springfield \/ Dark Horse<\/p>\r\n<p>&nbsp;<\/p>","protected":false},"excerpt":{"rendered":"<p>&nbsp; Scanner professionnel d&rsquo;outil de diagnostic pour les motos indiennes BENELLI BETAMOTOR BIMOTA BROUGH SUPERIOR BRP CAN-AM PIAGGIO &nbsp; Le Bikescan 2 pour le diagnostic professionnel de l&rsquo;unit\u00e9 de contr\u00f4le sur les motos BENELLI BETAMOTOR BIMOTA BROUGH SUPERIOR BRP CAN-AM INDIAN PIAGGIO est petit et puissant. Le syst\u00e8me couvre toute l&rsquo;\u00e9lectronique de la moto et [&hellip;]<\/p>\n","protected":false},"author":1,"featured_media":0,"parent":0,"menu_order":0,"comment_status":"closed","ping_status":"closed","template":"","meta":{"footnotes":""},"class_list":["post-3511","page","type-page","status-publish","hentry"],"yoast_head":"<!-- This site is optimized with the Yoast SEO plugin v26.6 - https:\/\/yoast.com\/wordpress\/plugins\/seo\/ -->\n<title>diagnostic moto outil BENELLI PIAGGIO BRP CAN-AM INDIAN Scanner<\/title>\n<meta name=\"description\" content=\"Appareil de diagnostic moto outil Motorrad Moto BENELLI BETAMOTOR BIMOTA BROUGH SUPERIOR BRP CAN-AM INDIAN motorcycle tool Diagnostic PIAGGIO\" \/>\n<meta name=\"robots\" content=\"index, follow, max-snippet:-1, max-image-preview:large, max-video-preview:-1\" \/>\n<link rel=\"canonical\" href=\"https:\/\/www.duonix.de\/fr\/fuer-benelli-betamotor-bimota-brough-superior-brp-can-am-indian\/\" \/>\n<meta property=\"og:locale\" content=\"fr_FR\" \/>\n<meta property=\"og:type\" content=\"article\" \/>\n<meta property=\"og:title\" content=\"diagnostic moto outil BENELLI PIAGGIO BRP CAN-AM INDIAN Scanner\" \/>\n<meta property=\"og:description\" content=\"Appareil de diagnostic moto outil Motorrad Moto BENELLI BETAMOTOR BIMOTA BROUGH SUPERIOR BRP CAN-AM INDIAN motorcycle tool Diagnostic PIAGGIO\" \/>\n<meta property=\"og:url\" content=\"https:\/\/www.duonix.de\/fr\/fuer-benelli-betamotor-bimota-brough-superior-brp-can-am-indian\/\" \/>\n<meta property=\"og:site_name\" content=\"Appareil de diagnostic moto et auto outil\" \/>\n<meta property=\"article:modified_time\" content=\"2022-09-30T10:40:13+00:00\" \/>\n<meta name=\"twitter:card\" content=\"summary_large_image\" \/>\n<meta name=\"twitter:label1\" content=\"Dur\u00e9e de lecture estim\u00e9e\" \/>\n\t<meta name=\"twitter:data1\" content=\"1 minute\" \/>\n<script type=\"application\/ld+json\" class=\"yoast-schema-graph\">{\"@context\":\"https:\/\/schema.org\",\"@graph\":[{\"@type\":\"WebPage\",\"@id\":\"https:\/\/www.duonix.de\/fr\/fuer-benelli-betamotor-bimota-brough-superior-brp-can-am-indian\/\",\"url\":\"https:\/\/www.duonix.de\/fr\/fuer-benelli-betamotor-bimota-brough-superior-brp-can-am-indian\/\",\"name\":\"diagnostic moto outil BENELLI PIAGGIO BRP CAN-AM INDIAN Scanner\",\"isPartOf\":{\"@id\":\"https:\/\/www.duonix.de\/#website\"},\"datePublished\":\"2021-11-26T09:08:56+00:00\",\"dateModified\":\"2022-09-30T10:40:13+00:00\",\"description\":\"Appareil de diagnostic moto outil Motorrad Moto BENELLI BETAMOTOR BIMOTA BROUGH SUPERIOR BRP CAN-AM INDIAN motorcycle tool Diagnostic PIAGGIO\",\"breadcrumb\":{\"@id\":\"https:\/\/www.duonix.de\/fr\/fuer-benelli-betamotor-bimota-brough-superior-brp-can-am-indian\/#breadcrumb\"},\"inLanguage\":\"fr-FR\",\"potentialAction\":[{\"@type\":\"ReadAction\",\"target\":[\"https:\/\/www.duonix.de\/fr\/fuer-benelli-betamotor-bimota-brough-superior-brp-can-am-indian\/\"]}]},{\"@type\":\"BreadcrumbList\",\"@id\":\"https:\/\/www.duonix.de\/fr\/fuer-benelli-betamotor-bimota-brough-superior-brp-can-am-indian\/#breadcrumb\",\"itemListElement\":[{\"@type\":\"ListItem\",\"position\":1,\"name\":\"Home\",\"item\":\"https:\/\/www.duonix.de\/fr\/\"},{\"@type\":\"ListItem\",\"position\":2,\"name\":\"Pour BENELLI BETAMOTOR BIMOTA BROUGH SUPERIOR BRP CAN-AM INDIAN\"}]},{\"@type\":\"WebSite\",\"@id\":\"https:\/\/www.duonix.de\/#website\",\"url\":\"https:\/\/www.duonix.de\/\",\"name\":\"Appareil de diagnostic moto et auto outil\",\"description\":\"Outils de diagnostic pour motos, voitures particuli\u00e8res, camions, d\u00e9veloppement.\",\"potentialAction\":[{\"@type\":\"SearchAction\",\"target\":{\"@type\":\"EntryPoint\",\"urlTemplate\":\"https:\/\/www.duonix.de\/?s={search_term_string}\"},\"query-input\":{\"@type\":\"PropertyValueSpecification\",\"valueRequired\":true,\"valueName\":\"search_term_string\"}}],\"inLanguage\":\"fr-FR\"}]}<\/script>\n<!-- \/ Yoast SEO plugin. -->","yoast_head_json":{"title":"diagnostic moto outil BENELLI PIAGGIO BRP CAN-AM INDIAN Scanner","description":"Appareil de diagnostic moto outil Motorrad Moto BENELLI BETAMOTOR BIMOTA BROUGH SUPERIOR BRP CAN-AM INDIAN motorcycle tool Diagnostic PIAGGIO","robots":{"index":"index","follow":"follow","max-snippet":"max-snippet:-1","max-image-preview":"max-image-preview:large","max-video-preview":"max-video-preview:-1"},"canonical":"https:\/\/www.duonix.de\/fr\/fuer-benelli-betamotor-bimota-brough-superior-brp-can-am-indian\/","og_locale":"fr_FR","og_type":"article","og_title":"diagnostic moto outil BENELLI PIAGGIO BRP CAN-AM INDIAN Scanner","og_description":"Appareil de diagnostic moto outil Motorrad Moto BENELLI BETAMOTOR BIMOTA BROUGH SUPERIOR BRP CAN-AM INDIAN motorcycle tool Diagnostic PIAGGIO","og_url":"https:\/\/www.duonix.de\/fr\/fuer-benelli-betamotor-bimota-brough-superior-brp-can-am-indian\/","og_site_name":"Appareil de diagnostic moto et auto outil","article_modified_time":"2022-09-30T10:40:13+00:00","twitter_card":"summary_large_image","twitter_misc":{"Dur\u00e9e de lecture estim\u00e9e":"1 minute"},"schema":{"@context":"https:\/\/schema.org","@graph":[{"@type":"WebPage","@id":"https:\/\/www.duonix.de\/fr\/fuer-benelli-betamotor-bimota-brough-superior-brp-can-am-indian\/","url":"https:\/\/www.duonix.de\/fr\/fuer-benelli-betamotor-bimota-brough-superior-brp-can-am-indian\/","name":"diagnostic moto outil BENELLI PIAGGIO BRP CAN-AM INDIAN Scanner","isPartOf":{"@id":"https:\/\/www.duonix.de\/#website"},"datePublished":"2021-11-26T09:08:56+00:00","dateModified":"2022-09-30T10:40:13+00:00","description":"Appareil de diagnostic moto outil Motorrad Moto BENELLI BETAMOTOR BIMOTA BROUGH SUPERIOR BRP CAN-AM INDIAN motorcycle tool Diagnostic PIAGGIO","breadcrumb":{"@id":"https:\/\/www.duonix.de\/fr\/fuer-benelli-betamotor-bimota-brough-superior-brp-can-am-indian\/#breadcrumb"},"inLanguage":"fr-FR","potentialAction":[{"@type":"ReadAction","target":["https:\/\/www.duonix.de\/fr\/fuer-benelli-betamotor-bimota-brough-superior-brp-can-am-indian\/"]}]},{"@type":"BreadcrumbList","@id":"https:\/\/www.duonix.de\/fr\/fuer-benelli-betamotor-bimota-brough-superior-brp-can-am-indian\/#breadcrumb","itemListElement":[{"@type":"ListItem","position":1,"name":"Home","item":"https:\/\/www.duonix.de\/fr\/"},{"@type":"ListItem","position":2,"name":"Pour BENELLI BETAMOTOR BIMOTA BROUGH SUPERIOR BRP CAN-AM INDIAN"}]},{"@type":"WebSite","@id":"https:\/\/www.duonix.de\/#website","url":"https:\/\/www.duonix.de\/","name":"Appareil de diagnostic moto et auto outil","description":"Outils de diagnostic pour motos, voitures particuli\u00e8res, camions, d\u00e9veloppement.","potentialAction":[{"@type":"SearchAction","target":{"@type":"EntryPoint","urlTemplate":"https:\/\/www.duonix.de\/?s={search_term_string}"},"query-input":{"@type":"PropertyValueSpecification","valueRequired":true,"valueName":"search_term_string"}}],"inLanguage":"fr-FR"}]}},"_links":{"self":[{"href":"https:\/\/www.duonix.de\/fr\/wp-json\/wp\/v2\/pages\/3511","targetHints":{"allow":["GET"]}}],"collection":[{"href":"https:\/\/www.duonix.de\/fr\/wp-json\/wp\/v2\/pages"}],"about":[{"href":"https:\/\/www.duonix.de\/fr\/wp-json\/wp\/v2\/types\/page"}],"author":[{"embeddable":true,"href":"https:\/\/www.duonix.de\/fr\/wp-json\/wp\/v2\/users\/1"}],"replies":[{"embeddable":true,"href":"https:\/\/www.duonix.de\/fr\/wp-json\/wp\/v2\/comments?post=3511"}],"version-history":[{"count":3,"href":"https:\/\/www.duonix.de\/fr\/wp-json\/wp\/v2\/pages\/3511\/revisions"}],"predecessor-version":[{"id":3585,"href":"https:\/\/www.duonix.de\/fr\/wp-json\/wp\/v2\/pages\/3511\/revisions\/3585"}],"wp:attachment":[{"href":"https:\/\/www.duonix.de\/fr\/wp-json\/wp\/v2\/media?parent=3511"}],"curies":[{"name":"wp","href":"https:\/\/api.w.org\/{rel}","templated":true}]}}