{"id":1147,"date":"2015-06-24T08:17:45","date_gmt":"2015-06-24T08:17:45","guid":{"rendered":"http:\/\/www.duonix.de\/agb\/?lang=it"},"modified":"2020-10-01T09:59:41","modified_gmt":"2020-10-01T09:59:41","slug":"agb","status":"publish","type":"page","link":"https:\/\/www.duonix.de\/it\/agb\/","title":{"rendered":"Allgemeine Gesch\u00e4ftsbedingungen"},"content":{"rendered":"<p>der Duonix GmbH<\/p>\r\n<p>&nbsp;<\/p>\r\n<p>&nbsp;<\/p>\r\n<p>Duonix GmbH\u00a0\u00a0\u00a0\u00a0\u00a0\u00a0\u00a0\u00a0\u00a0\u00a0\u00a0\u00a0\u00a0\u00a0\u00a0\u00a0\u00a0\u00a0\u00a0\u00a0\u00a0\u00a0\u00a0\u00a0\u00a0\u00a0\u00a0\u00a0\u00a0\u00a0\u00a0\u00a0\u00a0\u00a0\u00a0\u00a0\u00a0\u00a0\u00a0\u00a0\u00a0\u00a0\u00a0\u00a0\u00a0 Tel.: \u00a0\u00a0\u00a0\u00a0\u00a0\u00a0030 &#8211; 692045711<\/p>\r\n<p>Staakener Str. 28-29 \u00a0 \u00a0 \u00a0 \u00a0 \u00a0\u00a0 \u00a0\u00a0\u00a0\u00a0\u00a0\u00a0\u00a0\u00a0\u00a0\u00a0\u00a0\u00a0\u00a0\u00a0\u00a0\u00a0\u00a0\u00a0\u00a0\u00a0\u00a0\u00a0 Fax: \u00a0\u00a0\u00a0\u00a0\u00a0 030 \u2013 692045719<\/p>\r\n<p>13581 Berlin\u00a0\u00a0\u00a0\u00a0\u00a0\u00a0\u00a0\u00a0\u00a0\u00a0\u00a0\u00a0\u00a0\u00a0\u00a0\u00a0\u00a0\u00a0\u00a0\u00a0\u00a0\u00a0\u00a0\u00a0\u00a0\u00a0\u00a0\u00a0\u00a0\u00a0\u00a0\u00a0\u00a0\u00a0\u00a0\u00a0\u00a0\u00a0\u00a0\u00a0\u00a0\u00a0\u00a0\u00a0\u00a0\u00a0\u00a0\u00a0 E-Mail: \u00a0 info@duonix.de<\/p>\r\n<p>&nbsp;<\/p>\r\n<p>&nbsp;<\/p>\r\n<ol>\r\n\t<li><strong> Geltungsbereich<\/strong><\/li>\r\n<\/ol>\r\n<p>Diese Allgemeinen Gesch\u00e4ftsbedingungen gelten f\u00fcr s\u00e4mtliche zwischen der Duonix GmbH (im Folgenden \u201eDuonix\u201c genannt) und dem Kunden geschlossenen Vertr\u00e4ge sowie f\u00fcr alle im Zusammenhang mit solchen Vertr\u00e4gen stehenden Willenserkl\u00e4rungen, rechtsgesch\u00e4ftlichen oder rechtsgesch\u00e4fts\u00e4hnlichen Handlungen des Kunden. Von diesen Bedingungen abweichende Gesch\u00e4ftsbedingungen des Kunden finden keine Anwendung.<\/p>\r\n<ol start=\"2\">\r\n\t<li><strong> Begriffsbestimmungen<\/strong><\/li>\r\n<\/ol>\r\n<p>2.1\u00a0\u00a0\u00a0\u00a0\u00a0\u00a0 Verbraucher im Sinne dieser AGB ist jede nat\u00fcrliche Person, die den Vertrag zu Zwecken abschlie\u00dft, die \u00fcberwiegend weder ihrer gewerblichen noch ihrer selbst\u00e4ndigen beruflichen T\u00e4tigkeit zugerechnet werden kann.<\/p>\r\n<p>2.2\u00a0\u00a0\u00a0\u00a0\u00a0\u00a0 Unternehmer im Sinne dieser AGB ist jeder Kunde, der bei Abschluss des Vertrages \u00fcberwiegend in Aus\u00fcbung seiner gewerblichen oder selbst\u00e4ndigen beruflichen T\u00e4tigkeit handelt.<\/p>\r\n<ol start=\"3\">\r\n\t<li><strong> Vertragsschluss<\/strong><\/li>\r\n<\/ol>\r\n<p>Der Kunde gibt mit seiner Bestellung ein verbindliches Angebot zum Abschluss eines Kaufvertrages mit Duonix ab. Duonix kann dieses Angebot innerhalb von zwei Wochen durch eine ausdr\u00fcckliche Erkl\u00e4rung annehmen. Das Absenden der bestellten Ware oder einer Rechnung an den Kunden steht einer ausdr\u00fccklichen Annahmeerkl\u00e4rung gleich. Dies gilt auch f\u00fcr die \u00dcbermittlung eines erworbenen Lizenzschl\u00fcssels. Die blo\u00dfe Best\u00e4tigung des Eingangs der Bestellung stellt noch keine Annahmeerkl\u00e4rung dar.<\/p>\r\n<ol start=\"4\">\r\n\t<li><strong> Preise\/Zahlungsbedingungen<\/strong><\/li>\r\n<\/ol>\r\n<p>4.1\u00a0\u00a0\u00a0\u00a0\u00a0\u00a0 Es gelten stets die Preise zum Zeitpunkt der Bestellung. Soweit nicht anders angegeben, verstehen sich alle Preisangaben als Endpreise in Euro inkl. der gesetzlichen Umsatzsteuer jedoch ohne Verpackungs- und Versandkosten, die zus\u00e4tzlich berechnet und ausgewiesen werden. Erfolgt die Lieferung aufgrund ausdr\u00fccklicher individueller Vereinbarung zwischen dem Kunden und Duonix als Nachnahmesendung, tr\u00e4gt der Kunde au\u00dferdem die Nachnahme und Geld\u00fcbermittlungsgeb\u00fchren. Bei Versand in Staaten au\u00dferhalb der EU k\u00f6nnen zudem zus\u00e4tzliche Geb\u00fchren und Z\u00f6lle anfallen, die der Kunde ebenfalls zu tragen hat.<\/p>\r\n<p>4.2\u00a0\u00a0\u00a0\u00a0\u00a0\u00a0 Sofern mit dem Kunden nichts anderes vereinbart ist, liefert Duonix nur gegen Vorauszahlung (Vorkasse).<\/p>\r\n<p>4.3 \u00a0\u00a0\u00a0\u00a0\u00a0 Der Kunde ger\u00e4t mit der Zahlung in Verzug, ohne dass es einer Mahnung bedarf, wenn die Zahlung bei Duonix nicht innerhalb von 14 Tagen nach Zugang der Rechnung beim Kunden eingeht.<\/p>\r\n<ol start=\"5\">\r\n\t<li><strong> Lieferung\/Lieferfristen<\/strong><\/li>\r\n<\/ol>\r\n<p>5.1\u00a0\u00a0\u00a0\u00a0\u00a0\u00a0 Die Lieferung bestellter Waren erfolgt ausschlie\u00dflich im Wege des Versands. Eine Abholung der Ware ist nicht m\u00f6glich.<\/p>\r\n<p>5.2\u00a0\u00a0\u00a0\u00a0\u00a0\u00a0 Sofern keine abweichenden Lieferfristen vereinbart sind, liefert Duonix bestellte Waren unverz\u00fcglich, sp\u00e4testens jedoch innerhalb von 14 Tagen nach Vertragsschluss, bei Vorauskasse sp\u00e4testens innerhalb von 14 Tagen nach Zahlungseingang. Die Lieferfrist ist eingehalten, wenn die Ware innerhalb dieser Frist an das beauftragte Transportunternehmen \u00fcbergeben wird.<\/p>\r\n<ol start=\"6\">\r\n\t<li><strong> Nichtlieferung durch Vorlieferanten\u00a0<\/strong><\/li>\r\n<\/ol>\r\n<p>6.1\u00a0\u00a0\u00a0\u00a0\u00a0\u00a0 Duonix \u00fcbernimmt kein Beschaffungsrisiko. Ist die bestellte Ware trotz des vorherigen Abschlusses eines entsprechenden Einkaufsvertrags nicht oder vor\u00fcbergehend nicht lieferbar, wird Duonix den Kunden hier\u00fcber unverz\u00fcglich nach der Bestellung sowie in der Folgezeit in regelm\u00e4\u00dfigen Abst\u00e4nden informieren. Bis zur Selbstbelieferung durch den Vorlieferanten ist Duonix von der Leistungspflicht befreit und kann bei fehlender Lieferbarkeit vom Vertrag zur\u00fccktreten. Dies gilt nicht, wenn Duonix die Nichtlieferung durch den Vorlieferanten zu vertreten hat. Falls Duonix zur\u00fccktreten will, wird Duonix das R\u00fccktrittsrecht unverz\u00fcglich aus\u00fcben.<\/p>\r\n<p>6.2.\u00a0\u00a0\u00a0\u00a0\u00a0 Im Falle des R\u00fccktritts werden bereits auf den Kaufpreis gezahlte Betr\u00e4ge unverz\u00fcglich durch Duonix erstattet. Schadensersatzanspr\u00fcche des Kunden sind ausgeschlossen; dies gilt nicht, wenn Duonix die Nichtlieferung durch den Vorlieferanten zu vertreten hat.<\/p>\r\n<ol start=\"7\">\r\n\t<li><strong> Widerrufsrecht<\/strong><\/li>\r\n<\/ol>\r\n<p>Ist der Kunde Verbraucher (siehe Ziffer 2.1), besteht zu seinen Gunsten ein gesetzliches Widerrufsrecht, \u00fcber das Duonix wie folgt belehrt:<\/p>\r\n<p>Sofern der Kunde eines unserer Produkte erwirbt, gilt die unten stehende Widerrufsbelehrung f\u00fcr Vertr\u00e4ge \u00fcber Waren. Lediglich bei selbst\u00e4ndigem Erwerb eines Lizenzschl\u00fcssels gilt die unten stehende Widerrufsbelehrung f\u00fcr Vertr\u00e4ge \u00fcber digitale Inhalte:<\/p>\r\n<p>&nbsp;<\/p>\r\n<p><strong>\u00a0<\/strong><\/p>\r\n<p><strong>Widerrufsbelehrung<\/strong><strong>\u00a0f\u00fcr Vertr\u00e4ge \u00fcber Waren<\/strong><\/p>\r\n<p>&nbsp;<\/p>\r\n<p><strong>Widerrufsrecht<\/strong><\/p>\r\n<p>Sie haben das Recht, binnen vierzehn Tagen ohne Angabe von Gr\u00fcnden diesen Vertrag zu widerrufen.<\/p>\r\n<p>Die Widerrufsfrist betr\u00e4gt vierzehn Tage ab dem Tag, an dem Sie oder ein von Ihnen benannter Dritter, der nicht der Bef\u00f6rderer ist, die Waren in Besitz genommen haben bzw. hat.<\/p>\r\n<p>Um Ihr Widerrufsrecht auszu\u00fcben, m\u00fcssen Sie uns (Duonix GmbH, Staakener Str. 28-29, 13581 Berlin, Tel.: 030 692045711, Fax: 030 692045719, E-Mail: info@duonix.de) mittels einer eindeutigen Erkl\u00e4rung (z.B. ein mit der Post versandter Brief, Telefax oder E-Mail) \u00fcber Ihren Entschluss, diesen Vertrag zu widerrufen, informieren. Sie k\u00f6nnen daf\u00fcr das beigef\u00fcgte Muster-Widerrufsformular verwenden, das jedoch nicht vorgeschrieben ist.<\/p>\r\n<p>Zur Wahrung der Widerrufsfrist reicht es aus, dass Sie die Mitteilung \u00fcber die Aus\u00fcbung des Widerrufsrechts vor Ablauf der Widerrufsfrist absenden.<\/p>\r\n<p><strong>Folgen des Widerrufs<\/strong><\/p>\r\n<p>Wenn Sie diesen Vertrag widerrufen, haben wir Ihnen alle Zahlungen, die wir von Ihnen erhalten haben, einschlie\u00dflich der Lieferkosten (mit Ausnahme der zus\u00e4tzlichen Kosten, die sich daraus ergeben, dass Sie eine andere Art der Lieferung als die von uns angebotene, g\u00fcnstigste Standardlieferung gew\u00e4hlt haben), unverz\u00fcglich und sp\u00e4testens binnen vierzehn Tagen ab dem Tag zur\u00fcckzuzahlen, an dem die Mitteilung \u00fcber Ihren Widerruf dieses Vertrags bei uns eingegangen ist. F\u00fcr diese R\u00fcckzahlung verwenden wir dasselbe Zahlungsmittel, das Sie bei der urspr\u00fcnglichen Transaktion eingesetzt haben, es sei denn, mit Ihnen wurde ausdr\u00fccklich etwas anderes vereinbart; in keinem Fall werden Ihnen wegen dieser R\u00fcckzahlung Entgelte berechnet. Wir k\u00f6nnen die R\u00fcckzahlung verweigern, bis wir die Waren wieder zur\u00fcckerhalten haben oder bis Sie den Nachweis erbracht haben, dass Sie die Waren zur\u00fcckgesandt haben, je nachdem, welches der fr\u00fchere Zeitpunkt ist.<\/p>\r\n<p>Sie haben die Waren unverz\u00fcglich und in jedem Fall sp\u00e4testens binnen vierzehn Tagen ab dem Tag, an dem Sie uns \u00fcber den Widerruf dieses Vertrags unterrichten, an uns zur\u00fcckzusenden oder zu \u00fcbergeben. Die Frist ist gewahrt, wenn Sie die Waren vor Ablauf der Frist von vierzehn Tagen absenden. Sie tragen die unmittelbaren Kosten der R\u00fccksendung der Waren. Sie m\u00fcssen f\u00fcr einen etwaigen Wertverlust der Waren nur aufkommen, wenn dieser Wertverlust auf einen zur Pr\u00fcfung der Beschaffenheit, Eigenschaften und Funktionsweise der Waren nicht notwendigen Umgang mit ihnen zur\u00fcckzuf\u00fchren ist.<\/p>\r\n<p>&nbsp;<\/p>\r\n<p>&nbsp;<\/p>\r\n<p><strong>Widerrufsbelehrung<\/strong><strong>\u00a0f\u00fcr digitale Inhalte<\/strong><\/p>\r\n<p><strong>Widerrufsrecht<\/strong><\/p>\r\n<p>Sie haben das Recht, binnen vierzehn Tagen ohne Angabe von Gr\u00fcnden diesen Vertrag zu widerrufen.<\/p>\r\n<p>Die Widerrufsfrist betr\u00e4gt vierzehn Tage ab dem Tag des Vertragsabschlusses.<\/p>\r\n<p>Um Ihr Widerrufsrecht auszu\u00fcben, m\u00fcssen Sie uns (Duonix GmbH, Staakener Str. 28-29 , 13581 Berlin, Tel.: 030 692045711, Fax: 030 692045719, E-Mail: info@duonix.de) mittels einer eindeutigen Erkl\u00e4rung (z.B. ein mit der Post versandter Brief, Telefax oder E-Mail) \u00fcber Ihren Entschluss, diesen Vertrag zu widerrufen, informieren. Sie k\u00f6nnen daf\u00fcr das beigef\u00fcgte Muster-Widerrufsformular verwenden, das jedoch nicht vorgeschrieben ist.<\/p>\r\n<p>Zur Wahrung der Widerrufsfrist reicht es aus, dass Sie die Mitteilung \u00fcber die Aus\u00fcbung des Widerrufsrechts vor Ablauf der Widerrufsfrist absenden.<\/p>\r\n<p><strong>Folgen des Widerrufs<\/strong><\/p>\r\n<p>Wenn Sie diesen Vertrag widerrufen, haben wir Ihnen alle Zahlungen, die wir von Ihnen erhalten haben, einschlie\u00dflich der Lieferkosten (mit Ausnahme der zus\u00e4tzlichen Kosten, die sich daraus ergeben, dass Sie eine andere Art der Lieferung als die von uns angebotene, g\u00fcnstigste Standardlieferung gew\u00e4hlt haben), unverz\u00fcglich und sp\u00e4testens binnen vierzehn Tagen ab dem Tag zur\u00fcckzuzahlen, an dem die Mitteilung \u00fcber Ihren Widerruf dieses Vertrags bei uns eingegangen ist. F\u00fcr diese R\u00fcckzahlung verwenden wir dasselbe Zahlungsmittel, das Sie bei der urspr\u00fcnglichen Transaktion eingesetzt haben, es sei denn, mit Ihnen wurde ausdr\u00fccklich etwas anderes vereinbart; in keinem Fall werden Ihnen wegen dieser R\u00fcckzahlung Entgelte berechnet.<\/p>\r\n<p><strong>Besondere Hinweise<\/strong><\/p>\r\n<p>Das Widerrufsrecht erlischt bei einem Vertrag \u00fcber die Lieferung von nicht auf einem k\u00f6rperlichen Datentr\u00e4ger befindlichen digitalen Inhalt auch dann, wenn wir mit der Ausf\u00fchrung des Vertrags begonnen hat, nachdem Sie ausdr\u00fccklich zugestimmt haben, dass wir mit der Ausf\u00fchrung des Vertrags vor Ablauf der Widerrufsfrist beginnen und Sie Ihre Kenntnis best\u00e4tigt haben, dass Sie durch Ihre Zustimmung mit Beginn der Ausf\u00fchrung des Vertrags verlieren.<\/p>\r\n<p>&nbsp;<\/p>\r\n<p><strong>Muster-Widerrufsformular<\/strong><\/p>\r\n<p>(Wenn Sie den Vertrag widerrufen wollen, dann f\u00fcllen Sie bitte dieses Formular aus und senden Sie es zur\u00fcck.)<\/p>\r\n<p>&#8211; An<br \/>\r\nDuonix GmbH<br \/>\r\nStaakener Str. 28-29<br \/>\r\n13581 Berlin<\/p>\r\n<p>Fax: 030 692045719<br \/>\r\nE-Mail: info@duonix.de<\/p>\r\n<p>&#8211; Hiermit widerrufe(n) ich\/wir (*) den von mir\/uns (*) abgeschlossenen Vertrag \u00fcber den Kauf der folgenden Waren (*)\/ die Erbringung der folgenden Dienstleistung (*)<\/p>\r\n<p>&#8211; Bestellt am (*)\/erhalten am (*)<\/p>\r\n<p>&#8211; Name des\/der Verbraucher(s)<\/p>\r\n<p>&#8211; Anschrift des\/der Verbraucher(s)<\/p>\r\n<p>&#8211; Unterschrift des\/der Verbraucher(s) (nur bei Mitteilung auf Papier)<\/p>\r\n<p>&#8211; Datum<\/p>\r\n<p>___________<br \/>\r\n(*) Unzutreffendes streichen.<\/p>\r\n<ol start=\"8\">\r\n\t<li><strong> Eigentumsvorbehalt<\/strong><\/li>\r\n<\/ol>\r\n<p>8.1\u00a0\u00a0\u00a0\u00a0\u00a0\u00a0 Die gelieferte Ware bleibt bis zur vollst\u00e4ndigen Zahlung des Kaufpreises und Ausgleich s\u00e4mtlicher Anspr\u00fcche aus dem Liefervertrag Eigentum von Duonix.<\/p>\r\n<p>8.2\u00a0\u00a0\u00a0\u00a0\u00a0\u00a0 Ist der Kunde Unternehmer, tritt er bereits jetzt alle Forderungen, die er aus einer Weiterver\u00e4u\u00dferung der Ware gegen seinen Abnehmer erwirbt, sicherungshalber in voller H\u00f6he an Duonix ab. Der Kunde ist widerruflich zur Einziehung dieser Forderungen erm\u00e4chtigt. Duonix wird die Einziehungserm\u00e4chtigung nur widerrufen und die abgetretenen Forderungen selbst einziehen, wenn der Kunde seinen Zahlungsverpflichtungen nicht ordnungsgem\u00e4\u00df nachkommt.<\/p>\r\n<p>8.3\u00a0\u00a0\u00a0\u00a0\u00a0\u00a0 Duonix ist verpflichtet, die bestehenden Sicherheiten auf Verlangen des Kunden insoweit freizugeben, als ihr Wert die Gesamtforderung um mehr als 20% \u00fcbersteigt. Die Auswahl der freizugebenden Sicherheiten steht im Ermessen von Duonix.<\/p>\r\n<ol start=\"9\">\r\n\t<li><strong> Gew\u00e4hrleistung<\/strong><\/li>\r\n<\/ol>\r\n<p>9.1\u00a0\u00a0\u00a0\u00a0\u00a0\u00a0 Ist der Kunde Verbraucher, gelten die gesetzlichen Gew\u00e4hrleistungsfristen.<\/p>\r\n<p>9.2\u00a0\u00a0\u00a0\u00a0\u00a0\u00a0 Ist der Kunde Unternehmer, verj\u00e4hren Anspr\u00fcche wegen Sachm\u00e4ngeln mit Ablauf einer Frist von einem Jahr ab Ablieferung der Sache; die Rechte des Kunden aus \u00a7 479 BGB bleiben hiervon unber\u00fchrt. Die in Satz 1 genannte Verj\u00e4hrungsfrist gilt nicht, wenn er auf einem vors\u00e4tzlichen Handeln von Duonix beruht, bei arglistigem Verschweigen eines Mangels oder soweit Duonix eine Garantie f\u00fcr die Beschaffenheit des Liefergegenstandes \u00fcbernommen hat. Die Verj\u00e4hrungsfrist nach Satz 1 gilt au\u00dferdem nicht f\u00fcr Anspr\u00fcche wegen Sachm\u00e4ngeln in den F\u00e4llen der Verletzung des Lebens, des K\u00f6rpers oder der Gesundheit, bei Anspr\u00fcchen nach dem Produkthaftungsgesetz, bei einer grob fahrl\u00e4ssigen Pflichtverletzung oder bei schuldhafter Verletzung wesentlicher Vertragspflichten.<\/p>\r\n<p>9.3 \u00a0\u00a0\u00a0\u00a0\u00a0 Macht der Kunde gegen\u00fcber Duonix Anspr\u00fcche aufgrund von Sachm\u00e4ngeln geltend, ergibt die Untersuchung der Ware durch Duonix jedoch, dass die Fehlerhaftigkeit nicht auf einem bereits bei Lieferung vorhandenem Mangel beruht, kann Duonix Ersatz f\u00fcr den entstandenen Untersuchungsaufwand und angefallene Kosten vom Kunden verlangen, wenn der Kunde bei Beachtung der gebotenen Sorgfalt h\u00e4tte erkennen k\u00f6nnen, dass die Fehlerhaftigkeit nicht auf einem bereits bei Lieferung vorhandenem Mangel beruht.<\/p>\r\n<ol start=\"10\">\r\n\t<li><strong> Haftung<\/strong><\/li>\r\n<\/ol>\r\n<p>Duonix haftet f\u00fcr Sch\u00e4den des Kunden, die vors\u00e4tzlich oder grob fahrl\u00e4ssig verursacht wurden, die auf einer schuldhaften Verletzung wesentlicher Vertragspflichten beruhen, die auf dem Fehlen einer zugesicherten Eigenschaft beruhen, die Folge einer von Duonix zu vertretenen Verletzung der Gesundheit, des K\u00f6rpers oder des Lebens sind, oder f\u00fcr die eine Haftung nach dem Produkthaftungsgesetz vorgesehen ist, nach den gesetzlichen Bestimmungen. Im \u00dcbrigen ist die Haftung \u2013 gleich aus welchem Rechtsgrund \u2013 ausgeschlossen. Wesentliche Vertragspflichten im Sinne dieser Bestimmung sind solche vertraglichen Pflichten, deren Erf\u00fcllung die ordnungsgem\u00e4\u00dfe Durchf\u00fchrung des Vertrages \u00fcberhaupt erst erm\u00f6glicht und auf deren Einhaltung der Kunde regelm\u00e4\u00dfig vertrauen darf, und deren Verletzung auf der anderen Seite die Erreichung des Vertragszwecks gef\u00e4hrdet.<\/p>\r\n<ol start=\"11\">\r\n\t<li><strong> Aufrechnungsverbot<\/strong><\/li>\r\n<\/ol>\r\n<p>Der Kunde ist nicht zur Aufrechnung berechtigt. Dieses Verbot gilt nicht f\u00fcr die Aufrechnung mit Gegenforderungen, die von Duonix nicht bestritten werden oder die rechtskr\u00e4ftig festgestellt oder zur Entscheidung reif sind.<\/p>\r\n<ol start=\"12\">\r\n\t<li><strong> Datenschutz<\/strong><\/li>\r\n<\/ol>\r\n<p>Erl\u00e4uterungen zum Umfang und zu den Rechtsgrundlagen der Verarbeitung personenbezogener Daten, die der Kunde zusammen mit seiner Bestellung an Duonix \u00fcbermittelt, sowie zu den Betroffenenrechten des Kunden und zu weiteren datenschutzrechtlichen Themen finden sich in der Datenschutzerkl\u00e4rung von Duonix, die unter <a href=\"https:\/\/www.duonix.de\/datenschutz\/\">https:\/\/www.duonix.de\/datenschutz\/<\/a> abgerufen werden kann.<\/p>\r\n<ol start=\"13\">\r\n\t<li><strong> Schlussbestimmungen<\/strong><\/li>\r\n<\/ol>\r\n<p>13.1\u00a0\u00a0\u00a0\u00a0\u00a0 Auf den Vertrag findet ausschlie\u00dflich das Recht der Bundesrepublik Deutschland Anwendung. Die Geltung des UN-Kaufrechts ist ausgeschlossen.\u00a0Ist der Kunde ein Verbraucher, sind dar\u00fcber hinaus die zwingenden Verbraucherschutzbestimmungen anwendbar, die in dem Staat gelten, in dem der Kunde seinen gew\u00f6hnlichen Aufenthalt hat, soweit diese dem Kunden einen weitergehenden Schutz gew\u00e4hren.<\/p>\r\n<p>13.2\u00a0\u00a0\u00a0\u00a0\u00a0 Ist der Kunde Kaufmann, juristische Person des \u00f6ffentlichen Rechts oder \u00f6ffentlich rechtliches Sonderverm\u00f6gen oder hat er keinen allgemeinen Gerichtsstand in der Bundesrepublik Deutschland, ist ausschlie\u00dflicher Gerichtsstand f\u00fcr alle sich aus dem Vertragsverh\u00e4ltnis ergebenden Anspr\u00fcche und Streitigkeiten Berlin-Marzahn.<\/p>","protected":false},"excerpt":{"rendered":"<p>der Duonix GmbH &nbsp; &nbsp; Duonix GmbH\u00a0\u00a0\u00a0\u00a0\u00a0\u00a0\u00a0\u00a0\u00a0\u00a0\u00a0\u00a0\u00a0\u00a0\u00a0\u00a0\u00a0\u00a0\u00a0\u00a0\u00a0\u00a0\u00a0\u00a0\u00a0\u00a0\u00a0\u00a0\u00a0\u00a0\u00a0\u00a0\u00a0\u00a0\u00a0\u00a0\u00a0\u00a0\u00a0\u00a0\u00a0\u00a0\u00a0\u00a0\u00a0 Tel.: \u00a0\u00a0\u00a0\u00a0\u00a0\u00a0030 &#8211; 692045711 Staakener Str. 28-29 \u00a0 \u00a0 \u00a0 \u00a0 \u00a0\u00a0 \u00a0\u00a0\u00a0\u00a0\u00a0\u00a0\u00a0\u00a0\u00a0\u00a0\u00a0\u00a0\u00a0\u00a0\u00a0\u00a0\u00a0\u00a0\u00a0\u00a0\u00a0\u00a0 Fax: \u00a0\u00a0\u00a0\u00a0\u00a0 030 \u2013 692045719 13581 Berlin\u00a0\u00a0\u00a0\u00a0\u00a0\u00a0\u00a0\u00a0\u00a0\u00a0\u00a0\u00a0\u00a0\u00a0\u00a0\u00a0\u00a0\u00a0\u00a0\u00a0\u00a0\u00a0\u00a0\u00a0\u00a0\u00a0\u00a0\u00a0\u00a0\u00a0\u00a0\u00a0\u00a0\u00a0\u00a0\u00a0\u00a0\u00a0\u00a0\u00a0\u00a0\u00a0\u00a0\u00a0\u00a0\u00a0\u00a0\u00a0 E-Mail: \u00a0 info@duonix.de &nbsp; &nbsp; Geltungsbereich Diese Allgemeinen Gesch\u00e4ftsbedingungen gelten f\u00fcr s\u00e4mtliche zwischen der Duonix GmbH (im Folgenden \u201eDuonix\u201c genannt) und dem Kunden geschlossenen Vertr\u00e4ge sowie f\u00fcr alle [&hellip;]<\/p>\n","protected":false},"author":1,"featured_media":0,"parent":0,"menu_order":0,"comment_status":"closed","ping_status":"closed","template":"","meta":{"footnotes":""},"class_list":["post-1147","page","type-page","status-publish","hentry"],"yoast_head":"<!-- This site is optimized with the Yoast SEO plugin v26.6 - https:\/\/yoast.com\/wordpress\/plugins\/seo\/ -->\n<title>Entwicklung PKW KFZ Diagnosesysteme Fahrzeugdiagnose<\/title>\n<meta name=\"description\" content=\"Diagnoseger\u00e4t Motorr\u00e4der Ducati KTM Aprilla BMW motorcycle scanner Suzuki Kawasaki Honda Yamaho Diagnostic tool harley davidson hand held\" \/>\n<meta name=\"robots\" content=\"index, follow, max-snippet:-1, max-image-preview:large, max-video-preview:-1\" \/>\n<link rel=\"canonical\" href=\"https:\/\/www.duonix.de\/agb\/\" \/>\n<meta property=\"og:locale\" content=\"it_IT\" \/>\n<meta property=\"og:type\" content=\"article\" \/>\n<meta property=\"og:title\" content=\"Entwicklung PKW KFZ Diagnosesysteme Fahrzeugdiagnose\" \/>\n<meta property=\"og:description\" content=\"Diagnoseger\u00e4t Motorr\u00e4der Ducati KTM Aprilla BMW motorcycle scanner Suzuki Kawasaki Honda Yamaho Diagnostic tool harley davidson hand held\" \/>\n<meta property=\"og:url\" content=\"https:\/\/www.duonix.de\/agb\/\" \/>\n<meta property=\"og:site_name\" content=\"Dispositivo diagnostico per auto e moto Diagnosi\" \/>\n<meta property=\"article:modified_time\" content=\"2020-10-01T09:59:41+00:00\" \/>\n<meta name=\"twitter:card\" content=\"summary_large_image\" \/>\n<meta name=\"twitter:label1\" content=\"Tempo di lettura stimato\" \/>\n\t<meta name=\"twitter:data1\" content=\"10 minuti\" \/>\n<script type=\"application\/ld+json\" class=\"yoast-schema-graph\">{\"@context\":\"https:\/\/schema.org\",\"@graph\":[{\"@type\":\"WebPage\",\"@id\":\"https:\/\/www.duonix.de\/agb\/\",\"url\":\"https:\/\/www.duonix.de\/agb\/\",\"name\":\"Entwicklung PKW KFZ Diagnosesysteme Fahrzeugdiagnose\",\"isPartOf\":{\"@id\":\"https:\/\/www.duonix.de\/#website\"},\"datePublished\":\"2015-06-24T08:17:45+00:00\",\"dateModified\":\"2020-10-01T09:59:41+00:00\",\"description\":\"Diagnoseger\u00e4t Motorr\u00e4der Ducati KTM Aprilla BMW motorcycle scanner Suzuki Kawasaki Honda Yamaho Diagnostic tool harley davidson hand held\",\"breadcrumb\":{\"@id\":\"https:\/\/www.duonix.de\/agb\/#breadcrumb\"},\"inLanguage\":\"it-IT\",\"potentialAction\":[{\"@type\":\"ReadAction\",\"target\":[\"https:\/\/www.duonix.de\/agb\/\"]}]},{\"@type\":\"BreadcrumbList\",\"@id\":\"https:\/\/www.duonix.de\/agb\/#breadcrumb\",\"itemListElement\":[{\"@type\":\"ListItem\",\"position\":1,\"name\":\"Home\",\"item\":\"https:\/\/www.duonix.de\/it\/\"},{\"@type\":\"ListItem\",\"position\":2,\"name\":\"Allgemeine Gesch\u00e4ftsbedingungen\"}]},{\"@type\":\"WebSite\",\"@id\":\"https:\/\/www.duonix.de\/#website\",\"url\":\"https:\/\/www.duonix.de\/\",\"name\":\"Dispositivo diagnostico per auto e moto Diagnosi\",\"description\":\"Strumenti diagnostici per motocicli, autovetture, camion, sviluppo\",\"potentialAction\":[{\"@type\":\"SearchAction\",\"target\":{\"@type\":\"EntryPoint\",\"urlTemplate\":\"https:\/\/www.duonix.de\/?s={search_term_string}\"},\"query-input\":{\"@type\":\"PropertyValueSpecification\",\"valueRequired\":true,\"valueName\":\"search_term_string\"}}],\"inLanguage\":\"it-IT\"}]}<\/script>\n<!-- \/ Yoast SEO plugin. -->","yoast_head_json":{"title":"Entwicklung PKW KFZ Diagnosesysteme Fahrzeugdiagnose","description":"Diagnoseger\u00e4t Motorr\u00e4der Ducati KTM Aprilla BMW motorcycle scanner Suzuki Kawasaki Honda Yamaho Diagnostic tool harley davidson hand held","robots":{"index":"index","follow":"follow","max-snippet":"max-snippet:-1","max-image-preview":"max-image-preview:large","max-video-preview":"max-video-preview:-1"},"canonical":"https:\/\/www.duonix.de\/agb\/","og_locale":"it_IT","og_type":"article","og_title":"Entwicklung PKW KFZ Diagnosesysteme Fahrzeugdiagnose","og_description":"Diagnoseger\u00e4t Motorr\u00e4der Ducati KTM Aprilla BMW motorcycle scanner Suzuki Kawasaki Honda Yamaho Diagnostic tool harley davidson hand held","og_url":"https:\/\/www.duonix.de\/agb\/","og_site_name":"Dispositivo diagnostico per auto e moto Diagnosi","article_modified_time":"2020-10-01T09:59:41+00:00","twitter_card":"summary_large_image","twitter_misc":{"Tempo di lettura stimato":"10 minuti"},"schema":{"@context":"https:\/\/schema.org","@graph":[{"@type":"WebPage","@id":"https:\/\/www.duonix.de\/agb\/","url":"https:\/\/www.duonix.de\/agb\/","name":"Entwicklung PKW KFZ Diagnosesysteme Fahrzeugdiagnose","isPartOf":{"@id":"https:\/\/www.duonix.de\/#website"},"datePublished":"2015-06-24T08:17:45+00:00","dateModified":"2020-10-01T09:59:41+00:00","description":"Diagnoseger\u00e4t Motorr\u00e4der Ducati KTM Aprilla BMW motorcycle scanner Suzuki Kawasaki Honda Yamaho Diagnostic tool harley davidson hand held","breadcrumb":{"@id":"https:\/\/www.duonix.de\/agb\/#breadcrumb"},"inLanguage":"it-IT","potentialAction":[{"@type":"ReadAction","target":["https:\/\/www.duonix.de\/agb\/"]}]},{"@type":"BreadcrumbList","@id":"https:\/\/www.duonix.de\/agb\/#breadcrumb","itemListElement":[{"@type":"ListItem","position":1,"name":"Home","item":"https:\/\/www.duonix.de\/it\/"},{"@type":"ListItem","position":2,"name":"Allgemeine Gesch\u00e4ftsbedingungen"}]},{"@type":"WebSite","@id":"https:\/\/www.duonix.de\/#website","url":"https:\/\/www.duonix.de\/","name":"Dispositivo diagnostico per auto e moto Diagnosi","description":"Strumenti diagnostici per motocicli, autovetture, camion, sviluppo","potentialAction":[{"@type":"SearchAction","target":{"@type":"EntryPoint","urlTemplate":"https:\/\/www.duonix.de\/?s={search_term_string}"},"query-input":{"@type":"PropertyValueSpecification","valueRequired":true,"valueName":"search_term_string"}}],"inLanguage":"it-IT"}]}},"_links":{"self":[{"href":"https:\/\/www.duonix.de\/it\/wp-json\/wp\/v2\/pages\/1147","targetHints":{"allow":["GET"]}}],"collection":[{"href":"https:\/\/www.duonix.de\/it\/wp-json\/wp\/v2\/pages"}],"about":[{"href":"https:\/\/www.duonix.de\/it\/wp-json\/wp\/v2\/types\/page"}],"author":[{"embeddable":true,"href":"https:\/\/www.duonix.de\/it\/wp-json\/wp\/v2\/users\/1"}],"replies":[{"embeddable":true,"href":"https:\/\/www.duonix.de\/it\/wp-json\/wp\/v2\/comments?post=1147"}],"version-history":[{"count":3,"href":"https:\/\/www.duonix.de\/it\/wp-json\/wp\/v2\/pages\/1147\/revisions"}],"predecessor-version":[{"id":2594,"href":"https:\/\/www.duonix.de\/it\/wp-json\/wp\/v2\/pages\/1147\/revisions\/2594"}],"wp:attachment":[{"href":"https:\/\/www.duonix.de\/it\/wp-json\/wp\/v2\/media?parent=1147"}],"curies":[{"name":"wp","href":"https:\/\/api.w.org\/{rel}","templated":true}]}}