{"id":1162,"date":"2014-12-09T16:18:39","date_gmt":"2014-12-09T16:18:39","guid":{"rendered":"http:\/\/www.duonix.de\/update\/?lang=it"},"modified":"2021-11-09T09:26:03","modified_gmt":"2021-11-09T09:26:03","slug":"update","status":"publish","type":"page","link":"https:\/\/www.duonix.de\/it\/hilfe-support\/update\/","title":{"rendered":"Updates"},"content":{"rendered":"<h1>Updates<\/h1>\r\n<div>Qui troverai il nostro software di servizio attuale e gli aggiornamenti del firmware.<\/div>\r\n<div>\u00a0<\/div>\r\n\n<div class=\"uk-accordion uk-text-left uk-panel-box2\" data-uk-accordion=\"{showfirst: false}\">\n\n\n    <h3 class=\"uk-accordion-title\">Service Software mit Updates f\u00fcr HW6 und 7 z.B. Bike-Scan 100 Pro<\/h3>\n\n    <div class=\"uk-accordion-content\">\n\n        \n        \n        \n                <div class=\"uk-margin\"><strong>Das Update beinhaltete neue Funktionen sowie einige Funktionserweiterungen und Fehlerbehebungen.<br \/>\nVersion:\tFinal<br \/>\nDatum:\t27.05.2025<br \/>\n<br \/>\n<strong>Dieses Firmware Update ist nur mit der Hardwaregeneration HW:6 und HW:7 kompatibel.<\/strong><br>\n\n\n\n\n<br>\n\nInformation:<br>\n    \n    \n    \nDieses Update ist mit der HW1,2,3,4, und 5 nicht kompatibel.   Bei mutwilliger Durchf\u00fchrung f\u00fchrt dieses zu irreparablen Sch\u00e4den der Hardware.<\/div>\n        \n        \n                <p><a class=\"uk-button uk-button-large\" href=\"\/Updates\/Update_HW6_7_27.05.2025.exe\" target=\"_blank\">Download<\/a><\/p>\n        \n        \n    <\/div>\n\n\n    <h3 class=\"uk-accordion-title\">Software 1.3 Firmware Update BIKE-Scan 2 Pro<\/h3>\n\n    <div class=\"uk-accordion-content\">\n\n        \n        \n        \n        \n        \n                <p><a class=\"uk-button uk-button-large\" href=\"\/Updates\/BikeScanSetup1.3.exe\" target=\"_blank\">Download<\/a><\/p>\n        \n        \n    <\/div>\n\n\n<\/div>\n\r\n<p>&nbsp;<\/p>\r\n\r\n<div>\u00a0<\/div>","protected":false},"excerpt":{"rendered":"<p>Updates Qui troverai il nostro software di servizio attuale e gli aggiornamenti del firmware. \u00a0 &nbsp; \u00a0<\/p>\n","protected":false},"author":1,"featured_media":0,"parent":2947,"menu_order":0,"comment_status":"closed","ping_status":"closed","template":"","meta":{"footnotes":""},"class_list":["post-1162","page","type-page","status-publish","hentry"],"yoast_head":"<!-- This site is optimized with the Yoast SEO plugin v26.6 - https:\/\/yoast.com\/wordpress\/plugins\/seo\/ -->\n<title>Entwicklung KFZ Diagnosesysteme Fahrzeugdiagnose OBD<\/title>\n<meta name=\"description\" content=\"Qui troverai il nostro software di servizio attuale e gli aggiornamenti del firmware Softwareentwicklung Hardwareentwicklung\" \/>\n<meta name=\"robots\" content=\"index, follow, max-snippet:-1, max-image-preview:large, max-video-preview:-1\" \/>\n<link rel=\"canonical\" href=\"https:\/\/www.duonix.de\/it\/hilfe-support\/update\/\" \/>\n<meta property=\"og:locale\" content=\"it_IT\" \/>\n<meta property=\"og:type\" content=\"article\" \/>\n<meta property=\"og:title\" content=\"Entwicklung KFZ Diagnosesysteme Fahrzeugdiagnose OBD\" \/>\n<meta property=\"og:description\" content=\"Qui troverai il nostro software di servizio attuale e gli aggiornamenti del firmware Softwareentwicklung Hardwareentwicklung\" \/>\n<meta property=\"og:url\" content=\"https:\/\/www.duonix.de\/it\/hilfe-support\/update\/\" \/>\n<meta property=\"og:site_name\" content=\"Dispositivo diagnostico per auto e moto Diagnosi\" \/>\n<meta property=\"article:modified_time\" content=\"2021-11-09T09:26:03+00:00\" \/>\n<meta name=\"twitter:card\" content=\"summary_large_image\" \/>\n<script type=\"application\/ld+json\" class=\"yoast-schema-graph\">{\"@context\":\"https:\/\/schema.org\",\"@graph\":[{\"@type\":\"WebPage\",\"@id\":\"https:\/\/www.duonix.de\/it\/hilfe-support\/update\/\",\"url\":\"https:\/\/www.duonix.de\/it\/hilfe-support\/update\/\",\"name\":\"Entwicklung KFZ Diagnosesysteme Fahrzeugdiagnose OBD\",\"isPartOf\":{\"@id\":\"https:\/\/www.duonix.de\/#website\"},\"datePublished\":\"2014-12-09T16:18:39+00:00\",\"dateModified\":\"2021-11-09T09:26:03+00:00\",\"description\":\"Qui troverai il nostro software di servizio attuale e gli aggiornamenti del firmware Softwareentwicklung Hardwareentwicklung\",\"breadcrumb\":{\"@id\":\"https:\/\/www.duonix.de\/it\/hilfe-support\/update\/#breadcrumb\"},\"inLanguage\":\"it-IT\",\"potentialAction\":[{\"@type\":\"ReadAction\",\"target\":[\"https:\/\/www.duonix.de\/it\/hilfe-support\/update\/\"]}]},{\"@type\":\"BreadcrumbList\",\"@id\":\"https:\/\/www.duonix.de\/it\/hilfe-support\/update\/#breadcrumb\",\"itemListElement\":[{\"@type\":\"ListItem\",\"position\":1,\"name\":\"Home\",\"item\":\"https:\/\/www.duonix.de\/it\/\"},{\"@type\":\"ListItem\",\"position\":2,\"name\":\"Aiuto e supporto\",\"item\":\"https:\/\/www.duonix.de\/it\/hilfe-support\/\"},{\"@type\":\"ListItem\",\"position\":3,\"name\":\"Updates\"}]},{\"@type\":\"WebSite\",\"@id\":\"https:\/\/www.duonix.de\/#website\",\"url\":\"https:\/\/www.duonix.de\/\",\"name\":\"Dispositivo diagnostico per auto e moto Diagnosi\",\"description\":\"Strumenti diagnostici per motocicli, autovetture, camion, sviluppo\",\"potentialAction\":[{\"@type\":\"SearchAction\",\"target\":{\"@type\":\"EntryPoint\",\"urlTemplate\":\"https:\/\/www.duonix.de\/?s={search_term_string}\"},\"query-input\":{\"@type\":\"PropertyValueSpecification\",\"valueRequired\":true,\"valueName\":\"search_term_string\"}}],\"inLanguage\":\"it-IT\"}]}<\/script>\n<!-- \/ Yoast SEO plugin. -->","yoast_head_json":{"title":"Entwicklung KFZ Diagnosesysteme Fahrzeugdiagnose OBD","description":"Qui troverai il nostro software di servizio attuale e gli aggiornamenti del firmware Softwareentwicklung Hardwareentwicklung","robots":{"index":"index","follow":"follow","max-snippet":"max-snippet:-1","max-image-preview":"max-image-preview:large","max-video-preview":"max-video-preview:-1"},"canonical":"https:\/\/www.duonix.de\/it\/hilfe-support\/update\/","og_locale":"it_IT","og_type":"article","og_title":"Entwicklung KFZ Diagnosesysteme Fahrzeugdiagnose OBD","og_description":"Qui troverai il nostro software di servizio attuale e gli aggiornamenti del firmware Softwareentwicklung Hardwareentwicklung","og_url":"https:\/\/www.duonix.de\/it\/hilfe-support\/update\/","og_site_name":"Dispositivo diagnostico per auto e moto Diagnosi","article_modified_time":"2021-11-09T09:26:03+00:00","twitter_card":"summary_large_image","schema":{"@context":"https:\/\/schema.org","@graph":[{"@type":"WebPage","@id":"https:\/\/www.duonix.de\/it\/hilfe-support\/update\/","url":"https:\/\/www.duonix.de\/it\/hilfe-support\/update\/","name":"Entwicklung KFZ Diagnosesysteme Fahrzeugdiagnose OBD","isPartOf":{"@id":"https:\/\/www.duonix.de\/#website"},"datePublished":"2014-12-09T16:18:39+00:00","dateModified":"2021-11-09T09:26:03+00:00","description":"Qui troverai il nostro software di servizio attuale e gli aggiornamenti del firmware Softwareentwicklung Hardwareentwicklung","breadcrumb":{"@id":"https:\/\/www.duonix.de\/it\/hilfe-support\/update\/#breadcrumb"},"inLanguage":"it-IT","potentialAction":[{"@type":"ReadAction","target":["https:\/\/www.duonix.de\/it\/hilfe-support\/update\/"]}]},{"@type":"BreadcrumbList","@id":"https:\/\/www.duonix.de\/it\/hilfe-support\/update\/#breadcrumb","itemListElement":[{"@type":"ListItem","position":1,"name":"Home","item":"https:\/\/www.duonix.de\/it\/"},{"@type":"ListItem","position":2,"name":"Aiuto e supporto","item":"https:\/\/www.duonix.de\/it\/hilfe-support\/"},{"@type":"ListItem","position":3,"name":"Updates"}]},{"@type":"WebSite","@id":"https:\/\/www.duonix.de\/#website","url":"https:\/\/www.duonix.de\/","name":"Dispositivo diagnostico per auto e moto Diagnosi","description":"Strumenti diagnostici per motocicli, autovetture, camion, sviluppo","potentialAction":[{"@type":"SearchAction","target":{"@type":"EntryPoint","urlTemplate":"https:\/\/www.duonix.de\/?s={search_term_string}"},"query-input":{"@type":"PropertyValueSpecification","valueRequired":true,"valueName":"search_term_string"}}],"inLanguage":"it-IT"}]}},"_links":{"self":[{"href":"https:\/\/www.duonix.de\/it\/wp-json\/wp\/v2\/pages\/1162","targetHints":{"allow":["GET"]}}],"collection":[{"href":"https:\/\/www.duonix.de\/it\/wp-json\/wp\/v2\/pages"}],"about":[{"href":"https:\/\/www.duonix.de\/it\/wp-json\/wp\/v2\/types\/page"}],"author":[{"embeddable":true,"href":"https:\/\/www.duonix.de\/it\/wp-json\/wp\/v2\/users\/1"}],"replies":[{"embeddable":true,"href":"https:\/\/www.duonix.de\/it\/wp-json\/wp\/v2\/comments?post=1162"}],"version-history":[{"count":6,"href":"https:\/\/www.duonix.de\/it\/wp-json\/wp\/v2\/pages\/1162\/revisions"}],"predecessor-version":[{"id":3056,"href":"https:\/\/www.duonix.de\/it\/wp-json\/wp\/v2\/pages\/1162\/revisions\/3056"}],"up":[{"embeddable":true,"href":"https:\/\/www.duonix.de\/it\/wp-json\/wp\/v2\/pages\/2947"}],"wp:attachment":[{"href":"https:\/\/www.duonix.de\/it\/wp-json\/wp\/v2\/media?parent=1162"}],"curies":[{"name":"wp","href":"https:\/\/api.w.org\/{rel}","templated":true}]}}