{"id":1194,"date":"2015-06-24T08:04:56","date_gmt":"2015-06-24T08:04:56","guid":{"rendered":"http:\/\/www.duonix.de\/produkte\/lkw\/?lang=it"},"modified":"2020-03-19T18:36:10","modified_gmt":"2020-03-19T18:36:10","slug":"lkw","status":"publish","type":"page","link":"https:\/\/www.duonix.de\/it\/produkte\/lkw\/","title":{"rendered":"LKW"},"content":{"rendered":"\n<div data-uk-slideshow=\"{duration: 1000,autoplay: true ,autoplayInterval: 3000,pauseOnHover: false,kenburns: '20s'}\">\n\n    <div class=\"uk-slidenav-position\">\n\n        <ul class=\"uk-slideshow\">\n        \n            <li style=\"min-height: 300px;\">\n\n                \n                    <img decoding=\"async\" src=\"\/wp-content\/uploads\/grau.jpg\" alt=\"Produkt\">\n                    \n                    \n                    \n                \n            <\/li>\n\n                <\/ul>\n\n                <a href=\"#\" class=\"uk-slidenav uk-slidenav-contrast uk-slidenav-previous uk-hidden-touch\" data-uk-slideshow-item=\"previous\"><\/a>\n        <a href=\"#\" class=\"uk-slidenav uk-slidenav-contrast uk-slidenav-next uk-hidden-touch\" data-uk-slideshow-item=\"next\"><\/a>\n        \n                <div class=\"uk-overlay-panel uk-overlay-bottom\">\n            \n<ul class=\"uk-dotnav uk-dotnav-contrast uk-flex-center\">\n    <li data-uk-slideshow-item=\"0\"><a href=\"#\">Produkt<\/a><\/li>\n<\/ul>\n        <\/div>\n        \n    <\/div>\n\n    \n<\/div>\n\r\n<h1 style=\"font-weight: 800;\">Duonix LKW Diagnoseger\u00e4t<\/h1>\r\n<p>LKW Scanner wurde Speziell f\u00fcr den Nutzfahrzeugbereich Entwickelt.<\/p>\r\n<p>Die Kommunikation erfolgt \u00fcber die CAN-Bus Schnittstelle im Fahrzeuginnenraum.\u00a0<\/p>\r\n<p>Unterst\u00fctzten LKW-Typen mit EU-5 &amp; EU-6 folgender Hersteller\u00a0 f\u00fcr Mercedes-Benz, MAN, Scania, DAF, Volvo, Renault und Iveco.<\/p>\r\n<p>Anwendungsbereich:\u00a0<\/p>\r\n<p>Antriebsstrang, Chassis, OBD<\/p>\r\n<p>\u00a0z.B. IST Werte<\/p>\r\n<ul>\r\n\t<li>Drehzahlmesser<\/li>\r\n\t<li>Betriebsstunden<\/li>\r\n\t<li>K\u00fchlwassertemperatur und -druck<\/li>\r\n\t<li>Motor\u00f6ltemperatur und \u2013 druck<\/li>\r\n\t<li>Ladedruck<\/li>\r\n\t<li>Kraftstoffverbrauch<\/li>\r\n\t<li>Ladespannung (Volt)<\/li>\r\n\t<li>Prozentuale Motorlast<\/li>\r\n\t<li>Prozentuales Drehmoment<\/li>\r\n\t<li>Nenndrehzahl<\/li>\r\n\t<li>VIN<\/li>\r\n\t<li>Software ID<\/li>\r\n\t<li>Getriebeinformationen (Gang, \u00d6ldruck, \u00d6ltemperatur)<\/li>\r\n<\/ul>\r\n<h2 style=\"font-weight: 800;\">Ausstattungspakete:<\/h2>\r\n<p>Als Einzelsystem oder in Kombination mit anderen Lizenzen erh\u00e4ltlich.<\/p>\r\n<h2 style=\"font-weight: 800;\">Lieferumfang:<\/h2>\r\n<p>Diagnoseger\u00e4t LKW , OBD-2, USB Kabel, Koffer und Anleitung<\/p>","protected":false},"excerpt":{"rendered":"<p>Duonix LKW Diagnoseger\u00e4t LKW Scanner wurde Speziell f\u00fcr den Nutzfahrzeugbereich Entwickelt. Die Kommunikation erfolgt \u00fcber die CAN-Bus Schnittstelle im Fahrzeuginnenraum.\u00a0 Unterst\u00fctzten LKW-Typen mit EU-5 &amp; EU-6 folgender Hersteller\u00a0 f\u00fcr Mercedes-Benz, MAN, Scania, DAF, Volvo, Renault und Iveco. Anwendungsbereich:\u00a0 Antriebsstrang, Chassis, OBD \u00a0z.B. IST Werte Drehzahlmesser Betriebsstunden K\u00fchlwassertemperatur und -druck Motor\u00f6ltemperatur und \u2013 druck Ladedruck Kraftstoffverbrauch [&hellip;]<\/p>\n","protected":false},"author":1,"featured_media":0,"parent":1182,"menu_order":0,"comment_status":"closed","ping_status":"closed","template":"","meta":{"footnotes":""},"class_list":["post-1194","page","type-page","status-publish","hentry"],"yoast_head":"<!-- This site is optimized with the Yoast SEO plugin v26.6 - https:\/\/yoast.com\/wordpress\/plugins\/seo\/ -->\n<title>LKW J1939 Diagnose Diagnoseger\u00e4t Software Tool OBD2 Diagnosesystem Handger\u00e4t Service<\/title>\n<meta name=\"description\" content=\"Nutzfahrzeuge EU5 EOBD J1939 Protokoll LKW Diagnoseger\u00e4t Diagnose Fehlerdiagnose Scanner Handger\u00e4t OBD2 Werkstatt Iveco MAN Mercedes Actros DAF Scania alle\" \/>\n<meta name=\"robots\" content=\"index, follow, max-snippet:-1, max-image-preview:large, max-video-preview:-1\" \/>\n<link rel=\"canonical\" href=\"https:\/\/www.duonix.de\/produkte\/lkw\/\" \/>\n<meta property=\"og:locale\" content=\"it_IT\" \/>\n<meta property=\"og:type\" content=\"article\" \/>\n<meta property=\"og:title\" content=\"LKW J1939 Diagnose Diagnoseger\u00e4t Software Tool OBD2 Diagnosesystem Handger\u00e4t Service\" \/>\n<meta property=\"og:description\" content=\"Nutzfahrzeuge EU5 EOBD J1939 Protokoll LKW Diagnoseger\u00e4t Diagnose Fehlerdiagnose Scanner Handger\u00e4t OBD2 Werkstatt Iveco MAN Mercedes Actros DAF Scania alle\" \/>\n<meta property=\"og:url\" content=\"https:\/\/www.duonix.de\/produkte\/lkw\/\" \/>\n<meta property=\"og:site_name\" content=\"Dispositivo diagnostico per auto e moto Diagnosi\" \/>\n<meta property=\"article:modified_time\" content=\"2020-03-19T18:36:10+00:00\" \/>\n<meta name=\"twitter:card\" content=\"summary_large_image\" \/>\n<script type=\"application\/ld+json\" class=\"yoast-schema-graph\">{\"@context\":\"https:\/\/schema.org\",\"@graph\":[{\"@type\":\"WebPage\",\"@id\":\"https:\/\/www.duonix.de\/produkte\/lkw\/\",\"url\":\"https:\/\/www.duonix.de\/produkte\/lkw\/\",\"name\":\"LKW J1939 Diagnose Diagnoseger\u00e4t Software Tool OBD2 Diagnosesystem Handger\u00e4t Service\",\"isPartOf\":{\"@id\":\"https:\/\/www.duonix.de\/#website\"},\"datePublished\":\"2015-06-24T08:04:56+00:00\",\"dateModified\":\"2020-03-19T18:36:10+00:00\",\"description\":\"Nutzfahrzeuge EU5 EOBD J1939 Protokoll LKW Diagnoseger\u00e4t Diagnose Fehlerdiagnose Scanner Handger\u00e4t OBD2 Werkstatt Iveco MAN Mercedes Actros DAF Scania alle\",\"breadcrumb\":{\"@id\":\"https:\/\/www.duonix.de\/produkte\/lkw\/#breadcrumb\"},\"inLanguage\":\"it-IT\",\"potentialAction\":[{\"@type\":\"ReadAction\",\"target\":[\"https:\/\/www.duonix.de\/produkte\/lkw\/\"]}]},{\"@type\":\"BreadcrumbList\",\"@id\":\"https:\/\/www.duonix.de\/produkte\/lkw\/#breadcrumb\",\"itemListElement\":[{\"@type\":\"ListItem\",\"position\":1,\"name\":\"Home\",\"item\":\"https:\/\/www.duonix.de\/it\/\"},{\"@type\":\"ListItem\",\"position\":2,\"name\":\"Produkte\",\"item\":\"https:\/\/www.duonix.de\/produkte\/\"},{\"@type\":\"ListItem\",\"position\":3,\"name\":\"LKW\"}]},{\"@type\":\"WebSite\",\"@id\":\"https:\/\/www.duonix.de\/#website\",\"url\":\"https:\/\/www.duonix.de\/\",\"name\":\"Dispositivo diagnostico per auto e moto Diagnosi\",\"description\":\"Strumenti diagnostici per motocicli, autovetture, camion, sviluppo\",\"potentialAction\":[{\"@type\":\"SearchAction\",\"target\":{\"@type\":\"EntryPoint\",\"urlTemplate\":\"https:\/\/www.duonix.de\/?s={search_term_string}\"},\"query-input\":{\"@type\":\"PropertyValueSpecification\",\"valueRequired\":true,\"valueName\":\"search_term_string\"}}],\"inLanguage\":\"it-IT\"}]}<\/script>\n<!-- \/ Yoast SEO plugin. -->","yoast_head_json":{"title":"LKW J1939 Diagnose Diagnoseger\u00e4t Software Tool OBD2 Diagnosesystem Handger\u00e4t Service","description":"Nutzfahrzeuge EU5 EOBD J1939 Protokoll LKW Diagnoseger\u00e4t Diagnose Fehlerdiagnose Scanner Handger\u00e4t OBD2 Werkstatt Iveco MAN Mercedes Actros DAF Scania alle","robots":{"index":"index","follow":"follow","max-snippet":"max-snippet:-1","max-image-preview":"max-image-preview:large","max-video-preview":"max-video-preview:-1"},"canonical":"https:\/\/www.duonix.de\/produkte\/lkw\/","og_locale":"it_IT","og_type":"article","og_title":"LKW J1939 Diagnose Diagnoseger\u00e4t Software Tool OBD2 Diagnosesystem Handger\u00e4t Service","og_description":"Nutzfahrzeuge EU5 EOBD J1939 Protokoll LKW Diagnoseger\u00e4t Diagnose Fehlerdiagnose Scanner Handger\u00e4t OBD2 Werkstatt Iveco MAN Mercedes Actros DAF Scania alle","og_url":"https:\/\/www.duonix.de\/produkte\/lkw\/","og_site_name":"Dispositivo diagnostico per auto e moto Diagnosi","article_modified_time":"2020-03-19T18:36:10+00:00","twitter_card":"summary_large_image","schema":{"@context":"https:\/\/schema.org","@graph":[{"@type":"WebPage","@id":"https:\/\/www.duonix.de\/produkte\/lkw\/","url":"https:\/\/www.duonix.de\/produkte\/lkw\/","name":"LKW J1939 Diagnose Diagnoseger\u00e4t Software Tool OBD2 Diagnosesystem Handger\u00e4t Service","isPartOf":{"@id":"https:\/\/www.duonix.de\/#website"},"datePublished":"2015-06-24T08:04:56+00:00","dateModified":"2020-03-19T18:36:10+00:00","description":"Nutzfahrzeuge EU5 EOBD J1939 Protokoll LKW Diagnoseger\u00e4t Diagnose Fehlerdiagnose Scanner Handger\u00e4t OBD2 Werkstatt Iveco MAN Mercedes Actros DAF Scania alle","breadcrumb":{"@id":"https:\/\/www.duonix.de\/produkte\/lkw\/#breadcrumb"},"inLanguage":"it-IT","potentialAction":[{"@type":"ReadAction","target":["https:\/\/www.duonix.de\/produkte\/lkw\/"]}]},{"@type":"BreadcrumbList","@id":"https:\/\/www.duonix.de\/produkte\/lkw\/#breadcrumb","itemListElement":[{"@type":"ListItem","position":1,"name":"Home","item":"https:\/\/www.duonix.de\/it\/"},{"@type":"ListItem","position":2,"name":"Produkte","item":"https:\/\/www.duonix.de\/produkte\/"},{"@type":"ListItem","position":3,"name":"LKW"}]},{"@type":"WebSite","@id":"https:\/\/www.duonix.de\/#website","url":"https:\/\/www.duonix.de\/","name":"Dispositivo diagnostico per auto e moto Diagnosi","description":"Strumenti diagnostici per motocicli, autovetture, camion, sviluppo","potentialAction":[{"@type":"SearchAction","target":{"@type":"EntryPoint","urlTemplate":"https:\/\/www.duonix.de\/?s={search_term_string}"},"query-input":{"@type":"PropertyValueSpecification","valueRequired":true,"valueName":"search_term_string"}}],"inLanguage":"it-IT"}]}},"_links":{"self":[{"href":"https:\/\/www.duonix.de\/it\/wp-json\/wp\/v2\/pages\/1194","targetHints":{"allow":["GET"]}}],"collection":[{"href":"https:\/\/www.duonix.de\/it\/wp-json\/wp\/v2\/pages"}],"about":[{"href":"https:\/\/www.duonix.de\/it\/wp-json\/wp\/v2\/types\/page"}],"author":[{"embeddable":true,"href":"https:\/\/www.duonix.de\/it\/wp-json\/wp\/v2\/users\/1"}],"replies":[{"embeddable":true,"href":"https:\/\/www.duonix.de\/it\/wp-json\/wp\/v2\/comments?post=1194"}],"version-history":[{"count":5,"href":"https:\/\/www.duonix.de\/it\/wp-json\/wp\/v2\/pages\/1194\/revisions"}],"predecessor-version":[{"id":2473,"href":"https:\/\/www.duonix.de\/it\/wp-json\/wp\/v2\/pages\/1194\/revisions\/2473"}],"up":[{"embeddable":true,"href":"https:\/\/www.duonix.de\/it\/wp-json\/wp\/v2\/pages\/1182"}],"wp:attachment":[{"href":"https:\/\/www.duonix.de\/it\/wp-json\/wp\/v2\/media?parent=1194"}],"curies":[{"name":"wp","href":"https:\/\/api.w.org\/{rel}","templated":true}]}}