{"id":1210,"date":"2015-06-24T08:03:43","date_gmt":"2015-06-24T08:03:43","guid":{"rendered":"http:\/\/www.duonix.de\/produkte\/opel\/?lang=it"},"modified":"2020-03-19T18:33:18","modified_gmt":"2020-03-19T18:33:18","slug":"opel","status":"publish","type":"page","link":"https:\/\/www.duonix.de\/it\/produkte\/opel\/","title":{"rendered":"Diagnose f\u00fcr Opel"},"content":{"rendered":"\n<div data-uk-slideshow=\"{duration: 1000,autoplay: true ,autoplayInterval: 3000,pauseOnHover: false,kenburns: '20s'}\">\n\n    <div class=\"uk-slidenav-position\">\n\n        <ul class=\"uk-slideshow\">\n        \n            <li style=\"min-height: 300px;\">\n\n                \n                    <img decoding=\"async\" src=\"\/wp-content\/uploads\/grau.jpg\" alt=\"Produkt\">\n                    \n                    \n                    \n                \n            <\/li>\n\n                <\/ul>\n\n                <a href=\"#\" class=\"uk-slidenav uk-slidenav-contrast uk-slidenav-previous uk-hidden-touch\" data-uk-slideshow-item=\"previous\"><\/a>\n        <a href=\"#\" class=\"uk-slidenav uk-slidenav-contrast uk-slidenav-next uk-hidden-touch\" data-uk-slideshow-item=\"next\"><\/a>\n        \n                <div class=\"uk-overlay-panel uk-overlay-bottom\">\n            \n<ul class=\"uk-dotnav uk-dotnav-contrast uk-flex-center\">\n    <li data-uk-slideshow-item=\"0\"><a href=\"#\">Produkt<\/a><\/li>\n<\/ul>\n        <\/div>\n        \n    <\/div>\n\n    \n<\/div>\n\r\n<h1>Duonix Diagnoseger\u00e4t Effektive und genaue Fehleranalyse f\u00fcr viele Opel Fahrzeugmodelle.<\/h1>\r\n<p>Das Diagnosesystem deckt die komplette Fehlerspeicherdiagnose bei Opel Fahrzeugen ab. Die Steuerger\u00e4tdiagnose erfolgt Fahrzeugspezifisch um den Zugriff auf die meisten Steuergr\u00e4te zu gew\u00e4hrleisten.\u00a0<\/p>\r\n<p><b>Sonderfunktionen<\/b><\/p>\r\n<ul>\r\n\t<li>Serviceintervall R\u00fcckstellung f\u00fcr OBD1 und OBD2<\/li>\r\n<\/ul>\r\n<p><b>Unterst\u00fctze Protokolle<\/b><\/p>\r\n<ul>\r\n\t<li>KW82<\/li>\r\n\t<li>KWP-2000<\/li>\r\n\t<li>CAN-<em>Single<\/em>-Wire-System<\/li>\r\n\t<li>CAN-Low-<em>Speed<\/em>-System<\/li>\r\n\t<li>CAN-High-<em>Speed-System<\/em><\/li>\r\n<\/ul>\r\n<p>&nbsp;<\/p>\r\n<h2>Technische Eigenschaften:<\/h2>\r\n<p><strong>Unterst\u00fctzte Modelle: alle mit OBD-2 Stecker ab Bj.1996 &#8211; 2017<\/strong><\/p>\r\n<h2>Unterst\u00fctzte Steuerger\u00e4te:<\/h2>\r\n<p>* Motorsteuerger\u00e4t<br \/>\r\n* Getriebesteuerung<br \/>\r\n* ABS\/ESP Steuerger\u00e4t<br \/>\r\n* Instrumentenkombi<br \/>\r\n* Servolenkung<br \/>\r\n* Diebstahlwarnanlage<br \/>\r\n* Wegfahrsperre<br \/>\r\n* Dev. Display Systeme<br \/>\r\n* GPS<br \/>\r\n* CD-Wechsler<br \/>\r\n* Zusatzheizer<br \/>\r\n* Klimaregelung<br \/>\r\n* Reifendruckkontrollsystem<br \/>\r\n* D\u00e4mpferkontrolle<br \/>\r\n* Parkpilot<br \/>\r\n* Leuchtweitenregelung<br \/>\r\n* Pass-Start Steuerger\u00e4t<br \/>\r\n* Entertaiment Head Unit<br \/>\r\n* Mobile Phone Portal<br \/>\r\n* Digital Audio Broadcast<br \/>\r\n* etc&#8230;&#8230;..<\/p>\r\n<h2>Ger\u00e4temen\u00fc:<\/h2>\r\n<p><img loading=\"lazy\" decoding=\"async\" class=\"alignnone size-full wp-image-1087\" src=\"https:\/\/www.duonix.de\/wp-content\/uploads\/opelmenu.jpg\" alt=\"opelmenu\" width=\"499\" height=\"518\" \/><\/p>\r\n<p>&nbsp;<\/p>\r\n<h2>Ausstattungspakete:<\/h2>\r\n<p>Als Einzelsystem oder in Kombination mit anderen Lizenzen erh\u00e4ltlich.<\/p>\r\n<h2>Lieferumfang:<\/h2>\r\n<p>Diagnoseger\u00e4t, Koffer, USB, OBD-2 Kabel, Anleitung<\/p>","protected":false},"excerpt":{"rendered":"<p>Duonix Diagnoseger\u00e4t Effektive und genaue Fehleranalyse f\u00fcr viele Opel Fahrzeugmodelle. Das Diagnosesystem deckt die komplette Fehlerspeicherdiagnose bei Opel Fahrzeugen ab. Die Steuerger\u00e4tdiagnose erfolgt Fahrzeugspezifisch um den Zugriff auf die meisten Steuergr\u00e4te zu gew\u00e4hrleisten.\u00a0 Sonderfunktionen Serviceintervall R\u00fcckstellung f\u00fcr OBD1 und OBD2 Unterst\u00fctze Protokolle KW82 KWP-2000 CAN-Single-Wire-System CAN-Low-Speed-System CAN-High-Speed-System &nbsp; Technische Eigenschaften: Unterst\u00fctzte Modelle: alle mit OBD-2 [&hellip;]<\/p>\n","protected":false},"author":1,"featured_media":0,"parent":1182,"menu_order":0,"comment_status":"closed","ping_status":"open","template":"","meta":{"footnotes":""},"class_list":["post-1210","page","type-page","status-publish","hentry"],"yoast_head":"<!-- This site is optimized with the Yoast SEO plugin v26.6 - https:\/\/yoast.com\/wordpress\/plugins\/seo\/ -->\n<title>Opel Diagnose Diagnoseger\u00e4t Fahrzeugdiagnose OBD2<\/title>\n<meta name=\"description\" content=\"Opel Diagnose Diagnoseger\u00e4t Fahrzeugdiagnose OBD2\" \/>\n<meta name=\"robots\" content=\"index, follow, max-snippet:-1, max-image-preview:large, max-video-preview:-1\" \/>\n<link rel=\"canonical\" href=\"https:\/\/www.duonix.de\/produkte\/opel\/\" \/>\n<meta property=\"og:locale\" content=\"it_IT\" \/>\n<meta property=\"og:type\" content=\"article\" \/>\n<meta property=\"og:title\" content=\"Opel Diagnose Diagnoseger\u00e4t Fahrzeugdiagnose OBD2\" \/>\n<meta property=\"og:description\" content=\"Opel Diagnose Diagnoseger\u00e4t Fahrzeugdiagnose OBD2\" \/>\n<meta property=\"og:url\" content=\"https:\/\/www.duonix.de\/produkte\/opel\/\" \/>\n<meta property=\"og:site_name\" content=\"Dispositivo diagnostico per auto e moto Diagnosi\" \/>\n<meta property=\"article:modified_time\" content=\"2020-03-19T18:33:18+00:00\" \/>\n<meta property=\"og:image\" content=\"https:\/\/www.duonix.de\/wp-content\/uploads\/opelmenu.jpg\" \/>\n<meta name=\"twitter:card\" content=\"summary_large_image\" \/>\n<meta name=\"twitter:label1\" content=\"Tempo di lettura stimato\" \/>\n\t<meta name=\"twitter:data1\" content=\"1 minuto\" \/>\n<script type=\"application\/ld+json\" class=\"yoast-schema-graph\">{\"@context\":\"https:\/\/schema.org\",\"@graph\":[{\"@type\":\"WebPage\",\"@id\":\"https:\/\/www.duonix.de\/produkte\/opel\/\",\"url\":\"https:\/\/www.duonix.de\/produkte\/opel\/\",\"name\":\"Opel Diagnose Diagnoseger\u00e4t Fahrzeugdiagnose OBD2\",\"isPartOf\":{\"@id\":\"https:\/\/www.duonix.de\/#website\"},\"primaryImageOfPage\":{\"@id\":\"https:\/\/www.duonix.de\/produkte\/opel\/#primaryimage\"},\"image\":{\"@id\":\"https:\/\/www.duonix.de\/produkte\/opel\/#primaryimage\"},\"thumbnailUrl\":\"https:\/\/www.duonix.de\/wp-content\/uploads\/opelmenu.jpg\",\"datePublished\":\"2015-06-24T08:03:43+00:00\",\"dateModified\":\"2020-03-19T18:33:18+00:00\",\"description\":\"Opel Diagnose Diagnoseger\u00e4t Fahrzeugdiagnose OBD2\",\"breadcrumb\":{\"@id\":\"https:\/\/www.duonix.de\/produkte\/opel\/#breadcrumb\"},\"inLanguage\":\"it-IT\",\"potentialAction\":[{\"@type\":\"ReadAction\",\"target\":[\"https:\/\/www.duonix.de\/produkte\/opel\/\"]}]},{\"@type\":\"ImageObject\",\"inLanguage\":\"it-IT\",\"@id\":\"https:\/\/www.duonix.de\/produkte\/opel\/#primaryimage\",\"url\":\"https:\/\/www.duonix.de\/wp-content\/uploads\/opelmenu.jpg\",\"contentUrl\":\"https:\/\/www.duonix.de\/wp-content\/uploads\/opelmenu.jpg\"},{\"@type\":\"BreadcrumbList\",\"@id\":\"https:\/\/www.duonix.de\/produkte\/opel\/#breadcrumb\",\"itemListElement\":[{\"@type\":\"ListItem\",\"position\":1,\"name\":\"Home\",\"item\":\"https:\/\/www.duonix.de\/it\/\"},{\"@type\":\"ListItem\",\"position\":2,\"name\":\"Produkte\",\"item\":\"https:\/\/www.duonix.de\/produkte\/\"},{\"@type\":\"ListItem\",\"position\":3,\"name\":\"Diagnose f\u00fcr Opel\"}]},{\"@type\":\"WebSite\",\"@id\":\"https:\/\/www.duonix.de\/#website\",\"url\":\"https:\/\/www.duonix.de\/\",\"name\":\"Dispositivo diagnostico per auto e moto Diagnosi\",\"description\":\"Strumenti diagnostici per motocicli, autovetture, camion, sviluppo\",\"potentialAction\":[{\"@type\":\"SearchAction\",\"target\":{\"@type\":\"EntryPoint\",\"urlTemplate\":\"https:\/\/www.duonix.de\/?s={search_term_string}\"},\"query-input\":{\"@type\":\"PropertyValueSpecification\",\"valueRequired\":true,\"valueName\":\"search_term_string\"}}],\"inLanguage\":\"it-IT\"}]}<\/script>\n<!-- \/ Yoast SEO plugin. -->","yoast_head_json":{"title":"Opel Diagnose Diagnoseger\u00e4t Fahrzeugdiagnose OBD2","description":"Opel Diagnose Diagnoseger\u00e4t Fahrzeugdiagnose OBD2","robots":{"index":"index","follow":"follow","max-snippet":"max-snippet:-1","max-image-preview":"max-image-preview:large","max-video-preview":"max-video-preview:-1"},"canonical":"https:\/\/www.duonix.de\/produkte\/opel\/","og_locale":"it_IT","og_type":"article","og_title":"Opel Diagnose Diagnoseger\u00e4t Fahrzeugdiagnose OBD2","og_description":"Opel Diagnose Diagnoseger\u00e4t Fahrzeugdiagnose OBD2","og_url":"https:\/\/www.duonix.de\/produkte\/opel\/","og_site_name":"Dispositivo diagnostico per auto e moto Diagnosi","article_modified_time":"2020-03-19T18:33:18+00:00","og_image":[{"url":"https:\/\/www.duonix.de\/wp-content\/uploads\/opelmenu.jpg","type":"","width":"","height":""}],"twitter_card":"summary_large_image","twitter_misc":{"Tempo di lettura stimato":"1 minuto"},"schema":{"@context":"https:\/\/schema.org","@graph":[{"@type":"WebPage","@id":"https:\/\/www.duonix.de\/produkte\/opel\/","url":"https:\/\/www.duonix.de\/produkte\/opel\/","name":"Opel Diagnose Diagnoseger\u00e4t Fahrzeugdiagnose OBD2","isPartOf":{"@id":"https:\/\/www.duonix.de\/#website"},"primaryImageOfPage":{"@id":"https:\/\/www.duonix.de\/produkte\/opel\/#primaryimage"},"image":{"@id":"https:\/\/www.duonix.de\/produkte\/opel\/#primaryimage"},"thumbnailUrl":"https:\/\/www.duonix.de\/wp-content\/uploads\/opelmenu.jpg","datePublished":"2015-06-24T08:03:43+00:00","dateModified":"2020-03-19T18:33:18+00:00","description":"Opel Diagnose Diagnoseger\u00e4t Fahrzeugdiagnose OBD2","breadcrumb":{"@id":"https:\/\/www.duonix.de\/produkte\/opel\/#breadcrumb"},"inLanguage":"it-IT","potentialAction":[{"@type":"ReadAction","target":["https:\/\/www.duonix.de\/produkte\/opel\/"]}]},{"@type":"ImageObject","inLanguage":"it-IT","@id":"https:\/\/www.duonix.de\/produkte\/opel\/#primaryimage","url":"https:\/\/www.duonix.de\/wp-content\/uploads\/opelmenu.jpg","contentUrl":"https:\/\/www.duonix.de\/wp-content\/uploads\/opelmenu.jpg"},{"@type":"BreadcrumbList","@id":"https:\/\/www.duonix.de\/produkte\/opel\/#breadcrumb","itemListElement":[{"@type":"ListItem","position":1,"name":"Home","item":"https:\/\/www.duonix.de\/it\/"},{"@type":"ListItem","position":2,"name":"Produkte","item":"https:\/\/www.duonix.de\/produkte\/"},{"@type":"ListItem","position":3,"name":"Diagnose f\u00fcr Opel"}]},{"@type":"WebSite","@id":"https:\/\/www.duonix.de\/#website","url":"https:\/\/www.duonix.de\/","name":"Dispositivo diagnostico per auto e moto Diagnosi","description":"Strumenti diagnostici per motocicli, autovetture, camion, sviluppo","potentialAction":[{"@type":"SearchAction","target":{"@type":"EntryPoint","urlTemplate":"https:\/\/www.duonix.de\/?s={search_term_string}"},"query-input":{"@type":"PropertyValueSpecification","valueRequired":true,"valueName":"search_term_string"}}],"inLanguage":"it-IT"}]}},"_links":{"self":[{"href":"https:\/\/www.duonix.de\/it\/wp-json\/wp\/v2\/pages\/1210","targetHints":{"allow":["GET"]}}],"collection":[{"href":"https:\/\/www.duonix.de\/it\/wp-json\/wp\/v2\/pages"}],"about":[{"href":"https:\/\/www.duonix.de\/it\/wp-json\/wp\/v2\/types\/page"}],"author":[{"embeddable":true,"href":"https:\/\/www.duonix.de\/it\/wp-json\/wp\/v2\/users\/1"}],"replies":[{"embeddable":true,"href":"https:\/\/www.duonix.de\/it\/wp-json\/wp\/v2\/comments?post=1210"}],"version-history":[{"count":8,"href":"https:\/\/www.duonix.de\/it\/wp-json\/wp\/v2\/pages\/1210\/revisions"}],"predecessor-version":[{"id":2467,"href":"https:\/\/www.duonix.de\/it\/wp-json\/wp\/v2\/pages\/1210\/revisions\/2467"}],"up":[{"embeddable":true,"href":"https:\/\/www.duonix.de\/it\/wp-json\/wp\/v2\/pages\/1182"}],"wp:attachment":[{"href":"https:\/\/www.duonix.de\/it\/wp-json\/wp\/v2\/media?parent=1210"}],"curies":[{"name":"wp","href":"https:\/\/api.w.org\/{rel}","templated":true}]}}