{"id":1218,"date":"2011-06-08T11:32:55","date_gmt":"2011-06-08T11:32:55","guid":{"rendered":"http:\/\/www.duonix.de\/produkte\/vag\/?lang=it"},"modified":"2020-03-03T12:23:45","modified_gmt":"2020-03-03T12:23:45","slug":"vag","status":"publish","type":"page","link":"https:\/\/www.duonix.de\/it\/produkte\/vag\/","title":{"rendered":"Diagnose f\u00fcr VW-Audi-Seat-Skoda"},"content":{"rendered":"\n<div data-uk-slideshow=\"{duration: 1000,autoplay: true ,autoplayInterval: 3000,pauseOnHover: false,kenburns: '20s'}\">\n\n    <div class=\"uk-slidenav-position\">\n\n        <ul class=\"uk-slideshow\">\n        \n            <li style=\"min-height: 300px;\">\n\n                \n                    <img decoding=\"async\" src=\"\/wp-content\/uploads\/grau.jpg\" alt=\"Produkt VAG\">\n                    \n                    \n                    \n                \n            <\/li>\n\n        \n            <li style=\"min-height: 300px;\">\n\n                \n                    <img decoding=\"async\" src=\"\/wp-content\/uploads\/P6031786.jpg\" alt=\"P6031786\">\n                    \n                    \n                    \n                \n            <\/li>\n\n        \n            <li style=\"min-height: 300px;\">\n\n                \n                    <img decoding=\"async\" src=\"\/wp-content\/uploads\/P6031778.jpg\" alt=\"P6031778\">\n                    \n                    \n                    \n                \n            <\/li>\n\n                <\/ul>\n\n                <a href=\"#\" class=\"uk-slidenav uk-slidenav-contrast uk-slidenav-previous uk-hidden-touch\" data-uk-slideshow-item=\"previous\"><\/a>\n        <a href=\"#\" class=\"uk-slidenav uk-slidenav-contrast uk-slidenav-next uk-hidden-touch\" data-uk-slideshow-item=\"next\"><\/a>\n        \n                <div class=\"uk-overlay-panel uk-overlay-bottom\">\n            \n<ul class=\"uk-dotnav uk-dotnav-contrast uk-flex-center\">\n    <li data-uk-slideshow-item=\"0\"><a href=\"#\">Produkt VAG<\/a><\/li>\n    <li data-uk-slideshow-item=\"1\"><a href=\"#\">P6031786<\/a><\/li>\n    <li data-uk-slideshow-item=\"2\"><a href=\"#\">P6031778<\/a><\/li>\n<\/ul>\n        <\/div>\n        \n    <\/div>\n\n    \n<\/div>\n\r\n<h1>Duonix Diagnoseger\u00e4t , Effektive und genaue Fehleranalyse f\u00fcr V.A.G VW Audi Seat und Skoda Fahrzeugmodelle<\/h1>\r\n<p>Das Diagnosesystem deckt die meisten Steuerger\u00e4te (Fehlerspeicherdiagnose) bei V.A.G Fahrzeugen ab. Die Steuerger\u00e4tdiagnose erfolgt Fahrzeugspezifisch um den Zugriff auf die meisten Steuergr\u00e4te zu gew\u00e4hrleisten.\u00a0<\/p>\r\n<p><b>Unterst\u00fctze Protokolle<\/b><\/p>\r\n<ul>\r\n\t<li>KWP-1281<\/li>\r\n\t<li>KWP-2000<\/li>\r\n\t<li>CAN- BUS<\/li>\r\n\t<li>UDS ON CAN<\/li>\r\n<\/ul>\r\n<p><b>Sonderfunktion*<\/b><\/p>\r\n<ul>\r\n\t<li>Spezifische Live-Daten (MWB = Messwertbl\u00f6cke)**<\/li>\r\n\t<li>\u00d6ffnen der Feststellbremse (EPB) z.B. f\u00fcr Passat 3C , Audi A6, A4 etc..<\/li>\r\n\t<li>Service Reset WIV an UDS Fahrzeugen z.B. f\u00fcr Golf6 , Golf7<\/li>\r\n\t<li>Batterie Codierung<\/li>\r\n\t<li>Serviceintervall R\u00fcckstellung f\u00fcr OBD1 und OBD2 inkl. Longlife<\/li>\r\n\t<li>Injektor Codierung<\/li>\r\n<\/ul>\r\n<h6>*(Diese Funktionen stehen nicht f\u00fcr alle Modelle, Motorvarianten und Steuerger\u00e4te zu Verf\u00fcgung.)<\/h6>\r\n<h2>Technische Eigenschaften:<\/h2>\r\n<p>Unterst\u00fctz VW, Audi, Seat und Skoda Modelle ab Bj. 1996- 2018<br \/>\r\n\u00a0<\/p>\r\n<p>F\u00fcr Audi A6 A2 A4 A3 A8 A7 A5 A1 Q5 Q7 Q3 R8 Quattro<\/p>\r\n<p>F\u00fcr VW: Passat 3BG B5 B6 B7 B8 CC Golf 3 4 5 6 7 Tiguan Sharan Lupo Fox Polo Jetta scirocco Caddy SharanTouran Amarok T4 T5 T6 Touareg Beetle R-line<\/p>\r\n<p>F\u00fcr Skoda: Citago Octavia Rapid Fabian Yeti Superb<\/p>\r\n<p>F\u00fcr Seat: Ibiza Toledo Leon Altea Alhambra Cupra 4drive Mii<\/p>\r\n<h2>Unterst\u00fctzte Steuerger\u00e4te:<\/h2>\r\n<p>* Motorelektronik<br \/>\r\n* Airbag SRS<br \/>\r\n* Zentralelektrik<br \/>\r\n* Automatikgetriebe<br \/>\r\n* ABS &#8211; Antiblockiersystem<br \/>\r\n* Standheizung<br \/>\r\n* Zentralverriegelung<br \/>\r\n* Klimaanlage<br \/>\r\n* Regensensor<br \/>\r\n* Diagnoseschnittstelle\u00a0<br \/>\r\n* Navigation<br \/>\r\n* Radio<br \/>\r\n* Bremsenelektronik\u00a0<br \/>\r\n* Lenkradelektronik<br \/>\r\n* Wegfahrsperre<br \/>\r\n* Allrad<br \/>\r\n* Kombiinstrument<br \/>\r\n* Soundsystem<br \/>\r\n* Kupplungselektronik\u00a0<br \/>\r\n* Leuchtweitenregulierung<br \/>\r\n* Komfortsystem<br \/>\r\n* Einparkhilfe\u00a0<br \/>\r\n* Reifendruck<br \/>\r\n* Radd\u00e4mpfung<br \/>\r\n* Fahrwerkssteuerung<br \/>\r\n* Telefon<br \/>\r\n* Dieselpumpe<br \/>\r\n* Batterieladerger\u00e4t<br \/>\r\n* Diebstahlwarnanlage<br \/>\r\n* TV Tuner<br \/>\r\n* Lenkhilfe<\/p>\r\n<h2>Ger\u00e4temen\u00fc:\u00a0<\/h2>\r\n<p><img loading=\"lazy\" decoding=\"async\" class=\"alignnone size-full wp-image-1081\" src=\"https:\/\/www.duonix.de\/wp-content\/uploads\/vagmenu.jpg\" alt=\"vagmenu\" width=\"505\" height=\"515\" \/><\/p>\r\n<p>&nbsp;<\/p>\r\n<p>&nbsp;<\/p>\r\n<h2>Lieferumfang:<\/h2>\r\n<p>Ger\u00e4t, Koffer, OBD-2 &amp; USB Kabel und Anleitung.<\/p>","protected":false},"excerpt":{"rendered":"<p>Duonix Diagnoseger\u00e4t , Effektive und genaue Fehleranalyse f\u00fcr V.A.G VW Audi Seat und Skoda Fahrzeugmodelle Das Diagnosesystem deckt die meisten Steuerger\u00e4te (Fehlerspeicherdiagnose) bei V.A.G Fahrzeugen ab. Die Steuerger\u00e4tdiagnose erfolgt Fahrzeugspezifisch um den Zugriff auf die meisten Steuergr\u00e4te zu gew\u00e4hrleisten.\u00a0 Unterst\u00fctze Protokolle KWP-1281 KWP-2000 CAN- BUS UDS ON CAN Sonderfunktion* Spezifische Live-Daten (MWB = Messwertbl\u00f6cke)** \u00d6ffnen [&hellip;]<\/p>\n","protected":false},"author":1,"featured_media":0,"parent":1182,"menu_order":0,"comment_status":"closed","ping_status":"closed","template":"","meta":{"footnotes":""},"class_list":["post-1218","page","type-page","status-publish","hentry"],"yoast_head":"<!-- This site is optimized with the Yoast SEO plugin v26.6 - https:\/\/yoast.com\/wordpress\/plugins\/seo\/ -->\n<title>VW Audi Seat Skoda Diagnoseger\u00e4t f\u00fcr VAG Gruppe Diagnose OBD2<\/title>\n<meta name=\"description\" content=\"VW Audi Seat Skoda Diagnoseger\u00e4t f\u00fcr VAG Gruppe Diagnose OBD2\" \/>\n<meta name=\"robots\" content=\"index, follow, max-snippet:-1, max-image-preview:large, max-video-preview:-1\" \/>\n<link rel=\"canonical\" href=\"https:\/\/www.duonix.de\/produkte\/vag\/\" \/>\n<meta property=\"og:locale\" content=\"it_IT\" \/>\n<meta property=\"og:type\" content=\"article\" \/>\n<meta property=\"og:title\" content=\"VW Audi Seat Skoda Diagnoseger\u00e4t f\u00fcr VAG Gruppe Diagnose OBD2\" \/>\n<meta property=\"og:description\" content=\"VW Audi Seat Skoda Diagnoseger\u00e4t f\u00fcr VAG Gruppe Diagnose OBD2\" \/>\n<meta property=\"og:url\" content=\"https:\/\/www.duonix.de\/produkte\/vag\/\" \/>\n<meta property=\"og:site_name\" content=\"Dispositivo diagnostico per auto e moto Diagnosi\" \/>\n<meta property=\"article:modified_time\" content=\"2020-03-03T12:23:45+00:00\" \/>\n<meta property=\"og:image\" content=\"https:\/\/www.duonix.de\/wp-content\/uploads\/vagmenu.jpg\" \/>\n<meta name=\"twitter:card\" content=\"summary_large_image\" \/>\n<meta name=\"twitter:label1\" content=\"Tempo di lettura stimato\" \/>\n\t<meta name=\"twitter:data1\" content=\"1 minuto\" \/>\n<script type=\"application\/ld+json\" class=\"yoast-schema-graph\">{\"@context\":\"https:\/\/schema.org\",\"@graph\":[{\"@type\":\"WebPage\",\"@id\":\"https:\/\/www.duonix.de\/produkte\/vag\/\",\"url\":\"https:\/\/www.duonix.de\/produkte\/vag\/\",\"name\":\"VW Audi Seat Skoda Diagnoseger\u00e4t f\u00fcr VAG Gruppe Diagnose OBD2\",\"isPartOf\":{\"@id\":\"https:\/\/www.duonix.de\/#website\"},\"primaryImageOfPage\":{\"@id\":\"https:\/\/www.duonix.de\/produkte\/vag\/#primaryimage\"},\"image\":{\"@id\":\"https:\/\/www.duonix.de\/produkte\/vag\/#primaryimage\"},\"thumbnailUrl\":\"https:\/\/www.duonix.de\/wp-content\/uploads\/vagmenu.jpg\",\"datePublished\":\"2011-06-08T11:32:55+00:00\",\"dateModified\":\"2020-03-03T12:23:45+00:00\",\"description\":\"VW Audi Seat Skoda Diagnoseger\u00e4t f\u00fcr VAG Gruppe Diagnose OBD2\",\"breadcrumb\":{\"@id\":\"https:\/\/www.duonix.de\/produkte\/vag\/#breadcrumb\"},\"inLanguage\":\"it-IT\",\"potentialAction\":[{\"@type\":\"ReadAction\",\"target\":[\"https:\/\/www.duonix.de\/produkte\/vag\/\"]}]},{\"@type\":\"ImageObject\",\"inLanguage\":\"it-IT\",\"@id\":\"https:\/\/www.duonix.de\/produkte\/vag\/#primaryimage\",\"url\":\"https:\/\/www.duonix.de\/wp-content\/uploads\/vagmenu.jpg\",\"contentUrl\":\"https:\/\/www.duonix.de\/wp-content\/uploads\/vagmenu.jpg\"},{\"@type\":\"BreadcrumbList\",\"@id\":\"https:\/\/www.duonix.de\/produkte\/vag\/#breadcrumb\",\"itemListElement\":[{\"@type\":\"ListItem\",\"position\":1,\"name\":\"Home\",\"item\":\"https:\/\/www.duonix.de\/it\/\"},{\"@type\":\"ListItem\",\"position\":2,\"name\":\"Produkte\",\"item\":\"https:\/\/www.duonix.de\/produkte\/\"},{\"@type\":\"ListItem\",\"position\":3,\"name\":\"Diagnose f\u00fcr VW-Audi-Seat-Skoda\"}]},{\"@type\":\"WebSite\",\"@id\":\"https:\/\/www.duonix.de\/#website\",\"url\":\"https:\/\/www.duonix.de\/\",\"name\":\"Dispositivo diagnostico per auto e moto Diagnosi\",\"description\":\"Strumenti diagnostici per motocicli, autovetture, camion, sviluppo\",\"potentialAction\":[{\"@type\":\"SearchAction\",\"target\":{\"@type\":\"EntryPoint\",\"urlTemplate\":\"https:\/\/www.duonix.de\/?s={search_term_string}\"},\"query-input\":{\"@type\":\"PropertyValueSpecification\",\"valueRequired\":true,\"valueName\":\"search_term_string\"}}],\"inLanguage\":\"it-IT\"}]}<\/script>\n<!-- \/ Yoast SEO plugin. -->","yoast_head_json":{"title":"VW Audi Seat Skoda Diagnoseger\u00e4t f\u00fcr VAG Gruppe Diagnose OBD2","description":"VW Audi Seat Skoda Diagnoseger\u00e4t f\u00fcr VAG Gruppe Diagnose OBD2","robots":{"index":"index","follow":"follow","max-snippet":"max-snippet:-1","max-image-preview":"max-image-preview:large","max-video-preview":"max-video-preview:-1"},"canonical":"https:\/\/www.duonix.de\/produkte\/vag\/","og_locale":"it_IT","og_type":"article","og_title":"VW Audi Seat Skoda Diagnoseger\u00e4t f\u00fcr VAG Gruppe Diagnose OBD2","og_description":"VW Audi Seat Skoda Diagnoseger\u00e4t f\u00fcr VAG Gruppe Diagnose OBD2","og_url":"https:\/\/www.duonix.de\/produkte\/vag\/","og_site_name":"Dispositivo diagnostico per auto e moto Diagnosi","article_modified_time":"2020-03-03T12:23:45+00:00","og_image":[{"url":"https:\/\/www.duonix.de\/wp-content\/uploads\/vagmenu.jpg","type":"","width":"","height":""}],"twitter_card":"summary_large_image","twitter_misc":{"Tempo di lettura stimato":"1 minuto"},"schema":{"@context":"https:\/\/schema.org","@graph":[{"@type":"WebPage","@id":"https:\/\/www.duonix.de\/produkte\/vag\/","url":"https:\/\/www.duonix.de\/produkte\/vag\/","name":"VW Audi Seat Skoda Diagnoseger\u00e4t f\u00fcr VAG Gruppe Diagnose OBD2","isPartOf":{"@id":"https:\/\/www.duonix.de\/#website"},"primaryImageOfPage":{"@id":"https:\/\/www.duonix.de\/produkte\/vag\/#primaryimage"},"image":{"@id":"https:\/\/www.duonix.de\/produkte\/vag\/#primaryimage"},"thumbnailUrl":"https:\/\/www.duonix.de\/wp-content\/uploads\/vagmenu.jpg","datePublished":"2011-06-08T11:32:55+00:00","dateModified":"2020-03-03T12:23:45+00:00","description":"VW Audi Seat Skoda Diagnoseger\u00e4t f\u00fcr VAG Gruppe Diagnose OBD2","breadcrumb":{"@id":"https:\/\/www.duonix.de\/produkte\/vag\/#breadcrumb"},"inLanguage":"it-IT","potentialAction":[{"@type":"ReadAction","target":["https:\/\/www.duonix.de\/produkte\/vag\/"]}]},{"@type":"ImageObject","inLanguage":"it-IT","@id":"https:\/\/www.duonix.de\/produkte\/vag\/#primaryimage","url":"https:\/\/www.duonix.de\/wp-content\/uploads\/vagmenu.jpg","contentUrl":"https:\/\/www.duonix.de\/wp-content\/uploads\/vagmenu.jpg"},{"@type":"BreadcrumbList","@id":"https:\/\/www.duonix.de\/produkte\/vag\/#breadcrumb","itemListElement":[{"@type":"ListItem","position":1,"name":"Home","item":"https:\/\/www.duonix.de\/it\/"},{"@type":"ListItem","position":2,"name":"Produkte","item":"https:\/\/www.duonix.de\/produkte\/"},{"@type":"ListItem","position":3,"name":"Diagnose f\u00fcr VW-Audi-Seat-Skoda"}]},{"@type":"WebSite","@id":"https:\/\/www.duonix.de\/#website","url":"https:\/\/www.duonix.de\/","name":"Dispositivo diagnostico per auto e moto Diagnosi","description":"Strumenti diagnostici per motocicli, autovetture, camion, sviluppo","potentialAction":[{"@type":"SearchAction","target":{"@type":"EntryPoint","urlTemplate":"https:\/\/www.duonix.de\/?s={search_term_string}"},"query-input":{"@type":"PropertyValueSpecification","valueRequired":true,"valueName":"search_term_string"}}],"inLanguage":"it-IT"}]}},"_links":{"self":[{"href":"https:\/\/www.duonix.de\/it\/wp-json\/wp\/v2\/pages\/1218","targetHints":{"allow":["GET"]}}],"collection":[{"href":"https:\/\/www.duonix.de\/it\/wp-json\/wp\/v2\/pages"}],"about":[{"href":"https:\/\/www.duonix.de\/it\/wp-json\/wp\/v2\/types\/page"}],"author":[{"embeddable":true,"href":"https:\/\/www.duonix.de\/it\/wp-json\/wp\/v2\/users\/1"}],"replies":[{"embeddable":true,"href":"https:\/\/www.duonix.de\/it\/wp-json\/wp\/v2\/comments?post=1218"}],"version-history":[{"count":15,"href":"https:\/\/www.duonix.de\/it\/wp-json\/wp\/v2\/pages\/1218\/revisions"}],"predecessor-version":[{"id":2431,"href":"https:\/\/www.duonix.de\/it\/wp-json\/wp\/v2\/pages\/1218\/revisions\/2431"}],"up":[{"embeddable":true,"href":"https:\/\/www.duonix.de\/it\/wp-json\/wp\/v2\/pages\/1182"}],"wp:attachment":[{"href":"https:\/\/www.duonix.de\/it\/wp-json\/wp\/v2\/media?parent=1218"}],"curies":[{"name":"wp","href":"https:\/\/api.w.org\/{rel}","templated":true}]}}