{"id":3060,"date":"2014-12-09T16:18:39","date_gmt":"2014-12-09T16:18:39","guid":{"rendered":"https:\/\/www.duonix.de\/hilfe-support\/update\/"},"modified":"2021-11-09T09:30:17","modified_gmt":"2021-11-09T09:30:17","slug":"update","status":"publish","type":"page","link":"https:\/\/www.duonix.de\/ru\/hilfe-support\/update\/","title":{"rendered":"\u041e\u0431\u043d\u043e\u0432\u043b\u0435\u043d\u0438\u044f"},"content":{"rendered":"<h1>\u041e\u0431\u043d\u043e\u0432\u043b\u0435\u043d\u0438\u044f<\/h1>\r\n<div>\u0417\u0434\u0435\u0441\u044c \u0432\u044b \u043d\u0430\u0439\u0434\u0435\u0442\u0435 \u043d\u0430\u0448\u0435 \u0442\u0435\u043a\u0443\u0449\u0435\u0435 \u0441\u0435\u0440\u0432\u0438\u0441\u043d\u043e\u0435 \u043f\u0440\u043e\u0433\u0440\u0430\u043c\u043c\u043d\u043e\u0435 \u043e\u0431\u0435\u0441\u043f\u0435\u0447\u0435\u043d\u0438\u0435 \u0438 \u043e\u0431\u043d\u043e\u0432\u043b\u0435\u043d\u0438\u044f \u043f\u0440\u043e\u0448\u0438\u0432\u043a\u0438.<\/div>\r\n<div>\u00a0<\/div>\r\n\n<div class=\"uk-accordion uk-text-left uk-panel-box2\" data-uk-accordion=\"{showfirst: false}\">\n\n\n    <h3 class=\"uk-accordion-title\">Service Software mit Updates f\u00fcr HW6 und 7 z.B. Bike-Scan 100 Pro<\/h3>\n\n    <div class=\"uk-accordion-content\">\n\n        \n        \n        \n                <div class=\"uk-margin\"><strong>Das Update beinhaltete neue Funktionen sowie einige Funktionserweiterungen und Fehlerbehebungen.<br \/>\nVersion:\tFinal<br \/>\nDatum:\t27.05.2025<br \/>\n<br \/>\n<strong>Dieses Firmware Update ist nur mit der Hardwaregeneration HW:6 und HW:7 kompatibel.<\/strong><br>\n\n\n\n\n<br>\n\nInformation:<br>\n    \n    \n    \nDieses Update ist mit der HW1,2,3,4, und 5 nicht kompatibel.   Bei mutwilliger Durchf\u00fchrung f\u00fchrt dieses zu irreparablen Sch\u00e4den der Hardware.<\/div>\n        \n        \n                <p><a class=\"uk-button uk-button-large\" href=\"\/Updates\/Update_HW6_7_27.05.2025.exe\" target=\"_blank\">Download<\/a><\/p>\n        \n        \n    <\/div>\n\n\n    <h3 class=\"uk-accordion-title\">Software 1.3 Firmware Update BIKE-Scan 2 Pro<\/h3>\n\n    <div class=\"uk-accordion-content\">\n\n        \n        \n        \n        \n        \n                <p><a class=\"uk-button uk-button-large\" href=\"\/Updates\/BikeScanSetup1.3.exe\" target=\"_blank\">Download<\/a><\/p>\n        \n        \n    <\/div>\n\n\n<\/div>\n\r\n<p>&nbsp;<\/p>\r\n\r\n<div>\u00a0<\/div>","protected":false},"excerpt":{"rendered":"<p>\u041e\u0431\u043d\u043e\u0432\u043b\u0435\u043d\u0438\u044f \u0417\u0434\u0435\u0441\u044c \u0432\u044b \u043d\u0430\u0439\u0434\u0435\u0442\u0435 \u043d\u0430\u0448\u0435 \u0442\u0435\u043a\u0443\u0449\u0435\u0435 \u0441\u0435\u0440\u0432\u0438\u0441\u043d\u043e\u0435 \u043f\u0440\u043e\u0433\u0440\u0430\u043c\u043c\u043d\u043e\u0435 \u043e\u0431\u0435\u0441\u043f\u0435\u0447\u0435\u043d\u0438\u0435 \u0438 \u043e\u0431\u043d\u043e\u0432\u043b\u0435\u043d\u0438\u044f \u043f\u0440\u043e\u0448\u0438\u0432\u043a\u0438. \u00a0 &nbsp; \u00a0<\/p>\n","protected":false},"author":1,"featured_media":0,"parent":2950,"menu_order":0,"comment_status":"closed","ping_status":"closed","template":"","meta":{"footnotes":""},"class_list":["post-3060","page","type-page","status-publish","hentry"],"yoast_head":"<!-- This site is optimized with the Yoast SEO plugin v26.6 - https:\/\/yoast.com\/wordpress\/plugins\/seo\/ -->\n<title>\u0442\u0435\u043a\u0443\u0449\u0435\u0435 \u0441\u0435\u0440\u0432\u0438\u0441\u043d\u043e\u0435 \u043f\u0440\u043e\u0433\u0440\u0430\u043c\u043c\u043d\u043e\u0435 \u043e\u0431\u0435\u0441\u043f\u0435\u0447\u0435\u043d\u0438\u0435 \u043e\u0431\u043d\u043e\u0432\u043b\u0435\u043d\u0438\u044f \u043f\u0440\u043e\u0448\u0438\u0432\u043a\u0438<\/title>\n<meta name=\"description\" content=\"\u0417\u0434\u0435\u0441\u044c \u0432\u044b \u043d\u0430\u0439\u0434\u0435\u0442\u0435 \u043d\u0430\u0448\u0435 \u0442\u0435\u043a\u0443\u0449\u0435\u0435 \u0441\u0435\u0440\u0432\u0438\u0441\u043d\u043e\u0435 \u043f\u0440\u043e\u0433\u0440\u0430\u043c\u043c\u043d\u043e\u0435 \u043e\u0431\u0435\u0441\u043f\u0435\u0447\u0435\u043d\u0438\u0435 \u0438 \u043e\u0431\u043d\u043e\u0432\u043b\u0435\u043d\u0438\u044f \u043f\u0440\u043e\u0448\u0438\u0432\u043a\u0438. Softwareentwicklung Hardwareentwicklung\" \/>\n<meta name=\"robots\" content=\"index, follow, max-snippet:-1, max-image-preview:large, max-video-preview:-1\" \/>\n<link rel=\"canonical\" href=\"https:\/\/www.duonix.de\/hilfe-und-support\/update\/\" \/>\n<meta property=\"og:locale\" content=\"ru_RU\" \/>\n<meta property=\"og:type\" content=\"article\" \/>\n<meta property=\"og:title\" content=\"\u0442\u0435\u043a\u0443\u0449\u0435\u0435 \u0441\u0435\u0440\u0432\u0438\u0441\u043d\u043e\u0435 \u043f\u0440\u043e\u0433\u0440\u0430\u043c\u043c\u043d\u043e\u0435 \u043e\u0431\u0435\u0441\u043f\u0435\u0447\u0435\u043d\u0438\u0435 \u043e\u0431\u043d\u043e\u0432\u043b\u0435\u043d\u0438\u044f \u043f\u0440\u043e\u0448\u0438\u0432\u043a\u0438\" \/>\n<meta property=\"og:description\" content=\"\u0417\u0434\u0435\u0441\u044c \u0432\u044b \u043d\u0430\u0439\u0434\u0435\u0442\u0435 \u043d\u0430\u0448\u0435 \u0442\u0435\u043a\u0443\u0449\u0435\u0435 \u0441\u0435\u0440\u0432\u0438\u0441\u043d\u043e\u0435 \u043f\u0440\u043e\u0433\u0440\u0430\u043c\u043c\u043d\u043e\u0435 \u043e\u0431\u0435\u0441\u043f\u0435\u0447\u0435\u043d\u0438\u0435 \u0438 \u043e\u0431\u043d\u043e\u0432\u043b\u0435\u043d\u0438\u044f \u043f\u0440\u043e\u0448\u0438\u0432\u043a\u0438. Softwareentwicklung Hardwareentwicklung\" \/>\n<meta property=\"og:url\" content=\"https:\/\/www.duonix.de\/hilfe-und-support\/update\/\" \/>\n<meta property=\"og:site_name\" content=\"\u0414\u0438\u0430\u0433\u043d\u043e\u0441\u0442\u0438\u0447\u0435\u0441\u043a\u0438\u0439 \u043f\u0440\u0438\u0431\u043e\u0440 \u0434\u043b\u044f \u043c\u043e\u0442\u043e\u0446\u0438\u043a\u043b\u043e\u0432 \u0438 \u0430\u0432\u0442\u043e\u043c\u043e\u0431\u0438\u043b\u0435\u0439\" \/>\n<meta property=\"article:modified_time\" content=\"2021-11-09T09:30:17+00:00\" \/>\n<meta name=\"twitter:card\" content=\"summary_large_image\" \/>\n<script type=\"application\/ld+json\" class=\"yoast-schema-graph\">{\"@context\":\"https:\/\/schema.org\",\"@graph\":[{\"@type\":\"WebPage\",\"@id\":\"https:\/\/www.duonix.de\/hilfe-und-support\/update\/\",\"url\":\"https:\/\/www.duonix.de\/hilfe-und-support\/update\/\",\"name\":\"\u0442\u0435\u043a\u0443\u0449\u0435\u0435 \u0441\u0435\u0440\u0432\u0438\u0441\u043d\u043e\u0435 \u043f\u0440\u043e\u0433\u0440\u0430\u043c\u043c\u043d\u043e\u0435 \u043e\u0431\u0435\u0441\u043f\u0435\u0447\u0435\u043d\u0438\u0435 \u043e\u0431\u043d\u043e\u0432\u043b\u0435\u043d\u0438\u044f \u043f\u0440\u043e\u0448\u0438\u0432\u043a\u0438\",\"isPartOf\":{\"@id\":\"https:\/\/www.duonix.de\/#website\"},\"datePublished\":\"2014-12-09T16:18:39+00:00\",\"dateModified\":\"2021-11-09T09:30:17+00:00\",\"description\":\"\u0417\u0434\u0435\u0441\u044c \u0432\u044b \u043d\u0430\u0439\u0434\u0435\u0442\u0435 \u043d\u0430\u0448\u0435 \u0442\u0435\u043a\u0443\u0449\u0435\u0435 \u0441\u0435\u0440\u0432\u0438\u0441\u043d\u043e\u0435 \u043f\u0440\u043e\u0433\u0440\u0430\u043c\u043c\u043d\u043e\u0435 \u043e\u0431\u0435\u0441\u043f\u0435\u0447\u0435\u043d\u0438\u0435 \u0438 \u043e\u0431\u043d\u043e\u0432\u043b\u0435\u043d\u0438\u044f \u043f\u0440\u043e\u0448\u0438\u0432\u043a\u0438. Softwareentwicklung Hardwareentwicklung\",\"breadcrumb\":{\"@id\":\"https:\/\/www.duonix.de\/hilfe-und-support\/update\/#breadcrumb\"},\"inLanguage\":\"ru-RU\",\"potentialAction\":[{\"@type\":\"ReadAction\",\"target\":[\"https:\/\/www.duonix.de\/hilfe-und-support\/update\/\"]}]},{\"@type\":\"BreadcrumbList\",\"@id\":\"https:\/\/www.duonix.de\/hilfe-und-support\/update\/#breadcrumb\",\"itemListElement\":[{\"@type\":\"ListItem\",\"position\":1,\"name\":\"Home\",\"item\":\"https:\/\/www.duonix.de\/ru\/\"},{\"@type\":\"ListItem\",\"position\":2,\"name\":\"\u041f\u043e\u043c\u043e\u0449\u044c \u0438 \u043f\u043e\u0434\u0434\u0435\u0440\u0436\u043a\u0430\",\"item\":\"https:\/\/www.duonix.de\/hilfe-und-support\/\"},{\"@type\":\"ListItem\",\"position\":3,\"name\":\"\u041e\u0431\u043d\u043e\u0432\u043b\u0435\u043d\u0438\u044f\"}]},{\"@type\":\"WebSite\",\"@id\":\"https:\/\/www.duonix.de\/#website\",\"url\":\"https:\/\/www.duonix.de\/\",\"name\":\"\u0414\u0438\u0430\u0433\u043d\u043e\u0441\u0442\u0438\u0447\u0435\u0441\u043a\u0438\u0439 \u043f\u0440\u0438\u0431\u043e\u0440 \u0434\u043b\u044f \u043c\u043e\u0442\u043e\u0446\u0438\u043a\u043b\u043e\u0432 \u0438 \u0430\u0432\u0442\u043e\u043c\u043e\u0431\u0438\u043b\u0435\u0439\",\"description\":\"\u0414\u0438\u0430\u0433\u043d\u043e\u0441\u0442\u0438\u043a\u0430, \u0434\u0438\u0430\u0433\u043d\u043e\u0441\u0442\u0438\u0447\u0435\u0441\u043a\u043e\u0435 \u0443\u0441\u0442\u0440\u043e\u0439\u0441\u0442\u0432\u043e, \u0438\u043d\u0441\u0442\u0440\u0443\u043c\u0435\u043d\u0442\u044b \u0434\u043b\u044f \u043c\u043e\u0442\u043e\u0446\u0438\u043a\u043b\u043e\u0432, \u043b\u0435\u0433\u043a\u043e\u0432\u044b\u0445, \u0433\u0440\u0443\u0437\u043e\u0432\u044b\u0445 \u0430\u0432\u0442\u043e\u043c\u043e\u0431\u0438\u043b\u0435\u0439.\",\"potentialAction\":[{\"@type\":\"SearchAction\",\"target\":{\"@type\":\"EntryPoint\",\"urlTemplate\":\"https:\/\/www.duonix.de\/?s={search_term_string}\"},\"query-input\":{\"@type\":\"PropertyValueSpecification\",\"valueRequired\":true,\"valueName\":\"search_term_string\"}}],\"inLanguage\":\"ru-RU\"}]}<\/script>\n<!-- \/ Yoast SEO plugin. -->","yoast_head_json":{"title":"\u0442\u0435\u043a\u0443\u0449\u0435\u0435 \u0441\u0435\u0440\u0432\u0438\u0441\u043d\u043e\u0435 \u043f\u0440\u043e\u0433\u0440\u0430\u043c\u043c\u043d\u043e\u0435 \u043e\u0431\u0435\u0441\u043f\u0435\u0447\u0435\u043d\u0438\u0435 \u043e\u0431\u043d\u043e\u0432\u043b\u0435\u043d\u0438\u044f \u043f\u0440\u043e\u0448\u0438\u0432\u043a\u0438","description":"\u0417\u0434\u0435\u0441\u044c \u0432\u044b \u043d\u0430\u0439\u0434\u0435\u0442\u0435 \u043d\u0430\u0448\u0435 \u0442\u0435\u043a\u0443\u0449\u0435\u0435 \u0441\u0435\u0440\u0432\u0438\u0441\u043d\u043e\u0435 \u043f\u0440\u043e\u0433\u0440\u0430\u043c\u043c\u043d\u043e\u0435 \u043e\u0431\u0435\u0441\u043f\u0435\u0447\u0435\u043d\u0438\u0435 \u0438 \u043e\u0431\u043d\u043e\u0432\u043b\u0435\u043d\u0438\u044f \u043f\u0440\u043e\u0448\u0438\u0432\u043a\u0438. Softwareentwicklung Hardwareentwicklung","robots":{"index":"index","follow":"follow","max-snippet":"max-snippet:-1","max-image-preview":"max-image-preview:large","max-video-preview":"max-video-preview:-1"},"canonical":"https:\/\/www.duonix.de\/hilfe-und-support\/update\/","og_locale":"ru_RU","og_type":"article","og_title":"\u0442\u0435\u043a\u0443\u0449\u0435\u0435 \u0441\u0435\u0440\u0432\u0438\u0441\u043d\u043e\u0435 \u043f\u0440\u043e\u0433\u0440\u0430\u043c\u043c\u043d\u043e\u0435 \u043e\u0431\u0435\u0441\u043f\u0435\u0447\u0435\u043d\u0438\u0435 \u043e\u0431\u043d\u043e\u0432\u043b\u0435\u043d\u0438\u044f \u043f\u0440\u043e\u0448\u0438\u0432\u043a\u0438","og_description":"\u0417\u0434\u0435\u0441\u044c \u0432\u044b \u043d\u0430\u0439\u0434\u0435\u0442\u0435 \u043d\u0430\u0448\u0435 \u0442\u0435\u043a\u0443\u0449\u0435\u0435 \u0441\u0435\u0440\u0432\u0438\u0441\u043d\u043e\u0435 \u043f\u0440\u043e\u0433\u0440\u0430\u043c\u043c\u043d\u043e\u0435 \u043e\u0431\u0435\u0441\u043f\u0435\u0447\u0435\u043d\u0438\u0435 \u0438 \u043e\u0431\u043d\u043e\u0432\u043b\u0435\u043d\u0438\u044f \u043f\u0440\u043e\u0448\u0438\u0432\u043a\u0438. Softwareentwicklung Hardwareentwicklung","og_url":"https:\/\/www.duonix.de\/hilfe-und-support\/update\/","og_site_name":"\u0414\u0438\u0430\u0433\u043d\u043e\u0441\u0442\u0438\u0447\u0435\u0441\u043a\u0438\u0439 \u043f\u0440\u0438\u0431\u043e\u0440 \u0434\u043b\u044f \u043c\u043e\u0442\u043e\u0446\u0438\u043a\u043b\u043e\u0432 \u0438 \u0430\u0432\u0442\u043e\u043c\u043e\u0431\u0438\u043b\u0435\u0439","article_modified_time":"2021-11-09T09:30:17+00:00","twitter_card":"summary_large_image","schema":{"@context":"https:\/\/schema.org","@graph":[{"@type":"WebPage","@id":"https:\/\/www.duonix.de\/hilfe-und-support\/update\/","url":"https:\/\/www.duonix.de\/hilfe-und-support\/update\/","name":"\u0442\u0435\u043a\u0443\u0449\u0435\u0435 \u0441\u0435\u0440\u0432\u0438\u0441\u043d\u043e\u0435 \u043f\u0440\u043e\u0433\u0440\u0430\u043c\u043c\u043d\u043e\u0435 \u043e\u0431\u0435\u0441\u043f\u0435\u0447\u0435\u043d\u0438\u0435 \u043e\u0431\u043d\u043e\u0432\u043b\u0435\u043d\u0438\u044f \u043f\u0440\u043e\u0448\u0438\u0432\u043a\u0438","isPartOf":{"@id":"https:\/\/www.duonix.de\/#website"},"datePublished":"2014-12-09T16:18:39+00:00","dateModified":"2021-11-09T09:30:17+00:00","description":"\u0417\u0434\u0435\u0441\u044c \u0432\u044b \u043d\u0430\u0439\u0434\u0435\u0442\u0435 \u043d\u0430\u0448\u0435 \u0442\u0435\u043a\u0443\u0449\u0435\u0435 \u0441\u0435\u0440\u0432\u0438\u0441\u043d\u043e\u0435 \u043f\u0440\u043e\u0433\u0440\u0430\u043c\u043c\u043d\u043e\u0435 \u043e\u0431\u0435\u0441\u043f\u0435\u0447\u0435\u043d\u0438\u0435 \u0438 \u043e\u0431\u043d\u043e\u0432\u043b\u0435\u043d\u0438\u044f \u043f\u0440\u043e\u0448\u0438\u0432\u043a\u0438. Softwareentwicklung Hardwareentwicklung","breadcrumb":{"@id":"https:\/\/www.duonix.de\/hilfe-und-support\/update\/#breadcrumb"},"inLanguage":"ru-RU","potentialAction":[{"@type":"ReadAction","target":["https:\/\/www.duonix.de\/hilfe-und-support\/update\/"]}]},{"@type":"BreadcrumbList","@id":"https:\/\/www.duonix.de\/hilfe-und-support\/update\/#breadcrumb","itemListElement":[{"@type":"ListItem","position":1,"name":"Home","item":"https:\/\/www.duonix.de\/ru\/"},{"@type":"ListItem","position":2,"name":"\u041f\u043e\u043c\u043e\u0449\u044c \u0438 \u043f\u043e\u0434\u0434\u0435\u0440\u0436\u043a\u0430","item":"https:\/\/www.duonix.de\/hilfe-und-support\/"},{"@type":"ListItem","position":3,"name":"\u041e\u0431\u043d\u043e\u0432\u043b\u0435\u043d\u0438\u044f"}]},{"@type":"WebSite","@id":"https:\/\/www.duonix.de\/#website","url":"https:\/\/www.duonix.de\/","name":"\u0414\u0438\u0430\u0433\u043d\u043e\u0441\u0442\u0438\u0447\u0435\u0441\u043a\u0438\u0439 \u043f\u0440\u0438\u0431\u043e\u0440 \u0434\u043b\u044f \u043c\u043e\u0442\u043e\u0446\u0438\u043a\u043b\u043e\u0432 \u0438 \u0430\u0432\u0442\u043e\u043c\u043e\u0431\u0438\u043b\u0435\u0439","description":"\u0414\u0438\u0430\u0433\u043d\u043e\u0441\u0442\u0438\u043a\u0430, \u0434\u0438\u0430\u0433\u043d\u043e\u0441\u0442\u0438\u0447\u0435\u0441\u043a\u043e\u0435 \u0443\u0441\u0442\u0440\u043e\u0439\u0441\u0442\u0432\u043e, \u0438\u043d\u0441\u0442\u0440\u0443\u043c\u0435\u043d\u0442\u044b \u0434\u043b\u044f \u043c\u043e\u0442\u043e\u0446\u0438\u043a\u043b\u043e\u0432, \u043b\u0435\u0433\u043a\u043e\u0432\u044b\u0445, \u0433\u0440\u0443\u0437\u043e\u0432\u044b\u0445 \u0430\u0432\u0442\u043e\u043c\u043e\u0431\u0438\u043b\u0435\u0439.","potentialAction":[{"@type":"SearchAction","target":{"@type":"EntryPoint","urlTemplate":"https:\/\/www.duonix.de\/?s={search_term_string}"},"query-input":{"@type":"PropertyValueSpecification","valueRequired":true,"valueName":"search_term_string"}}],"inLanguage":"ru-RU"}]}},"_links":{"self":[{"href":"https:\/\/www.duonix.de\/ru\/wp-json\/wp\/v2\/pages\/3060","targetHints":{"allow":["GET"]}}],"collection":[{"href":"https:\/\/www.duonix.de\/ru\/wp-json\/wp\/v2\/pages"}],"about":[{"href":"https:\/\/www.duonix.de\/ru\/wp-json\/wp\/v2\/types\/page"}],"author":[{"embeddable":true,"href":"https:\/\/www.duonix.de\/ru\/wp-json\/wp\/v2\/users\/1"}],"replies":[{"embeddable":true,"href":"https:\/\/www.duonix.de\/ru\/wp-json\/wp\/v2\/comments?post=3060"}],"version-history":[{"count":2,"href":"https:\/\/www.duonix.de\/ru\/wp-json\/wp\/v2\/pages\/3060\/revisions"}],"predecessor-version":[{"id":3062,"href":"https:\/\/www.duonix.de\/ru\/wp-json\/wp\/v2\/pages\/3060\/revisions\/3062"}],"up":[{"embeddable":true,"href":"https:\/\/www.duonix.de\/ru\/wp-json\/wp\/v2\/pages\/2950"}],"wp:attachment":[{"href":"https:\/\/www.duonix.de\/ru\/wp-json\/wp\/v2\/media?parent=3060"}],"curies":[{"name":"wp","href":"https:\/\/api.w.org\/{rel}","templated":true}]}}